{"id":900,"date":"2023-02-13T23:37:38","date_gmt":"2023-02-13T15:37:38","guid":{"rendered":"https:\/\/demo.alternativeto.cc\/?post_type=product&#038;p=900"},"modified":"2023-06-14T19:05:21","modified_gmt":"2023-06-14T11:05:21","slug":"my-804h","status":"publish","type":"product","link":"https:\/\/en.jiguo.net\/vi\/san-pham\/my-804h\/","title":{"rendered":"M\u00e1y c\u1eaft v\u00e0 d\u1eadp l\u00e1 kim lo\u1ea1i t\u1ef1 \u0111\u1ed9ng TMY-1060H"},"content":{"rendered":"<div class=\"news-post__content producttab\">\n<p>\u25cfC\u1ea3i thi\u1ec7n \u0111\u1ed9 b\u1ec1n c\u1ee7a thanh k\u1eb9p, gi\u1ea3m ti\u1ebfng \u1ed3n v\u00e0 t\u1ed1i \u01b0u h\u00f3a hi\u1ec7u su\u1ea5t c\u1ee7a r\u0103ng k\u1eb9p di \u0111\u1ed9ng v\u00e0 c\u1ed1 \u0111\u1ecbnh, gi\u00fap n\u00f3 ph\u00f9 h\u1ee3p v\u1edbi c\u00e1c c\u00f4ng vi\u1ec7c kh\u00e1c nhau c\u00f3 ho\u1eb7c kh\u00f4ng c\u00f3 c\u1ea1nh k\u1eb9p.<br \/>\n\u25cf\u0110\u1ed9 b\u1ec1n c\u1ee7a l\u1edbp m\u1eb7t b\u00ean \u0111\u00e3 \u0111\u01b0\u1ee3c c\u1ea3i thi\u1ec7n v\u00e0 tu\u1ed5i th\u1ecd s\u1eed d\u1ee5ng c\u1ee7a c\u00e1c b\u1ed9 ph\u1eadn d\u1ec5 b\u1ecb t\u1ed5n th\u01b0\u01a1ng \u0111\u00e3 \u0111\u01b0\u1ee3c k\u00e9o d\u00e0i v\u00e0 \u0111\u1ea3m b\u1ea3o ho\u00e0n to\u00e0n.<br \/>\n\u25cfC\u01a1 ch\u1ebf thay \u0111\u1ed5i t\u1ed1c \u0111\u1ed9 n\u1ea1p gi\u1ea5y \u0111\u01b0\u1ee3c n\u00e2ng cao, gi\u00fap \u0111\u1ecbnh v\u1ecb gi\u1ea5y ch\u00ednh x\u00e1c h\u01a1n, \u0111\u1ea3m b\u1ea3o x\u1eed l\u00fd gi\u1ea5y d\u00e0y v\u00e0 ph\u00f9 h\u1ee3p h\u01a1n v\u1edbi gi\u1ea5y m\u1ecfng.<br \/>\n\u25cfThi\u1ebft k\u1ebf l\u1ea1i khung c\u1eaft khu\u00f4n v\u1edbi c\u1ea5u tr\u00fac \u0111a ch\u1ee9c n\u0103ng c\u00f3 hai ph\u01b0\u01a1ng ph\u00e1p kh\u00f3a, cho ph\u00e9p d\u1ec5 d\u00e0ng l\u1ef1a ch\u1ecdn t\u00f9y theo s\u1ea3n ph\u1ea9m. Qu\u00e1 tr\u00ecnh thay \u0111\u1ed5i t\u1ea5m c\u1eaft khu\u00f4n nhanh h\u01a1n, t\u1ea1o \u0111i\u1ec1u ki\u1ec7n thu\u1eadn l\u1ee3i h\u01a1n cho ng\u01b0\u1eddi d\u00f9ng x\u1eed l\u00fd sau \u00e9p. Kh\u00f3a t\u1ea5m c\u1eaft khu\u00f4n b\u1eb1ng thi\u1ebft b\u1ecb gi\u1edbi h\u1ea1n, gi\u00fap vi\u1ec7c x\u1ebfp d\u1ee1 thu\u1eadn ti\u1ec7n h\u01a1n.<br \/>\n\u25cfM\u1eb7t tr\u01b0\u1edbc \u00e1p d\u1ee5ng ph\u01b0\u01a1ng ph\u00e1p \u0111i\u1ec1u ch\u1ec9nh h\u1ed9p s\u1ed1 \u00f4, gi\u00fap c\u1ea3i thi\u1ec7n \u0111\u1ed9 ch\u00ednh x\u00e1c c\u1ee7a m\u00e1y v\u00e0 gi\u00fap vi\u1ec7c \u0111i\u1ec1u ch\u1ec9nh thu\u1eadn ti\u1ec7n h\u01a1n.<br \/>\n\u25cf\u0110\u1ecbnh v\u1ecb b\u00ean \u00e1p d\u1ee5ng \u0111\u1ecbnh v\u1ecb hai chi\u1ec1u c\u1ee7a b\u1ec1 m\u1eb7t v\u1eadn h\u00e0nh v\u00e0 b\u1ec1 m\u1eb7t truy\u1ec1n \u0111\u1ed9ng. B\u1ec1 m\u1eb7t v\u1eadn h\u00e0nh \u0111\u01b0\u1ee3c \u0111\u1ecbnh v\u1ecb c\u1ed1 \u0111\u1ecbnh, ph\u00f9 h\u1ee3p v\u1edbi c\u00e1ch b\u1ed1 tr\u00ed b\u1ec1 m\u1eb7t v\u1eadn h\u00e0nh th\u01b0\u1eddng \u0111\u01b0\u1ee3c s\u1eed d\u1ee5ng. B\u1ec1 m\u1eb7t truy\u1ec1n \u0111\u1ed9ng \u0111\u01b0\u1ee3c \u0111\u1ecbnh v\u1ecb b\u00ean di \u0111\u1ed9ng, s\u1eed d\u1ee5ng lo\u1ea1i tr\u1ee5 d\u1eabn h\u01b0\u1edbng, r\u1ea5t c\u00f3 l\u1ee3i cho \u0111\u1ed9 ch\u00ednh x\u00e1c c\u1ee7a b\u00ean.<br \/>\n\u25cfH\u1ec7 th\u1ed1ng d\u1eadp \u00e1p d\u1ee5ng ch\u1ebf \u0111\u1ed9 ki\u1ec3m so\u00e1t nhi\u1ec7t \u0111\u1ed9 th\u00f4ng minh, \u0111\u1ea3m b\u1ea3o gia nhi\u1ec7t \u0111\u1ed3ng \u0111\u1ec1u v\u00e0 nhanh ch\u00f3ng. Ki\u1ec3m so\u00e1t nhi\u1ec7t \u0111\u1ed9 kh\u00f4ng \u0111\u1ed5i c\u00f3 th\u1ec3 n\u00e2ng cao t\u00ednh \u1ed5n \u0111\u1ecbnh c\u1ee7a hi\u1ec7u \u1ee9ng d\u1eadp.<br \/>\n\u25cfC\u1ea5u tr\u00fac d\u1eadp l\u00e1 n\u00f3ng \u0111\u01b0\u1ee3c vi t\u00ednh h\u00f3a ho\u00e0n to\u00e0n c\u00f3 h\u1ec7 th\u1ed1ng \u0111i\u1ec1u khi\u1ec3n b\u1ecf qua l\u00e1 kim \u0111\u01b0\u1ee3c t\u1ed1i \u01b0u h\u00f3a cho \u0111i\u1ec1u khi\u1ec3n servo, v\u1edbi kh\u1ea3 n\u0103ng r\u00fat v\u00e0 nh\u1ea3 l\u00e1 kim \u0111\u1ed3ng b\u1ed9, \u0111\u1ed9 c\u0103ng kh\u00f4ng \u0111\u1ed5i v\u00e0 ch\u00ednh x\u00e1c h\u01a1n.<br \/>\n\u25cfTh\u00eam ch\u1ee9c n\u0103ng t\u00f9y ch\u1ecdn c\u1ee7a hai ph\u01b0\u01a1ng ph\u00e1p thu gom l\u00e1 th\u1ea3i: cu\u1ed9n d\u00e2y b\u00ean ngo\u00e0i c\u1ee7a b\u00e1nh t\u00f3c v\u00e0 cu\u1ed9n d\u00e2y b\u00ean trong c\u1ee7a cu\u1ed9n d\u00e2y. Cu\u1ed9n gi\u1ea5y b\u1ea1c b\u00ean trong thu\u1eadn ti\u1ec7n h\u01a1n v\u00e0 thi\u1ebft b\u1ecb c\u1ea5p gi\u1ea5y b\u1ea1c theo chi\u1ec1u d\u1ecdc c\u00f3 th\u1ec3 \u0111\u01b0\u1ee3c k\u00e9o ra to\u00e0n b\u1ed9 \u0111\u1ec3 v\u1eadn h\u00e0nh d\u1ec5 d\u00e0ng. N\u00f3 c\u00f3 m\u1ed9t thi\u1ebft b\u1ecb \u00e9p gi\u1ea5y b\u1ea1c t\u1ef1 \u0111\u1ed9ng \u0111\u1ec3 tr\u00e1nh l\u00e0m tr\u1ea7y x\u01b0\u1edbc gi\u1ea5y b\u1ea1c.<\/p>\n<\/div>\n<div class=\"news-post__content producttab\">\n<h5 class=\"has-text-align-left\">Th\u00f4ng s\u1ed1 k\u1ef9 thu\u1eadt<\/h5>\n<table border=\"0\" width=\"100%\" cellspacing=\"0\" cellpadding=\"0\">\n<tbody>\n<tr>\n<td>T\u1ed1i \u0111a. Kh\u1ed5 gi\u1ea5y<\/td>\n<td>1060\u00d7760mm<\/td>\n<\/tr>\n<tr>\n<td>T\u1ed1i thi\u1ec3u. Kh\u1ed5 gi\u1ea5y<\/td>\n<td>400\u00d7360mm<\/td>\n<\/tr>\n<tr>\n<td>T\u1ed1i \u0111a. K\u00edch th\u01b0\u1edbc c\u1eaft<\/td>\n<td>1040\u00d7740mm<\/td>\n<\/tr>\n<tr>\n<td>T\u1ed1i \u0111a. Ph\u1ea1m vi d\u1eadp<\/td>\n<td>1030\u00d7730mm<\/td>\n<\/tr>\n<tr>\n<td>T\u1ed1i \u0111a. t\u1ed1c \u0111\u1ed9 ch\u1ebft<\/td>\n<td>7500 gi\u00e2y\/gi\u1edd<\/td>\n<\/tr>\n<tr>\n<td>T\u1ed1i \u0111a. T\u1ed1c \u0111\u1ed9 d\u1eadp<\/td>\n<td>6000 gi\u00e2y\/gi\u1edd<\/td>\n<\/tr>\n<tr>\n<td>T\u1ed1i \u0111a. Chi\u1ec1u cao c\u1ecdc cho \u0103n<\/td>\n<td>1600mm<\/td>\n<\/tr>\n<tr>\n<td>T\u1ed1i \u0111a. Chi\u1ec1u cao c\u1ecdc giao h\u00e0ng<\/td>\n<td>1400mm<\/td>\n<\/tr>\n<tr>\n<td>\u0110\u1ed9 d\u00e0y t\u1ea5m<\/td>\n<td>C\u00e1c t\u00f4ng: 0,1-3mm<br \/>\nGi\u1ea5y g\u1ee3n s\u00f3ng: \u22644mm<\/td>\n<\/tr>\n<tr>\n<td>\u0110\u1ed9 ch\u00ednh x\u00e1c c\u1eaft khu\u00f4n<\/td>\n<td>\u00b1 0,1mm<\/td>\n<\/tr>\n<tr>\n<td>Nhi\u1ec7t \u0111\u1ed9 d\u1eadp<\/td>\n<td>20 ~ 200oC<\/td>\n<\/tr>\n<tr>\n<td>S\u1ed1 v\u00f9ng t\u1ea5m s\u01b0\u1edfi<\/td>\n<td>12<\/td>\n<\/tr>\n<tr>\n<td>S\u1ed0 con l\u0103n l\u00e1 d\u1ecdc 3 v\u00e0 ngang 2<\/td>\n<td><\/td>\n<\/tr>\n<tr>\n<td>T\u1ed1i \u0111a. Chi\u1ec1u d\u00e0i<\/td>\n<td>1200\uff5e1500m<\/td>\n<\/tr>\n<tr>\n<td>T\u1ed1i \u0111a. \u00c1p l\u1ef1c<\/td>\n<td>350T<\/td>\n<\/tr>\n<tr>\n<td>T\u1ed5ng kh\u1ed1i l\u01b0\u1ee3ng<\/td>\n<td>18T<\/td>\n<\/tr>\n<tr>\n<td>Ngu\u1ed3n \u0111i\u1ec7n v\u00f9ng t\u1ea5m s\u01b0\u1edfi<\/td>\n<td>34kw<\/td>\n<\/tr>\n<tr>\n<td>T\u1ed5ng c\u00f4ng su\u1ea5t<\/td>\n<td>70kw<\/td>\n<\/tr>\n<tr>\n<td>K\u00edch th\u01b0\u1edbc t\u1ed5ng th\u1ec3<\/td>\n<td>7600\u00d74050\u00d72500mm<\/td>\n<\/tr>\n<tr>\n<td colspan=\"2\">\u0110\u1eb7c \u0111i\u1ec3m k\u1ef9 thu\u1eadt hi\u1ec7u su\u1ea5t ph\u1ea7n d\u1eadp l\u00e1 d\u1ecdc<\/td>\n<\/tr>\n<tr>\n<td>T\u1ed1i \u0111a. chi\u1ec1u r\u1ed9ng l\u00e1<\/td>\n<td>1030mm<\/td>\n<\/tr>\n<tr>\n<td>T\u1ed1i thi\u1ec3u. chi\u1ec1u r\u1ed9ng l\u00e1<\/td>\n<td>25mm<\/td>\n<\/tr>\n<tr>\n<td>T\u1ed1i \u0111a. chi\u1ec1u d\u00e0i c\u1ee7a l\u00e1 k\u00e9o<\/td>\n<td>760mm<\/td>\n<\/tr>\n<tr>\n<td>T\u1ed1i \u0111a. k\u00e9o \u0111\u01b0\u1eddng k\u00ednh cu\u1ed9n gi\u1ea5y b\u1ea1c<\/td>\n<td>\u03c6200mm<\/td>\n<\/tr>\n<tr>\n<td colspan=\"2\">\u0110\u1eb7c \u0111i\u1ec3m k\u1ef9 thu\u1eadt hi\u1ec7u su\u1ea5t ph\u1ea7n d\u1eadp l\u00e1 ngang<\/td>\n<\/tr>\n<tr>\n<td>T\u1ed1i \u0111a. chi\u1ec1u r\u1ed9ng l\u00e1<\/td>\n<td>740mm<\/td>\n<\/tr>\n<tr>\n<td>T\u1ed1i thi\u1ec3u. chi\u1ec1u r\u1ed9ng l\u00e1<\/td>\n<td>25mm<\/td>\n<\/tr>\n<tr>\n<td>T\u1ed1i \u0111a. chi\u1ec1u d\u00e0i c\u1ee7a l\u00e1 k\u00e9o<\/td>\n<td>1060mm<\/td>\n<\/tr>\n<tr>\n<td>T\u1ed1i \u0111a. k\u00e9o \u0111\u01b0\u1eddng k\u00ednh cu\u1ed9n gi\u1ea5y b\u1ea1c<\/td>\n<td>\u03c6230mm<\/td>\n<\/tr>\n<tr>\n<td>Y\u00eau c\u1ea7u v\u1ec1 kh\u00f4ng kh\u00ed (Ng\u01b0\u1eddi mua cung c\u1ea5p)<\/td>\n<td>0,8Mpa,&gt; 0,36m\u00b3\/ph\u00fat<\/td>\n<\/tr>\n<\/tbody>\n<\/table>\n<\/div>","protected":false},"excerpt":{"rendered":"<p>\u25cfImproved the strength of the gripper bar, reduced noise, and optimized the performance of movable and fixed gripper teeth, making it suitable for different jobs with or without a gripper edge. \u25cfThe strength of the side lay has been improved, and the service life of vulnerable parts has been fully extended and guaranteed. \u25cfEnhanced paper [&hellip;]<\/p>","protected":false},"featured_media":1073,"comment_status":"open","ping_status":"closed","template":"","meta":[],"product_brand":[],"product_cat":[20],"product_tag":[],"class_list":{"0":"post-900","1":"product","2":"type-product","3":"status-publish","4":"has-post-thumbnail","6":"product_cat-foil-stamping-machine","8":"first","9":"instock","10":"shipping-taxable","11":"product-type-simple"},"featured_image_urls":{"full":["https:\/\/en.jiguo.net\/wp-content\/uploads\/2023\/02\/TMY-1060H.jpg",1360,657,false],"thumbnail":["https:\/\/en.jiguo.net\/wp-content\/uploads\/2023\/02\/TMY-1060H-150x150.jpg",84,84,true],"medium":["https:\/\/en.jiguo.net\/wp-content\/uploads\/2023\/02\/TMY-1060H-300x145.jpg",300,145,true],"medium_large":["https:\/\/en.jiguo.net\/wp-content\/uploads\/2023\/02\/TMY-1060H-768x371.jpg",768,371,true],"large":["https:\/\/en.jiguo.net\/wp-content\/uploads\/2023\/02\/TMY-1060H-1024x495.jpg",1024,495,true],"1536x1536":["https:\/\/en.jiguo.net\/wp-content\/uploads\/2023\/02\/TMY-1060H.jpg",1360,657,false],"2048x2048":["https:\/\/en.jiguo.net\/wp-content\/uploads\/2023\/02\/TMY-1060H.jpg",1360,657,false],"trp-custom-language-flag":["https:\/\/en.jiguo.net\/wp-content\/uploads\/2023\/02\/TMY-1060H-18x9.jpg",18,9,true],"woocommerce_thumbnail":["https:\/\/en.jiguo.net\/wp-content\/uploads\/2023\/02\/TMY-1060H-1200x600.jpg",1200,600,true],"woocommerce_single":["https:\/\/en.jiguo.net\/wp-content\/uploads\/2023\/02\/TMY-1060H-1300x628.jpg",1300,628,true],"woocommerce_gallery_thumbnail":["https:\/\/en.jiguo.net\/wp-content\/uploads\/2023\/02\/TMY-1060H-100x100.jpg",100,100,true]},"post_excerpt_stackable":"<p>\u25cfImproved the strength of the gripper bar, reduced noise, and optimized the performance of movable and fixed gripper teeth, making it suitable for different jobs with or without a gripper edge. \u25cfThe strength of the side lay has been improved, and the service life of vulnerable parts has been fully extended and guaranteed. \u25cfEnhanced paper feeding speed change mechanism, making paper positioning more accurate, ensuring the processing of thick paper and making it more suitable for thin paper. \u25cfRedesign the die-cut frame with a multifunctional structure that has two locking methods, allowing for easy selection based on the product. The&hellip;<\/p>\n","category_list":"","author_info":{"name":"","url":""},"comments_num":"0 comments","_links":{"self":[{"href":"https:\/\/en.jiguo.net\/vi\/wp-json\/wp\/v2\/product\/900","targetHints":{"allow":["GET"]}}],"collection":[{"href":"https:\/\/en.jiguo.net\/vi\/wp-json\/wp\/v2\/product"}],"about":[{"href":"https:\/\/en.jiguo.net\/vi\/wp-json\/wp\/v2\/types\/product"}],"replies":[{"embeddable":true,"href":"https:\/\/en.jiguo.net\/vi\/wp-json\/wp\/v2\/comments?post=900"}],"wp:featuredmedia":[{"embeddable":true,"href":"https:\/\/en.jiguo.net\/vi\/wp-json\/wp\/v2\/media\/1073"}],"wp:attachment":[{"href":"https:\/\/en.jiguo.net\/vi\/wp-json\/wp\/v2\/media?parent=900"}],"wp:term":[{"taxonomy":"product_brand","embeddable":true,"href":"https:\/\/en.jiguo.net\/vi\/wp-json\/wp\/v2\/product_brand?post=900"},{"taxonomy":"product_cat","embeddable":true,"href":"https:\/\/en.jiguo.net\/vi\/wp-json\/wp\/v2\/product_cat?post=900"},{"taxonomy":"product_tag","embeddable":true,"href":"https:\/\/en.jiguo.net\/vi\/wp-json\/wp\/v2\/product_tag?post=900"}],"curies":[{"name":"wp","href":"https:\/\/api.w.org\/{rel}","templated":true}]}}