{"id":862,"date":"2023-02-12T23:14:02","date_gmt":"2023-02-12T15:14:02","guid":{"rendered":"https:\/\/demo.alternativeto.cc\/?post_type=product&#038;p=862"},"modified":"2026-01-27T05:05:54","modified_gmt":"2026-01-26T21:05:54","slug":"my-802h","status":"publish","type":"product","link":"https:\/\/en.jiguo.net\/vi\/san-pham\/my-802h\/","title":{"rendered":"M\u00e1y d\u1eadp &amp; c\u1eaft l\u00e1 t\u1ef1 \u0111\u1ed9ng TMY-800H"},"content":{"rendered":"<div class=\"news-post__content producttab\">\n<p>\u25cfC\u1ea3i thi\u1ec7n \u0111\u1ed9 b\u1ec1n c\u1ee7a th\u00e2n h\u00e0ng r\u0103ng, gi\u1ea3m ti\u1ebfng \u1ed3n, r\u0103ng di chuy\u1ec3n, c\u1ed1 \u0111\u1ecbnh r\u0103ng \u0111\u1ec3 c\u1ea3i thi\u1ec7n, ph\u00f9 h\u1ee3p v\u1edbi c\u00f4ng vi\u1ec7c mi\u1ec7ng ho\u1eb7c mi\u1ec7ng.<br \/>\n\u25cfC\u1ea3i thi\u1ec7n \u0111\u1ed9 b\u1ec1n c\u1ee7a m\u1eb7t b\u00ean, tu\u1ed5i th\u1ecd c\u1ee7a c\u00e1c b\u1ed9 ph\u1eadn b\u1ecb m\u00f2n \u0111\u01b0\u1ee3c k\u00e9o d\u00e0i ho\u00e0n to\u00e0n v\u00e0 \u0111\u1ea3m b\u1ea3o an to\u00e0n.<br \/>\n\u25cfN\u00e2ng cao c\u01a1 ch\u1ebf thay \u0111\u1ed5i t\u1ed1c \u0111\u1ed9 n\u1ea1p gi\u1ea5y, gi\u00fap \u0111\u1ecbnh v\u1ecb gi\u1ea5y ch\u00ednh x\u00e1c h\u01a1n, c\u00f3 th\u1ec3 \u0111\u1ea3m b\u1ea3o x\u1eed l\u00fd gi\u1ea5y d\u00e0y v\u00e0 ph\u00f9 h\u1ee3p h\u01a1n v\u1edbi gi\u1ea5y l\u1ee5a.<br \/>\n\u25cfKhung th\u00e9p t\u1ea5m \u0111\u01b0\u1ee3c thi\u1ebft k\u1ebf l\u1ea1i, k\u1ebft c\u1ea5u gi\u00e1 \u0111\u1ee1, khung kh\u00f3a c\u1ed9ng v\u1edbi thi\u1ebft b\u1ecb h\u1ea1n ch\u1ebf n\u00ean thu\u1eadn l\u1ee3i h\u01a1n cho vi\u1ec7c gia c\u00f4ng, x\u1eed l\u00fd thu\u1eadn ti\u1ec7n h\u01a1n.<br \/>\n\u25cfM\u1eb7t tr\u01b0\u1edbc \u0111i\u1ec1u ch\u1ec9nh ch\u1ebf \u0111\u1ed9 truy\u1ec1n b\u00e1nh r\u0103ng c\u00f4n. \u0110\u1ecbnh v\u1ecb m\u1eb7t tr\u00ean b\u1ec1 m\u1eb7t v\u1eadn h\u00e0nh \u0111\u1ec3 c\u00f3 v\u1ecb tr\u00ed m\u1eb7t c\u1ed1 \u0111\u1ecbnh v\u00e0 v\u1ecb tr\u00ed k\u00e9o ph\u00eda ng\u01b0\u1eddi v\u1eadn h\u00e0nh th\u01b0\u1eddng \u0111\u01b0\u1ee3c s\u1eed d\u1ee5ng \u0111\u1ec3 th\u00edch \u1ee9ng. M\u1ed9t thi\u1ebft b\u1ecb \u0111\u1ecbnh v\u1ecb b\u00ean c\u00f3 th\u1ec3 di chuy\u1ec3n \u0111\u01b0\u1ee3c \u0111\u1eb7t \u1edf ph\u00eda b\u1ec1 m\u1eb7t truy\u1ec1n \u0111\u1ed9ng, s\u1eed d\u1ee5ng c\u1ed9t d\u1eabn h\u01b0\u1edbng, \u0111i\u1ec1u n\u00e0y r\u1ea5t thu\u1eadn l\u1ee3i cho \u0111\u1ed9 ch\u00ednh x\u00e1c c\u1ee7a vi\u1ec7c \u0111\u1ecbnh v\u1ecb b\u00ean.<br \/>\n\u25cfPh\u1ea7n d\u1eadp s\u1eed d\u1ee5ng b\u1ed9 \u0111i\u1ec1u khi\u1ec3n chuy\u1ec3n \u0111\u1ed9ng hi\u1ec7u su\u1ea5t cao, \u0111i\u1ec1u khi\u1ec3n t\u1eadp trung. Nh\u1ea3y tr\u01a1n tru v\u00e0 ch\u00ednh x\u00e1c.<\/p>\n<\/div>\n<div class=\"news-post__content producttab\">\n<h5 class=\"has-text-align-left\">Th\u00f4ng s\u1ed1 k\u1ef9 thu\u1eadt<\/h5>\n<table border=\"0\" width=\"100%\" cellspacing=\"0\" cellpadding=\"0\">\n<tbody>\n<tr>\n<td>T\u1ed1i \u0111a. Kh\u1ed5 gi\u1ea5y<\/td>\n<td>810\u00d7610mm<\/td>\n<\/tr>\n<tr>\n<td>T\u1ed1i thi\u1ec3u. Kh\u1ed5 gi\u1ea5y<\/td>\n<td>320\u00d7240mm<\/td>\n<\/tr>\n<tr>\n<td>T\u1ed1i \u0111a. K\u00edch th\u01b0\u1edbc c\u1eaft<\/td>\n<td>790\u00d7590mm<\/td>\n<\/tr>\n<tr>\n<td>T\u1ed1i \u0111a. Ph\u1ea1m vi d\u1eadp<\/td>\n<td>750\u00d7540mm<\/td>\n<\/tr>\n<tr>\n<td>T\u1ed1i \u0111a. t\u1ed1c \u0111\u1ed9 ch\u1ebft<\/td>\n<td>7500 gi\u00e2y\/gi\u1edd<\/td>\n<\/tr>\n<tr>\n<td>T\u1ed1i \u0111a. T\u1ed1c \u0111\u1ed9 d\u1eadp<\/td>\n<td>6000 gi\u00e2y\/gi\u1edd<\/td>\n<\/tr>\n<tr>\n<td>T\u1ed1i \u0111a. Chi\u1ec1u cao c\u1ecdc cho \u0103n<\/td>\n<td>1400mm<\/td>\n<\/tr>\n<tr>\n<td>T\u1ed1i \u0111a. Chi\u1ec1u cao c\u1ecdc giao h\u00e0ng<\/td>\n<td>1200mm<\/td>\n<\/tr>\n<tr>\n<td>\u0110\u1ed9 d\u00e0y t\u1ea5m<\/td>\n<td>C\u00e1c t\u00f4ng: 0,1-1,5mm Gi\u1ea5y g\u1ee3n s\u00f3ng: 4mm<\/td>\n<\/tr>\n<tr>\n<td>T\u1ed1i \u0111a. k\u00e9o \u0111\u01b0\u1eddng k\u00ednh cu\u1ed9n gi\u1ea5y b\u1ea1c<\/td>\n<td>\u03c6200mm<\/td>\n<\/tr>\n<tr>\n<td>\u0110\u1ed9 ch\u00ednh x\u00e1c c\u1eaft khu\u00f4n<\/td>\n<td>\u00b1 0,1mm<\/td>\n<\/tr>\n<tr>\n<td>Nhi\u1ec7t \u0111\u1ed9 d\u1eadp<\/td>\n<td>0 ~ 200oC<\/td>\n<\/tr>\n<tr>\n<td>S\u1ed1 v\u00f9ng t\u1ea5m s\u01b0\u1edfi<\/td>\n<td>10<\/td>\n<\/tr>\n<tr>\n<td>S\u1ed0 con l\u0103n gi\u1ea5y b\u1ea1c<\/td>\n<td>D\u1ecdc 3 v\u00e0 Ngang 2<\/td>\n<\/tr>\n<tr>\n<td>T\u1ed1i \u0111a. Chi\u1ec1u d\u00e0i<\/td>\n<td>1200\uff5e1500m<\/td>\n<\/tr>\n<tr>\n<td>T\u1ed1i \u0111a. \u00c1p l\u1ef1c<\/td>\n<td>250T<\/td>\n<\/tr>\n<tr>\n<td>T\u1ed5ng kh\u1ed1i l\u01b0\u1ee3ng<\/td>\n<td>12,5T<\/td>\n<\/tr>\n<tr>\n<td>Ngu\u1ed3n \u0111i\u1ec7n v\u00f9ng t\u1ea5m s\u01b0\u1edfi<\/td>\n<td>26kw<\/td>\n<\/tr>\n<tr>\n<td>T\u1ed5ng c\u00f4ng su\u1ea5t<\/td>\n<td>53kw<\/td>\n<\/tr>\n<tr>\n<td>K\u00edch th\u01b0\u1edbc t\u1ed5ng th\u1ec3<\/td>\n<td>6400\u00d73830\u00d72200mm<\/td>\n<\/tr>\n<tr>\n<td>\u0110\u1eb7c \u0111i\u1ec3m k\u1ef9 thu\u1eadt hi\u1ec7u su\u1ea5t ph\u1ea7n d\u1eadp l\u00e1 d\u1ecdc<\/td>\n<td><\/td>\n<\/tr>\n<tr>\n<td>T\u1ed1i \u0111a. chi\u1ec1u r\u1ed9ng l\u00e1<\/td>\n<td>750mm<\/td>\n<\/tr>\n<tr>\n<td>T\u1ed1i thi\u1ec3u. chi\u1ec1u r\u1ed9ng l\u00e1<\/td>\n<td>25mm<\/td>\n<\/tr>\n<tr>\n<td>T\u1ed1i \u0111a. chi\u1ec1u d\u00e0i c\u1ee7a l\u00e1 k\u00e9o<\/td>\n<td>600mm<\/td>\n<\/tr>\n<tr>\n<td>\u0110\u1eb7c \u0111i\u1ec3m k\u1ef9 thu\u1eadt hi\u1ec7u su\u1ea5t ph\u1ea7n d\u1eadp l\u00e1 ngang<\/td>\n<td><\/td>\n<\/tr>\n<tr>\n<td>T\u1ed1i \u0111a. chi\u1ec1u r\u1ed9ng l\u00e1<\/td>\n<td>540mm<\/td>\n<\/tr>\n<tr>\n<td>T\u1ed1i thi\u1ec3u. chi\u1ec1u r\u1ed9ng l\u00e1<\/td>\n<td>25mm<\/td>\n<\/tr>\n<tr>\n<td>T\u1ed1i \u0111a. chi\u1ec1u d\u00e0i c\u1ee7a l\u00e1 k\u00e9o<\/td>\n<td>800mm<\/td>\n<\/tr>\n<tr>\n<td>T\u1ed1i \u0111a. k\u00e9o \u0111\u01b0\u1eddng k\u00ednh cu\u1ed9n gi\u1ea5y b\u1ea1c<\/td>\n<td>\u03c6220mm<\/td>\n<\/tr>\n<tr>\n<td>Y\u00eau c\u1ea7u v\u1ec1 kh\u00f4ng kh\u00ed (Ng\u01b0\u1eddi mua cung c\u1ea5p)<\/td>\n<td>0,8Mpa,&gt; 0,36m\u00b3\/ph\u00fat<\/td>\n<\/tr>\n<\/tbody>\n<\/table>\n<\/div>","protected":false},"excerpt":{"rendered":"<p>\u25cfImprove the tooth row body strength, reduce the noise, movable tooth, tooth fixation to make improvement, suitable for a mouth or mouth work. \u25cfImprove the side lay strength, the service life of wearing parts are fully extended and security. \u25cfEnhance the feeding speed change mechanism, make the paper more accurate positioning, can guarantee the processing [&hellip;]<\/p>","protected":false},"featured_media":1071,"comment_status":"open","ping_status":"closed","template":"","meta":[],"product_brand":[],"product_cat":[20],"product_tag":[],"class_list":{"0":"post-862","1":"product","2":"type-product","3":"status-publish","4":"has-post-thumbnail","6":"product_cat-foil-stamping-machine","8":"first","9":"instock","10":"shipping-taxable","11":"product-type-simple"},"featured_image_urls":{"full":["https:\/\/en.jiguo.net\/wp-content\/uploads\/2023\/02\/TMY-800H.jpg",1360,657,false],"thumbnail":["https:\/\/en.jiguo.net\/wp-content\/uploads\/2023\/02\/TMY-800H-150x150.jpg",84,84,true],"medium":["https:\/\/en.jiguo.net\/wp-content\/uploads\/2023\/02\/TMY-800H-300x145.jpg",300,145,true],"medium_large":["https:\/\/en.jiguo.net\/wp-content\/uploads\/2023\/02\/TMY-800H-768x371.jpg",768,371,true],"large":["https:\/\/en.jiguo.net\/wp-content\/uploads\/2023\/02\/TMY-800H-1024x495.jpg",1024,495,true],"1536x1536":["https:\/\/en.jiguo.net\/wp-content\/uploads\/2023\/02\/TMY-800H.jpg",1360,657,false],"2048x2048":["https:\/\/en.jiguo.net\/wp-content\/uploads\/2023\/02\/TMY-800H.jpg",1360,657,false],"trp-custom-language-flag":["https:\/\/en.jiguo.net\/wp-content\/uploads\/2023\/02\/TMY-800H-18x9.jpg",18,9,true],"woocommerce_thumbnail":["https:\/\/en.jiguo.net\/wp-content\/uploads\/2023\/02\/TMY-800H-1200x600.jpg",1200,600,true],"woocommerce_single":["https:\/\/en.jiguo.net\/wp-content\/uploads\/2023\/02\/TMY-800H-1300x628.jpg",1300,628,true],"woocommerce_gallery_thumbnail":["https:\/\/en.jiguo.net\/wp-content\/uploads\/2023\/02\/TMY-800H-100x100.jpg",100,100,true]},"post_excerpt_stackable":"<p>\u25cfImprove the tooth row body strength, reduce the noise, movable tooth, tooth fixation to make improvement, suitable for a mouth or mouth work. \u25cfImprove the side lay strength, the service life of wearing parts are fully extended and security. \u25cfEnhance the feeding speed change mechanism, make the paper more accurate positioning, can guarantee the processing of thick paper, and is more suitable for tissue paper. \u25cfThe redesigned steel plate frame, the rack structure, lock frame plus limiting device, so it is more conducive to processing, handling more convenient. \u25cfThe front lay to adjust the bevel gear transmission mode. Position the&hellip;<\/p>\n","category_list":"","author_info":{"name":"","url":""},"comments_num":"0 comments","_links":{"self":[{"href":"https:\/\/en.jiguo.net\/vi\/wp-json\/wp\/v2\/product\/862","targetHints":{"allow":["GET"]}}],"collection":[{"href":"https:\/\/en.jiguo.net\/vi\/wp-json\/wp\/v2\/product"}],"about":[{"href":"https:\/\/en.jiguo.net\/vi\/wp-json\/wp\/v2\/types\/product"}],"replies":[{"embeddable":true,"href":"https:\/\/en.jiguo.net\/vi\/wp-json\/wp\/v2\/comments?post=862"}],"wp:featuredmedia":[{"embeddable":true,"href":"https:\/\/en.jiguo.net\/vi\/wp-json\/wp\/v2\/media\/1071"}],"wp:attachment":[{"href":"https:\/\/en.jiguo.net\/vi\/wp-json\/wp\/v2\/media?parent=862"}],"wp:term":[{"taxonomy":"product_brand","embeddable":true,"href":"https:\/\/en.jiguo.net\/vi\/wp-json\/wp\/v2\/product_brand?post=862"},{"taxonomy":"product_cat","embeddable":true,"href":"https:\/\/en.jiguo.net\/vi\/wp-json\/wp\/v2\/product_cat?post=862"},{"taxonomy":"product_tag","embeddable":true,"href":"https:\/\/en.jiguo.net\/vi\/wp-json\/wp\/v2\/product_tag?post=862"}],"curies":[{"name":"wp","href":"https:\/\/api.w.org\/{rel}","templated":true}]}}