{"id":692,"date":"2023-02-09T06:36:34","date_gmt":"2023-02-08T22:36:34","guid":{"rendered":"https:\/\/demo.alternativeto.cc\/?post_type=product&#038;p=692"},"modified":"2023-06-14T19:22:02","modified_gmt":"2023-06-14T11:22:02","slug":"my-800h","status":"publish","type":"product","link":"https:\/\/en.jiguo.net\/vi\/san-pham\/my-800h\/","title":{"rendered":"M\u00e1y c\u1eaft l\u00e1 DFQ-650C"},"content":{"rendered":"<div class=\"news-post__content producttab\">\n<p>\u0110\u1ed9 ch\u00ednh x\u00e1c c\u1ee7a gi\u1ea5y b\u1ea1c \u0111\u01b0\u1ee3c c\u1eaft b\u1eb1ng m\u00e1y n\u00e0y cao, gi\u00fap gi\u1ea3m chi\u1ec1u r\u1ed9ng d\u00e0nh ri\u00eang, ti\u1ebft ki\u1ec7m \u0111\u01b0\u1ee3c kho\u1ea3ng 3-10 mm cho m\u1ed7i cu\u1ed9n, \u0111i\u1ec1u n\u00e0y c\u00f3 th\u1ec3 gi\u00fap gi\u1ea3m chi ph\u00ed m\u1ed9t c\u00e1ch \u0111\u00e1ng k\u1ec3. Thi\u1ebft b\u1ecb n\u00e0y c\u00f3 \u01b0u \u0111i\u1ec3m l\u00e0 thi\u1ebft k\u1ebf h\u1ee3p l\u00fd, v\u1eadn h\u00e0nh d\u1ec5 d\u00e0ng, l\u1eadt cu\u1ed9n \u00eam \u00e1i, kh\u00f4ng b\u1ecb l\u1ec7ch tr\u00e1i v\u00e0 ph\u1ea3i, c\u1eaft ch\u00ednh x\u00e1c thanh tr\u01b0\u1edbc v\u00e0 sau, \u0111\u1ed9 bao ph\u1ee7 samll, cu\u1ed9n \u0111\u01a1n v\u00e0 \u0111\u00f4i v\u1edbi \u0111\u1ed9 l\u1ec7ch \u0111i\u1ec1u ch\u1ec9nh, ch\u1ee9c n\u0103ng \u0111o \u0111\u1ed3ng h\u1ed3 \u0111o ch\u00ednh x\u00e1c \u0111\u1ec3 d\u1eebng.<br \/>\n\u0110i\u1ec1u ch\u1ec9nh t\u1ed1c \u0111\u1ed9 v\u00f4 c\u1ea5p v\u00e0 l\u00e0m s\u1ea1ch t\u1ef1 \u0111\u1ed9ng \u0111\u01b0\u1ee3c th\u1ef1c hi\u1ec7n v\u1edbi s\u1ef1 tr\u1ee3 gi\u00fap c\u1ee7a \u0111\u1ea7u d\u00f2 c\u1ea3i ti\u1ebfn. V\u00ec v\u1eady, n\u00f3 l\u00e0 s\u1ef1 l\u1ef1a ch\u1ecdn l\u00fd t\u01b0\u1edfng cho ng\u01b0\u1eddi d\u00f9ng c\u1eaft gi\u1ea5y b\u1ea1c.<\/p>\n<\/div>\n<div class=\"news-post__content producttab\">\n<h5 class=\"has-text-align-left\">Th\u00f4ng s\u1ed1 k\u1ef9 thu\u1eadt<\/h5>\n<table border=\"0\" width=\"100%\" cellspacing=\"0\" cellpadding=\"0\">\n<tbody>\n<tr>\n<td>L\u00f5i cu\u1ed9n gi\u1ea5y<\/td>\n<td>25 mm, 80mm<\/td>\n<\/tr>\n<tr>\n<td>T\u1ed1i \u0111a. \u0110\u01b0\u1eddng k\u00ednh tr\u1ee5c l\u0103n<\/td>\n<td>400mm<\/td>\n<\/tr>\n<tr>\n<td>Chi\u1ec1u r\u1ed9ng c\u1eaft<\/td>\n<td>15-650mm<\/td>\n<\/tr>\n<tr>\n<td>C\u1eaft nhanh<\/td>\n<td>0 ~ 120m\/ph\u00fat<\/td>\n<\/tr>\n<tr>\n<td>T\u1ed1i \u0111a. \u0110\u01b0\u1eddng k\u00ednh cu\u1ed9n giao h\u00e0ng<\/td>\n<td>500mm<\/td>\n<\/tr>\n<tr>\n<td>T\u1ed1i \u0111a. Chi\u1ec1u r\u1ed9ng cu\u1ed9n giao h\u00e0ng<\/td>\n<td>650mm<\/td>\n<\/tr>\n<tr>\n<td>T\u1ed5ng c\u00f4ng su\u1ea5t<\/td>\n<td>2,2kw<\/td>\n<\/tr>\n<tr>\n<td>T\u1ed1i \u0111a. S\u1ed1 trong qu\u1ea7y<\/td>\n<td>9999<\/td>\n<\/tr>\n<tr>\n<td>Ch\u1ec9nh l\u01b0u<\/td>\n<td>0 ~ 10mm<\/td>\n<\/tr>\n<tr>\n<td>T\u1ed5ng kh\u1ed1i l\u01b0\u1ee3ng<\/td>\n<td>1000kg<\/td>\n<\/tr>\n<tr>\n<td>K\u00edch th\u01b0\u1edbc t\u1ed5ng th\u1ec3<\/td>\n<td>1300\u00d71200\u00d71570mm<\/td>\n<\/tr>\n<tr>\n<td>Y\u00eau c\u1ea7u v\u1ec1 kh\u00f4ng kh\u00ed (Ng\u01b0\u1eddi mua cung c\u1ea5p)<\/td>\n<td>0,5Mpa<\/td>\n<\/tr>\n<\/tbody>\n<\/table>\n<\/div>","protected":false},"excerpt":{"rendered":"<p>The precision of foil cut by this machine is high, which reduces the reserved width, with about 3-10mm saved per roll, which can consider ably reduce the cost. This equipment has advantages of rational design, easy operation, smoothness in roll turning over, no left and right dislocation, accurate cutting of front and back rod, samll [&hellip;]<\/p>","protected":false},"featured_media":1109,"comment_status":"open","ping_status":"closed","template":"","meta":[],"product_brand":[],"product_cat":[20],"product_tag":[],"class_list":{"0":"post-692","1":"product","2":"type-product","3":"status-publish","4":"has-post-thumbnail","6":"product_cat-foil-stamping-machine","8":"first","9":"instock","10":"shipping-taxable","11":"product-type-simple"},"featured_image_urls":{"full":["https:\/\/en.jiguo.net\/wp-content\/uploads\/2023\/02\/DFQ-650C-1.jpg",1360,657,false],"thumbnail":["https:\/\/en.jiguo.net\/wp-content\/uploads\/2023\/02\/DFQ-650C-1-150x150.jpg",84,84,true],"medium":["https:\/\/en.jiguo.net\/wp-content\/uploads\/2023\/02\/DFQ-650C-1-300x145.jpg",300,145,true],"medium_large":["https:\/\/en.jiguo.net\/wp-content\/uploads\/2023\/02\/DFQ-650C-1-768x371.jpg",768,371,true],"large":["https:\/\/en.jiguo.net\/wp-content\/uploads\/2023\/02\/DFQ-650C-1-1024x495.jpg",1024,495,true],"1536x1536":["https:\/\/en.jiguo.net\/wp-content\/uploads\/2023\/02\/DFQ-650C-1.jpg",1360,657,false],"2048x2048":["https:\/\/en.jiguo.net\/wp-content\/uploads\/2023\/02\/DFQ-650C-1.jpg",1360,657,false],"trp-custom-language-flag":["https:\/\/en.jiguo.net\/wp-content\/uploads\/2023\/02\/DFQ-650C-1.jpg",18,9,false],"woocommerce_thumbnail":["https:\/\/en.jiguo.net\/wp-content\/uploads\/2023\/02\/DFQ-650C-1-1200x600.jpg",1200,600,true],"woocommerce_single":["https:\/\/en.jiguo.net\/wp-content\/uploads\/2023\/02\/DFQ-650C-1-1300x628.jpg",1300,628,true],"woocommerce_gallery_thumbnail":["https:\/\/en.jiguo.net\/wp-content\/uploads\/2023\/02\/DFQ-650C-1-100x100.jpg",100,100,true]},"post_excerpt_stackable":"<p>The precision of foil cut by this machine is high, which reduces the reserved width, with about 3-10mm saved per roll, which can consider ably reduce the cost. This equipment has advantages of rational design, easy operation, smoothness in roll turning over, no left and right dislocation, accurate cutting of front and back rod, samll coverage, single and double rolls with rectifying deviation, accurate meter-measured function for stop. Stepless speed regulation and automatic cleaning are realized with the help of improted transducer. Therefore it is an ideal choice for the foil-cutting users. Specifications Core of Paper Roll 25mm\u300180mm Max. Roll&hellip;<\/p>\n","category_list":"","author_info":{"name":"","url":""},"comments_num":"0 comments","_links":{"self":[{"href":"https:\/\/en.jiguo.net\/vi\/wp-json\/wp\/v2\/product\/692","targetHints":{"allow":["GET"]}}],"collection":[{"href":"https:\/\/en.jiguo.net\/vi\/wp-json\/wp\/v2\/product"}],"about":[{"href":"https:\/\/en.jiguo.net\/vi\/wp-json\/wp\/v2\/types\/product"}],"replies":[{"embeddable":true,"href":"https:\/\/en.jiguo.net\/vi\/wp-json\/wp\/v2\/comments?post=692"}],"wp:featuredmedia":[{"embeddable":true,"href":"https:\/\/en.jiguo.net\/vi\/wp-json\/wp\/v2\/media\/1109"}],"wp:attachment":[{"href":"https:\/\/en.jiguo.net\/vi\/wp-json\/wp\/v2\/media?parent=692"}],"wp:term":[{"taxonomy":"product_brand","embeddable":true,"href":"https:\/\/en.jiguo.net\/vi\/wp-json\/wp\/v2\/product_brand?post=692"},{"taxonomy":"product_cat","embeddable":true,"href":"https:\/\/en.jiguo.net\/vi\/wp-json\/wp\/v2\/product_cat?post=692"},{"taxonomy":"product_tag","embeddable":true,"href":"https:\/\/en.jiguo.net\/vi\/wp-json\/wp\/v2\/product_tag?post=692"}],"curies":[{"name":"wp","href":"https:\/\/api.w.org\/{rel}","templated":true}]}}