{"id":1651,"date":"2023-06-08T17:01:58","date_gmt":"2023-06-08T09:01:58","guid":{"rendered":"https:\/\/ru.jiguo.net\/?post_type=product&#038;p=1651"},"modified":"2023-06-14T18:26:58","modified_gmt":"2023-06-14T10:26:58","slug":"2rp-1060high-automatic-hot-embossing-foil-stamping-die-cutting-machineheavy","status":"publish","type":"product","link":"https:\/\/en.jiguo.net\/vi\/san-pham\/2rp-1060high-automatic-hot-embossing-foil-stamping-die-cutting-machineheavy\/","title":{"rendered":"M\u00e1y d\u1eadp n\u1ed5i &amp; c\u1eaft b\u1ebf n\u00f3ng t\u1ef1 \u0111\u1ed9ng 2RP-1060High (Nh\u1ea5n \u0111\u00fap v\u00e0o t\u1eebng b\u01b0\u1edbc)"},"content":{"rendered":"<div class=\"news-post__content producttab\">\u25cf\u201cM\u00e1y t\u1ea5t c\u1ea3 trong m\u1ed9t\u201d b\u1eaft \u0111\u1ea7u b\u1eb1ng s\u1ed1 \u201c2\u201d l\u00e0 m\u1ed9t \u0111\u01b0\u1eddng li\u00ean k\u1ebft d\u00e0i cho ph\u00e9p gi\u1ea5y \u0111i qua m\u00e1y ch\u1ec9 m\u1ed9t l\u1ea7n qua nhi\u1ec1u m\u00e1y \u0111\u1ec3 ho\u00e0n th\u00e0nh nhi\u1ec1u quy tr\u00ecnh kh\u00e1c nhau nh\u01b0 \u201cd\u1eadp n\u00f3ng\u201d, \u201cd\u1eadp n\u1ed5i s\u00e2u\u201d \u201d, \u201cc\u1eaft theo khu\u00f4n\u201d v\u00e0 \u201ct\u01b0\u1edbc\u201d.<br \/>\n\u25cfM\u00e1y \u00e1p l\u1ef1c d\u00f2ng cao 600 t\u1ea5n \u0111\u01b0\u1ee3c \u0111\u1ecbnh v\u1ecb d\u00e0nh cho m\u00e1y c\u1eaft b\u1ebf c\u00f4ng su\u1ea5t cao \u00e1p su\u1ea5t cao, \u0111\u1eb7c tr\u01b0ng b\u1edfi \u00e1p su\u1ea5t cao, k\u00edch th\u01b0\u1edbc b\u1ed9 ph\u1eadn l\u1edbn, tr\u1ecdng l\u01b0\u1ee3ng m\u00e1y l\u1edbn v\u00e0 tu\u1ed5i th\u1ecd th\u00e2n m\u00e1y d\u00e0i.<br \/>\n\u25cf\u0110\u01b0\u1ee3c trang b\u1ecb ch\u1ee9c n\u0103ng d\u1eadp n\u1ed5i s\u00e2u, v\u1edbi l\u1ef1c \u00e9p 600 t\u1ea5n, m\u00e1y c\u00f3 th\u1ec3 th\u1ef1c hi\u1ec7n c\u00f4ng vi\u1ec7c d\u1eadp n\u1ed5i s\u00e2u \u00e1p su\u1ea5t cao trong th\u1eddi gian d\u00e0i m\u00e0 v\u1eabn \u0111\u1ea3m b\u1ea3o \u0111\u1ed9 ch\u00ednh x\u00e1c v\u00e0 tu\u1ed5i th\u1ecd.<br \/>\n\u25cf C\u00f3 hai nh\u00f3m kh\u00e1ch h\u00e0ng m\u1ee5c ti\u00eau cho m\u00f4 h\u00ecnh n\u00e0y. Th\u1ee9 nh\u1ea5t, c\u00f3 nh\u1eefng kh\u00e1ch h\u00e0ng c\u00f3 nhu c\u1ea7u \u0111\u1eb7c bi\u1ec7t v\u1ec1 t\u0103ng \u00e1p l\u1ef1c l\u00ean m\u00e1y, ch\u1eb3ng h\u1ea1n nh\u01b0 l\u00e0m vi\u1ec7c v\u1edbi gi\u1ea5y d\u00e0y nh\u01b0 gi\u1ea5y b\u00eca x\u00e1m c\u1eaft khu\u00f4n, l\u00e0m vi\u1ec7c v\u1edbi v\u1eadt li\u1ec7u nh\u1ef1a c\u1ee9ng nh\u01b0 PVC v\u00e0 PET, l\u00e0m vi\u1ec7c v\u1edbi c\u00e1c s\u1ea3n ph\u1ea9m nh\u01b0 die- c\u1eaft gh\u00e9p h\u00ecnh c\u00f3 nhi\u1ec1u m\u1ea3nh c\u1eaft v\u00e0 \u0111\u01b0\u1eddng c\u1eaft, v.v. Th\u1ee9 hai, kh\u00e1ch h\u00e0ng mu\u1ed1n mua m\u00e1y t\u1ed1t, c\u00f3 y\u00eau c\u1ea7u v\u1ec1 ch\u1ea5t l\u01b0\u1ee3ng, quan t\u00e2m nhi\u1ec1u h\u01a1n \u0111\u1ebfn ch\u1ea5t l\u01b0\u1ee3ng v\u00e0 tay ngh\u1ec1 nguy\u00ean li\u1ec7u, mu\u1ed1n mua m\u00e1y b\u1ec1n b\u1ec9, mang \u0111\u1ebfn s\u1ef1 l\u1ef1a ch\u1ecdn t\u1ed1t h\u01a1n cho nh\u1eefng kh\u00e1ch h\u00e0ng n\u00e0y.<br \/>\n\u25cf X\u00edch ch\u00ednh, v\u00f2ng bi truy\u1ec1n \u0111\u1ed9ng ch\u00ednh, PLC, b\u1ed9 bi\u1ebfn t\u1ea7n v\u00e0 c\u00e1c c\u00f4ng t\u1eafc \u0111i\u1ec7n nh\u1eadp kh\u1ea9u, c\u00f3 hi\u1ec7u su\u1ea5t tuy\u1ec7t v\u1eddi, \u0111\u1ed9 ch\u00ednh x\u00e1c khi c\u1eaft khu\u00f4n ch\u00ednh x\u00e1c v\u00e0 tu\u1ed5i th\u1ecd d\u00e0i.<br \/>\n\u25cf C\u00e1c b\u1ed9 ph\u1eadn th\u00e2n m\u00e1y \u0111\u01b0\u1ee3c s\u1ea3n xu\u1ea5t b\u1eb1ng trung t\u00e2m gia c\u00f4ng c\u00f3 \u0111\u1ed9 ch\u00ednh x\u00e1c cao v\u00e0 \u0111\u01b0\u1ee3c l\u00e0m b\u1eb1ng v\u1eadt li\u1ec7u th\u00e9p \u0111\u1eb7c bi\u1ec7t, c\u00f3 th\u1ec3 ch\u1ecbu \u0111\u01b0\u1ee3c t\u1ea3i tr\u1ecdng \u00e1p su\u1ea5t cao v\u00e0 c\u00f3 \u0111\u1ed9 b\u1ec1n cao.<br \/>\n\u25cf Th\u00eam ch\u1ee9c n\u0103ng t\u00f9y ch\u1ecdn s\u1eed d\u1ee5ng m\u00e0n tr\u1eadp l\u0103n \u0111i\u1ec1u khi\u1ec3n b\u1eb1ng \u0111i\u1ec7n l\u00e0m ch\u1ee9c n\u0103ng nh\u1eadn gi\u1ea5y t\u1ef1 \u0111\u1ed9ng kh\u00f4ng ng\u1eebng, nhanh h\u01a1n ch\u1ee9c n\u0103ng th\u1ee7 c\u00f4ng.<\/div>\n<div class=\"news-post__content producttab\">\n<h5 class=\"has-text-align-left\">Th\u00f4ng s\u1ed1 k\u1ef9 thu\u1eadt<\/h5>\n<table border=\"0\" width=\"100%\" cellspacing=\"0\" cellpadding=\"0\">\n<tbody>\n<tr class=\"firstRow\">\n<td>Ng\u01b0\u1eddi m\u1eabu<\/td>\n<td>2RP-1060Cao<\/td>\n<\/tr>\n<tr>\n<td>K\u00edch th\u01b0\u1edbc gi\u1ea5y t\u1ed1i \u0111a<\/td>\n<td>1070\u00d7770mm<\/td>\n<\/tr>\n<tr>\n<td>T\u1ed1i thi\u1ec3u. Kh\u1ed5 gi\u1ea5y<\/td>\n<td>400\u00d7360mm<\/td>\n<\/tr>\n<tr>\n<td>K\u00edch th\u01b0\u1edbc c\u1eaft t\u1ed1i \u0111a<\/td>\n<td>1040\u00d7750mm<\/td>\n<\/tr>\n<tr>\n<td>T\u1ed1i \u0111a. Ph\u1ea1m vi d\u1eadp<\/td>\n<td>1030\u00d7740mm<\/td>\n<\/tr>\n<tr>\n<td>T\u1ed1i \u0111a. T\u1ed1c \u0111\u1ed9 ch\u1ea1y<\/td>\n<td>7000 gi\u00e2y\/gi\u1edd<\/td>\n<\/tr>\n<tr>\n<td>T\u1ed1i \u0111a. Chi\u1ec1u cao c\u1ecdc cho \u0103n<\/td>\n<td>1600mm<\/td>\n<\/tr>\n<tr>\n<td>T\u1ed1i \u0111a. Chi\u1ec1u cao c\u1ecdc giao h\u00e0ng<\/td>\n<td>1400mm<\/td>\n<\/tr>\n<tr>\n<td>\u0110\u1ed9 d\u00e0y t\u1ea5m<\/td>\n<td>(B\u00eca c\u1ee9ng): 0,1-3mm Gi\u1ea5y g\u1ee3n s\u00f3ng: 4mm<\/td>\n<\/tr>\n<tr>\n<td>\u0110\u1ed9 ch\u00ednh x\u00e1c c\u1eaft khu\u00f4n<\/td>\n<td>\u00b1 0,1mm<\/td>\n<\/tr>\n<tr>\n<td>Nhi\u1ec7t \u0111\u1ed9 d\u1eadp<\/td>\n<td>0 ~ 200oC<\/td>\n<\/tr>\n<tr>\n<td>T\u1ed1i \u0111a. \u00c1p l\u1ef1c<\/td>\n<td>600T<\/td>\n<\/tr>\n<tr>\n<td>T\u1ed5ng kh\u1ed1i l\u01b0\u1ee3ng<\/td>\n<td>40T<\/td>\n<\/tr>\n<tr>\n<td>Ngu\u1ed3n \u0111i\u1ec7n v\u00f9ng t\u1ea5m s\u01b0\u1edfi<\/td>\n<td>34kw<\/td>\n<\/tr>\n<tr>\n<td>T\u1ed5ng c\u00f4ng su\u1ea5t<\/td>\n<td>70kw<\/td>\n<\/tr>\n<tr>\n<td>K\u00edch th\u01b0\u1edbc t\u1ed5ng th\u1ec3<\/td>\n<td>10050\u00d74100\u00d72350mm<\/td>\n<\/tr>\n<tr>\n<td>Y\u00eau c\u1ea7u v\u1ec1 kh\u00f4ng kh\u00ed (Ng\u01b0\u1eddi mua cung c\u1ea5p)<\/td>\n<td>0,8Mpa, \uff1e 0,72m\u00b3\/ph\u00fat<\/td>\n<\/tr>\n<\/tbody>\n<\/table>\n<\/div>","protected":false},"excerpt":{"rendered":"<p>\u25cfThe &#8220;all-in-one machine&#8221; starting with the number &#8220;2&#8221; is a long linkage line that allows the paper to pass through the machine only once through multiple machines to complete various processes such as &#8220;hot stamping&#8221;, &#8220;deep embossing&#8221;, &#8220;die cutting&#8221;, and &#8220;stripping&#8221;. \u25cfThe High series 600 ton pressure machine is positioned for high pressure heavy-duty die-cutting [&hellip;]<\/p>","protected":false},"featured_media":1652,"comment_status":"open","ping_status":"closed","template":"","meta":[],"product_brand":[],"product_cat":[22],"product_tag":[],"class_list":{"0":"post-1651","1":"product","2":"type-product","3":"status-publish","4":"has-post-thumbnail","6":"product_cat-hot-embossing-machine","8":"first","9":"instock","10":"shipping-taxable","11":"product-type-simple"},"featured_image_urls":{"full":["https:\/\/en.jiguo.net\/wp-content\/uploads\/2023\/06\/1-4.jpg",1360,657,false],"thumbnail":["https:\/\/en.jiguo.net\/wp-content\/uploads\/2023\/06\/1-4-150x72.jpg",150,72,true],"medium":["https:\/\/en.jiguo.net\/wp-content\/uploads\/2023\/06\/1-4-300x145.jpg",300,145,true],"medium_large":["https:\/\/en.jiguo.net\/wp-content\/uploads\/2023\/06\/1-4-768x371.jpg",768,371,true],"large":["https:\/\/en.jiguo.net\/wp-content\/uploads\/2023\/06\/1-4-1024x495.jpg",1024,495,true],"1536x1536":["https:\/\/en.jiguo.net\/wp-content\/uploads\/2023\/06\/1-4.jpg",1360,657,false],"2048x2048":["https:\/\/en.jiguo.net\/wp-content\/uploads\/2023\/06\/1-4.jpg",1360,657,false],"trp-custom-language-flag":["https:\/\/en.jiguo.net\/wp-content\/uploads\/2023\/06\/1-4-18x9.jpg",18,9,true],"woocommerce_thumbnail":["https:\/\/en.jiguo.net\/wp-content\/uploads\/2023\/06\/1-4-1200x600.jpg",1200,600,true],"woocommerce_single":["https:\/\/en.jiguo.net\/wp-content\/uploads\/2023\/06\/1-4-1300x628.jpg",1300,628,true],"woocommerce_gallery_thumbnail":["https:\/\/en.jiguo.net\/wp-content\/uploads\/2023\/06\/1-4-100x100.jpg",100,100,true]},"post_excerpt_stackable":"<p>\u25cfThe &#8220;all-in-one machine&#8221; starting with the number &#8220;2&#8221; is a long linkage line that allows the paper to pass through the machine only once through multiple machines to complete various processes such as &#8220;hot stamping&#8221;, &#8220;deep embossing&#8221;, &#8220;die cutting&#8221;, and &#8220;stripping&#8221;. \u25cfThe High series 600 ton pressure machine is positioned for high pressure heavy-duty die-cutting machines, characterized by high pressure, large part size, large machine weight, and long body life. \u25cfEquipped with the function of deep embossing, with a pressure of 600 tons, it can perform high pressure deep embossing work for a long time while still ensuring accuracy and&hellip;<\/p>\n","category_list":"","author_info":{"name":"","url":""},"comments_num":"0 comments","_links":{"self":[{"href":"https:\/\/en.jiguo.net\/vi\/wp-json\/wp\/v2\/product\/1651","targetHints":{"allow":["GET"]}}],"collection":[{"href":"https:\/\/en.jiguo.net\/vi\/wp-json\/wp\/v2\/product"}],"about":[{"href":"https:\/\/en.jiguo.net\/vi\/wp-json\/wp\/v2\/types\/product"}],"replies":[{"embeddable":true,"href":"https:\/\/en.jiguo.net\/vi\/wp-json\/wp\/v2\/comments?post=1651"}],"wp:featuredmedia":[{"embeddable":true,"href":"https:\/\/en.jiguo.net\/vi\/wp-json\/wp\/v2\/media\/1652"}],"wp:attachment":[{"href":"https:\/\/en.jiguo.net\/vi\/wp-json\/wp\/v2\/media?parent=1651"}],"wp:term":[{"taxonomy":"product_brand","embeddable":true,"href":"https:\/\/en.jiguo.net\/vi\/wp-json\/wp\/v2\/product_brand?post=1651"},{"taxonomy":"product_cat","embeddable":true,"href":"https:\/\/en.jiguo.net\/vi\/wp-json\/wp\/v2\/product_cat?post=1651"},{"taxonomy":"product_tag","embeddable":true,"href":"https:\/\/en.jiguo.net\/vi\/wp-json\/wp\/v2\/product_tag?post=1651"}],"curies":[{"name":"wp","href":"https:\/\/api.w.org\/{rel}","templated":true}]}}