{"id":1615,"date":"2023-06-08T14:58:40","date_gmt":"2023-06-08T06:58:40","guid":{"rendered":"https:\/\/ru.jiguo.net\/?post_type=product&#038;p=1615"},"modified":"2023-06-14T17:58:03","modified_gmt":"2023-06-14T09:58:03","slug":"2trp-1060high-automatic-foil-stamping-hot-embossing-die-cutting-stripping-machinedouble-press-in-one-step-2","status":"publish","type":"product","link":"https:\/\/en.jiguo.net\/vi\/san-pham\/2trp-1060high-automatic-foil-stamping-hot-embossing-die-cutting-stripping-machinedouble-press-in-one-step-2\/","title":{"rendered":"2TRP-1060M\u00e1y d\u1eadp l\u00e1 t\u1ef1 \u0111\u1ed9ng cao &amp; M\u00e1y d\u1eadp n\u1ed5i n\u00f3ng &amp; M\u00e1y c\u1eaft khu\u00f4n &amp; T\u01b0\u1edbc (Nh\u1ea5n \u0111\u00fap trong m\u1ed9t b\u01b0\u1edbc)"},"content":{"rendered":"<div class=\"news-post__content producttab\">\n<p>\u25cf\u201cM\u00e1y t\u1ea5t c\u1ea3 trong m\u1ed9t\u201d b\u1eaft \u0111\u1ea7u b\u1eb1ng s\u1ed1 \u201c2\u201d l\u00e0 m\u1ed9t \u0111\u01b0\u1eddng li\u00ean k\u1ebft d\u00e0i cho ph\u00e9p gi\u1ea5y \u0111i qua m\u00e1y ch\u1ec9 m\u1ed9t l\u1ea7n qua nhi\u1ec1u m\u00e1y \u0111\u1ec3 ho\u00e0n th\u00e0nh nhi\u1ec1u quy tr\u00ecnh kh\u00e1c nhau nh\u01b0 \u201cd\u1eadp n\u00f3ng\u201d, \u201cd\u1eadp n\u1ed5i s\u00e2u\u201d \u201d, \u201cc\u1eaft theo khu\u00f4n\u201d v\u00e0 \u201ct\u01b0\u1edbc\u201d.<br \/>\n\u25cfM\u00e1y \u00e1p l\u1ef1c d\u00f2ng cao 600 t\u1ea5n \u0111\u01b0\u1ee3c \u0111\u1ecbnh v\u1ecb d\u00e0nh cho m\u00e1y c\u1eaft b\u1ebf c\u00f4ng su\u1ea5t cao \u00e1p su\u1ea5t cao, \u0111\u1eb7c tr\u01b0ng b\u1edfi \u00e1p su\u1ea5t cao, k\u00edch th\u01b0\u1edbc b\u1ed9 ph\u1eadn l\u1edbn, tr\u1ecdng l\u01b0\u1ee3ng m\u00e1y l\u1edbn v\u00e0 tu\u1ed5i th\u1ecd th\u00e2n m\u00e1y d\u00e0i.<br \/>\n\u25cf\u0110\u01b0\u1ee3c trang b\u1ecb ch\u1ee9c n\u0103ng d\u1eadp n\u1ed5i s\u00e2u, v\u1edbi l\u1ef1c \u00e9p 600 t\u1ea5n, m\u00e1y c\u00f3 th\u1ec3 th\u1ef1c hi\u1ec7n c\u00f4ng vi\u1ec7c d\u1eadp n\u1ed5i s\u00e2u \u00e1p su\u1ea5t cao trong th\u1eddi gian d\u00e0i m\u00e0 v\u1eabn \u0111\u1ea3m b\u1ea3o \u0111\u1ed9 ch\u00ednh x\u00e1c v\u00e0 tu\u1ed5i th\u1ecd.<br \/>\n\u25cf C\u00f3 hai nh\u00f3m kh\u00e1ch h\u00e0ng m\u1ee5c ti\u00eau cho m\u00f4 h\u00ecnh n\u00e0y. Th\u1ee9 nh\u1ea5t, c\u00f3 nh\u1eefng kh\u00e1ch h\u00e0ng c\u00f3 nhu c\u1ea7u \u0111\u1eb7c bi\u1ec7t v\u1ec1 t\u0103ng \u00e1p l\u1ef1c l\u00ean m\u00e1y, ch\u1eb3ng h\u1ea1n nh\u01b0 l\u00e0m vi\u1ec7c v\u1edbi gi\u1ea5y d\u00e0y nh\u01b0 gi\u1ea5y b\u00eca x\u00e1m c\u1eaft khu\u00f4n, l\u00e0m vi\u1ec7c v\u1edbi v\u1eadt li\u1ec7u nh\u1ef1a c\u1ee9ng nh\u01b0 PVC v\u00e0 PET, l\u00e0m vi\u1ec7c v\u1edbi c\u00e1c s\u1ea3n ph\u1ea9m nh\u01b0 die- c\u1eaft gh\u00e9p h\u00ecnh c\u00f3 nhi\u1ec1u m\u1ea3nh c\u1eaft v\u00e0 \u0111\u01b0\u1eddng c\u1eaft, v.v. Th\u1ee9 hai, kh\u00e1ch h\u00e0ng mu\u1ed1n mua m\u00e1y t\u1ed1t, c\u00f3 y\u00eau c\u1ea7u v\u1ec1 ch\u1ea5t l\u01b0\u1ee3ng, quan t\u00e2m nhi\u1ec1u h\u01a1n \u0111\u1ebfn ch\u1ea5t l\u01b0\u1ee3ng v\u00e0 tay ngh\u1ec1 nguy\u00ean li\u1ec7u, mu\u1ed1n mua m\u00e1y b\u1ec1n b\u1ec9, mang \u0111\u1ebfn s\u1ef1 l\u1ef1a ch\u1ecdn t\u1ed1t h\u01a1n cho nh\u1eefng kh\u00e1ch h\u00e0ng n\u00e0y.<br \/>\n\u25cf X\u00edch ch\u00ednh, v\u00f2ng bi truy\u1ec1n \u0111\u1ed9ng ch\u00ednh, PLC, b\u1ed9 bi\u1ebfn t\u1ea7n v\u00e0 c\u00e1c c\u00f4ng t\u1eafc \u0111i\u1ec7n nh\u1eadp kh\u1ea9u, c\u00f3 hi\u1ec7u su\u1ea5t tuy\u1ec7t v\u1eddi, \u0111\u1ed9 ch\u00ednh x\u00e1c khi c\u1eaft khu\u00f4n ch\u00ednh x\u00e1c v\u00e0 tu\u1ed5i th\u1ecd d\u00e0i.<br \/>\n\u25cf C\u00e1c b\u1ed9 ph\u1eadn th\u00e2n m\u00e1y \u0111\u01b0\u1ee3c s\u1ea3n xu\u1ea5t b\u1eb1ng trung t\u00e2m gia c\u00f4ng c\u00f3 \u0111\u1ed9 ch\u00ednh x\u00e1c cao v\u00e0 \u0111\u01b0\u1ee3c l\u00e0m b\u1eb1ng v\u1eadt li\u1ec7u th\u00e9p \u0111\u1eb7c bi\u1ec7t, c\u00f3 th\u1ec3 ch\u1ecbu \u0111\u01b0\u1ee3c t\u1ea3i tr\u1ecdng \u00e1p su\u1ea5t cao v\u00e0 c\u00f3 \u0111\u1ed9 b\u1ec1n cao.<br \/>\n\u25cfH\u1ec7 th\u1ed1ng d\u1eadp \u00e1p d\u1ee5ng ch\u1ebf \u0111\u1ed9 ki\u1ec3m so\u00e1t nhi\u1ec7t \u0111\u1ed9 th\u00f4ng minh, \u0111\u1ea3m b\u1ea3o gia nhi\u1ec7t \u0111\u1ed3ng \u0111\u1ec1u v\u00e0 nhanh ch\u00f3ng. Ki\u1ec3m so\u00e1t nhi\u1ec7t \u0111\u1ed9 kh\u00f4ng \u0111\u1ed5i c\u00f3 th\u1ec3 n\u00e2ng cao t\u00ednh \u1ed5n \u0111\u1ecbnh c\u1ee7a hi\u1ec7u \u1ee9ng d\u1eadp.<br \/>\n\u25cfC\u1ea5u tr\u00fac d\u1eadp l\u00e1 n\u00f3ng \u0111\u01b0\u1ee3c vi t\u00ednh h\u00f3a ho\u00e0n to\u00e0n c\u00f3 h\u1ec7 th\u1ed1ng \u0111i\u1ec1u khi\u1ec3n b\u1ecf qua l\u00e1 kim \u0111\u01b0\u1ee3c t\u1ed1i \u01b0u h\u00f3a cho \u0111i\u1ec1u khi\u1ec3n servo, v\u1edbi kh\u1ea3 n\u0103ng r\u00fat v\u00e0 nh\u1ea3 l\u00e1 kim \u0111\u1ed3ng b\u1ed9, \u0111\u1ed9 c\u0103ng kh\u00f4ng \u0111\u1ed5i v\u00e0 ch\u00ednh x\u00e1c h\u01a1n.<br \/>\n\u25cfTh\u00eam ch\u1ee9c n\u0103ng t\u00f9y ch\u1ecdn c\u1ee7a hai ph\u01b0\u01a1ng ph\u00e1p thu gom l\u00e1 th\u1ea3i: cu\u1ed9n d\u00e2y b\u00ean ngo\u00e0i c\u1ee7a b\u00e1nh t\u00f3c v\u00e0 cu\u1ed9n d\u00e2y b\u00ean trong c\u1ee7a cu\u1ed9n d\u00e2y. Cu\u1ed9n gi\u1ea5y b\u1ea1c b\u00ean trong thu\u1eadn ti\u1ec7n h\u01a1n v\u00e0 thi\u1ebft b\u1ecb c\u1ea5p gi\u1ea5y b\u1ea1c theo chi\u1ec1u d\u1ecdc c\u00f3 th\u1ec3 \u0111\u01b0\u1ee3c k\u00e9o ra to\u00e0n b\u1ed9 \u0111\u1ec3 v\u1eadn h\u00e0nh d\u1ec5 d\u00e0ng. N\u00f3 c\u00f3 m\u1ed9t thi\u1ebft b\u1ecb \u00e9p gi\u1ea5y b\u1ea1c t\u1ef1 \u0111\u1ed9ng \u0111\u1ec3 tr\u00e1nh l\u00e0m tr\u1ea7y x\u01b0\u1edbc gi\u1ea5y b\u1ea1c.<\/p>\n<\/div>\n<div class=\"news-post__content producttab\">\n<h5 class=\"has-text-align-left\">Th\u00f4ng s\u1ed1 k\u1ef9 thu\u1eadt<\/h5>\n<table border=\"0\" width=\"100%\" cellspacing=\"0\" cellpadding=\"0\">\n<tbody>\n<tr class=\"firstRow\">\n<td>Ng\u01b0\u1eddi m\u1eabu<\/td>\n<td>2TRP-1060Cao<\/td>\n<\/tr>\n<tr>\n<td>T\u1ed1i \u0111a. Kh\u1ed5 gi\u1ea5y<\/td>\n<td>1070\u00d7770mm<\/td>\n<\/tr>\n<tr>\n<td>T\u1ed1i thi\u1ec3u. Kh\u1ed5 gi\u1ea5y<\/td>\n<td>400\u00d7360mm<\/td>\n<\/tr>\n<tr>\n<td>T\u1ed1i \u0111a. K\u00edch th\u01b0\u1edbc c\u1eaft<\/td>\n<td>1040\u00d7750mm<\/td>\n<\/tr>\n<tr>\n<td>T\u1ed1i \u0111a. Ph\u1ea1m vi d\u1eadp<\/td>\n<td>1030\u00d7740mm<\/td>\n<\/tr>\n<tr>\n<td>T\u1ed1i \u0111a. T\u1ed1c \u0111\u1ed9 ch\u1ea1y<\/td>\n<td>7000 gi\u00e2y\/gi\u1edd<\/td>\n<\/tr>\n<tr>\n<td>T\u1ed1i \u0111a. T\u1ed1c \u0111\u1ed9 d\u1eadp<\/td>\n<td>6000 gi\u00e2y\/gi\u1edd<\/td>\n<\/tr>\n<tr>\n<td>T\u1ed1i \u0111a. Chi\u1ec1u cao c\u1ecdc cho \u0103n<\/td>\n<td>1600mm<\/td>\n<\/tr>\n<tr>\n<td>T\u1ed1i \u0111a. Chi\u1ec1u cao c\u1ecdc giao h\u00e0ng<\/td>\n<td>1400mm<\/td>\n<\/tr>\n<tr>\n<td>\u0110\u1ed9 d\u00e0y t\u1ea5m<\/td>\n<td>C\u00e1c t\u00f4ng: 0,1-3mm<br \/>\nGi\u1ea5y g\u1ee3n s\u00f3ng: \u22644mm<\/td>\n<\/tr>\n<tr>\n<td>\u0110\u1ed9 ch\u00ednh x\u00e1c c\u1eaft khu\u00f4n<\/td>\n<td>\u00b1 0,1mm<\/td>\n<\/tr>\n<tr>\n<td>Nhi\u1ec7t \u0111\u1ed9 d\u1eadp<\/td>\n<td>0 ~ 200oC<\/td>\n<\/tr>\n<tr>\n<td>T\u1ed5ng s\u1ed1 v\u00f9ng t\u1ea5m s\u01b0\u1edfi<\/td>\n<td>24 \u0111\u01a1n v\u1ecb<\/td>\n<\/tr>\n<tr>\n<td>S\u1ed0 con l\u0103n gi\u1ea5y b\u1ea1c<\/td>\n<td>D\u1ecdc 3 v\u00e0 Ngang 2<\/td>\n<\/tr>\n<tr>\n<td>T\u1ed1i \u0111a. Chi\u1ec1u d\u00e0i<\/td>\n<td>1200\uff5e1500m<\/td>\n<\/tr>\n<tr>\n<td>T\u1ed1i \u0111a. \u00c1p l\u1ef1c<\/td>\n<td>600T<\/td>\n<\/tr>\n<tr>\n<td>T\u1ed5ng kh\u1ed1i l\u01b0\u1ee3ng<\/td>\n<td>40T<\/td>\n<\/tr>\n<tr>\n<td>Ngu\u1ed3n \u0111i\u1ec7n v\u00f9ng t\u1ea5m s\u01b0\u1edfi<\/td>\n<td>68kw<\/td>\n<\/tr>\n<tr>\n<td>T\u1ed5ng c\u00f4ng su\u1ea5t<\/td>\n<td>105kw<\/td>\n<\/tr>\n<tr>\n<td>K\u00edch th\u01b0\u1edbc t\u1ed5ng th\u1ec3<\/td>\n<td>10050\u00d74300\u00d72600mm<\/td>\n<\/tr>\n<tr>\n<td colspan=\"2\">\u0110\u1eb7c \u0111i\u1ec3m k\u1ef9 thu\u1eadt hi\u1ec7u su\u1ea5t ph\u1ea7n d\u1eadp l\u00e1 d\u1ecdc<\/td>\n<\/tr>\n<tr>\n<td>T\u1ed1i \u0111a. chi\u1ec1u r\u1ed9ng l\u00e1<\/td>\n<td>1030mm<\/td>\n<\/tr>\n<tr>\n<td>T\u1ed1i thi\u1ec3u. chi\u1ec1u r\u1ed9ng l\u00e1<\/td>\n<td>25mm<\/td>\n<\/tr>\n<tr>\n<td>T\u1ed1i \u0111a. chi\u1ec1u d\u00e0i c\u1ee7a l\u00e1 k\u00e9o<\/td>\n<td>760mm<\/td>\n<\/tr>\n<tr>\n<td>T\u1ed1i \u0111a. k\u00e9o \u0111\u01b0\u1eddng k\u00ednh cu\u1ed9n gi\u1ea5y b\u1ea1c<\/td>\n<td>\u03c6200mm<\/td>\n<\/tr>\n<tr>\n<td colspan=\"2\">\u0110\u1eb7c \u0111i\u1ec3m k\u1ef9 thu\u1eadt hi\u1ec7u su\u1ea5t ph\u1ea7n d\u1eadp l\u00e1 ngang<\/td>\n<\/tr>\n<tr>\n<td>T\u1ed1i \u0111a. chi\u1ec1u r\u1ed9ng l\u00e1<\/td>\n<td>740mm<\/td>\n<\/tr>\n<tr>\n<td>T\u1ed1i thi\u1ec3u. chi\u1ec1u r\u1ed9ng l\u00e1<\/td>\n<td>25mm<\/td>\n<\/tr>\n<tr>\n<td>T\u1ed1i \u0111a. chi\u1ec1u d\u00e0i c\u1ee7a l\u00e1 k\u00e9o<\/td>\n<td>1060mm<\/td>\n<\/tr>\n<tr>\n<td>T\u1ed1i \u0111a. k\u00e9o \u0111\u01b0\u1eddng k\u00ednh cu\u1ed9n gi\u1ea5y b\u1ea1c<\/td>\n<td>\u03c6230mm<\/td>\n<\/tr>\n<tr>\n<td>Y\u00eau c\u1ea7u v\u1ec1 kh\u00f4ng kh\u00ed (Ng\u01b0\u1eddi mua cung c\u1ea5p)<\/td>\n<td>0,8Mpa,&gt; 0,72m\u00b3\/ph\u00fat<\/td>\n<\/tr>\n<\/tbody>\n<\/table>\n<\/div>","protected":false},"excerpt":{"rendered":"<p>\u25cfThe &#8220;all-in-one machine&#8221; starting with the number &#8220;2&#8221; is a long linkage line that allows the paper to pass through the machine only once through multiple machines to complete various processes such as &#8220;hot stamping&#8221;, &#8220;deep embossing&#8221;, &#8220;die cutting&#8221;, and &#8220;stripping&#8221;. \u25cfThe High series 600 ton pressure machine is positioned for high pressure heavy-duty die-cutting [&hellip;]<\/p>","protected":false},"featured_media":1616,"comment_status":"open","ping_status":"closed","template":"","meta":[],"product_brand":[],"product_cat":[20],"product_tag":[],"class_list":{"0":"post-1615","1":"product","2":"type-product","3":"status-publish","4":"has-post-thumbnail","6":"product_cat-foil-stamping-machine","8":"first","9":"instock","10":"shipping-taxable","11":"product-type-simple"},"featured_image_urls":{"full":["https:\/\/en.jiguo.net\/wp-content\/uploads\/2023\/06\/1.jpg",1360,657,false],"thumbnail":["https:\/\/en.jiguo.net\/wp-content\/uploads\/2023\/06\/1-150x72.jpg",150,72,true],"medium":["https:\/\/en.jiguo.net\/wp-content\/uploads\/2023\/06\/1-300x145.jpg",300,145,true],"medium_large":["https:\/\/en.jiguo.net\/wp-content\/uploads\/2023\/06\/1-768x371.jpg",768,371,true],"large":["https:\/\/en.jiguo.net\/wp-content\/uploads\/2023\/06\/1-1024x495.jpg",1024,495,true],"1536x1536":["https:\/\/en.jiguo.net\/wp-content\/uploads\/2023\/06\/1.jpg",1360,657,false],"2048x2048":["https:\/\/en.jiguo.net\/wp-content\/uploads\/2023\/06\/1.jpg",1360,657,false],"trp-custom-language-flag":["https:\/\/en.jiguo.net\/wp-content\/uploads\/2023\/06\/1-18x9.jpg",18,9,true],"woocommerce_thumbnail":["https:\/\/en.jiguo.net\/wp-content\/uploads\/2023\/06\/1-1200x600.jpg",1200,600,true],"woocommerce_single":["https:\/\/en.jiguo.net\/wp-content\/uploads\/2023\/06\/1-1300x628.jpg",1300,628,true],"woocommerce_gallery_thumbnail":["https:\/\/en.jiguo.net\/wp-content\/uploads\/2023\/06\/1-100x100.jpg",100,100,true]},"post_excerpt_stackable":"<p>\u25cfThe &#8220;all-in-one machine&#8221; starting with the number &#8220;2&#8221; is a long linkage line that allows the paper to pass through the machine only once through multiple machines to complete various processes such as &#8220;hot stamping&#8221;, &#8220;deep embossing&#8221;, &#8220;die cutting&#8221;, and &#8220;stripping&#8221;. \u25cfThe High series 600 ton pressure machine is positioned for high pressure heavy-duty die-cutting machines, characterized by high pressure, large part size, large machine weight, and long body life. \u25cfEquipped with the function of deep embossing, with a pressure of 600 tons, it can perform high pressure deep embossing work for a long time while still ensuring accuracy and&hellip;<\/p>\n","category_list":"","author_info":{"name":"","url":""},"comments_num":"0 comments","_links":{"self":[{"href":"https:\/\/en.jiguo.net\/vi\/wp-json\/wp\/v2\/product\/1615","targetHints":{"allow":["GET"]}}],"collection":[{"href":"https:\/\/en.jiguo.net\/vi\/wp-json\/wp\/v2\/product"}],"about":[{"href":"https:\/\/en.jiguo.net\/vi\/wp-json\/wp\/v2\/types\/product"}],"replies":[{"embeddable":true,"href":"https:\/\/en.jiguo.net\/vi\/wp-json\/wp\/v2\/comments?post=1615"}],"wp:featuredmedia":[{"embeddable":true,"href":"https:\/\/en.jiguo.net\/vi\/wp-json\/wp\/v2\/media\/1616"}],"wp:attachment":[{"href":"https:\/\/en.jiguo.net\/vi\/wp-json\/wp\/v2\/media?parent=1615"}],"wp:term":[{"taxonomy":"product_brand","embeddable":true,"href":"https:\/\/en.jiguo.net\/vi\/wp-json\/wp\/v2\/product_brand?post=1615"},{"taxonomy":"product_cat","embeddable":true,"href":"https:\/\/en.jiguo.net\/vi\/wp-json\/wp\/v2\/product_cat?post=1615"},{"taxonomy":"product_tag","embeddable":true,"href":"https:\/\/en.jiguo.net\/vi\/wp-json\/wp\/v2\/product_tag?post=1615"}],"curies":[{"name":"wp","href":"https:\/\/api.w.org\/{rel}","templated":true}]}}