{"id":1611,"date":"2023-05-22T16:58:28","date_gmt":"2023-05-22T08:58:28","guid":{"rendered":"https:\/\/ru.jiguo.net\/?post_type=product&#038;p=1611"},"modified":"2023-06-14T17:59:23","modified_gmt":"2023-06-14T09:59:23","slug":"tmy-1060deep-automatic-foil-stamping-die-cutting-machine","status":"publish","type":"product","link":"https:\/\/en.jiguo.net\/vi\/san-pham\/tmy-1060deep-automatic-foil-stamping-die-cutting-machine\/","title":{"rendered":"M\u00e1y c\u1eaft v\u00e0 d\u1eadp l\u00e1 kim lo\u1ea1i t\u1ef1 \u0111\u1ed9ng TMY-1060Deep"},"content":{"rendered":"<div class=\"news-post__content producttab\">\u25cf Model d\u00f2ng Deep 900 t\u1ea5n c\u00f3 \u00e1p su\u1ea5t cao h\u01a1n d\u00f2ng d\u00f2ng High 600 t\u1ea5n. Ch\u00ednh v\u00ec \u00e1p su\u1ea5t c\u1ee7a m\u00f4 h\u00ecnh \u00e1p su\u1ea5t 600 t\u1ea5n v\u1eabn ch\u01b0a \u0111\u1ee7 trong m\u1ed9t s\u1ed1 \u0111i\u1ec1u ki\u1ec7n kh\u1eafc nghi\u1ec7t v\u00e0 kh\u1eafc nghi\u1ec7t nh\u1ea5t \u0111\u1ecbnh n\u00ean c\u00e1c k\u1ef9 s\u01b0 k\u1ef9 thu\u1eadt \u0111\u00e3 m\u1ed9t l\u1ea7n n\u1eefa ph\u00e1t tri\u1ec3n v\u00e0 c\u1ea3i ti\u1ebfn \u00e1p su\u1ea5t \u0111\u1ec3 cho ra m\u1eaft m\u00f4 h\u00ecnh \u00e1p su\u1ea5t 900 t\u1ea5n, \u0111\u1ea1t \u0111\u01b0\u1ee3c hi\u1ec7u qu\u1ea3 \u00e1p su\u1ea5t r\u1ea5t kh\u1ea3 quan.<br \/>\n\u25cf C\u00f3 hai nh\u00f3m kh\u00e1ch h\u00e0ng m\u1ee5c ti\u00eau cho m\u00f4 h\u00ecnh n\u00e0y. Th\u1ee9 nh\u1ea5t, c\u00f3 nh\u1eefng kh\u00e1ch h\u00e0ng c\u00f3 nhu c\u1ea7u \u0111\u1eb7c bi\u1ec7t v\u1ec1 t\u0103ng \u00e1p l\u1ef1c l\u00ean m\u00e1y, ch\u1eb3ng h\u1ea1n nh\u01b0 l\u00e0m vi\u1ec7c v\u1edbi gi\u1ea5y d\u00e0y nh\u01b0 gi\u1ea5y b\u00eca x\u00e1m c\u1eaft khu\u00f4n, l\u00e0m vi\u1ec7c v\u1edbi v\u1eadt li\u1ec7u nh\u1ef1a c\u1ee9ng nh\u01b0 PVC v\u00e0 PET, l\u00e0m vi\u1ec7c v\u1edbi c\u00e1c s\u1ea3n ph\u1ea9m nh\u01b0 die- c\u1eaft gh\u00e9p h\u00ecnh c\u00f3 nhi\u1ec1u m\u1ea3nh c\u1eaft v\u00e0 \u0111\u01b0\u1eddng c\u1eaft, v.v. Th\u1ee9 hai, kh\u00e1ch h\u00e0ng mu\u1ed1n mua m\u00e1y t\u1ed1t, c\u00f3 y\u00eau c\u1ea7u v\u1ec1 ch\u1ea5t l\u01b0\u1ee3ng, quan t\u00e2m nhi\u1ec1u h\u01a1n \u0111\u1ebfn ch\u1ea5t l\u01b0\u1ee3ng v\u00e0 tay ngh\u1ec1 nguy\u00ean li\u1ec7u, mu\u1ed1n mua m\u00e1y b\u1ec1n b\u1ec9, mang \u0111\u1ebfn s\u1ef1 l\u1ef1a ch\u1ecdn t\u1ed1t h\u01a1n cho nh\u1eefng kh\u00e1ch h\u00e0ng n\u00e0y.<br \/>\n\u25cf X\u00edch ch\u00ednh, v\u00f2ng bi truy\u1ec1n \u0111\u1ed9ng ch\u00ednh, PLC, b\u1ed9 bi\u1ebfn t\u1ea7n v\u00e0 c\u00e1c c\u00f4ng t\u1eafc \u0111i\u1ec7n nh\u1eadp kh\u1ea9u, c\u00f3 hi\u1ec7u su\u1ea5t tuy\u1ec7t v\u1eddi, \u0111\u1ed9 ch\u00ednh x\u00e1c khi c\u1eaft khu\u00f4n ch\u00ednh x\u00e1c v\u00e0 tu\u1ed5i th\u1ecd d\u00e0i.<br \/>\n\u25cf C\u00e1c b\u1ed9 ph\u1eadn th\u00e2n m\u00e1y \u0111\u01b0\u1ee3c s\u1ea3n xu\u1ea5t b\u1eb1ng trung t\u00e2m gia c\u00f4ng c\u00f3 \u0111\u1ed9 ch\u00ednh x\u00e1c cao v\u00e0 \u0111\u01b0\u1ee3c l\u00e0m b\u1eb1ng v\u1eadt li\u1ec7u th\u00e9p \u0111\u1eb7c bi\u1ec7t, c\u00f3 th\u1ec3 ch\u1ecbu \u0111\u01b0\u1ee3c t\u1ea3i tr\u1ecdng \u00e1p su\u1ea5t cao v\u00e0 c\u00f3 \u0111\u1ed9 b\u1ec1n cao.<br \/>\n\u25cf Th\u00eam ch\u1ee9c n\u0103ng t\u00f9y ch\u1ecdn s\u1eed d\u1ee5ng m\u00e0n tr\u1eadp l\u0103n \u0111i\u1ec1u khi\u1ec3n b\u1eb1ng \u0111i\u1ec7n l\u00e0m ch\u1ee9c n\u0103ng nh\u1eadn gi\u1ea5y t\u1ef1 \u0111\u1ed9ng kh\u00f4ng ng\u1eebng, nhanh h\u01a1n ch\u1ee9c n\u0103ng th\u1ee7 c\u00f4ng.<br \/>\n\u25cfH\u1ec7 th\u1ed1ng d\u1eadp \u00e1p d\u1ee5ng ch\u1ebf \u0111\u1ed9 ki\u1ec3m so\u00e1t nhi\u1ec7t \u0111\u1ed9 th\u00f4ng minh, \u0111\u1ea3m b\u1ea3o gia nhi\u1ec7t \u0111\u1ed3ng \u0111\u1ec1u v\u00e0 nhanh ch\u00f3ng. Ki\u1ec3m so\u00e1t nhi\u1ec7t \u0111\u1ed9 kh\u00f4ng \u0111\u1ed5i c\u00f3 th\u1ec3 n\u00e2ng cao t\u00ednh \u1ed5n \u0111\u1ecbnh c\u1ee7a hi\u1ec7u \u1ee9ng d\u1eadp.<br \/>\n\u25cfC\u1ea5u tr\u00fac d\u1eadp l\u00e1 n\u00f3ng \u0111\u01b0\u1ee3c vi t\u00ednh h\u00f3a ho\u00e0n to\u00e0n c\u00f3 h\u1ec7 th\u1ed1ng \u0111i\u1ec1u khi\u1ec3n b\u1ecf qua l\u00e1 kim \u0111\u01b0\u1ee3c t\u1ed1i \u01b0u h\u00f3a cho \u0111i\u1ec1u khi\u1ec3n servo, v\u1edbi kh\u1ea3 n\u0103ng r\u00fat v\u00e0 nh\u1ea3 l\u00e1 kim \u0111\u1ed3ng b\u1ed9, \u0111\u1ed9 c\u0103ng kh\u00f4ng \u0111\u1ed5i v\u00e0 ch\u00ednh x\u00e1c h\u01a1n.<br \/>\n\u25cfTh\u00eam ch\u1ee9c n\u0103ng t\u00f9y ch\u1ecdn c\u1ee7a hai ph\u01b0\u01a1ng ph\u00e1p thu gom l\u00e1 th\u1ea3i: cu\u1ed9n d\u00e2y b\u00ean ngo\u00e0i c\u1ee7a b\u00e1nh t\u00f3c v\u00e0 cu\u1ed9n d\u00e2y b\u00ean trong c\u1ee7a cu\u1ed9n d\u00e2y. Cu\u1ed9n gi\u1ea5y b\u1ea1c b\u00ean trong thu\u1eadn ti\u1ec7n h\u01a1n v\u00e0 thi\u1ebft b\u1ecb c\u1ea5p gi\u1ea5y b\u1ea1c theo chi\u1ec1u d\u1ecdc c\u00f3 th\u1ec3 \u0111\u01b0\u1ee3c k\u00e9o ra to\u00e0n b\u1ed9 \u0111\u1ec3 v\u1eadn h\u00e0nh d\u1ec5 d\u00e0ng. N\u00f3 c\u00f3 m\u1ed9t thi\u1ebft b\u1ecb \u00e9p gi\u1ea5y b\u1ea1c t\u1ef1 \u0111\u1ed9ng \u0111\u1ec3 tr\u00e1nh l\u00e0m tr\u1ea7y x\u01b0\u1edbc gi\u1ea5y b\u1ea1c.<\/div>\n<div class=\"news-post__content producttab\">\n<h5 class=\"has-text-align-left\">Th\u00f4ng s\u1ed1 k\u1ef9 thu\u1eadt<\/h5>\n<table border=\"0\" width=\"100%\" cellspacing=\"0\" cellpadding=\"0\">\n<tbody>\n<tr class=\"firstRow\">\n<td>Ng\u01b0\u1eddi m\u1eabu<\/td>\n<td>TMY-1060S\u00e2u<\/td>\n<\/tr>\n<tr>\n<td>T\u1ed1i \u0111a. Kh\u1ed5 gi\u1ea5y<\/td>\n<td>1070\u00d7770mm<\/td>\n<\/tr>\n<tr>\n<td>T\u1ed1i thi\u1ec3u. Kh\u1ed5 gi\u1ea5y<\/td>\n<td>400\u00d7360mm<\/td>\n<\/tr>\n<tr>\n<td>T\u1ed1i \u0111a. K\u00edch th\u01b0\u1edbc c\u1eaft<\/td>\n<td>1040\u00d7760mm<\/td>\n<\/tr>\n<tr>\n<td>T\u1ed1i \u0111a. Ph\u1ea1m vi d\u1eadp<\/td>\n<td>1040\u00d7760mm<\/td>\n<\/tr>\n<tr>\n<td>T\u1ed1i \u0111a. T\u1ed1c \u0111\u1ed9 ch\u1ea1y<\/td>\n<td>6500 gi\u00e2y\/gi\u1edd<\/td>\n<\/tr>\n<tr>\n<td>T\u1ed1i \u0111a. T\u1ed1c \u0111\u1ed9 d\u1eadp<\/td>\n<td>1600mm<\/td>\n<\/tr>\n<tr>\n<td>T\u1ed1i \u0111a. Chi\u1ec1u cao c\u1ecdc cho \u0103n<\/td>\n<td>1400mm<\/td>\n<\/tr>\n<tr>\n<td>T\u1ed1i \u0111a. Chi\u1ec1u cao c\u1ecdc giao h\u00e0ng<\/td>\n<td>0,1 ~ 4mm<\/td>\n<\/tr>\n<tr>\n<td>\u0110\u1ed9 ch\u00ednh x\u00e1c c\u1eaft khu\u00f4n<\/td>\n<td>\u00b1 0,1mm<\/td>\n<\/tr>\n<tr>\n<td>Nhi\u1ec7t \u0111\u1ed9 d\u1eadp<\/td>\n<td>0 ~ 200oC<\/td>\n<\/tr>\n<tr>\n<td>S\u1ed1 v\u00f9ng t\u1ea5m s\u01b0\u1edfi<\/td>\n<td>12<\/td>\n<\/tr>\n<tr>\n<td>S\u1ed0 con l\u0103n gi\u1ea5y b\u1ea1c<\/td>\n<td>D\u1ecdc 3 v\u00e0 Ngang 2<\/td>\n<\/tr>\n<tr>\n<td>T\u1ed1i \u0111a. Chi\u1ec1u d\u00e0i<\/td>\n<td>1200\uff5e1500m<\/td>\n<\/tr>\n<tr>\n<td>T\u1ed1i \u0111a. \u00c1p l\u1ef1c<\/td>\n<td>900T<\/td>\n<\/tr>\n<tr>\n<td>T\u1ed5ng kh\u1ed1i l\u01b0\u1ee3ng<\/td>\n<td>24T<\/td>\n<\/tr>\n<tr>\n<td>Ngu\u1ed3n \u0111i\u1ec7n v\u00f9ng t\u1ea5m s\u01b0\u1edfi<\/td>\n<td>34kw<\/td>\n<\/tr>\n<tr>\n<td>T\u1ed5ng c\u00f4ng su\u1ea5t<\/td>\n<td>74kw<\/td>\n<\/tr>\n<tr>\n<td>K\u00edch th\u01b0\u1edbc t\u1ed5ng th\u1ec3<\/td>\n<td>\u00a08200\u00d74300\u00d72500mm<\/td>\n<\/tr>\n<tr>\n<td colspan=\"2\">\u0110\u1eb7c \u0111i\u1ec3m k\u1ef9 thu\u1eadt hi\u1ec7u su\u1ea5t ph\u1ea7n d\u1eadp l\u00e1 d\u1ecdc<\/td>\n<\/tr>\n<tr>\n<td>T\u1ed1i \u0111a. chi\u1ec1u r\u1ed9ng l\u00e1<\/td>\n<td>1040mm<\/td>\n<\/tr>\n<tr>\n<td>T\u1ed1i thi\u1ec3u. chi\u1ec1u r\u1ed9ng l\u00e1<\/td>\n<td>25mm<\/td>\n<\/tr>\n<tr>\n<td>T\u1ed1i \u0111a. chi\u1ec1u d\u00e0i c\u1ee7a l\u00e1 k\u00e9o<\/td>\n<td>760mm<\/td>\n<\/tr>\n<tr>\n<td>T\u1ed1i \u0111a. k\u00e9o \u0111\u01b0\u1eddng k\u00ednh cu\u1ed9n gi\u1ea5y b\u1ea1c<\/td>\n<td>\u03c6200mm<\/td>\n<\/tr>\n<tr>\n<td>T\u1ed1i \u0111a. chi\u1ec1u r\u1ed9ng l\u00e1<\/td>\n<td>760mm<\/td>\n<\/tr>\n<tr>\n<td>T\u1ed1i thi\u1ec3u. chi\u1ec1u r\u1ed9ng l\u00e1<\/td>\n<td>25mm<\/td>\n<\/tr>\n<tr>\n<td>T\u1ed1i \u0111a. chi\u1ec1u d\u00e0i c\u1ee7a l\u00e1 k\u00e9o<\/td>\n<td>1040mm<\/td>\n<\/tr>\n<tr>\n<td>T\u1ed1i \u0111a. k\u00e9o \u0111\u01b0\u1eddng k\u00ednh cu\u1ed9n gi\u1ea5y b\u1ea1c<\/td>\n<td>\u03c6230mm<\/td>\n<\/tr>\n<tr>\n<td>Y\u00eau c\u1ea7u v\u1ec1 kh\u00f4ng kh\u00ed (Ng\u01b0\u1eddi mua cung c\u1ea5p)<\/td>\n<td>0,8Mpa,&gt; 0,36m\u00b3\/ph\u00fat<\/td>\n<\/tr>\n<\/tbody>\n<\/table>\n<\/div>","protected":false},"excerpt":{"rendered":"<p>\u25cf The Deep series 900 ton pressure model has a higher pressure than the High series 600 ton pressure model. It is precisely because the pressure of the 600 ton pressure model is still insufficient under certain extreme and harsh conditions that technical engineers have once again developed and improved the pressure to launch the [&hellip;]<\/p>","protected":false},"featured_media":1650,"comment_status":"open","ping_status":"closed","template":"","meta":[],"product_brand":[],"product_cat":[20],"product_tag":[],"class_list":{"0":"post-1611","1":"product","2":"type-product","3":"status-publish","4":"has-post-thumbnail","6":"product_cat-foil-stamping-machine","8":"first","9":"instock","10":"shipping-taxable","11":"product-type-simple"},"featured_image_urls":{"full":["https:\/\/en.jiguo.net\/wp-content\/uploads\/2023\/05\/1-27.jpg",1360,657,false],"thumbnail":["https:\/\/en.jiguo.net\/wp-content\/uploads\/2023\/05\/1-27-150x72.jpg",150,72,true],"medium":["https:\/\/en.jiguo.net\/wp-content\/uploads\/2023\/05\/1-27-300x145.jpg",300,145,true],"medium_large":["https:\/\/en.jiguo.net\/wp-content\/uploads\/2023\/05\/1-27-768x371.jpg",768,371,true],"large":["https:\/\/en.jiguo.net\/wp-content\/uploads\/2023\/05\/1-27-1024x495.jpg",1024,495,true],"1536x1536":["https:\/\/en.jiguo.net\/wp-content\/uploads\/2023\/05\/1-27.jpg",1360,657,false],"2048x2048":["https:\/\/en.jiguo.net\/wp-content\/uploads\/2023\/05\/1-27.jpg",1360,657,false],"trp-custom-language-flag":["https:\/\/en.jiguo.net\/wp-content\/uploads\/2023\/05\/1-27-18x9.jpg",18,9,true],"woocommerce_thumbnail":["https:\/\/en.jiguo.net\/wp-content\/uploads\/2023\/05\/1-27-1200x600.jpg",1200,600,true],"woocommerce_single":["https:\/\/en.jiguo.net\/wp-content\/uploads\/2023\/05\/1-27-1300x628.jpg",1300,628,true],"woocommerce_gallery_thumbnail":["https:\/\/en.jiguo.net\/wp-content\/uploads\/2023\/05\/1-27-100x100.jpg",100,100,true]},"post_excerpt_stackable":"<p>\u25cf The Deep series 900 ton pressure model has a higher pressure than the High series 600 ton pressure model. It is precisely because the pressure of the 600 ton pressure model is still insufficient under certain extreme and harsh conditions that technical engineers have once again developed and improved the pressure to launch the 900 ton pressure model, which has achieved very satisfactory pressure effects. \u25cf There are two target customer groups for this model. Firstly, there are customers who have special needs to increase the pressure on the machine, such as works with thick paper such as die-cutting&hellip;<\/p>\n","category_list":"","author_info":{"name":"","url":""},"comments_num":"0 comments","_links":{"self":[{"href":"https:\/\/en.jiguo.net\/vi\/wp-json\/wp\/v2\/product\/1611","targetHints":{"allow":["GET"]}}],"collection":[{"href":"https:\/\/en.jiguo.net\/vi\/wp-json\/wp\/v2\/product"}],"about":[{"href":"https:\/\/en.jiguo.net\/vi\/wp-json\/wp\/v2\/types\/product"}],"replies":[{"embeddable":true,"href":"https:\/\/en.jiguo.net\/vi\/wp-json\/wp\/v2\/comments?post=1611"}],"wp:featuredmedia":[{"embeddable":true,"href":"https:\/\/en.jiguo.net\/vi\/wp-json\/wp\/v2\/media\/1650"}],"wp:attachment":[{"href":"https:\/\/en.jiguo.net\/vi\/wp-json\/wp\/v2\/media?parent=1611"}],"wp:term":[{"taxonomy":"product_brand","embeddable":true,"href":"https:\/\/en.jiguo.net\/vi\/wp-json\/wp\/v2\/product_brand?post=1611"},{"taxonomy":"product_cat","embeddable":true,"href":"https:\/\/en.jiguo.net\/vi\/wp-json\/wp\/v2\/product_cat?post=1611"},{"taxonomy":"product_tag","embeddable":true,"href":"https:\/\/en.jiguo.net\/vi\/wp-json\/wp\/v2\/product_tag?post=1611"}],"curies":[{"name":"wp","href":"https:\/\/api.w.org\/{rel}","templated":true}]}}