{"id":1558,"date":"2023-05-20T09:42:55","date_gmt":"2023-05-20T01:42:55","guid":{"rendered":"https:\/\/ru.jiguo.net\/?post_type=product&#038;p=1558"},"modified":"2023-06-14T18:11:59","modified_gmt":"2023-06-14T10:11:59","slug":"bmy-1680a-semi-automatic-die-cutting-creasing-machine","status":"publish","type":"product","link":"https:\/\/en.jiguo.net\/vi\/san-pham\/bmy-1680a-semi-automatic-die-cutting-creasing-machine\/","title":{"rendered":"M\u00e1y t\u1ea1o n\u1ebfp &amp; c\u1eaft b\u1ebf b\u00e1n t\u1ef1 \u0111\u1ed9ng BMY-1680A"},"content":{"rendered":"<div class=\"news-post__content producttab\">\u25cfM\u1eb7c d\u00f9 l\u00e0 d\u00f2ng b\u00e1n t\u1ef1 \u0111\u1ed9ng nh\u01b0ng to\u00e0n b\u1ed9 k\u1ebft c\u1ea5u, b\u1ea3n v\u1ebd c\u1ee7a m\u00e1y ch\u1ee7 \u0111\u1ec1u \u0111\u01b0\u1ee3c th\u1ef1c hi\u1ec7n theo ti\u00eau chu\u1ea9n ho\u00e0n to\u00e0n t\u1ef1 \u0111\u1ed9ng, ch\u1ec9 cung c\u1ea5p \u00edt gi\u1ea5y h\u01a1n c\u00e1c d\u00f2ng m\u00e1y ho\u00e0n to\u00e0n t\u1ef1 \u0111\u1ed9ng v\u00e0 kh\u00f4ng ph\u1ea3i l\u00e0 phi\u00ean b\u1ea3n r\u1ebb ti\u1ec1n l\u00e0m gi\u1ea3m c\u1ea5u h\u00ecnh, k\u1ebft c\u1ea5u , ho\u1eb7c th\u00f4ng s\u1ed1 k\u1ef9 thu\u1eadt c\u1ee7a b\u1ed9 ph\u1eadn.<br \/>\n\u25cfC\u1ea3i thi\u1ec7n \u0111\u1ed9 b\u1ec1n c\u1ee7a thanh k\u1eb9p, gi\u1ea3m ti\u1ebfng \u1ed3n v\u00e0 t\u1ed1i \u01b0u h\u00f3a hi\u1ec7u su\u1ea5t c\u1ee7a r\u0103ng k\u1eb9p di \u0111\u1ed9ng v\u00e0 c\u1ed1 \u0111\u1ecbnh, gi\u00fap n\u00f3 ph\u00f9 h\u1ee3p v\u1edbi c\u00e1c c\u00f4ng vi\u1ec7c kh\u00e1c nhau c\u00f3 ho\u1eb7c kh\u00f4ng c\u00f3 c\u1ea1nh k\u1eb9p.<br \/>\n\u25cf\u0110\u1ed9 b\u1ec1n c\u1ee7a l\u1edbp m\u1eb7t b\u00ean \u0111\u00e3 \u0111\u01b0\u1ee3c c\u1ea3i thi\u1ec7n v\u00e0 tu\u1ed5i th\u1ecd s\u1eed d\u1ee5ng c\u1ee7a c\u00e1c b\u1ed9 ph\u1eadn d\u1ec5 b\u1ecb t\u1ed5n th\u01b0\u01a1ng \u0111\u00e3 \u0111\u01b0\u1ee3c k\u00e9o d\u00e0i v\u00e0 \u0111\u1ea3m b\u1ea3o ho\u00e0n to\u00e0n.<br \/>\n\u25cfThi\u1ebft k\u1ebf l\u1ea1i khung c\u1eaft khu\u00f4n v\u1edbi c\u1ea5u tr\u00fac \u0111a ch\u1ee9c n\u0103ng c\u00f3 hai ph\u01b0\u01a1ng ph\u00e1p kh\u00f3a, cho ph\u00e9p d\u1ec5 d\u00e0ng l\u1ef1a ch\u1ecdn t\u00f9y theo s\u1ea3n ph\u1ea9m. Qu\u00e1 tr\u00ecnh thay \u0111\u1ed5i t\u1ea5m c\u1eaft khu\u00f4n nhanh h\u01a1n, t\u1ea1o \u0111i\u1ec1u ki\u1ec7n thu\u1eadn l\u1ee3i h\u01a1n cho ng\u01b0\u1eddi d\u00f9ng x\u1eed l\u00fd sau \u00e9p. Kh\u00f3a t\u1ea5m c\u1eaft khu\u00f4n b\u1eb1ng thi\u1ebft b\u1ecb gi\u1edbi h\u1ea1n, gi\u00fap vi\u1ec7c x\u1ebfp d\u1ee1 thu\u1eadn ti\u1ec7n h\u01a1n.<br \/>\n\u25cfM\u1eb7t tr\u01b0\u1edbc \u00e1p d\u1ee5ng ph\u01b0\u01a1ng ph\u00e1p \u0111i\u1ec1u ch\u1ec9nh h\u1ed9p s\u1ed1 \u00f4, gi\u00fap c\u1ea3i thi\u1ec7n \u0111\u1ed9 ch\u00ednh x\u00e1c c\u1ee7a m\u00e1y v\u00e0 gi\u00fap vi\u1ec7c \u0111i\u1ec1u ch\u1ec9nh thu\u1eadn ti\u1ec7n h\u01a1n.<br \/>\n\u25cf\u0110\u1ecbnh v\u1ecb b\u00ean \u00e1p d\u1ee5ng \u0111\u1ecbnh v\u1ecb hai chi\u1ec1u c\u1ee7a b\u1ec1 m\u1eb7t v\u1eadn h\u00e0nh v\u00e0 b\u1ec1 m\u1eb7t truy\u1ec1n \u0111\u1ed9ng. B\u1ec1 m\u1eb7t v\u1eadn h\u00e0nh \u0111\u01b0\u1ee3c \u0111\u1ecbnh v\u1ecb c\u1ed1 \u0111\u1ecbnh, ph\u00f9 h\u1ee3p v\u1edbi c\u00e1ch b\u1ed1 tr\u00ed b\u1ec1 m\u1eb7t v\u1eadn h\u00e0nh th\u01b0\u1eddng \u0111\u01b0\u1ee3c s\u1eed d\u1ee5ng. B\u1ec1 m\u1eb7t truy\u1ec1n \u0111\u1ed9ng \u0111\u01b0\u1ee3c \u0111\u1ecbnh v\u1ecb b\u00ean di \u0111\u1ed9ng, s\u1eed d\u1ee5ng lo\u1ea1i tr\u1ee5 d\u1eabn h\u01b0\u1edbng, r\u1ea5t c\u00f3 l\u1ee3i cho \u0111\u1ed9 ch\u00ednh x\u00e1c c\u1ee7a b\u00ean.<\/div>\n<div class=\"news-post__content producttab\">\n<h5 class=\"has-text-align-left\">Th\u00f4ng s\u1ed1 k\u1ef9 thu\u1eadt<\/h5>\n<table border=\"0\" width=\"100%\" cellspacing=\"0\" cellpadding=\"0\">\n<tbody>\n<tr class=\"firstRow\">\n<td>Ng\u01b0\u1eddi m\u1eabu<\/td>\n<td>BMY-1680A<\/td>\n<\/tr>\n<tr>\n<td>K\u00edch th\u01b0\u1edbc gi\u1ea5y t\u1ed1i \u0111a<\/td>\n<td>1680\u00d71235mm<\/td>\n<\/tr>\n<tr>\n<td>T\u1ed1i thi\u1ec3u. Kh\u1ed5 gi\u1ea5y<\/td>\n<td>580\u00d7500mm<\/td>\n<\/tr>\n<tr>\n<td>T\u1ed1i \u0111a. K\u00edch th\u01b0\u1edbc c\u1eaft<\/td>\n<td>1660\u00d71220mm<\/td>\n<\/tr>\n<tr>\n<td>T\u1ed1i \u0111a. \u00c1p l\u1ef1c<\/td>\n<td>480T<\/td>\n<\/tr>\n<tr>\n<td>\u0110\u1ed9 d\u00e0y t\u1ea5m t\u00f4n<\/td>\n<td>\uff1c10mm<\/td>\n<\/tr>\n<tr>\n<td>T\u1ed1i \u0111a. T\u1ed1c \u0111\u1ed9 ch\u1ea1y<\/td>\n<td>4500 t\u1edd\/gi\u1edd<\/td>\n<\/tr>\n<tr>\n<td>T\u1ed5ng c\u00f4ng su\u1ea5t<\/td>\n<td>16,5kw<\/td>\n<\/tr>\n<tr>\n<td>C\u00e2n n\u1eb7ng<\/td>\n<td>18T<\/td>\n<\/tr>\n<tr>\n<td>K\u00edch th\u01b0\u1edbc t\u1ed5ng th\u1ec3<\/td>\n<td>6750\u00d75300\u00d72500mm<\/td>\n<\/tr>\n<tr>\n<td>Y\u00eau c\u1ea7u v\u1ec1 kh\u00f4ng kh\u00ed (Ng\u01b0\u1eddi mua cung c\u1ea5p)<\/td>\n<td>0,8Mpa,&gt; 0,36m\u00b3\/ph\u00fat<\/td>\n<\/tr>\n<\/tbody>\n<\/table>\n<\/div>","protected":false},"excerpt":{"rendered":"<p>\u25cfAlthough it is a semi-automatic series, all the structures and drawing sheets of the host are executed according to fully automatic standards, only providing less paper than the fully automatic series models, and it is not a cheap version that reduces configuration, structure, or part specifications. \u25cfImproved the strength of the gripper bar, reduced noise, [&hellip;]<\/p>","protected":false},"featured_media":1559,"comment_status":"open","ping_status":"closed","template":"","meta":[],"product_brand":[],"product_cat":[21],"product_tag":[],"class_list":{"0":"post-1558","1":"product","2":"type-product","3":"status-publish","4":"has-post-thumbnail","6":"product_cat-die-cutting-machine","8":"first","9":"instock","10":"shipping-taxable","11":"product-type-simple"},"featured_image_urls":{"full":["https:\/\/en.jiguo.net\/wp-content\/uploads\/2023\/05\/1-16.jpg",1360,657,false],"thumbnail":["https:\/\/en.jiguo.net\/wp-content\/uploads\/2023\/05\/1-16-150x72.jpg",150,72,true],"medium":["https:\/\/en.jiguo.net\/wp-content\/uploads\/2023\/05\/1-16-300x145.jpg",300,145,true],"medium_large":["https:\/\/en.jiguo.net\/wp-content\/uploads\/2023\/05\/1-16-768x371.jpg",768,371,true],"large":["https:\/\/en.jiguo.net\/wp-content\/uploads\/2023\/05\/1-16-1024x495.jpg",1024,495,true],"1536x1536":["https:\/\/en.jiguo.net\/wp-content\/uploads\/2023\/05\/1-16.jpg",1360,657,false],"2048x2048":["https:\/\/en.jiguo.net\/wp-content\/uploads\/2023\/05\/1-16.jpg",1360,657,false],"trp-custom-language-flag":["https:\/\/en.jiguo.net\/wp-content\/uploads\/2023\/05\/1-16-18x9.jpg",18,9,true],"woocommerce_thumbnail":["https:\/\/en.jiguo.net\/wp-content\/uploads\/2023\/05\/1-16-1200x600.jpg",1200,600,true],"woocommerce_single":["https:\/\/en.jiguo.net\/wp-content\/uploads\/2023\/05\/1-16-1300x628.jpg",1300,628,true],"woocommerce_gallery_thumbnail":["https:\/\/en.jiguo.net\/wp-content\/uploads\/2023\/05\/1-16-100x100.jpg",100,100,true]},"post_excerpt_stackable":"<p>\u25cfAlthough it is a semi-automatic series, all the structures and drawing sheets of the host are executed according to fully automatic standards, only providing less paper than the fully automatic series models, and it is not a cheap version that reduces configuration, structure, or part specifications. \u25cfImproved the strength of the gripper bar, reduced noise, and optimized the performance of movable and fixed gripper teeth, making it suitable for different jobs with or without a gripper edge. \u25cfThe strength of the side lay has been improved, and the service life of vulnerable parts has been fully extended and guaranteed. \u25cfRedesign&hellip;<\/p>\n","category_list":"","author_info":{"name":"","url":""},"comments_num":"0 comments","_links":{"self":[{"href":"https:\/\/en.jiguo.net\/vi\/wp-json\/wp\/v2\/product\/1558","targetHints":{"allow":["GET"]}}],"collection":[{"href":"https:\/\/en.jiguo.net\/vi\/wp-json\/wp\/v2\/product"}],"about":[{"href":"https:\/\/en.jiguo.net\/vi\/wp-json\/wp\/v2\/types\/product"}],"replies":[{"embeddable":true,"href":"https:\/\/en.jiguo.net\/vi\/wp-json\/wp\/v2\/comments?post=1558"}],"wp:featuredmedia":[{"embeddable":true,"href":"https:\/\/en.jiguo.net\/vi\/wp-json\/wp\/v2\/media\/1559"}],"wp:attachment":[{"href":"https:\/\/en.jiguo.net\/vi\/wp-json\/wp\/v2\/media?parent=1558"}],"wp:term":[{"taxonomy":"product_brand","embeddable":true,"href":"https:\/\/en.jiguo.net\/vi\/wp-json\/wp\/v2\/product_brand?post=1558"},{"taxonomy":"product_cat","embeddable":true,"href":"https:\/\/en.jiguo.net\/vi\/wp-json\/wp\/v2\/product_cat?post=1558"},{"taxonomy":"product_tag","embeddable":true,"href":"https:\/\/en.jiguo.net\/vi\/wp-json\/wp\/v2\/product_tag?post=1558"}],"curies":[{"name":"wp","href":"https:\/\/api.w.org\/{rel}","templated":true}]}}