{"id":1279,"date":"2023-02-22T15:04:18","date_gmt":"2023-02-22T07:04:18","guid":{"rendered":"https:\/\/ru.jiguo.net\/?post_type=product&#038;p=1279"},"modified":"2023-06-14T18:40:17","modified_gmt":"2023-06-14T10:40:17","slug":"myp-1050fast-automatic-die-cutting-stripping-machine-high-speed","status":"publish","type":"product","link":"https:\/\/en.jiguo.net\/vi\/san-pham\/myp-1050fast-automatic-die-cutting-stripping-machine-high-speed\/","title":{"rendered":"MYP-1050M\u00e1y B\u00f3c &amp; C\u1eaft Khu\u00f4n T\u1ef1 \u0110\u1ed9ng Nhanh (T\u1ed1c \u0110\u1ed9 Cao)"},"content":{"rendered":"<div class=\"news-post__content producttab\">C\u00e1c s\u1ea3n ph\u1ea9m d\u00f2ng Fast thu\u1ed9c d\u00f2ng m\u00e1y t\u1ed1c \u0111\u1ed9 cao, hi\u1ec7u su\u1ea5t v\u01b0\u1ee3t tr\u1ed9i c\u00f3 th\u1ec3 \u0111\u1ea1t t\u1ed1c \u0111\u1ed9 10000 t\u1edd\/gi\u1edd, nhanh h\u01a1n, ch\u00ednh x\u00e1c v\u00e0 \u1ed5n \u0111\u1ecbnh h\u01a1n so v\u1edbi m\u00e1y c\u1eaft b\u1ebf truy\u1ec1n th\u1ed1ng. \u00c1p d\u1ee5ng h\u1ec7 th\u1ed1ng \u0111i\u1ec1u khi\u1ec3n \u0111i\u1ec7n m\u1edbi, d\u00e2y chuy\u1ec1n ch\u00ednh c\u1ee7a \u0110\u1ee9c, v\u00f2ng bi Th\u1ee5y \u0110i\u1ec3n, t\u1ea5t c\u1ea3 c\u00e1c b\u1ed9 ph\u1eadn v\u00e0 v\u1eadt li\u1ec7u \u0111\u1ec1u \u0111\u01b0\u1ee3c x\u1eed l\u00fd b\u1eb1ng c\u00e1c trung t\u00e2m gia c\u00f4ng nh\u1eadp kh\u1ea9u c\u1ee7a Ch\u00e2u \u00c2u. N\u00f3 \u0111\u1ea3m b\u1ea3o hi\u1ec7u su\u1ea5t v\u00e0 s\u1ef1 \u1ed5n \u0111\u1ecbnh c\u1ee7a m\u00e1y \u1edf t\u1ed1c \u0111\u1ed9 ho\u1ea1t \u0111\u1ed9ng cao. Chi\u1ebfc m\u00e1y n\u00e0y \u0111\u01b0\u1ee3c trang b\u1ecb h\u00e0ng lo\u1ea1t t\u00ednh n\u0103ng cao c\u1ea5p c\u1ee7a th\u01b0\u01a1ng hi\u1ec7u JIGUO: t\u1ea5m kh\u00f3a t\u1ef1 \u0111\u1ed9ng, \u0111i\u1ec1u ch\u1ec9nh m\u1eb7t tr\u01b0\u1edbc t\u1ef1 \u0111\u1ed9ng, m\u00e0n tr\u1eadp l\u0103n nh\u1eadn gi\u1ea5y ph\u1ee5 t\u1ef1 \u0111\u1ed9ng kh\u00f4ng ng\u1eebng v\u00e0 c\u00f4ng ngh\u1ec7 l\u00e0m l\u1ea1nh nhi\u1ec7t \u0111\u1ed9 d\u1ea7u \u0111\u1eb7c bi\u1ec7t \u0111\u1ec3 \u0111\u1ea3m b\u1ea3o hi\u1ec7u qu\u1ea3 b\u00f4i tr\u01a1n c\u1ee7a chuy\u1ec3n \u0111\u1ed9ng. . \u0110\u00e1p \u1ee9ng \u0111\u1ea7y \u0111\u1ee7 nhu c\u1ea7u c\u1eaft khu\u00f4n c\u1ee7a kh\u00e1ch h\u00e0ng cao c\u1ea5p. Th\u00edch h\u1ee3p cho c\u00e1c s\u1ea3n ph\u1ea9m bao b\u00ec h\u1ed9p qu\u00e0 t\u1eb7ng cao c\u1ea5p v\u00e0 tinh t\u1ebf kh\u00e1c nhau, nh\u01b0 h\u1ed9p r\u01b0\u1ee3u, h\u1ed9p thu\u1ed1c l\u00e1, h\u1ed9p thu\u1ed1c, h\u1ed9p m\u1ef9 ph\u1ea9m, h\u1ed9p qu\u00e0 t\u1eb7ng, v.v.<\/div>\n<div class=\"news-post__content producttab\">\n<h5 class=\"has-text-align-left\">Th\u00f4ng s\u1ed1 k\u1ef9 thu\u1eadt<\/h5>\n<table border=\"0\" width=\"100%\" cellspacing=\"0\" cellpadding=\"0\">\n<tbody>\n<tr>\n<td>Ng\u01b0\u1eddi m\u1eabu<\/td>\n<td>MYP-1050 nhanh<\/td>\n<\/tr>\n<tr>\n<td>T\u1ed1i \u0111a. Kh\u1ed5 gi\u1ea5y<\/td>\n<td>1060\u00d7760mm<\/td>\n<\/tr>\n<tr>\n<td>T\u1ed1i thi\u1ec3u. Kh\u1ed5 gi\u1ea5y<\/td>\n<td>400\u00d7360mm<\/td>\n<\/tr>\n<tr>\n<td>T\u1ed1i \u0111a. K\u00edch th\u01b0\u1edbc c\u1eaft<\/td>\n<td>1040\u00d7740mm<\/td>\n<\/tr>\n<tr>\n<td>T\u1ed1i \u0111a. C\u1eaft nhanh<\/td>\n<td>10000 gi\u00e2y\/gi\u1edd<\/td>\n<\/tr>\n<tr>\n<td>\u0110\u1ed9 ch\u00ednh x\u00e1c c\u1eaft khu\u00f4n<\/td>\n<td>\u00b1 0,1mm<\/td>\n<\/tr>\n<tr>\n<td>T\u1ed1i \u0111a. \u00c1p l\u1ef1c<\/td>\n<td>350T<\/td>\n<\/tr>\n<tr>\n<td>\u0110\u1ed9 d\u00e0y t\u1ea5m<\/td>\n<td>0,1 ~ 4mm<\/td>\n<\/tr>\n<tr>\n<td>T\u1ed1i thi\u1ec3u. C\u1ea1nh k\u1eb9p<\/td>\n<td>7mm<\/td>\n<\/tr>\n<tr>\n<td>T\u1ed1i \u0111a. Chi\u1ec1u cao c\u1ecdc cho \u0103n<\/td>\n<td>1600mm<\/td>\n<\/tr>\n<tr>\n<td>T\u1ed1i \u0111a. Chi\u1ec1u cao c\u1ecdc giao h\u00e0ng<\/td>\n<td>1400mm<\/td>\n<\/tr>\n<tr>\n<td>T\u1ed5ng c\u00f4ng su\u1ea5t<\/td>\n<td>21kw<\/td>\n<\/tr>\n<tr>\n<td>Kh\u1ed1i l\u01b0\u1ee3ng t\u1ecbnh<\/td>\n<td>19T<\/td>\n<\/tr>\n<tr>\n<td>K\u00edch th\u01b0\u1edbc t\u1ed5ng th\u1ec3<\/td>\n<td>7570\u00d74140\u00d72360mm<\/td>\n<\/tr>\n<tr>\n<td>Y\u00eau c\u1ea7u v\u1ec1 kh\u00f4ng kh\u00ed (Ng\u01b0\u1eddi mua cung c\u1ea5p)<\/td>\n<td>0,8Mpa,&gt; 0,36m\u00b3\/ph\u00fat<\/td>\n<\/tr>\n<\/tbody>\n<\/table>\n<\/div>","protected":false},"excerpt":{"rendered":"<p>The Fast series products belong to the high-speed series of machines, and their excellent performance can reach a speed of 10000 sheets\/hour, which is faster, accurate, and stable than traditional die-cutting machines. Adopting a new electrical control system, German main chain, Swedish bearings, all parts and materials are processed using imported European machining centers. It [&hellip;]<\/p>","protected":false},"featured_media":1280,"comment_status":"open","ping_status":"closed","template":"","meta":[],"product_brand":[],"product_cat":[21],"product_tag":[],"class_list":{"0":"post-1279","1":"product","2":"type-product","3":"status-publish","4":"has-post-thumbnail","6":"product_cat-die-cutting-machine","8":"first","9":"instock","10":"shipping-taxable","11":"product-type-simple"},"featured_image_urls":{"full":["https:\/\/en.jiguo.net\/wp-content\/uploads\/2023\/02\/MYP-1050Fast.jpg",1360,657,false],"thumbnail":["https:\/\/en.jiguo.net\/wp-content\/uploads\/2023\/02\/MYP-1050Fast-150x150.jpg",84,84,true],"medium":["https:\/\/en.jiguo.net\/wp-content\/uploads\/2023\/02\/MYP-1050Fast-300x145.jpg",300,145,true],"medium_large":["https:\/\/en.jiguo.net\/wp-content\/uploads\/2023\/02\/MYP-1050Fast-768x371.jpg",768,371,true],"large":["https:\/\/en.jiguo.net\/wp-content\/uploads\/2023\/02\/MYP-1050Fast-1024x495.jpg",1024,495,true],"1536x1536":["https:\/\/en.jiguo.net\/wp-content\/uploads\/2023\/02\/MYP-1050Fast.jpg",1360,657,false],"2048x2048":["https:\/\/en.jiguo.net\/wp-content\/uploads\/2023\/02\/MYP-1050Fast.jpg",1360,657,false],"trp-custom-language-flag":["https:\/\/en.jiguo.net\/wp-content\/uploads\/2023\/02\/MYP-1050Fast.jpg",18,9,false],"woocommerce_thumbnail":["https:\/\/en.jiguo.net\/wp-content\/uploads\/2023\/02\/MYP-1050Fast-1200x600.jpg",1200,600,true],"woocommerce_single":["https:\/\/en.jiguo.net\/wp-content\/uploads\/2023\/02\/MYP-1050Fast-1300x628.jpg",1300,628,true],"woocommerce_gallery_thumbnail":["https:\/\/en.jiguo.net\/wp-content\/uploads\/2023\/02\/MYP-1050Fast-100x100.jpg",100,100,true]},"post_excerpt_stackable":"<p>The Fast series products belong to the high-speed series of machines, and their excellent performance can reach a speed of 10000 sheets\/hour, which is faster, accurate, and stable than traditional die-cutting machines. Adopting a new electrical control system, German main chain, Swedish bearings, all parts and materials are processed using imported European machining centers. It ensures the performance and stability of the machine at high operating speeds. This machine is equipped with a series of high-end features of the JIGUO brand: automatic locking plate, automatic front lay adjustment, automatic non-stop auxiliary paper receiving roller shutter, and special oil temperature refrigeration&hellip;<\/p>\n","category_list":"","author_info":{"name":"","url":""},"comments_num":"0 comments","_links":{"self":[{"href":"https:\/\/en.jiguo.net\/vi\/wp-json\/wp\/v2\/product\/1279","targetHints":{"allow":["GET"]}}],"collection":[{"href":"https:\/\/en.jiguo.net\/vi\/wp-json\/wp\/v2\/product"}],"about":[{"href":"https:\/\/en.jiguo.net\/vi\/wp-json\/wp\/v2\/types\/product"}],"replies":[{"embeddable":true,"href":"https:\/\/en.jiguo.net\/vi\/wp-json\/wp\/v2\/comments?post=1279"}],"wp:featuredmedia":[{"embeddable":true,"href":"https:\/\/en.jiguo.net\/vi\/wp-json\/wp\/v2\/media\/1280"}],"wp:attachment":[{"href":"https:\/\/en.jiguo.net\/vi\/wp-json\/wp\/v2\/media?parent=1279"}],"wp:term":[{"taxonomy":"product_brand","embeddable":true,"href":"https:\/\/en.jiguo.net\/vi\/wp-json\/wp\/v2\/product_brand?post=1279"},{"taxonomy":"product_cat","embeddable":true,"href":"https:\/\/en.jiguo.net\/vi\/wp-json\/wp\/v2\/product_cat?post=1279"},{"taxonomy":"product_tag","embeddable":true,"href":"https:\/\/en.jiguo.net\/vi\/wp-json\/wp\/v2\/product_tag?post=1279"}],"curies":[{"name":"wp","href":"https:\/\/api.w.org\/{rel}","templated":true}]}}