{"id":1188,"date":"2023-02-22T11:18:51","date_gmt":"2023-02-22T03:18:51","guid":{"rendered":"https:\/\/ru.jiguo.net\/?post_type=product&#038;p=1188"},"modified":"2023-06-14T18:38:09","modified_gmt":"2023-06-14T10:38:09","slug":"myp-1320e-feeder-feeding-automatic-die-cutting-stripping-machine","status":"publish","type":"product","link":"https:\/\/en.jiguo.net\/vi\/san-pham\/myp-1320e-feeder-feeding-automatic-die-cutting-stripping-machine\/","title":{"rendered":"MYP-1320E (Cho \u0103n b\u1eb1ng m\u00e1y) M\u00e1y c\u1eaft v\u00e0 tu\u1ed1t khu\u00f4n t\u1ef1 \u0111\u1ed9ng"},"content":{"rendered":"<div class=\"news-post__content producttab\">\u25cfC\u1ea3i thi\u1ec7n \u0111\u1ed9 b\u1ec1n c\u1ee7a thanh k\u1eb9p, gi\u1ea3m ti\u1ebfng \u1ed3n v\u00e0 t\u1ed1i \u01b0u h\u00f3a hi\u1ec7u su\u1ea5t c\u1ee7a r\u0103ng k\u1eb9p di \u0111\u1ed9ng v\u00e0 c\u1ed1 \u0111\u1ecbnh, gi\u00fap n\u00f3 ph\u00f9 h\u1ee3p v\u1edbi c\u00e1c c\u00f4ng vi\u1ec7c kh\u00e1c nhau c\u00f3 ho\u1eb7c kh\u00f4ng c\u00f3 c\u1ea1nh k\u1eb9p.<br \/>\n\u25cf\u0110\u1ed9 b\u1ec1n c\u1ee7a l\u1edbp m\u1eb7t b\u00ean \u0111\u00e3 \u0111\u01b0\u1ee3c c\u1ea3i thi\u1ec7n v\u00e0 tu\u1ed5i th\u1ecd s\u1eed d\u1ee5ng c\u1ee7a c\u00e1c b\u1ed9 ph\u1eadn d\u1ec5 b\u1ecb t\u1ed5n th\u01b0\u01a1ng \u0111\u00e3 \u0111\u01b0\u1ee3c k\u00e9o d\u00e0i v\u00e0 \u0111\u1ea3m b\u1ea3o ho\u00e0n to\u00e0n.<br \/>\n\u25cfC\u01a1 ch\u1ebf thay \u0111\u1ed5i t\u1ed1c \u0111\u1ed9 n\u1ea1p gi\u1ea5y \u0111\u01b0\u1ee3c n\u00e2ng cao, gi\u00fap \u0111\u1ecbnh v\u1ecb gi\u1ea5y ch\u00ednh x\u00e1c h\u01a1n, \u0111\u1ea3m b\u1ea3o x\u1eed l\u00fd gi\u1ea5y d\u00e0y v\u00e0 ph\u00f9 h\u1ee3p h\u01a1n v\u1edbi gi\u1ea5y m\u1ecfng.<br \/>\n\u25cfThi\u1ebft k\u1ebf l\u1ea1i khung c\u1eaft khu\u00f4n v\u1edbi c\u1ea5u tr\u00fac \u0111a ch\u1ee9c n\u0103ng c\u00f3 hai ph\u01b0\u01a1ng ph\u00e1p kh\u00f3a, cho ph\u00e9p d\u1ec5 d\u00e0ng l\u1ef1a ch\u1ecdn t\u00f9y theo s\u1ea3n ph\u1ea9m. Qu\u00e1 tr\u00ecnh thay \u0111\u1ed5i t\u1ea5m c\u1eaft khu\u00f4n nhanh h\u01a1n, t\u1ea1o \u0111i\u1ec1u ki\u1ec7n thu\u1eadn l\u1ee3i h\u01a1n cho ng\u01b0\u1eddi d\u00f9ng x\u1eed l\u00fd sau \u00e9p. Kh\u00f3a t\u1ea5m c\u1eaft khu\u00f4n b\u1eb1ng thi\u1ebft b\u1ecb gi\u1edbi h\u1ea1n, gi\u00fap vi\u1ec7c x\u1ebfp d\u1ee1 thu\u1eadn ti\u1ec7n h\u01a1n.<br \/>\n\u25cfM\u1eb7t tr\u01b0\u1edbc \u00e1p d\u1ee5ng ph\u01b0\u01a1ng ph\u00e1p \u0111i\u1ec1u ch\u1ec9nh h\u1ed9p s\u1ed1 \u00f4, gi\u00fap c\u1ea3i thi\u1ec7n \u0111\u1ed9 ch\u00ednh x\u00e1c c\u1ee7a m\u00e1y v\u00e0 gi\u00fap vi\u1ec7c \u0111i\u1ec1u ch\u1ec9nh thu\u1eadn ti\u1ec7n h\u01a1n.<br \/>\n\u25cf\u0110\u1ecbnh v\u1ecb b\u00ean \u00e1p d\u1ee5ng \u0111\u1ecbnh v\u1ecb hai chi\u1ec1u c\u1ee7a b\u1ec1 m\u1eb7t v\u1eadn h\u00e0nh v\u00e0 b\u1ec1 m\u1eb7t truy\u1ec1n \u0111\u1ed9ng. B\u1ec1 m\u1eb7t v\u1eadn h\u00e0nh \u0111\u01b0\u1ee3c \u0111\u1ecbnh v\u1ecb c\u1ed1 \u0111\u1ecbnh, ph\u00f9 h\u1ee3p v\u1edbi c\u00e1ch b\u1ed1 tr\u00ed b\u1ec1 m\u1eb7t v\u1eadn h\u00e0nh th\u01b0\u1eddng \u0111\u01b0\u1ee3c s\u1eed d\u1ee5ng. B\u1ec1 m\u1eb7t truy\u1ec1n \u0111\u1ed9ng \u0111\u01b0\u1ee3c \u0111\u1ecbnh v\u1ecb b\u00ean di \u0111\u1ed9ng, s\u1eed d\u1ee5ng lo\u1ea1i tr\u1ee5 d\u1eabn h\u01b0\u1edbng, r\u1ea5t c\u00f3 l\u1ee3i cho \u0111\u1ed9 ch\u00ednh x\u00e1c c\u1ee7a b\u00ean.<br \/>\n\u25cfB\u1ed9 ph\u1eadn t\u01b0\u1edbc l\u00e0 m\u1ed9t c\u1ea5u tr\u00fac li\u00ean k\u1ebft ba khung t\u01b0\u1edbc c\u00f3 th\u1ec3 nhanh ch\u00f3ng thay \u0111\u1ed5i t\u1ea5m t\u01b0\u1edbc. C\u1ea5u tr\u00fac b\u1ed9 ph\u1eadn t\u01b0\u1edbc th\u00f4ng th\u01b0\u1eddng c\u00f3 th\u1ec3 lo\u1ea1i b\u1ecf l\u1ed7 b\u00ean trong v\u00e0 ba c\u1ea1nh th\u1ea3i b\u00ean c\u00f2n l\u1ea1i ngo\u1ea1i tr\u1eeb c\u1ea1nh k\u1eb9p. M\u1ed9t ch\u1ee9c n\u0103ng t\u00f9y ch\u1ecdn c\u1ee7a b\u1ed9 ph\u1eadn t\u01b0\u1edbc to\u00e0n b\u1ed9 c\u00f3 th\u1ec3 \u0111\u01b0\u1ee3c l\u1eafp \u0111\u1eb7t \u0111\u1ec3 c\u00f3 th\u1ec3 lo\u1ea1i b\u1ecf b\u1ed1n c\u1ea1nh th\u1ea3i.<\/div>\n<div class=\"news-post__content producttab\">\n<h5 class=\"has-text-align-left\">Th\u00f4ng s\u1ed1 k\u1ef9 thu\u1eadt<\/h5>\n<table border=\"0\" width=\"100%\" cellspacing=\"0\" cellpadding=\"0\">\n<tbody>\n<tr>\n<td>Ng\u01b0\u1eddi m\u1eabu<\/td>\n<td>MYP-1320E<\/td>\n<\/tr>\n<tr>\n<td>K\u00edch th\u01b0\u1edbc gi\u1ea5y t\u1ed1i \u0111a<\/td>\n<td>1320\u00d7960mm<\/td>\n<\/tr>\n<tr>\n<td>T\u1ed1i thi\u1ec3u. Kh\u1ed5 gi\u1ea5y<\/td>\n<td>450\u00d7400mm<\/td>\n<\/tr>\n<tr>\n<td>T\u1ed1i \u0111a. K\u00edch th\u01b0\u1edbc c\u1eaft<\/td>\n<td>1300\u00d7940mm<\/td>\n<\/tr>\n<tr>\n<td>T\u1ed1i \u0111a. \u00c1p l\u1ef1c<\/td>\n<td>380T<\/td>\n<\/tr>\n<tr>\n<td>\u0110\u1ed9 d\u00e0y t\u1ea5m<\/td>\n<td>B\u00eca c\u00e1c t\u00f4ng: 200-2000g\/m2 Gi\u1ea5y g\u1ee3n s\u00f3ng: &lt;8mm<\/td>\n<\/tr>\n<tr>\n<td>T\u1ed1c \u0111\u1ed9 c\u1eaft t\u1ed1i \u0111a<\/td>\n<td>6000 t\u1edd\/gi\u1edd<\/td>\n<\/tr>\n<tr>\n<td>\u0110\u1ed9 ch\u00ednh x\u00e1c c\u1eaft khu\u00f4n<\/td>\n<td>\u00b1 0,15mm<\/td>\n<\/tr>\n<tr>\n<td>T\u1ed5ng c\u00f4ng su\u1ea5t<\/td>\n<td>20kw<\/td>\n<\/tr>\n<tr>\n<td>C\u00e2n n\u1eb7ng<\/td>\n<td>20T<\/td>\n<\/tr>\n<tr>\n<td>K\u00edch th\u01b0\u1edbc t\u1ed5ng th\u1ec3<\/td>\n<td>8750\u00d74600\u00d72260mm<\/td>\n<\/tr>\n<tr>\n<td>Y\u00eau c\u1ea7u v\u1ec1 kh\u00f4ng kh\u00ed (Ng\u01b0\u1eddi mua cung c\u1ea5p)<\/td>\n<td>0,8Mpa,&gt; 0,36m\u00b3\/ph\u00fat<\/td>\n<\/tr>\n<\/tbody>\n<\/table>\n<\/div>","protected":false},"excerpt":{"rendered":"<p>\u25cfImproved the strength of the gripper bar, reduced noise, and optimized the performance of movable and fixed gripper teeth, making it suitable for different jobs with or without a gripper edge. \u25cfThe strength of the side lay has been improved, and the service life of vulnerable parts has been fully extended and guaranteed. \u25cfEnhanced paper [&hellip;]<\/p>","protected":false},"featured_media":1189,"comment_status":"open","ping_status":"closed","template":"","meta":[],"product_brand":[],"product_cat":[21],"product_tag":[],"class_list":{"0":"post-1188","1":"product","2":"type-product","3":"status-publish","4":"has-post-thumbnail","6":"product_cat-die-cutting-machine","8":"first","9":"instock","10":"shipping-taxable","11":"product-type-simple"},"featured_image_urls":{"full":["https:\/\/en.jiguo.net\/wp-content\/uploads\/2023\/02\/MYP-1320E.jpg",1360,657,false],"thumbnail":["https:\/\/en.jiguo.net\/wp-content\/uploads\/2023\/02\/MYP-1320E-150x150.jpg",84,84,true],"medium":["https:\/\/en.jiguo.net\/wp-content\/uploads\/2023\/02\/MYP-1320E-300x145.jpg",300,145,true],"medium_large":["https:\/\/en.jiguo.net\/wp-content\/uploads\/2023\/02\/MYP-1320E-768x371.jpg",768,371,true],"large":["https:\/\/en.jiguo.net\/wp-content\/uploads\/2023\/02\/MYP-1320E-1024x495.jpg",1024,495,true],"1536x1536":["https:\/\/en.jiguo.net\/wp-content\/uploads\/2023\/02\/MYP-1320E.jpg",1360,657,false],"2048x2048":["https:\/\/en.jiguo.net\/wp-content\/uploads\/2023\/02\/MYP-1320E.jpg",1360,657,false],"trp-custom-language-flag":["https:\/\/en.jiguo.net\/wp-content\/uploads\/2023\/02\/MYP-1320E.jpg",18,9,false],"woocommerce_thumbnail":["https:\/\/en.jiguo.net\/wp-content\/uploads\/2023\/02\/MYP-1320E-1200x600.jpg",1200,600,true],"woocommerce_single":["https:\/\/en.jiguo.net\/wp-content\/uploads\/2023\/02\/MYP-1320E-1300x628.jpg",1300,628,true],"woocommerce_gallery_thumbnail":["https:\/\/en.jiguo.net\/wp-content\/uploads\/2023\/02\/MYP-1320E-100x100.jpg",100,100,true]},"post_excerpt_stackable":"<p>\u25cfImproved the strength of the gripper bar, reduced noise, and optimized the performance of movable and fixed gripper teeth, making it suitable for different jobs with or without a gripper edge. \u25cfThe strength of the side lay has been improved, and the service life of vulnerable parts has been fully extended and guaranteed. \u25cfEnhanced paper feeding speed change mechanism, making paper positioning more accurate, ensuring the processing of thick paper and making it more suitable for thin paper. \u25cfRedesign the die-cut frame with a multifunctional structure that has two locking methods, allowing for easy selection based on the product. The&hellip;<\/p>\n","category_list":"","author_info":{"name":"","url":""},"comments_num":"0 comments","_links":{"self":[{"href":"https:\/\/en.jiguo.net\/vi\/wp-json\/wp\/v2\/product\/1188","targetHints":{"allow":["GET"]}}],"collection":[{"href":"https:\/\/en.jiguo.net\/vi\/wp-json\/wp\/v2\/product"}],"about":[{"href":"https:\/\/en.jiguo.net\/vi\/wp-json\/wp\/v2\/types\/product"}],"replies":[{"embeddable":true,"href":"https:\/\/en.jiguo.net\/vi\/wp-json\/wp\/v2\/comments?post=1188"}],"wp:featuredmedia":[{"embeddable":true,"href":"https:\/\/en.jiguo.net\/vi\/wp-json\/wp\/v2\/media\/1189"}],"wp:attachment":[{"href":"https:\/\/en.jiguo.net\/vi\/wp-json\/wp\/v2\/media?parent=1188"}],"wp:term":[{"taxonomy":"product_brand","embeddable":true,"href":"https:\/\/en.jiguo.net\/vi\/wp-json\/wp\/v2\/product_brand?post=1188"},{"taxonomy":"product_cat","embeddable":true,"href":"https:\/\/en.jiguo.net\/vi\/wp-json\/wp\/v2\/product_cat?post=1188"},{"taxonomy":"product_tag","embeddable":true,"href":"https:\/\/en.jiguo.net\/vi\/wp-json\/wp\/v2\/product_tag?post=1188"}],"curies":[{"name":"wp","href":"https:\/\/api.w.org\/{rel}","templated":true}]}}