{"id":1130,"date":"2023-02-22T09:16:55","date_gmt":"2023-02-22T01:16:55","guid":{"rendered":"https:\/\/ru.jiguo.net\/?post_type=product&#038;p=1130"},"modified":"2023-06-12T09:14:54","modified_gmt":"2023-06-12T01:14:54","slug":"afs-2500ap-digital-high-speed-wire-touching-and-pasting-machine","status":"publish","type":"product","link":"https:\/\/en.jiguo.net\/vi\/san-pham\/afs-2500ap-digital-high-speed-wire-touching-and-pasting-machine\/","title":{"rendered":"M\u00e1y d\u00e1n v\u00e0 d\u00e1n th\u01b0 m\u1ee5c t\u1ef1 \u0111\u1ed9ng t\u1ed1c \u0111\u1ed9 cao AFS-2800AHPQX"},"content":{"rendered":"<div class=\"news-post__content producttab\">01. \u0110\u1eb7c \u0111i\u1ec3m l\u1edbn nh\u1ea5t c\u1ee7a lo\u1ea1i m\u00e1y n\u00e0y l\u00e0 v\u1eadn h\u00e0nh b\u1eb1ng m\u00e1y t\u00ednh, s\u1eed d\u1ee5ng \u0111\u01a1n gi\u1ea3n, ch\u1ea5t l\u01b0\u1ee3ng \u1ed5n \u0111\u1ecbnh, t\u1ed1c \u0111\u1ed9 cao v\u00e0 ti\u1ebft ki\u1ec7m \u0111\u00e1ng k\u1ec3 nh\u00e2n c\u00f4ng.<br \/>\n02. \u0110\u00e2y l\u00e0 lo\u1ea1i m\u00e1y t\u00edch h\u1ee3p \u0111a ch\u1ee9c n\u0103ng c\u00f3 th\u1ec3 \u0111\u00f3ng h\u1ed9p v\u00e0 d\u00e1n h\u1ed9p. N\u00f3 c\u0169ng c\u00f3 th\u1ec3 ho\u00e0n th\u00e0nh h\u1ed9p d\u00e1n v\u00e0 h\u1ed9p \u0111\u1ef1ng m\u00f3ng tay c\u00f9ng m\u1ed9t l\u00fac.<br \/>\n03. N\u00f3 c\u00f3 th\u1ec3 ho\u00e0n th\u00e0nh b\u01b0\u1edbc thi\u1ebft l\u1eadp trong 3-5 ph\u00fat, ngh\u0129a l\u00e0 n\u00f3 c\u00f3 th\u1ec3 b\u1eaft \u0111\u1ea7u s\u1ea3n xu\u1ea5t h\u00e0ng lo\u1ea1t (M\u00e1y n\u00e0y c\u00f3 ch\u1ee9c n\u0103ng ghi nh\u1edb \u0111\u01a1n h\u00e0ng).<br \/>\n04. M\u1ed9t ph\u00edm chuy\u1ec3n \u0111\u1ed5i ch\u1ee9c n\u0103ng c\u1ee7a h\u1ed9p d\u00e1n v\u00e0 h\u1ed9p \u0111\u1ef1ng \u0111inh, \u0111\u00e2y l\u00e0 s\u1ea3n ph\u1ea9m \u0111\u1ed9c \u0111\u00e1o \u1edf th\u1ecb tr\u01b0\u1eddng n\u1ed9i \u0111\u1ecba.<br \/>\n05. C\u00e1c lo\u1ea1i b\u00eca ph\u00f9 h\u1ee3p \u0111\u01b0\u1ee3c \u0111\u00f3ng \u0111inh b\u1eb1ng c\u00e1c lo\u1ea1i b\u00eca c\u1ee9ng ba, n\u0103m, m\u1ed9t t\u1ea5m, A, B, C, AB.<br \/>\n06. Thi\u1ebft b\u1ecb l\u1eadt b\u00ean \u0111\u1ec3 n\u1ea1p gi\u1ea5y \u0111\u1ea3m b\u1ea3o vi\u1ec7c ph\u00e2n ph\u1ed1i gi\u1ea5y di\u1ec5n ra su\u00f4n s\u1ebb.<br \/>\n07. Th\u1ef1c hi\u1ec7n ch\u1ee9c n\u0103ng g\u1ea5p n\u1ebfp li\u00ean t\u1ee5c kh\u00f4ng d\u1eebng<br \/>\n08. H\u1ed9p kh\u00f4ng c\u00f3 \u0111\u00e1y nh\u01b0ng c\u00f3 n\u1eafp c\u0169ng c\u00f3 th\u1ec3 \u0111\u00f3ng \u0111inh.<br \/>\n09. Ph\u1ea1m vi \u0111\u00f3ng \u0111inh: kho\u1ea3ng c\u00e1ch \u0111\u00f3ng \u0111inh t\u1ed1i thi\u1ec3u l\u00e0 40 mm v\u00e0 kho\u1ea3ng c\u00e1ch \u0111\u00f3ng \u0111inh t\u1ed1i \u0111a l\u00e0 500 mm.<br \/>\n10. T\u1ed1c \u0111\u1ed9 \u0111\u00f3ng \u0111inh t\u1ed1i \u0111a c\u1ee7a \u0111\u1ea7u \u0111inh: 1200 \u0111inh\/ph\u00fat.<br \/>\n11. L\u1ea5y ba t\u1ed1c \u0111\u1ed9 \u0111\u00f3ng \u0111inh l\u00e0m v\u00ed d\u1ee5, t\u1ed1c \u0111\u1ed9 t\u1ed1i \u0111a l\u00e0 140 chi\u1ebfc m\u1ed7i ph\u00fat.<br \/>\n12. N\u00f3 c\u00f3 th\u1ec3 \u0111\u01b0\u1ee3c th\u1ef1c hi\u1ec7n t\u1ef1 \u0111\u1ed9ng \u0111\u1ec3 g\u1ea5p gi\u1ea5y, ch\u1ec9nh s\u1eeda, h\u1ed9p \u0111inh, h\u1ed9p d\u00e1n, \u0111\u1ebfm v\u00e0 x\u1ebfp ch\u1ed3ng \u0111\u1ea7u ra.<br \/>\n13. M\u00f3ng \u0111\u01a1n v\u00e0 m\u00f3ng \u0111\u00f4i c\u00f3 th\u1ec3 \u0111\u01b0\u1ee3c \u0111i\u1ec1u ch\u1ec9nh t\u1ef1 do.<br \/>\n14. S\u1eed d\u1ee5ng \u0111\u1ea7u \u0111inh xoay c\u00f3 th\u1ec3 \u0111\u1ea1t \u0111\u01b0\u1ee3c m\u1ee9c ti\u00eau th\u1ee5 \u0111i\u1ec7n n\u0103ng nh\u1ecf, t\u1ed1c \u0111\u1ed9 cao, \u1ed5n \u0111\u1ecbnh h\u01a1n v\u00e0 c\u1ea3i thi\u1ec7n ch\u1ea5t l\u01b0\u1ee3ng h\u1ed9p \u0111inh m\u1ed9t c\u00e1ch hi\u1ec7u qu\u1ea3.<br \/>\n15. \u0110i\u1ec1u khi\u1ec3n ho\u00e0n to\u00e0n b\u1eb1ng m\u00e1y t\u00ednh, \u0111i\u1ec1u ch\u1ec9nh th\u01b0\u1edbc \u0111o t\u1ef1 \u0111\u1ed9ng, \u0111i\u1ec1u ch\u1ec9nh m\u1ed9t ph\u00edm, tr\u00e1nh tr\u1ea7y x\u01b0\u1edbc, ph\u00f9 h\u1ee3p v\u1edbi th\u00f9ng in m\u00e0u<br \/>\n16. S\u1eed d\u1ee5ng thi\u1ebft b\u1ecb ch\u1ec9nh s\u1eeda gi\u1ea5y \u0111\u1ec3 b\u00f9 hai l\u1ea7n v\u00e0 s\u1eeda v\u1ecb tr\u00ed c\u1ee7a h\u1ed9p, lo\u1ea1i b\u1ecf mi\u1ec7ng k\u00e9o v\u00e0 l\u00e0m cho \u0111\u01b0\u1eddng kh\u00e2u h\u1ed9p tr\u1edf n\u00ean ho\u00e0n h\u1ea3o h\u01a1n.<br \/>\n17. B\u1ed9 n\u1ea1p d\u00e2y t\u1ef1 \u0111\u1ed9ng c\u00f3 th\u1ec3 ph\u00e1t hi\u1ec7n vi\u1ec7c ph\u00e1t hi\u1ec7n d\u00e2y \u0111inh, d\u00e2y b\u1ecb \u0111\u1ee9t v\u00e0 ph\u00e1t hi\u1ec7n h\u1ebft d\u00e2y.<\/div>\n<div class=\"news-post__content producttab\">\n<h5 class=\"has-text-align-left\">Th\u00f4ng s\u1ed1 k\u1ef9 thu\u1eadt<\/h5>\n<table border=\"0\" width=\"100%\" cellspacing=\"0\" cellpadding=\"0\">\n<tbody>\n<tr>\n<td>T\u1ed1i \u0111a. Chi\u1ec1u r\u1ed9ng gi\u1ea5y<\/td>\n<td>1000mm<\/td>\n<\/tr>\n<tr>\n<td>T\u1ed1i thi\u1ec3u. Chi\u1ec1u r\u1ed9ng gi\u1ea5y<\/td>\n<td>300mm<\/td>\n<\/tr>\n<tr>\n<td>Chi\u1ec1u r\u1ed9ng m\u00e1y<\/td>\n<td>4,2m<\/td>\n<\/tr>\n<tr>\n<td>Chi\u1ec1u d\u00e0i m\u00e1y<\/td>\n<td>16m<\/td>\n<\/tr>\n<tr>\n<td>T\u1ed1i \u0111a. Chi\u1ec1u d\u00e0i gi\u1ea5y<\/td>\n<td>2500mm<\/td>\n<\/tr>\n<tr>\n<td>T\u1ed1i thi\u1ec3u. Chi\u1ec1u d\u00e0i gi\u1ea5y<\/td>\n<td>880mm<\/td>\n<\/tr>\n<tr>\n<td>T\u1ed1i \u0111a. Chi\u1ec1u r\u1ed9ng TS<\/td>\n<td>40mm<\/td>\n<\/tr>\n<tr>\n<td>Ngu\u1ed3n \u0111i\u1ec7n y\u00eau c\u1ea7u<\/td>\n<td>28,5Kw<\/td>\n<\/tr>\n<tr>\n<td>Khu v\u1ef1c l\u1eafp \u0111\u1eb7t<\/td>\n<td>16000\u00d74200mm<\/td>\n<\/tr>\n<tr>\n<td>T\u1ed1c \u0111\u1ed9 gi\u1eadt (\u0110inh\/ph\u00fat)<\/td>\n<td>1100<\/td>\n<\/tr>\n<tr>\n<td>Tr\u1ecdng l\u01b0\u1ee3ng m\u00e1y<\/td>\n<td>12,5T<\/td>\n<\/tr>\n<tr>\n<td>Kho\u1ea3ng c\u00e1ch m\u00f3ng cho m\u00f3ng \u0111\u01a1n v\u00e0 m\u00f3ng \u0111\u00f4i \uff08T\u1ed1i thi\u1ec3u-T\u1ed1i \u0111a.\uff09<\/td>\n<td>30-90mm<\/td>\n<\/tr>\n<tr>\n<td>Kho\u1ea3ng c\u00e1ch m\u00f3ng cho m\u00f3ng chuy\u00ean s\u00e2u\uff08T\u1ed1i thi\u1ec3u-T\u1ed1i \u0111a)<\/td>\n<td>30-70mm<\/td>\n<\/tr>\n<tr>\n<td>T\u1ed1c \u0111\u1ed9 d\u00e1n<\/td>\n<td>130 m\u00e9t\/ph\u00fat<\/td>\n<\/tr>\n<tr>\n<td>\u00c1p su\u1ea5t kh\u00f4ng kh\u00ed<\/td>\n<td>0,6-0,8Mpa (Ng\u01b0\u1eddi mua cung c\u1ea5p)<\/td>\n<\/tr>\n<\/tbody>\n<\/table>\n<\/div>","protected":false},"excerpt":{"rendered":"<p>01. The biggest characteristic of this machine is computer operation which is simple to use, stable quality, high speed and greatly saved labor. 02. This is a multifunctional integrated machine which can nail box and paste box. It also can complete paste box and the nail box at one time. 03. It can complete setting [&hellip;]<\/p>","protected":false},"featured_media":1715,"comment_status":"open","ping_status":"closed","template":"","meta":[],"product_brand":[],"product_cat":[28],"product_tag":[],"class_list":{"0":"post-1130","1":"product","2":"type-product","3":"status-publish","4":"has-post-thumbnail","6":"product_cat-stitching-and-folder-gluer-machine","8":"first","9":"instock","10":"shipping-taxable","11":"product-type-simple"},"featured_image_urls":{"full":["https:\/\/en.jiguo.net\/wp-content\/uploads\/2023\/02\/1-36.jpg",1360,657,false],"thumbnail":["https:\/\/en.jiguo.net\/wp-content\/uploads\/2023\/02\/1-36-150x72.jpg",150,72,true],"medium":["https:\/\/en.jiguo.net\/wp-content\/uploads\/2023\/02\/1-36-300x145.jpg",300,145,true],"medium_large":["https:\/\/en.jiguo.net\/wp-content\/uploads\/2023\/02\/1-36-768x371.jpg",768,371,true],"large":["https:\/\/en.jiguo.net\/wp-content\/uploads\/2023\/02\/1-36-1024x495.jpg",1024,495,true],"1536x1536":["https:\/\/en.jiguo.net\/wp-content\/uploads\/2023\/02\/1-36.jpg",1360,657,false],"2048x2048":["https:\/\/en.jiguo.net\/wp-content\/uploads\/2023\/02\/1-36.jpg",1360,657,false],"trp-custom-language-flag":["https:\/\/en.jiguo.net\/wp-content\/uploads\/2023\/02\/1-36-18x9.jpg",18,9,true],"woocommerce_thumbnail":["https:\/\/en.jiguo.net\/wp-content\/uploads\/2023\/02\/1-36-1200x600.jpg",1200,600,true],"woocommerce_single":["https:\/\/en.jiguo.net\/wp-content\/uploads\/2023\/02\/1-36-1300x628.jpg",1300,628,true],"woocommerce_gallery_thumbnail":["https:\/\/en.jiguo.net\/wp-content\/uploads\/2023\/02\/1-36-100x100.jpg",100,100,true]},"post_excerpt_stackable":"<p>01. The biggest characteristic of this machine is computer operation which is simple to use, stable quality, high speed and greatly saved labor. 02. This is a multifunctional integrated machine which can nail box and paste box. It also can complete paste box and the nail box at one time. 03. It can complete setting up step in 3-5 minutes which means it can start a mass production (This machine has order memory function). 04. One key switch functions of the paste box and the nail box which is an original creation in the home market. 05. Suitable paperboard nailed&hellip;<\/p>\n","category_list":"","author_info":{"name":"","url":""},"comments_num":"0 comments","_links":{"self":[{"href":"https:\/\/en.jiguo.net\/vi\/wp-json\/wp\/v2\/product\/1130","targetHints":{"allow":["GET"]}}],"collection":[{"href":"https:\/\/en.jiguo.net\/vi\/wp-json\/wp\/v2\/product"}],"about":[{"href":"https:\/\/en.jiguo.net\/vi\/wp-json\/wp\/v2\/types\/product"}],"replies":[{"embeddable":true,"href":"https:\/\/en.jiguo.net\/vi\/wp-json\/wp\/v2\/comments?post=1130"}],"wp:featuredmedia":[{"embeddable":true,"href":"https:\/\/en.jiguo.net\/vi\/wp-json\/wp\/v2\/media\/1715"}],"wp:attachment":[{"href":"https:\/\/en.jiguo.net\/vi\/wp-json\/wp\/v2\/media?parent=1130"}],"wp:term":[{"taxonomy":"product_brand","embeddable":true,"href":"https:\/\/en.jiguo.net\/vi\/wp-json\/wp\/v2\/product_brand?post=1130"},{"taxonomy":"product_cat","embeddable":true,"href":"https:\/\/en.jiguo.net\/vi\/wp-json\/wp\/v2\/product_cat?post=1130"},{"taxonomy":"product_tag","embeddable":true,"href":"https:\/\/en.jiguo.net\/vi\/wp-json\/wp\/v2\/product_tag?post=1130"}],"curies":[{"name":"wp","href":"https:\/\/api.w.org\/{rel}","templated":true}]}}