{"id":1118,"date":"2023-02-21T12:01:49","date_gmt":"2023-02-21T04:01:49","guid":{"rendered":"https:\/\/ru.jiguo.net\/?post_type=product&#038;p=1118"},"modified":"2023-06-14T18:59:17","modified_gmt":"2023-06-14T10:59:17","slug":"myrp-1060-deep-automatic-hot-embossing-die-cutting-stripping-machine%ef%bc%88heavy%ef%bc%89","status":"publish","type":"product","link":"https:\/\/en.jiguo.net\/vi\/san-pham\/myrp-1060-deep-automatic-hot-embossing-die-cutting-stripping-machine%ef%bc%88heavy%ef%bc%89\/","title":{"rendered":"M\u00e1y d\u1eadp n\u1ed5i &amp; c\u1eaft b\u1ebf n\u00f3ng t\u1ef1 \u0111\u1ed9ng MYRP-1060Deep \uff08N\u1eb7ng"},"content":{"rendered":"<div class=\"news-post__content producttab\">\u25cfM\u1eabu \u00e1p su\u1ea5t 900 t\u1ea5n d\u00f2ng Deep c\u00f3 \u00e1p su\u1ea5t cao h\u01a1n m\u1eabu \u00e1p su\u1ea5t 600 t\u1ea5n d\u00f2ng Cao. Ch\u00ednh v\u00ec \u00e1p su\u1ea5t c\u1ee7a m\u00f4 h\u00ecnh \u00e1p su\u1ea5t 600 t\u1ea5n v\u1eabn ch\u01b0a \u0111\u1ee7 trong m\u1ed9t s\u1ed1 \u0111i\u1ec1u ki\u1ec7n kh\u1eafc nghi\u1ec7t v\u00e0 kh\u1eafc nghi\u1ec7t nh\u1ea5t \u0111\u1ecbnh n\u00ean c\u00e1c k\u1ef9 s\u01b0 k\u1ef9 thu\u1eadt \u0111\u00e3 m\u1ed9t l\u1ea7n n\u1eefa ph\u00e1t tri\u1ec3n v\u00e0 c\u1ea3i ti\u1ebfn \u00e1p su\u1ea5t \u0111\u1ec3 cho ra m\u1eaft m\u00f4 h\u00ecnh \u00e1p su\u1ea5t 900 t\u1ea5n, \u0111\u1ea1t \u0111\u01b0\u1ee3c hi\u1ec7u qu\u1ea3 \u00e1p su\u1ea5t r\u1ea5t kh\u1ea3 quan.<br \/>\n\u25cfC\u00f3 hai nh\u00f3m kh\u00e1ch h\u00e0ng m\u1ee5c ti\u00eau cho m\u00f4 h\u00ecnh n\u00e0y. Th\u1ee9 nh\u1ea5t, c\u00f3 nh\u1eefng kh\u00e1ch h\u00e0ng c\u00f3 nhu c\u1ea7u \u0111\u1eb7c bi\u1ec7t v\u1ec1 t\u0103ng \u00e1p l\u1ef1c l\u00ean m\u00e1y, ch\u1eb3ng h\u1ea1n nh\u01b0 l\u00e0m vi\u1ec7c v\u1edbi gi\u1ea5y d\u00e0y nh\u01b0 gi\u1ea5y b\u00eca x\u00e1m c\u1eaft khu\u00f4n, l\u00e0m vi\u1ec7c v\u1edbi v\u1eadt li\u1ec7u nh\u1ef1a c\u1ee9ng nh\u01b0 PVC v\u00e0 PET, l\u00e0m vi\u1ec7c v\u1edbi c\u00e1c s\u1ea3n ph\u1ea9m nh\u01b0 die- c\u1eaft gh\u00e9p h\u00ecnh c\u00f3 nhi\u1ec1u m\u1ea3nh c\u1eaft v\u00e0 \u0111\u01b0\u1eddng c\u1eaft, v.v. Th\u1ee9 hai, kh\u00e1ch h\u00e0ng mu\u1ed1n mua m\u00e1y t\u1ed1t, c\u00f3 y\u00eau c\u1ea7u v\u1ec1 ch\u1ea5t l\u01b0\u1ee3ng, quan t\u00e2m nhi\u1ec1u h\u01a1n \u0111\u1ebfn ch\u1ea5t l\u01b0\u1ee3ng v\u00e0 tay ngh\u1ec1 nguy\u00ean li\u1ec7u, mu\u1ed1n mua m\u00e1y b\u1ec1n b\u1ec9, mang \u0111\u1ebfn s\u1ef1 l\u1ef1a ch\u1ecdn t\u1ed1t h\u01a1n cho nh\u1eefng kh\u00e1ch h\u00e0ng n\u00e0y.<br \/>\n\u25cf X\u00edch ch\u00ednh, v\u00f2ng bi truy\u1ec1n \u0111\u1ed9ng ch\u00ednh, PLC, b\u1ed9 bi\u1ebfn t\u1ea7n v\u00e0 c\u00e1c c\u00f4ng t\u1eafc \u0111i\u1ec7n \u0111\u01b0\u1ee3c nh\u1eadp kh\u1ea9u, c\u00f3 hi\u1ec7u su\u1ea5t tuy\u1ec7t v\u1eddi, \u0111\u1ed9 ch\u00ednh x\u00e1c khi c\u1eaft khu\u00f4n ch\u00ednh x\u00e1c v\u00e0 tu\u1ed5i th\u1ecd d\u00e0i.<br \/>\n\u25cfC\u00e1c b\u1ed9 ph\u1eadn th\u00e2n m\u00e1y \u0111\u01b0\u1ee3c s\u1ea3n xu\u1ea5t b\u1eb1ng trung t\u00e2m gia c\u00f4ng v\u1edbi \u0111\u1ed9 ch\u00ednh x\u00e1c cao v\u00e0 \u0111\u01b0\u1ee3c l\u00e0m b\u1eb1ng v\u1eadt li\u1ec7u th\u00e9p \u0111\u1eb7c bi\u1ec7t, c\u00f3 th\u1ec3 ch\u1ecbu \u0111\u01b0\u1ee3c t\u1ea3i tr\u1ecdng \u00e1p su\u1ea5t cao v\u00e0 c\u00f3 \u0111\u1ed9 b\u1ec1n cao.<br \/>\n\u25cfTh\u00eam ch\u1ee9c n\u0103ng t\u00f9y ch\u1ecdn s\u1eed d\u1ee5ng m\u00e0n tr\u1eadp l\u0103n \u0111i\u1ec1u khi\u1ec3n b\u1eb1ng \u0111i\u1ec7n l\u00e0m ch\u1ee9c n\u0103ng nh\u1eadn gi\u1ea5y t\u1ef1 \u0111\u1ed9ng kh\u00f4ng ng\u1eebng, nhanh h\u01a1n ch\u1ee9c n\u0103ng th\u1ee7 c\u00f4ng.<br \/>\n\u25cfNhi\u1ec1u ch\u1ee9c n\u0103ng \u0111i\u1ec1u ch\u1ec9nh t\u1ef1 \u0111\u1ed9ng \u0111\u00e3 \u0111\u01b0\u1ee3c th\u00eam v\u00e0o \u0111\u1ec3 v\u1eadn h\u00e0nh thu\u1eadn ti\u1ec7n h\u01a1n. C\u00f4ng c\u1ee5 t\u00f9y ch\u1ecdn c\u1ee7a th\u01b0 vi\u1ec7n khung c\u1eaft khu\u00f4n.<\/div>\n<div class=\"news-post__content producttab\">\n<h5 class=\"has-text-align-left\">Th\u00f4ng s\u1ed1 k\u1ef9 thu\u1eadt<\/h5>\n<table border=\"0\" width=\"100%\" cellspacing=\"0\" cellpadding=\"0\">\n<tbody>\n<tr>\n<td>Ng\u01b0\u1eddi m\u1eabu<\/td>\n<td>MYRP-1060S\u00e2u<\/td>\n<\/tr>\n<tr>\n<td>T\u1ed1i \u0111a. Kh\u1ed5 gi\u1ea5y<\/td>\n<td>1070\u00d7770mm<\/td>\n<\/tr>\n<tr>\n<td>T\u1ed1i thi\u1ec3u. Kh\u1ed5 gi\u1ea5y<\/td>\n<td>400\u00d7360mm<\/td>\n<\/tr>\n<tr>\n<td>T\u1ed1i \u0111a. K\u00edch th\u01b0\u1edbc c\u1eaft<\/td>\n<td>1040\u00d7750mm<\/td>\n<\/tr>\n<tr>\n<td>T\u1ed1i \u0111a. C\u1eaft nhanh<\/td>\n<td>6500 gi\u00e2y\/gi\u1edd<\/td>\n<\/tr>\n<tr>\n<td>\u0110\u1ed9 ch\u00ednh x\u00e1c c\u1eaft khu\u00f4n<\/td>\n<td>\u00b1 0,1mm<\/td>\n<\/tr>\n<tr>\n<td>T\u1ed1i \u0111a. \u00c1p l\u1ef1c<\/td>\n<td>900T<\/td>\n<\/tr>\n<tr>\n<td>Nhi\u1ec7t \u0111\u1ed9 s\u01b0\u1edfi \u1ea5m<\/td>\n<td>0 ~ 199oC<\/td>\n<\/tr>\n<tr>\n<td>S\u1ed1 l\u01b0\u1ee3ng khu v\u1ef1c s\u01b0\u1edfi \u1ea5m<\/td>\n<td>12 \u0111\u01a1n v\u1ecb<\/td>\n<\/tr>\n<tr>\n<td>\u0110\u1ed9 d\u00e0y t\u1ea5m<\/td>\n<td>0,1 ~ 4mm<\/td>\n<\/tr>\n<tr>\n<td>T\u1ed1i thi\u1ec3u. C\u1ea1nh k\u1eb9p<\/td>\n<td>8mm<\/td>\n<\/tr>\n<tr>\n<td>T\u1ed1i \u0111a. Chi\u1ec1u cao c\u1ecdc cho \u0103n<\/td>\n<td>1600mm<\/td>\n<\/tr>\n<tr>\n<td>T\u1ed1i \u0111a. Chi\u1ec1u cao c\u1ecdc giao h\u00e0ng<\/td>\n<td>1400mm<\/td>\n<\/tr>\n<tr>\n<td>T\u1ed5ng c\u00f4ng su\u1ea5t<\/td>\n<td>62kw<\/td>\n<\/tr>\n<tr>\n<td>Kh\u1ed1i l\u01b0\u1ee3ng t\u1ecbnh<\/td>\n<td>21T<\/td>\n<\/tr>\n<tr>\n<td>K\u00edch th\u01b0\u1edbc t\u1ed5ng th\u1ec3<\/td>\n<td>8200\u00d74100\u00d72420mm<\/td>\n<\/tr>\n<tr>\n<td>Y\u00eau c\u1ea7u v\u1ec1 kh\u00f4ng kh\u00ed (Ng\u01b0\u1eddi mua cung c\u1ea5p)<\/td>\n<td>0,8Mpa,&gt; 0,36m\u00b3\/ph\u00fat<\/td>\n<\/tr>\n<\/tbody>\n<\/table>\n<\/div>","protected":false},"excerpt":{"rendered":"<p>\u25cfThe Deep series 900 ton pressure model has a higher pressure than the High series 600 ton pressure model. It is precisely because the pressure of the 600 ton pressure model is still insufficient under certain extreme and harsh conditions that technical engineers have once again developed and improved the pressure to launch the 900 [&hellip;]<\/p>","protected":false},"featured_media":1119,"comment_status":"open","ping_status":"closed","template":"","meta":[],"product_brand":[],"product_cat":[22],"product_tag":[],"class_list":{"0":"post-1118","1":"product","2":"type-product","3":"status-publish","4":"has-post-thumbnail","6":"product_cat-hot-embossing-machine","8":"first","9":"instock","10":"shipping-taxable","11":"product-type-simple"},"featured_image_urls":{"full":["https:\/\/en.jiguo.net\/wp-content\/uploads\/2023\/02\/Automatic-Hot-Embossing-Die-Cutting-Stripping-Machine\uff08Heavy\uff09.jpg",1360,657,false],"thumbnail":["https:\/\/en.jiguo.net\/wp-content\/uploads\/2023\/02\/Automatic-Hot-Embossing-Die-Cutting-Stripping-Machine\uff08Heavy\uff09-150x150.jpg",84,84,true],"medium":["https:\/\/en.jiguo.net\/wp-content\/uploads\/2023\/02\/Automatic-Hot-Embossing-Die-Cutting-Stripping-Machine\uff08Heavy\uff09-300x145.jpg",300,145,true],"medium_large":["https:\/\/en.jiguo.net\/wp-content\/uploads\/2023\/02\/Automatic-Hot-Embossing-Die-Cutting-Stripping-Machine\uff08Heavy\uff09-768x371.jpg",768,371,true],"large":["https:\/\/en.jiguo.net\/wp-content\/uploads\/2023\/02\/Automatic-Hot-Embossing-Die-Cutting-Stripping-Machine\uff08Heavy\uff09-1024x495.jpg",1024,495,true],"1536x1536":["https:\/\/en.jiguo.net\/wp-content\/uploads\/2023\/02\/Automatic-Hot-Embossing-Die-Cutting-Stripping-Machine\uff08Heavy\uff09.jpg",1360,657,false],"2048x2048":["https:\/\/en.jiguo.net\/wp-content\/uploads\/2023\/02\/Automatic-Hot-Embossing-Die-Cutting-Stripping-Machine\uff08Heavy\uff09.jpg",1360,657,false],"trp-custom-language-flag":["https:\/\/en.jiguo.net\/wp-content\/uploads\/2023\/02\/Automatic-Hot-Embossing-Die-Cutting-Stripping-Machine\uff08Heavy\uff09.jpg",18,9,false],"woocommerce_thumbnail":["https:\/\/en.jiguo.net\/wp-content\/uploads\/2023\/02\/Automatic-Hot-Embossing-Die-Cutting-Stripping-Machine\uff08Heavy\uff09-1200x600.jpg",1200,600,true],"woocommerce_single":["https:\/\/en.jiguo.net\/wp-content\/uploads\/2023\/02\/Automatic-Hot-Embossing-Die-Cutting-Stripping-Machine\uff08Heavy\uff09-1300x628.jpg",1300,628,true],"woocommerce_gallery_thumbnail":["https:\/\/en.jiguo.net\/wp-content\/uploads\/2023\/02\/Automatic-Hot-Embossing-Die-Cutting-Stripping-Machine\uff08Heavy\uff09-100x100.jpg",100,100,true]},"post_excerpt_stackable":"<p>\u25cfThe Deep series 900 ton pressure model has a higher pressure than the High series 600 ton pressure model. It is precisely because the pressure of the 600 ton pressure model is still insufficient under certain extreme and harsh conditions that technical engineers have once again developed and improved the pressure to launch the 900 ton pressure model, which has achieved very satisfactory pressure effects. \u25cfThere are two target customer groups for this model. Firstly, there are customers who have special needs to increase the pressure on the machine, such as works with thick paper such as die-cutting gray board&hellip;<\/p>\n","category_list":"","author_info":{"name":"","url":""},"comments_num":"0 comments","_links":{"self":[{"href":"https:\/\/en.jiguo.net\/vi\/wp-json\/wp\/v2\/product\/1118","targetHints":{"allow":["GET"]}}],"collection":[{"href":"https:\/\/en.jiguo.net\/vi\/wp-json\/wp\/v2\/product"}],"about":[{"href":"https:\/\/en.jiguo.net\/vi\/wp-json\/wp\/v2\/types\/product"}],"replies":[{"embeddable":true,"href":"https:\/\/en.jiguo.net\/vi\/wp-json\/wp\/v2\/comments?post=1118"}],"wp:featuredmedia":[{"embeddable":true,"href":"https:\/\/en.jiguo.net\/vi\/wp-json\/wp\/v2\/media\/1119"}],"wp:attachment":[{"href":"https:\/\/en.jiguo.net\/vi\/wp-json\/wp\/v2\/media?parent=1118"}],"wp:term":[{"taxonomy":"product_brand","embeddable":true,"href":"https:\/\/en.jiguo.net\/vi\/wp-json\/wp\/v2\/product_brand?post=1118"},{"taxonomy":"product_cat","embeddable":true,"href":"https:\/\/en.jiguo.net\/vi\/wp-json\/wp\/v2\/product_cat?post=1118"},{"taxonomy":"product_tag","embeddable":true,"href":"https:\/\/en.jiguo.net\/vi\/wp-json\/wp\/v2\/product_tag?post=1118"}],"curies":[{"name":"wp","href":"https:\/\/api.w.org\/{rel}","templated":true}]}}