{"id":702,"date":"2023-02-09T06:51:33","date_gmt":"2023-02-08T22:51:33","guid":{"rendered":"https:\/\/demo.alternativeto.cc\/?page_id=702"},"modified":"2023-06-15T15:31:43","modified_gmt":"2023-06-15T07:31:43","slug":"service-support","status":"publish","type":"page","link":"https:\/\/en.jiguo.net\/vi\/service-support\/","title":{"rendered":"h\u1ed7 tr\u1ee3 d\u1ecbch v\u1ee5"},"content":{"rendered":"<div class=\"wp-block-stackable-columns stk-block-columns stk-block stk-68b408a\" data-block-id=\"68b408a\"><div class=\"stk-row stk-inner-blocks stk-block-content stk-content-align stk-68b408a-column\"><div class=\"wp-block-stackable-column stk-block-column stk-block-column--v3 stk-column stk-block-column--v2 stk-block stk-6340e6d\" data-block-id=\"6340e6d\"><div class=\"stk-column-wrapper stk-block-column__content stk-container stk-6340e6d-container stk--no-background stk--no-padding\"><div class=\"stk-block-content stk-inner-blocks stk-6340e6d-inner-blocks\"><div class=\"wp-block-stackable-heading stk-block-heading stk-block-heading--v2 stk-block stk-68827e7\" id=\"repair\" data-block-id=\"68827e7\"><h2 class=\"stk-block-heading__text\">S\u1eecA<\/h2><\/div>\n\n<div class=\"wp-block-stackable-text stk-block-text stk-block stk-ea63c12\" data-block-id=\"ea63c12\"><p class=\"stk-block-text__text\">K\u00ednh g\u1eedi qu\u00fd kh\u00e1ch h\u00e0ng, khi thi\u1ebft b\u1ecb c\u1ee7a b\u1ea1n g\u1eb7p s\u1ef1 c\u1ed1, b\u1ea1n c\u00f3 th\u1ec3 \u0111\u0103ng k\u00fd s\u1eeda ch\u1eefa tr\u1ef1c tuy\u1ebfn. Ch\u00fang t\u00f4i s\u1ebd ph\u1ea3n h\u1ed3i ngay sau khi nh\u1eadn \u0111\u01b0\u1ee3c th\u00f4ng tin.<\/p><\/div>\n\n<div class=\"wp-block-stackable-text stk-block-text stk-block stk-0a3fbd3\" data-block-id=\"0a3fbd3\"><p class=\"stk-block-text__text\">d\u1ecbch v\u1ee5 s\u1eeda ch\u1eefa 156-3336-0066 (\u0110\u1ed1i v\u1edbi d\u1ecbch v\u1ee5 ti\u1ebfng Anh)<\/p><\/div>\n\n<div class=\"wp-block-stackable-text stk-block-text stk-block stk-b00f616\" data-block-id=\"b00f616\"><p class=\"stk-block-text__text\"><strong>E-mail: info@jiguo.net<\/strong><\/p><\/div><\/div><\/div><\/div>\n\n<div class=\"wp-block-stackable-column stk-block-column stk-block-column--v3 stk-column stk-block-column--v2 stk-block stk-1bf2575\" data-block-id=\"1bf2575\"><div class=\"stk-column-wrapper stk-block-column__content stk-container stk-1bf2575-container stk--no-background stk--no-padding\"><div class=\"stk-block-content stk-inner-blocks stk-1bf2575-inner-blocks\"><div class=\"wpforms-container wpforms-block\" id=\"wpforms-306\"><form id=\"wpforms-form-306\" class=\"wpforms-validate wpforms-form\" data-formid=\"306\" method=\"post\" enctype=\"multipart\/form-data\" action=\"\/vi\/wp-json\/wp\/v2\/pages\/702\" data-token=\"d2984918113589c797bbcc0abc255476\" data-trp-original-action=\"\/vi\/wp-json\/wp\/v2\/pages\/702\"><noscript class=\"wpforms-error-noscript\">Vui l\u00f2ng k\u00edch ho\u1ea1t JavaScript trong tr\u00ecnh duy\u1ec7t c\u1ee7a b\u1ea1n \u0111\u1ec3 ho\u00e0n th\u00e0nh bi\u1ec3u m\u1eabu n\u00e0y.<\/noscript><div class=\"wpforms-field-container\"><div id=\"wpforms-306-field_0-container\" class=\"wpforms-field wpforms-field-name\" data-field-id=\"0\"><label class=\"wpforms-field-label\" for=\"wpforms-306-field_0\">H\u1ecd v\u00e0 t\u00ean <span class=\"wpforms-required-label\">*<\/span><\/label><input type=\"text\" id=\"wpforms-306-field_0\" class=\"wpforms-field-large wpforms-field-required\" name=\"wpforms[fields][0]\" required><\/div><div id=\"wpforms-306-field_1-container\" class=\"wpforms-field wpforms-field-email\" data-field-id=\"1\"><label class=\"wpforms-field-label\" for=\"wpforms-306-field_1\">\u0110i\u0323a chi\u0309 email <span class=\"wpforms-required-label\">*<\/span><\/label><input type=\"email\" id=\"wpforms-306-field_1\" class=\"wpforms-field-large wpforms-field-required\" name=\"wpforms[fields][1]\" spellcheck=\"false\" required><\/div><div id=\"wpforms-306-field_3-container\" class=\"wpforms-field wpforms-field-text\" data-field-id=\"3\"><label class=\"wpforms-field-label\" for=\"wpforms-306-field_3\">Ch\u1ee7 th\u1ec3<\/label><input type=\"text\" id=\"wpforms-306-field_3\" class=\"wpforms-field-large\" name=\"wpforms[fields][3]\" ><\/div><div id=\"wpforms-306-field_2-container\" class=\"wpforms-field wpforms-field-textarea\" data-field-id=\"2\"><label class=\"wpforms-field-label\" for=\"wpforms-306-field_2\">Nh\u1eadn x\u00e9t ho\u1eb7c Tin nh\u1eafn <span class=\"wpforms-required-label\">*<\/span><\/label><textarea id=\"wpforms-306-field_2\" class=\"wpforms-field-large wpforms-field-required\" name=\"wpforms[fields][2]\" required><\/textarea><\/div><\/div><!-- .wpforms-field-container --><div class=\"wpforms-submit-container\" ><input type=\"hidden\" name=\"wpforms[id]\" value=\"306\"><input type=\"hidden\" name=\"wpforms[author]\" value=\"1\"><button type=\"submit\" name=\"wpforms[submit]\" id=\"wpforms-submit-306\" class=\"wpforms-submit\" data-alt-text=\"Sending...\" data-submit-text=\"Send Message\" aria-live=\"assertive\" value=\"wpforms-submit\">G\u1eedi tin nh\u1eafn<\/button><\/div><input type=\"hidden\" name=\"trp-form-language\" value=\"vi\"\/><\/form><\/div>  <!-- .wpforms-container --><\/div><\/div><\/div><\/div><\/div><div class=\"wp-block-stackable-spacer stk-block-spacer stk--no-padding stk-block stk-ccf6d08\" data-block-id=\"ccf6d08\"><\/div><div class=\"wp-block-stackable-heading stk-block-heading stk-block-heading--v2 stk-block stk-5b49455\" id=\"download\" data-block-id=\"5b49455\"><h2 class=\"stk-block-heading__text\">T\u1ea3i xu\u1ed1ng<\/h2><\/div><div class=\"wp-block-stackable-button-group stk-block-button-group stk-block stk-094cd53\" data-block-id=\"094cd53\"><div class=\"stk-row stk-inner-blocks stk-block-content stk-button-group\"><div class=\"wp-block-stackable-button stk-block-button stk-block stk-c2436fb\" data-block-id=\"c2436fb\"><a class=\"stk-link stk-button stk--hover-effect-darken\" href=\"http:\/\/jiguo.52yutian.cn\/uploadfile\/202206\/dd9dd28344fd186.pdf\"><span class=\"stk-button__inner-text\">T\u1ea3i xu\u1ed1ng<\/span><\/a><\/div><\/div><\/div>","protected":false},"excerpt":{"rendered":"<p>D\u1ecbch v\u1ee5 m\u1ea1ng to\u00e0n c\u1ea7u<\/p>","protected":false},"author":1,"featured_media":0,"parent":0,"menu_order":0,"comment_status":"closed","ping_status":"closed","template":"","meta":{"footnotes":""},"class_list":["post-702","page","type-page","status-publish","hentry"],"blocksy_meta":{"styles_descriptor":{"styles":{"desktop":"[data-prefix=\"single_page\"] .entry-header .page-title {--fontSize:30px;} [data-prefix=\"single_page\"] .entry-header .entry-meta {--fontWeight:600;--textTransform:uppercase;--fontSize:12px;--lineHeight:1.3;} [data-prefix=\"single_page\"] .hero-section[data-type=\"type-2\"] {--min-height:350px;background-color:var(--paletteColor6);background-image:none;--container-padding:50px 0;}","tablet":"","mobile":""},"google_fonts":[],"version":5},"page_title_panel":"","has_hero_section":"enabled","9f14f0b51e79fa6743c4b1de44a63414":"","hero_section":"type-2","hero_elements":[{"id":"custom_title","enabled":true,"heading_tag":"h1","title":"Home"},{"id":"custom_description","enabled":true,"description_visibility":{"desktop":true,"tablet":true,"mobile":false}},{"id":"custom_meta","enabled":false,"meta_elements":[{"id":"author","enabled":true,"label":"By","has_author_avatar":"yes","avatar_size":25},{"id":"post_date","enabled":true,"label":"On","date_format_source":"default","date_format":"M j, Y"},{"id":"updated_date","enabled":false,"label":"On","date_format_source":"default","date_format":"M j, Y"},{"id":"categories","enabled":false,"label":"In","style":"simple"},{"id":"comments","enabled":true}],"page_meta_elements":{"joined":true,"articles_count":true,"comments":true}},{"id":"breadcrumbs","enabled":false}],"1327f1189c04038a9dc14f8a88999464":"","hero_alignment1":"CT_CSS_SKIP_RULE","hero_margin":40,"hero_alignment2":"center","hero_vertical_alignment":"center","cde7560dbfe793c2f9d5978dae44f934":"","hero_structure":"narrow","f2caff99311de481b5802ede73cb1bcb":"","page_title_bg_type":"custom_image","custom_hero_background":{"attachment_id":1428,"url":"https:\/\/en.jiguo.net\/wp-content\/uploads\/2023\/02\/service2-1024x515.jpg"},"page_title_image_size":"full","parallax":{"desktop":false,"tablet":false,"mobile":false},"bba8a756e5eb906e56e2cdacd04dc4f6":"","hero_height":{"desktop":"350px","tablet":"350px","mobile":"350px","__changed":[]},"pageTitleFont":{"family":"Default","variation":"Default","size":"30px","line-height":"CT_CSS_SKIP_RULE","letter-spacing":"CT_CSS_SKIP_RULE","text-transform":"CT_CSS_SKIP_RULE","text-decoration":"CT_CSS_SKIP_RULE"},"pageTitleFontColor":{"default":{"color":"CT_CSS_SKIP_RULEDEFAULT"}},"pageMetaFont":{"family":"Default","variation":"n6","size":"12px","line-height":"1.3","letter-spacing":"CT_CSS_SKIP_RULE","text-transform":"uppercase","text-decoration":"CT_CSS_SKIP_RULE"},"pageMetaFontColor":{"default":{"color":"CT_CSS_SKIP_RULEDEFAULT"},"hover":{"color":"CT_CSS_SKIP_RULEDEFAULT"}},"page_meta_button_type_font_colors":{"default":{"color":"CT_CSS_SKIP_RULEDEFAULT"},"hover":{"color":"CT_CSS_SKIP_RULEDEFAULT"}},"page_meta_button_type_background_colors":{"default":{"color":"CT_CSS_SKIP_RULEDEFAULT"},"hover":{"color":"CT_CSS_SKIP_RULEDEFAULT"}},"pageExcerptFont":{"family":"Default","variation":"Default","size":"CT_CSS_SKIP_RULE","line-height":"CT_CSS_SKIP_RULE","letter-spacing":"CT_CSS_SKIP_RULE","text-transform":"CT_CSS_SKIP_RULE","text-decoration":"CT_CSS_SKIP_RULE"},"pageExcerptColor":{"default":{"color":"CT_CSS_SKIP_RULEDEFAULT"}},"breadcrumbsFont":{"family":"Default","variation":"Default","size":"CT_CSS_SKIP_RULE","line-height":"CT_CSS_SKIP_RULE","letter-spacing":"CT_CSS_SKIP_RULE","text-transform":"CT_CSS_SKIP_RULE","text-decoration":"CT_CSS_SKIP_RULE"},"breadcrumbsFontColor":{"default":{"color":"CT_CSS_SKIP_RULEDEFAULT"},"initial":{"color":"CT_CSS_SKIP_RULEDEFAULT"},"hover":{"color":"CT_CSS_SKIP_RULEDEFAULT"}},"acf_field_hero_elements":"","typography":{"family":"Default","variation":"Default","size":"CT_CSS_SKIP_RULE","line-height":"CT_CSS_SKIP_RULE","letter-spacing":"CT_CSS_SKIP_RULE","text-transform":"CT_CSS_SKIP_RULE","text-decoration":"CT_CSS_SKIP_RULE"},"color":{"default":{"color":"CT_CSS_SKIP_RULEDEFAULT"},"hover":{"color":"CT_CSS_SKIP_RULEDEFAULT"}},"metabox_field_hero_elements":"","toolset_field_hero_elements":"","jetengine_field_hero_elements":"","custom_field_hero_elements":"","pageTitleOverlay":{"background_type":"color","background_pattern":"type-1","background_image":{"attachment_id":null,"x":0,"y":0},"gradient":"linear-gradient(135deg,rgba(6,147,227,1) 0%,rgb(155,81,224) 100%)","background_repeat":"repeat","background_size":"auto","background_attachment":"scroll","patternColor":{"default":{"color":"#e5e7ea"}},"overlayColor":{"default":{"color":"CT_CSS_SKIP_RULE"}},"backgroundColor":{"default":{"color":"CT_CSS_SKIP_RULE"}}},"pageTitleBackground":{"background_type":"color","background_pattern":"type-1","background_image":{"attachment_id":null,"x":0,"y":0},"gradient":"linear-gradient(135deg,rgba(6,147,227,1) 0%,rgb(155,81,224) 100%)","background_repeat":"repeat","background_size":"auto","background_attachment":"scroll","patternColor":{"default":{"color":"#e5e7ea"}},"overlayColor":{"default":{"color":"CT_CSS_SKIP_RULE"}},"backgroundColor":{"default":{"color":"var(--paletteColor6)"}}},"pageTitlePadding":{"top":"50px","bottom":"50px","left":"auto","right":"auto","linked":true},"a12889deca29082b65b53e97fe3f95a7":"","page_structure_type":"default","8126e2e3d1fb4c7f2cab2895c9342a79":"","content_style_source":"inherit","content_style":"wide","vertical_spacing_source":"inherit","content_area_spacing":"both","background":{"background_type":"color","background_pattern":"type-1","background_image":{"attachment_id":null,"x":0,"y":0},"gradient":"linear-gradient(135deg,rgba(6,147,227,1) 0%,rgb(155,81,224) 100%)","background_repeat":"repeat","background_size":"auto","background_attachment":"scroll","patternColor":{"default":{"color":"#e5e7ea"}},"overlayColor":{"default":{"color":"CT_CSS_SKIP_RULE"}},"backgroundColor":{"default":{"color":"CT_CSS_SKIP_RULE"}}},"content_background":{"background_type":"color","background_pattern":"type-1","background_image":{"attachment_id":null,"x":0,"y":0},"gradient":"linear-gradient(135deg,rgba(6,147,227,1) 0%,rgb(155,81,224) 100%)","background_repeat":"repeat","background_size":"auto","background_attachment":"scroll","patternColor":{"default":{"color":"#e5e7ea"}},"overlayColor":{"default":{"color":"CT_CSS_SKIP_RULE"}},"backgroundColor":{"default":{"color":"var(--paletteColor8)"}}},"content_boxed_shadow":{"inherit":false,"blur":18,"spread":-6,"v_offset":12,"h_offset":0,"inset":false,"enable":true,"color":{"color":"rgba(34, 56, 101, 0.04)"}},"content_boxed_border":{"width":1,"style":"none","color":{"color":"rgba(44,62,80,0.2)"}},"content_boxed_radius":{"top":"3px","bottom":"3px","left":"3px","right":"3px","linked":true},"boxed_content_spacing":{"desktop":{"top":"40px","bottom":"40px","left":"40px","right":"40px","linked":true},"tablet":{"top":"35px","bottom":"35px","left":"35px","right":"35px","linked":true},"mobile":{"top":"20px","bottom":"20px","left":"20px","right":"20px","linked":true}},"5f32d747ea10ec87cb28c728a3c173d8":"","disable_featured_image":"no","disable_share_box":"no","disable_header":"no","disable_footer":"no","9811f1c7e8b843d17871e7ffbe8a9a53":"","861f61c9ca9132a8d26c47f0b328c1e4":"","890b72656f486b7a0121711823c10410":"","d1d96a4c777c7377b5104db309bb7231":"","692d792af1280192f7627bbb0ec94092":"","4c9ca6462d9c47963691cb20c50ad6b7":"","90413158cec0713158cf075ae0dbabb6":"","1544aa0dc1df97d922f28910782451ad":""},"featured_image_urls":{"full":"","thumbnail":"","medium":"","medium_large":"","large":"","1536x1536":"","2048x2048":"","trp-custom-language-flag":"","woocommerce_thumbnail":"","woocommerce_single":"","woocommerce_gallery_thumbnail":""},"post_excerpt_stackable":"<p>Global network service<\/p>\n","category_list":"","author_info":{"name":"nvsuite","url":"https:\/\/en.jiguo.net\/vi\/author\/nvsuite\/"},"comments_num":"0 comments","_links":{"self":[{"href":"https:\/\/en.jiguo.net\/vi\/wp-json\/wp\/v2\/pages\/702","targetHints":{"allow":["GET"]}}],"collection":[{"href":"https:\/\/en.jiguo.net\/vi\/wp-json\/wp\/v2\/pages"}],"about":[{"href":"https:\/\/en.jiguo.net\/vi\/wp-json\/wp\/v2\/types\/page"}],"author":[{"embeddable":true,"href":"https:\/\/en.jiguo.net\/vi\/wp-json\/wp\/v2\/users\/1"}],"replies":[{"embeddable":true,"href":"https:\/\/en.jiguo.net\/vi\/wp-json\/wp\/v2\/comments?post=702"}],"version-history":[{"count":10,"href":"https:\/\/en.jiguo.net\/vi\/wp-json\/wp\/v2\/pages\/702\/revisions"}],"predecessor-version":[{"id":1889,"href":"https:\/\/en.jiguo.net\/vi\/wp-json\/wp\/v2\/pages\/702\/revisions\/1889"}],"wp:attachment":[{"href":"https:\/\/en.jiguo.net\/vi\/wp-json\/wp\/v2\/media?parent=702"}],"curies":[{"name":"wp","href":"https:\/\/api.w.org\/{rel}","templated":true}]}}