{"id":862,"date":"2023-02-12T23:14:02","date_gmt":"2023-02-12T15:14:02","guid":{"rendered":"https:\/\/demo.alternativeto.cc\/?post_type=product&#038;p=862"},"modified":"2026-01-27T05:05:54","modified_gmt":"2026-01-26T21:05:54","slug":"my-802h","status":"publish","type":"product","link":"https:\/\/en.jiguo.net\/pt\/produto\/my-802h\/","title":{"rendered":"M\u00e1quina autom\u00e1tica de estampagem e corte e vinco TMY-800H"},"content":{"rendered":"<div class=\"news-post__content producttab\">\n<p>\u25cfMelhorar a for\u00e7a do corpo da fileira de dentes, reduzir o ru\u00eddo, dente m\u00f3vel, fixa\u00e7\u00e3o do dente para fazer melhorias, adequado para trabalho na boca ou na boca.<br \/>\n\u25cf Melhore a resist\u00eancia lateral, a vida \u00fatil das pe\u00e7as de desgaste \u00e9 totalmente estendida e segura.<br \/>\n\u25cf Melhorar o mecanismo de mudan\u00e7a de velocidade de alimenta\u00e7\u00e3o, tornar o posicionamento do papel mais preciso, pode garantir o processamento de papel grosso e \u00e9 mais adequado para papel de seda.<br \/>\n\u25cfA estrutura de placa de a\u00e7o redesenhada, a estrutura do rack, a estrutura de bloqueio e o dispositivo limitador, por isso \u00e9 mais prop\u00edcio ao processamento e ao manuseio mais conveniente.<br \/>\n\u25cfA configura\u00e7\u00e3o frontal para ajustar o modo de transmiss\u00e3o da engrenagem c\u00f4nica. Posicione a lateral na superf\u00edcie de opera\u00e7\u00e3o para localiza\u00e7\u00e3o lateral fixa e coloque o lado do operador comumente usado para se adaptar. Um dispositivo de posicionamento lateral m\u00f3vel fica no lado da superf\u00edcie de acionamento, utilizando a coluna guia, o que \u00e9 muito favor\u00e1vel na precis\u00e3o do posicionamento lateral.<br \/>\n\u25cfA pe\u00e7a de estampagem adota o controlador de movimento de alto desempenho, controle centralizado. Salte com suavidade e precis\u00e3o.<\/p>\n<\/div>\n<div class=\"news-post__content producttab\">\n<h5 class=\"has-text-align-left\">Especifica\u00e7\u00f5es<\/h5>\n<table border=\"0\" width=\"100%\" cellspacing=\"0\" cellpadding=\"0\">\n<tbody>\n<tr>\n<td>M\u00e1x. Tamanho do papel<\/td>\n<td>810\u00d7610mm<\/td>\n<\/tr>\n<tr>\n<td>Min. Tamanho do papel<\/td>\n<td>320\u00d7240mm<\/td>\n<\/tr>\n<tr>\n<td>M\u00e1x. Tamanho de corte<\/td>\n<td>790\u00d7590mm<\/td>\n<\/tr>\n<tr>\n<td>M\u00e1x. Faixa de estampagem<\/td>\n<td>750\u00d7540mm<\/td>\n<\/tr>\n<tr>\n<td>M\u00e1x. Velocidade de corte<\/td>\n<td>7500s\/h<\/td>\n<\/tr>\n<tr>\n<td>M\u00e1x. Velocidade de estampagem<\/td>\n<td>6.000 segundos\/h<\/td>\n<\/tr>\n<tr>\n<td>M\u00e1x. Altura da pilha de alimenta\u00e7\u00e3o<\/td>\n<td>1400mm<\/td>\n<\/tr>\n<tr>\n<td>M\u00e1x. Altura da pilha de entrega<\/td>\n<td>1200 mm<\/td>\n<\/tr>\n<tr>\n<td>Espessura da folha<\/td>\n<td>Papel\u00e3o: papel ondulado de 0,1-1,5 mm: \u22644 mm<\/td>\n<\/tr>\n<tr>\n<td>M\u00e1x. puxe o di\u00e2metro do rolo de papel alum\u00ednio<\/td>\n<td>\u03c6200 mm<\/td>\n<\/tr>\n<tr>\n<td>Precis\u00e3o de corte<\/td>\n<td>\u00b10,1 mm<\/td>\n<\/tr>\n<tr>\n<td>Estampagem de temperatura<\/td>\n<td>0~200\u00b0C<\/td>\n<\/tr>\n<tr>\n<td>N\u00famero da zona da placa de aquecimento<\/td>\n<td>10<\/td>\n<\/tr>\n<tr>\n<td>N\u00ba de rolos de folha<\/td>\n<td>Vertical 3 e Horizontal 2<\/td>\n<\/tr>\n<tr>\n<td>M\u00e1x. Comprimento<\/td>\n<td>1200~1500m<\/td>\n<\/tr>\n<tr>\n<td>M\u00e1x. Press\u00e3o<\/td>\n<td>250T<\/td>\n<\/tr>\n<tr>\n<td>Peso total<\/td>\n<td>12,5T<\/td>\n<\/tr>\n<tr>\n<td>Pot\u00eancia da zona da placa de aquecimento<\/td>\n<td>26 kW<\/td>\n<\/tr>\n<tr>\n<td>Poder total<\/td>\n<td>53 kW<\/td>\n<\/tr>\n<tr>\n<td>Dimens\u00e3o global<\/td>\n<td>6400\u00d73830\u00d72200mm<\/td>\n<\/tr>\n<tr>\n<td>Especifica\u00e7\u00e3o de desempenho da se\u00e7\u00e3o de estampagem vertical<\/td>\n<td><\/td>\n<\/tr>\n<tr>\n<td>M\u00e1x. largura da folha<\/td>\n<td>750mm<\/td>\n<\/tr>\n<tr>\n<td>Min. largura da folha<\/td>\n<td>25mm<\/td>\n<\/tr>\n<tr>\n<td>M\u00e1x. comprimento da folha de tra\u00e7\u00e3o<\/td>\n<td>600mm<\/td>\n<\/tr>\n<tr>\n<td>Especifica\u00e7\u00e3o de desempenho da se\u00e7\u00e3o de estampagem horizontal<\/td>\n<td><\/td>\n<\/tr>\n<tr>\n<td>M\u00e1x. largura da folha<\/td>\n<td>540 mm<\/td>\n<\/tr>\n<tr>\n<td>Min. largura da folha<\/td>\n<td>25mm<\/td>\n<\/tr>\n<tr>\n<td>M\u00e1x. comprimento da folha de tra\u00e7\u00e3o<\/td>\n<td>800 mm<\/td>\n<\/tr>\n<tr>\n<td>M\u00e1x. puxe o di\u00e2metro do rolo de papel alum\u00ednio<\/td>\n<td>\u03c6220 mm<\/td>\n<\/tr>\n<tr>\n<td>Requisitos de ar (o comprador fornece)<\/td>\n<td>0,8Mpa,&gt;0,36m\u00b3\/min<\/td>\n<\/tr>\n<\/tbody>\n<\/table>\n<\/div>","protected":false},"excerpt":{"rendered":"<p>\u25cfImprove the tooth row body strength, reduce the noise, movable tooth, tooth fixation to make improvement, suitable for a mouth or mouth work. \u25cfImprove the side lay strength, the service life of wearing parts are fully extended and security. \u25cfEnhance the feeding speed change mechanism, make the paper more accurate positioning, can guarantee the processing [&hellip;]<\/p>","protected":false},"featured_media":1071,"comment_status":"open","ping_status":"closed","template":"","meta":[],"product_brand":[],"product_cat":[20],"product_tag":[],"class_list":{"0":"post-862","1":"product","2":"type-product","3":"status-publish","4":"has-post-thumbnail","6":"product_cat-foil-stamping-machine","8":"first","9":"instock","10":"shipping-taxable","11":"product-type-simple"},"featured_image_urls":{"full":["https:\/\/en.jiguo.net\/wp-content\/uploads\/2023\/02\/TMY-800H.jpg",1360,657,false],"thumbnail":["https:\/\/en.jiguo.net\/wp-content\/uploads\/2023\/02\/TMY-800H-150x150.jpg",84,84,true],"medium":["https:\/\/en.jiguo.net\/wp-content\/uploads\/2023\/02\/TMY-800H-300x145.jpg",300,145,true],"medium_large":["https:\/\/en.jiguo.net\/wp-content\/uploads\/2023\/02\/TMY-800H-768x371.jpg",768,371,true],"large":["https:\/\/en.jiguo.net\/wp-content\/uploads\/2023\/02\/TMY-800H-1024x495.jpg",1024,495,true],"1536x1536":["https:\/\/en.jiguo.net\/wp-content\/uploads\/2023\/02\/TMY-800H.jpg",1360,657,false],"2048x2048":["https:\/\/en.jiguo.net\/wp-content\/uploads\/2023\/02\/TMY-800H.jpg",1360,657,false],"trp-custom-language-flag":["https:\/\/en.jiguo.net\/wp-content\/uploads\/2023\/02\/TMY-800H-18x9.jpg",18,9,true],"woocommerce_thumbnail":["https:\/\/en.jiguo.net\/wp-content\/uploads\/2023\/02\/TMY-800H-1200x600.jpg",1200,600,true],"woocommerce_single":["https:\/\/en.jiguo.net\/wp-content\/uploads\/2023\/02\/TMY-800H-1300x628.jpg",1300,628,true],"woocommerce_gallery_thumbnail":["https:\/\/en.jiguo.net\/wp-content\/uploads\/2023\/02\/TMY-800H-100x100.jpg",100,100,true]},"post_excerpt_stackable":"<p>\u25cfImprove the tooth row body strength, reduce the noise, movable tooth, tooth fixation to make improvement, suitable for a mouth or mouth work. \u25cfImprove the side lay strength, the service life of wearing parts are fully extended and security. \u25cfEnhance the feeding speed change mechanism, make the paper more accurate positioning, can guarantee the processing of thick paper, and is more suitable for tissue paper. \u25cfThe redesigned steel plate frame, the rack structure, lock frame plus limiting device, so it is more conducive to processing, handling more convenient. \u25cfThe front lay to adjust the bevel gear transmission mode. Position the&hellip;<\/p>\n","category_list":"","author_info":{"name":"","url":""},"comments_num":"0 comments","_links":{"self":[{"href":"https:\/\/en.jiguo.net\/pt\/wp-json\/wp\/v2\/product\/862","targetHints":{"allow":["GET"]}}],"collection":[{"href":"https:\/\/en.jiguo.net\/pt\/wp-json\/wp\/v2\/product"}],"about":[{"href":"https:\/\/en.jiguo.net\/pt\/wp-json\/wp\/v2\/types\/product"}],"replies":[{"embeddable":true,"href":"https:\/\/en.jiguo.net\/pt\/wp-json\/wp\/v2\/comments?post=862"}],"wp:featuredmedia":[{"embeddable":true,"href":"https:\/\/en.jiguo.net\/pt\/wp-json\/wp\/v2\/media\/1071"}],"wp:attachment":[{"href":"https:\/\/en.jiguo.net\/pt\/wp-json\/wp\/v2\/media?parent=862"}],"wp:term":[{"taxonomy":"product_brand","embeddable":true,"href":"https:\/\/en.jiguo.net\/pt\/wp-json\/wp\/v2\/product_brand?post=862"},{"taxonomy":"product_cat","embeddable":true,"href":"https:\/\/en.jiguo.net\/pt\/wp-json\/wp\/v2\/product_cat?post=862"},{"taxonomy":"product_tag","embeddable":true,"href":"https:\/\/en.jiguo.net\/pt\/wp-json\/wp\/v2\/product_tag?post=862"}],"curies":[{"name":"wp","href":"https:\/\/api.w.org\/{rel}","templated":true}]}}