{"id":692,"date":"2023-02-09T06:36:34","date_gmt":"2023-02-08T22:36:34","guid":{"rendered":"https:\/\/demo.alternativeto.cc\/?post_type=product&#038;p=692"},"modified":"2023-06-14T19:22:02","modified_gmt":"2023-06-14T11:22:02","slug":"my-800h","status":"publish","type":"product","link":"https:\/\/en.jiguo.net\/pt\/produto\/my-800h\/","title":{"rendered":"M\u00e1quina de corte de folha DFQ-650C"},"content":{"rendered":"<div class=\"news-post__content producttab\">\n<p>A precis\u00e3o do corte da folha por esta m\u00e1quina \u00e9 alta, o que reduz a largura reservada, com cerca de 3-10mm economizados por rolo, o que pode reduzir habilmente o custo. Este equipamento tem vantagens de design racional, f\u00e1cil opera\u00e7\u00e3o, suavidade no giro do rolo, sem deslocamento para a esquerda e para a direita, corte preciso da haste dianteira e traseira, pequena cobertura, rolos simples e duplos com desvio de retifica\u00e7\u00e3o, fun\u00e7\u00e3o precisa medida por medidor para parada.<br \/>\nA regula\u00e7\u00e3o cont\u00ednua da velocidade e a limpeza autom\u00e1tica s\u00e3o realizadas com a ajuda de um transdutor aprimorado. Portanto, \u00e9 a escolha ideal para usu\u00e1rios de corte de folhas.<\/p>\n<\/div>\n<div class=\"news-post__content producttab\">\n<h5 class=\"has-text-align-left\">Especifica\u00e7\u00f5es<\/h5>\n<table border=\"0\" width=\"100%\" cellspacing=\"0\" cellpadding=\"0\">\n<tbody>\n<tr>\n<td>N\u00facleo do rolo de papel<\/td>\n<td>25mm\u300180mm<\/td>\n<\/tr>\n<tr>\n<td>M\u00e1x. Di\u00e2metro do rolo<\/td>\n<td>400mm<\/td>\n<\/tr>\n<tr>\n<td>Largura de corte<\/td>\n<td>15-650 mm<\/td>\n<\/tr>\n<tr>\n<td>Velocidade de corte<\/td>\n<td>0~120m\/min<\/td>\n<\/tr>\n<tr>\n<td>M\u00e1x. Di\u00e2metro do rolo de entrega<\/td>\n<td>500 mm<\/td>\n<\/tr>\n<tr>\n<td>M\u00e1x. Largura do rolo de entrega<\/td>\n<td>650mm<\/td>\n<\/tr>\n<tr>\n<td>Poder total<\/td>\n<td>2,2 kW<\/td>\n<\/tr>\n<tr>\n<td>M\u00e1x. N\u00fameros no contador<\/td>\n<td>9999<\/td>\n<\/tr>\n<tr>\n<td>Retifica\u00e7\u00e3o<\/td>\n<td>0~10mm<\/td>\n<\/tr>\n<tr>\n<td>Peso total<\/td>\n<td>1000kg<\/td>\n<\/tr>\n<tr>\n<td>Dimens\u00e3o total<\/td>\n<td>1300\u00d71200\u00d71570mm<\/td>\n<\/tr>\n<tr>\n<td>Requisitos de ar (o comprador fornece)<\/td>\n<td>0,5Mpa<\/td>\n<\/tr>\n<\/tbody>\n<\/table>\n<\/div>","protected":false},"excerpt":{"rendered":"<p>The precision of foil cut by this machine is high, which reduces the reserved width, with about 3-10mm saved per roll, which can consider ably reduce the cost. This equipment has advantages of rational design, easy operation, smoothness in roll turning over, no left and right dislocation, accurate cutting of front and back rod, samll [&hellip;]<\/p>","protected":false},"featured_media":1109,"comment_status":"open","ping_status":"closed","template":"","meta":[],"product_brand":[],"product_cat":[20],"product_tag":[],"class_list":{"0":"post-692","1":"product","2":"type-product","3":"status-publish","4":"has-post-thumbnail","6":"product_cat-foil-stamping-machine","8":"first","9":"instock","10":"shipping-taxable","11":"product-type-simple"},"featured_image_urls":{"full":["https:\/\/en.jiguo.net\/wp-content\/uploads\/2023\/02\/DFQ-650C-1.jpg",1360,657,false],"thumbnail":["https:\/\/en.jiguo.net\/wp-content\/uploads\/2023\/02\/DFQ-650C-1-150x150.jpg",84,84,true],"medium":["https:\/\/en.jiguo.net\/wp-content\/uploads\/2023\/02\/DFQ-650C-1-300x145.jpg",300,145,true],"medium_large":["https:\/\/en.jiguo.net\/wp-content\/uploads\/2023\/02\/DFQ-650C-1-768x371.jpg",768,371,true],"large":["https:\/\/en.jiguo.net\/wp-content\/uploads\/2023\/02\/DFQ-650C-1-1024x495.jpg",1024,495,true],"1536x1536":["https:\/\/en.jiguo.net\/wp-content\/uploads\/2023\/02\/DFQ-650C-1.jpg",1360,657,false],"2048x2048":["https:\/\/en.jiguo.net\/wp-content\/uploads\/2023\/02\/DFQ-650C-1.jpg",1360,657,false],"trp-custom-language-flag":["https:\/\/en.jiguo.net\/wp-content\/uploads\/2023\/02\/DFQ-650C-1.jpg",18,9,false],"woocommerce_thumbnail":["https:\/\/en.jiguo.net\/wp-content\/uploads\/2023\/02\/DFQ-650C-1-1200x600.jpg",1200,600,true],"woocommerce_single":["https:\/\/en.jiguo.net\/wp-content\/uploads\/2023\/02\/DFQ-650C-1-1300x628.jpg",1300,628,true],"woocommerce_gallery_thumbnail":["https:\/\/en.jiguo.net\/wp-content\/uploads\/2023\/02\/DFQ-650C-1-100x100.jpg",100,100,true]},"post_excerpt_stackable":"<p>The precision of foil cut by this machine is high, which reduces the reserved width, with about 3-10mm saved per roll, which can consider ably reduce the cost. This equipment has advantages of rational design, easy operation, smoothness in roll turning over, no left and right dislocation, accurate cutting of front and back rod, samll coverage, single and double rolls with rectifying deviation, accurate meter-measured function for stop. Stepless speed regulation and automatic cleaning are realized with the help of improted transducer. Therefore it is an ideal choice for the foil-cutting users. Specifications Core of Paper Roll 25mm\u300180mm Max. Roll&hellip;<\/p>\n","category_list":"","author_info":{"name":"","url":""},"comments_num":"0 comments","_links":{"self":[{"href":"https:\/\/en.jiguo.net\/pt\/wp-json\/wp\/v2\/product\/692","targetHints":{"allow":["GET"]}}],"collection":[{"href":"https:\/\/en.jiguo.net\/pt\/wp-json\/wp\/v2\/product"}],"about":[{"href":"https:\/\/en.jiguo.net\/pt\/wp-json\/wp\/v2\/types\/product"}],"replies":[{"embeddable":true,"href":"https:\/\/en.jiguo.net\/pt\/wp-json\/wp\/v2\/comments?post=692"}],"wp:featuredmedia":[{"embeddable":true,"href":"https:\/\/en.jiguo.net\/pt\/wp-json\/wp\/v2\/media\/1109"}],"wp:attachment":[{"href":"https:\/\/en.jiguo.net\/pt\/wp-json\/wp\/v2\/media?parent=692"}],"wp:term":[{"taxonomy":"product_brand","embeddable":true,"href":"https:\/\/en.jiguo.net\/pt\/wp-json\/wp\/v2\/product_brand?post=692"},{"taxonomy":"product_cat","embeddable":true,"href":"https:\/\/en.jiguo.net\/pt\/wp-json\/wp\/v2\/product_cat?post=692"},{"taxonomy":"product_tag","embeddable":true,"href":"https:\/\/en.jiguo.net\/pt\/wp-json\/wp\/v2\/product_tag?post=692"}],"curies":[{"name":"wp","href":"https:\/\/api.w.org\/{rel}","templated":true}]}}