{"id":1694,"date":"2023-06-09T17:07:30","date_gmt":"2023-06-09T09:07:30","guid":{"rendered":"https:\/\/ru.jiguo.net\/?post_type=product&#038;p=1694"},"modified":"2023-06-12T09:46:55","modified_gmt":"2023-06-12T01:46:55","slug":"myrp-1320high-automatic-hot-embossing-die-cutting-stripping-machine%ef%bc%88heavy%ef%bc%89","status":"publish","type":"product","link":"https:\/\/en.jiguo.net\/pt\/produto\/myrp-1320high-automatic-hot-embossing-die-cutting-stripping-machine%ef%bc%88heavy%ef%bc%89\/","title":{"rendered":"M\u00e1quina autom\u00e1tica de grava\u00e7\u00e3o a quente, corte e vinco e decapagem MYRP-1320High \uff08Pesada\uff09"},"content":{"rendered":"<div class=\"news-post__content producttab\">\n<p>\u25cfA m\u00e1quina de press\u00e3o de 600 toneladas da s\u00e9rie High \u00e9 posicionada para m\u00e1quinas de corte e vinco de alta press\u00e3o para servi\u00e7os pesados, caracterizadas por alta press\u00e3o, tamanho de pe\u00e7a grande, grande peso da m\u00e1quina e longa vida \u00fatil do corpo.<br \/>\n\u25cfExistem dois grupos de clientes-alvo para este modelo. Em primeiro lugar, existem clientes que t\u00eam necessidades especiais de aumentar a press\u00e3o na m\u00e1quina, como trabalham com pap\u00e9is grossos, como papel cart\u00e3o cinza para corte e vinco, trabalham com materiais pl\u00e1sticos duros como PVC e PET, trabalham com produtos como moldes cortar quebra-cabe\u00e7as que cont\u00eam muitas pe\u00e7as e linhas de corte e assim por diante. Em segundo lugar, os clientes que desejam adquirir boas m\u00e1quinas, aqueles que possuem requisitos de qualidade, prestam mais aten\u00e7\u00e3o \u00e0 qualidade e ao acabamento do material, e desejam adquirir m\u00e1quinas dur\u00e1veis, proporcionando uma melhor escolha para esses clientes.<br \/>\n\u25cf Correntes principais importadas, rolamentos de transmiss\u00e3o principais, PLC, conversores de frequ\u00eancia e v\u00e1rios interruptores el\u00e9tricos, com excelente desempenho, precis\u00e3o de corte precisa e longa vida \u00fatil.<br \/>\n\u25cf Os componentes da carroceria s\u00e3o produzidos em centro de usinagem de alta precis\u00e3o e s\u00e3o feitos de materiais de a\u00e7o especial, que podem suportar cargas de alta press\u00e3o e possuem grande durabilidade.<br \/>\n\u25cf Adicione uma fun\u00e7\u00e3o opcional de uso de uma persiana controlada eletricamente como fun\u00e7\u00e3o autom\u00e1tica de recebimento de papel ininterrupto, que \u00e9 mais r\u00e1pida que as fun\u00e7\u00f5es manuais.<br \/>\n\u25cf V\u00e1rias fun\u00e7\u00f5es de ajuste autom\u00e1tico foram adicionadas para uma opera\u00e7\u00e3o mais conveniente. Ferramenta opcional de biblioteca de molduras cortadas.<\/p>\n<\/div>\n<div class=\"news-post__content producttab\">\n<h5 class=\"has-text-align-left\">Especifica\u00e7\u00f5es<\/h5>\n<table border=\"0\" width=\"100%\" cellspacing=\"0\" cellpadding=\"0\">\n<tbody>\n<tr class=\"firstRow\">\n<td>Modelo<\/td>\n<td>MYRP-1320Alto<\/td>\n<\/tr>\n<tr>\n<td>M\u00e1x. Tamanho do papel<\/td>\n<td>1320\u00d7960mm<\/td>\n<\/tr>\n<tr>\n<td>Min. Tamanho do papel<\/td>\n<td>450\u00d7400mm<\/td>\n<\/tr>\n<tr>\n<td>M\u00e1x. Tamanho de corte<\/td>\n<td>1300\u00d7940mm<\/td>\n<\/tr>\n<tr>\n<td>M\u00e1x. Velocidade de corrida<\/td>\n<td>6.500 segundos\/h<\/td>\n<\/tr>\n<tr>\n<td>Precis\u00e3o de corte<\/td>\n<td>\u00b10,12mm<\/td>\n<\/tr>\n<tr>\n<td>M\u00e1x. Press\u00e3o<\/td>\n<td>600T<\/td>\n<\/tr>\n<tr>\n<td>Espessura da folha<\/td>\n<td>0,1~4mm<\/td>\n<\/tr>\n<tr>\n<td>Min. Borda da pin\u00e7a<\/td>\n<td>8mm<\/td>\n<\/tr>\n<tr>\n<td>Poder total<\/td>\n<td>59 kW<\/td>\n<\/tr>\n<tr>\n<td>Peso l\u00edquido<\/td>\n<td>24T<\/td>\n<\/tr>\n<tr>\n<td>Dimens\u00e3o global<\/td>\n<td>8400\u00d74600\u00d72420mm<\/td>\n<\/tr>\n<tr>\n<td>Requisitos de ar (o comprador fornece)<\/td>\n<td>0,8Mpa,&gt;0,36m3\/min<\/td>\n<\/tr>\n<\/tbody>\n<\/table>\n<\/div>","protected":false},"excerpt":{"rendered":"<p>\u25cfThe High series 600 ton pressure machine is positioned for high pressure heavy-duty die-cutting machines, characterized by high pressure, large part size, large machine weight, and long body life. \u25cfThere are two target customer groups for this model. Firstly, there are customers who have special needs to increase the pressure on the machine, such as [&hellip;]<\/p>","protected":false},"featured_media":1695,"comment_status":"open","ping_status":"closed","template":"","meta":[],"product_brand":[],"product_cat":[22],"product_tag":[],"class_list":{"0":"post-1694","1":"product","2":"type-product","3":"status-publish","4":"has-post-thumbnail","6":"product_cat-hot-embossing-machine","8":"first","9":"instock","10":"shipping-taxable","11":"product-type-simple"},"featured_image_urls":{"full":["https:\/\/en.jiguo.net\/wp-content\/uploads\/2023\/06\/1-8.jpg",1360,657,false],"thumbnail":["https:\/\/en.jiguo.net\/wp-content\/uploads\/2023\/06\/1-8-150x72.jpg",150,72,true],"medium":["https:\/\/en.jiguo.net\/wp-content\/uploads\/2023\/06\/1-8-300x145.jpg",300,145,true],"medium_large":["https:\/\/en.jiguo.net\/wp-content\/uploads\/2023\/06\/1-8-768x371.jpg",768,371,true],"large":["https:\/\/en.jiguo.net\/wp-content\/uploads\/2023\/06\/1-8-1024x495.jpg",1024,495,true],"1536x1536":["https:\/\/en.jiguo.net\/wp-content\/uploads\/2023\/06\/1-8.jpg",1360,657,false],"2048x2048":["https:\/\/en.jiguo.net\/wp-content\/uploads\/2023\/06\/1-8.jpg",1360,657,false],"trp-custom-language-flag":["https:\/\/en.jiguo.net\/wp-content\/uploads\/2023\/06\/1-8-18x9.jpg",18,9,true],"woocommerce_thumbnail":["https:\/\/en.jiguo.net\/wp-content\/uploads\/2023\/06\/1-8-1200x600.jpg",1200,600,true],"woocommerce_single":["https:\/\/en.jiguo.net\/wp-content\/uploads\/2023\/06\/1-8-1300x628.jpg",1300,628,true],"woocommerce_gallery_thumbnail":["https:\/\/en.jiguo.net\/wp-content\/uploads\/2023\/06\/1-8-100x100.jpg",100,100,true]},"post_excerpt_stackable":"<p>\u25cfThe High series 600 ton pressure machine is positioned for high pressure heavy-duty die-cutting machines, characterized by high pressure, large part size, large machine weight, and long body life. \u25cfThere are two target customer groups for this model. Firstly, there are customers who have special needs to increase the pressure on the machine, such as works with thick paper such as die-cutting gray board paper, works with hard plastic materials such as PVC and PET, works with products such as die-cutting jigsaw puzzles that have a lot of cutting pieces and cutting lines, and so on. Secondly, customers who want&hellip;<\/p>\n","category_list":"","author_info":{"name":"","url":""},"comments_num":"0 comments","_links":{"self":[{"href":"https:\/\/en.jiguo.net\/pt\/wp-json\/wp\/v2\/product\/1694","targetHints":{"allow":["GET"]}}],"collection":[{"href":"https:\/\/en.jiguo.net\/pt\/wp-json\/wp\/v2\/product"}],"about":[{"href":"https:\/\/en.jiguo.net\/pt\/wp-json\/wp\/v2\/types\/product"}],"replies":[{"embeddable":true,"href":"https:\/\/en.jiguo.net\/pt\/wp-json\/wp\/v2\/comments?post=1694"}],"wp:featuredmedia":[{"embeddable":true,"href":"https:\/\/en.jiguo.net\/pt\/wp-json\/wp\/v2\/media\/1695"}],"wp:attachment":[{"href":"https:\/\/en.jiguo.net\/pt\/wp-json\/wp\/v2\/media?parent=1694"}],"wp:term":[{"taxonomy":"product_brand","embeddable":true,"href":"https:\/\/en.jiguo.net\/pt\/wp-json\/wp\/v2\/product_brand?post=1694"},{"taxonomy":"product_cat","embeddable":true,"href":"https:\/\/en.jiguo.net\/pt\/wp-json\/wp\/v2\/product_cat?post=1694"},{"taxonomy":"product_tag","embeddable":true,"href":"https:\/\/en.jiguo.net\/pt\/wp-json\/wp\/v2\/product_tag?post=1694"}],"curies":[{"name":"wp","href":"https:\/\/api.w.org\/{rel}","templated":true}]}}