{"id":1681,"date":"2023-06-09T15:09:47","date_gmt":"2023-06-09T07:09:47","guid":{"rendered":"https:\/\/ru.jiguo.net\/?post_type=product&#038;p=1681"},"modified":"2023-06-14T17:49:59","modified_gmt":"2023-06-14T09:49:59","slug":"myp-880fast-automatic-die-cutting-stripping-machine","status":"publish","type":"product","link":"https:\/\/en.jiguo.net\/pt\/produto\/myp-880fast-automatic-die-cutting-stripping-machine\/","title":{"rendered":"MYP-880 M\u00e1quina autom\u00e1tica r\u00e1pida de corte e decapagem"},"content":{"rendered":"<div class=\"news-post__content producttab\">\n<p>Os produtos da s\u00e9rie Fast pertencem \u00e0 s\u00e9rie de m\u00e1quinas de alta velocidade e seu excelente desempenho pode atingir uma velocidade de 10.000 folhas\/hora, o que \u00e9 mais r\u00e1pido, preciso e est\u00e1vel do que as m\u00e1quinas de corte e vinco tradicionais. Adotando um novo sistema de controle el\u00e9trico, corrente principal alem\u00e3, rolamentos suecos, todas as pe\u00e7as e materiais s\u00e3o processados usando centros de usinagem europeus importados. Garante o desempenho e a estabilidade da m\u00e1quina em altas velocidades de opera\u00e7\u00e3o. Esta m\u00e1quina est\u00e1 equipada com uma s\u00e9rie de recursos de ponta da marca JIGUO: placa de travamento autom\u00e1tico, ajuste frontal autom\u00e1tico, persiana auxiliar autom\u00e1tica ininterrupta de recebimento de papel e tecnologia especial de refrigera\u00e7\u00e3o de temperatura do \u00f3leo para garantir o efeito de lubrifica\u00e7\u00e3o do movimento . Atenda totalmente \u00e0s necessidades de corte e vinco de clientes sofisticados. Adequado para v\u00e1rios produtos de embalagem de caixas de presente sofisticados e requintados, como caixas de vinho, caixas de cigarros, caixas de rem\u00e9dios, caixas de cosm\u00e9ticos, caixas de presente e assim por diante.<\/p>\n<\/div>\n<div class=\"news-post__content producttab\">\n<h5 class=\"has-text-align-left\">Especifica\u00e7\u00f5es<\/h5>\n<table border=\"0\" width=\"100%\" cellspacing=\"0\" cellpadding=\"0\">\n<tbody>\n<tr class=\"firstRow\">\n<td>Modelo<\/td>\n<td>MYP-880 R\u00e1pido<\/td>\n<\/tr>\n<tr>\n<td>M\u00e1x. Tamanho do papel<\/td>\n<td>880x610mm<\/td>\n<\/tr>\n<tr>\n<td>Min. Tamanho do papel<\/td>\n<td>320x240mm<\/td>\n<\/tr>\n<tr>\n<td>M\u00e1x. Tamanho de corte<\/td>\n<td>860x590mm<\/td>\n<\/tr>\n<tr>\n<td>M\u00e1x. Velocidade de corrida<\/td>\n<td>10.000 s\/h<\/td>\n<\/tr>\n<tr>\n<td>Precis\u00e3o de corte<\/td>\n<td>\u00b10,1 mm<\/td>\n<\/tr>\n<tr>\n<td>M\u00e1x. Press\u00e3o<\/td>\n<td>300T<\/td>\n<\/tr>\n<tr>\n<td>Espessura da folha<\/td>\n<td>Papel\u00e3o: papel ondulado de 0,1 ~ 3 mm\u22644 mm<\/td>\n<\/tr>\n<tr>\n<td>Min. Borda da pin\u00e7a<\/td>\n<td>7mm<\/td>\n<\/tr>\n<tr>\n<td>M\u00e1x. Altura da pilha de alimenta\u00e7\u00e3o<\/td>\n<td>1400mm<\/td>\n<\/tr>\n<tr>\n<td>M\u00e1x. Altura da pilha de entrega<\/td>\n<td>1100 mm<\/td>\n<\/tr>\n<tr>\n<td>Poder total<\/td>\n<td>15 kW<\/td>\n<\/tr>\n<tr>\n<td>Peso l\u00edquido<\/td>\n<td>14T<\/td>\n<\/tr>\n<tr>\n<td>Dimens\u00e3o global<\/td>\n<td>6600x3500x2000mm<\/td>\n<\/tr>\n<tr>\n<td>Requisitos de ar (o comprador fornece)<\/td>\n<td>0,8Mpa,&gt;0,36m\u00b3\/min<\/td>\n<\/tr>\n<\/tbody>\n<\/table>\n<\/div>","protected":false},"excerpt":{"rendered":"<p>The Fast series products belong to the high-speed series of machines, and their excellent performance can reach a speed of 10000 sheets\/hour, which is faster, accurate, and stable than traditional die-cutting machines. Adopting a new electrical control system, German main chain, Swedish bearings, all parts and materials are processed using imported European machining centers. It [&hellip;]<\/p>","protected":false},"featured_media":1682,"comment_status":"open","ping_status":"closed","template":"","meta":[],"product_brand":[],"product_cat":[21],"product_tag":[],"class_list":{"0":"post-1681","1":"product","2":"type-product","3":"status-publish","4":"has-post-thumbnail","6":"product_cat-die-cutting-machine","8":"first","9":"instock","10":"shipping-taxable","11":"product-type-simple"},"featured_image_urls":{"full":["https:\/\/en.jiguo.net\/wp-content\/uploads\/2023\/06\/1-6.jpg",1360,657,false],"thumbnail":["https:\/\/en.jiguo.net\/wp-content\/uploads\/2023\/06\/1-6-150x72.jpg",150,72,true],"medium":["https:\/\/en.jiguo.net\/wp-content\/uploads\/2023\/06\/1-6-300x145.jpg",300,145,true],"medium_large":["https:\/\/en.jiguo.net\/wp-content\/uploads\/2023\/06\/1-6-768x371.jpg",768,371,true],"large":["https:\/\/en.jiguo.net\/wp-content\/uploads\/2023\/06\/1-6-1024x495.jpg",1024,495,true],"1536x1536":["https:\/\/en.jiguo.net\/wp-content\/uploads\/2023\/06\/1-6.jpg",1360,657,false],"2048x2048":["https:\/\/en.jiguo.net\/wp-content\/uploads\/2023\/06\/1-6.jpg",1360,657,false],"trp-custom-language-flag":["https:\/\/en.jiguo.net\/wp-content\/uploads\/2023\/06\/1-6-18x9.jpg",18,9,true],"woocommerce_thumbnail":["https:\/\/en.jiguo.net\/wp-content\/uploads\/2023\/06\/1-6-1200x600.jpg",1200,600,true],"woocommerce_single":["https:\/\/en.jiguo.net\/wp-content\/uploads\/2023\/06\/1-6-1300x628.jpg",1300,628,true],"woocommerce_gallery_thumbnail":["https:\/\/en.jiguo.net\/wp-content\/uploads\/2023\/06\/1-6-100x100.jpg",100,100,true]},"post_excerpt_stackable":"<p>The Fast series products belong to the high-speed series of machines, and their excellent performance can reach a speed of 10000 sheets\/hour, which is faster, accurate, and stable than traditional die-cutting machines. Adopting a new electrical control system, German main chain, Swedish bearings, all parts and materials are processed using imported European machining centers. It ensures the performance and stability of the machine at high operating speeds. This machine is equipped with a series of high-end features of the JIGUO brand: automatic locking plate, automatic front lay adjustment, automatic non-stop auxiliary paper receiving roller shutter, and special oil temperature refrigeration&hellip;<\/p>\n","category_list":"","author_info":{"name":"","url":""},"comments_num":"0 comments","_links":{"self":[{"href":"https:\/\/en.jiguo.net\/pt\/wp-json\/wp\/v2\/product\/1681","targetHints":{"allow":["GET"]}}],"collection":[{"href":"https:\/\/en.jiguo.net\/pt\/wp-json\/wp\/v2\/product"}],"about":[{"href":"https:\/\/en.jiguo.net\/pt\/wp-json\/wp\/v2\/types\/product"}],"replies":[{"embeddable":true,"href":"https:\/\/en.jiguo.net\/pt\/wp-json\/wp\/v2\/comments?post=1681"}],"wp:featuredmedia":[{"embeddable":true,"href":"https:\/\/en.jiguo.net\/pt\/wp-json\/wp\/v2\/media\/1682"}],"wp:attachment":[{"href":"https:\/\/en.jiguo.net\/pt\/wp-json\/wp\/v2\/media?parent=1681"}],"wp:term":[{"taxonomy":"product_brand","embeddable":true,"href":"https:\/\/en.jiguo.net\/pt\/wp-json\/wp\/v2\/product_brand?post=1681"},{"taxonomy":"product_cat","embeddable":true,"href":"https:\/\/en.jiguo.net\/pt\/wp-json\/wp\/v2\/product_cat?post=1681"},{"taxonomy":"product_tag","embeddable":true,"href":"https:\/\/en.jiguo.net\/pt\/wp-json\/wp\/v2\/product_tag?post=1681"}],"curies":[{"name":"wp","href":"https:\/\/api.w.org\/{rel}","templated":true}]}}