{"id":1651,"date":"2023-06-08T17:01:58","date_gmt":"2023-06-08T09:01:58","guid":{"rendered":"https:\/\/ru.jiguo.net\/?post_type=product&#038;p=1651"},"modified":"2023-06-14T18:26:58","modified_gmt":"2023-06-14T10:26:58","slug":"2rp-1060high-automatic-hot-embossing-foil-stamping-die-cutting-machineheavy","status":"publish","type":"product","link":"https:\/\/en.jiguo.net\/pt\/produto\/2rp-1060high-automatic-hot-embossing-foil-stamping-die-cutting-machineheavy\/","title":{"rendered":"2RP-1060High M\u00e1quina autom\u00e1tica de grava\u00e7\u00e3o a quente, corte e vinco e decapagem (pressione duas vezes na etapa)"},"content":{"rendered":"<div class=\"news-post__content producttab\">\u25cfA \u201cm\u00e1quina multifuncional\u201d come\u00e7ando com o n\u00famero \u201c2\u201d \u00e9 uma longa linha de liga\u00e7\u00e3o que permite que o papel passe pela m\u00e1quina apenas uma vez por v\u00e1rias m\u00e1quinas para completar v\u00e1rios processos, como \u201cestampagem a quente\u201d, \u201cgrava\u00e7\u00e3o profunda \u201d, \u201ccorte\u201d e \u201cdecapagem\u201d.<br \/>\n\u25cfA m\u00e1quina de press\u00e3o de 600 toneladas da s\u00e9rie High \u00e9 posicionada para m\u00e1quinas de corte e vinco de alta press\u00e3o para servi\u00e7os pesados, caracterizadas por alta press\u00e3o, tamanho de pe\u00e7a grande, grande peso da m\u00e1quina e longa vida \u00fatil do corpo.<br \/>\n\u25cfEquipado com a fun\u00e7\u00e3o de estampagem profunda, com press\u00e3o de 600 toneladas, pode realizar trabalhos de estampagem profunda de alta press\u00e3o por um longo tempo, garantindo precis\u00e3o e vida \u00fatil.<br \/>\n\u25cf Existem dois grupos de clientes-alvo para este modelo. Em primeiro lugar, existem clientes que t\u00eam necessidades especiais de aumentar a press\u00e3o na m\u00e1quina, como trabalham com pap\u00e9is grossos, como papel cart\u00e3o cinza para corte e vinco, trabalham com materiais pl\u00e1sticos duros como PVC e PET, trabalham com produtos como moldes cortar quebra-cabe\u00e7as que cont\u00eam muitas pe\u00e7as e linhas de corte e assim por diante. Em segundo lugar, os clientes que desejam adquirir boas m\u00e1quinas, aqueles que possuem requisitos de qualidade, prestam mais aten\u00e7\u00e3o \u00e0 qualidade e ao acabamento do material, e desejam adquirir m\u00e1quinas dur\u00e1veis, proporcionando uma melhor escolha para esses clientes.<br \/>\n\u25cf Correntes principais importadas, rolamentos de transmiss\u00e3o principais, PLC, conversores de frequ\u00eancia e v\u00e1rios interruptores el\u00e9tricos, com excelente desempenho, precis\u00e3o de corte precisa e longa vida \u00fatil.<br \/>\n\u25cf Os componentes da carroceria s\u00e3o produzidos em centro de usinagem de alta precis\u00e3o e s\u00e3o feitos de materiais de a\u00e7o especial, que podem suportar cargas de alta press\u00e3o e possuem grande durabilidade.<br \/>\n\u25cf Adicione uma fun\u00e7\u00e3o opcional de uso de uma persiana controlada eletricamente como fun\u00e7\u00e3o autom\u00e1tica de recebimento de papel ininterrupto, que \u00e9 mais r\u00e1pida que as fun\u00e7\u00f5es manuais.<\/div>\n<div class=\"news-post__content producttab\">\n<h5 class=\"has-text-align-left\">Especifica\u00e7\u00f5es<\/h5>\n<table border=\"0\" width=\"100%\" cellspacing=\"0\" cellpadding=\"0\">\n<tbody>\n<tr class=\"firstRow\">\n<td>Modelo<\/td>\n<td>2RP-1060Alto<\/td>\n<\/tr>\n<tr>\n<td>Tamanho m\u00e1ximo do papel<\/td>\n<td>1070\u00d7770mm<\/td>\n<\/tr>\n<tr>\n<td>Min. Tamanho do papel<\/td>\n<td>400\u00d7360mm<\/td>\n<\/tr>\n<tr>\n<td>Tamanho m\u00e1ximo de corte<\/td>\n<td>1040\u00d7750mm<\/td>\n<\/tr>\n<tr>\n<td>M\u00e1x. Faixa de estampagem<\/td>\n<td>1030\u00d7740mm<\/td>\n<\/tr>\n<tr>\n<td>M\u00e1x. Velocidade de corrida<\/td>\n<td>7.000 segundos\/h<\/td>\n<\/tr>\n<tr>\n<td>M\u00e1x. Altura da pilha de alimenta\u00e7\u00e3o<\/td>\n<td>1600mm<\/td>\n<\/tr>\n<tr>\n<td>M\u00e1x. Altura da pilha de entrega<\/td>\n<td>1400mm<\/td>\n<\/tr>\n<tr>\n<td>Espessura da folha<\/td>\n<td>(Papel\u00e3o):0,1-3mm Papel ondulado: \u2264 4mm<\/td>\n<\/tr>\n<tr>\n<td>Precis\u00e3o de corte<\/td>\n<td>\u00b10,1 mm<\/td>\n<\/tr>\n<tr>\n<td>Estampagem de temperatura<\/td>\n<td>0~200\u00b0C<\/td>\n<\/tr>\n<tr>\n<td>M\u00e1x. Press\u00e3o<\/td>\n<td>600T<\/td>\n<\/tr>\n<tr>\n<td>Peso total<\/td>\n<td>40T<\/td>\n<\/tr>\n<tr>\n<td>Pot\u00eancia da zona da placa de aquecimento<\/td>\n<td>34 kW<\/td>\n<\/tr>\n<tr>\n<td>Poder total<\/td>\n<td>70 kW<\/td>\n<\/tr>\n<tr>\n<td>Dimens\u00e3o global<\/td>\n<td>10050\u00d74100\u00d72350mm<\/td>\n<\/tr>\n<tr>\n<td>Requisitos de ar (o comprador fornece)<\/td>\n<td>0,8Mpa, &gt;0,72m\u00b3\/min<\/td>\n<\/tr>\n<\/tbody>\n<\/table>\n<\/div>","protected":false},"excerpt":{"rendered":"<p>\u25cfThe &#8220;all-in-one machine&#8221; starting with the number &#8220;2&#8221; is a long linkage line that allows the paper to pass through the machine only once through multiple machines to complete various processes such as &#8220;hot stamping&#8221;, &#8220;deep embossing&#8221;, &#8220;die cutting&#8221;, and &#8220;stripping&#8221;. \u25cfThe High series 600 ton pressure machine is positioned for high pressure heavy-duty die-cutting [&hellip;]<\/p>","protected":false},"featured_media":1652,"comment_status":"open","ping_status":"closed","template":"","meta":[],"product_brand":[],"product_cat":[22],"product_tag":[],"class_list":{"0":"post-1651","1":"product","2":"type-product","3":"status-publish","4":"has-post-thumbnail","6":"product_cat-hot-embossing-machine","8":"first","9":"instock","10":"shipping-taxable","11":"product-type-simple"},"featured_image_urls":{"full":["https:\/\/en.jiguo.net\/wp-content\/uploads\/2023\/06\/1-4.jpg",1360,657,false],"thumbnail":["https:\/\/en.jiguo.net\/wp-content\/uploads\/2023\/06\/1-4-150x72.jpg",150,72,true],"medium":["https:\/\/en.jiguo.net\/wp-content\/uploads\/2023\/06\/1-4-300x145.jpg",300,145,true],"medium_large":["https:\/\/en.jiguo.net\/wp-content\/uploads\/2023\/06\/1-4-768x371.jpg",768,371,true],"large":["https:\/\/en.jiguo.net\/wp-content\/uploads\/2023\/06\/1-4-1024x495.jpg",1024,495,true],"1536x1536":["https:\/\/en.jiguo.net\/wp-content\/uploads\/2023\/06\/1-4.jpg",1360,657,false],"2048x2048":["https:\/\/en.jiguo.net\/wp-content\/uploads\/2023\/06\/1-4.jpg",1360,657,false],"trp-custom-language-flag":["https:\/\/en.jiguo.net\/wp-content\/uploads\/2023\/06\/1-4-18x9.jpg",18,9,true],"woocommerce_thumbnail":["https:\/\/en.jiguo.net\/wp-content\/uploads\/2023\/06\/1-4-1200x600.jpg",1200,600,true],"woocommerce_single":["https:\/\/en.jiguo.net\/wp-content\/uploads\/2023\/06\/1-4-1300x628.jpg",1300,628,true],"woocommerce_gallery_thumbnail":["https:\/\/en.jiguo.net\/wp-content\/uploads\/2023\/06\/1-4-100x100.jpg",100,100,true]},"post_excerpt_stackable":"<p>\u25cfThe &#8220;all-in-one machine&#8221; starting with the number &#8220;2&#8221; is a long linkage line that allows the paper to pass through the machine only once through multiple machines to complete various processes such as &#8220;hot stamping&#8221;, &#8220;deep embossing&#8221;, &#8220;die cutting&#8221;, and &#8220;stripping&#8221;. \u25cfThe High series 600 ton pressure machine is positioned for high pressure heavy-duty die-cutting machines, characterized by high pressure, large part size, large machine weight, and long body life. \u25cfEquipped with the function of deep embossing, with a pressure of 600 tons, it can perform high pressure deep embossing work for a long time while still ensuring accuracy and&hellip;<\/p>\n","category_list":"","author_info":{"name":"","url":""},"comments_num":"0 comments","_links":{"self":[{"href":"https:\/\/en.jiguo.net\/pt\/wp-json\/wp\/v2\/product\/1651","targetHints":{"allow":["GET"]}}],"collection":[{"href":"https:\/\/en.jiguo.net\/pt\/wp-json\/wp\/v2\/product"}],"about":[{"href":"https:\/\/en.jiguo.net\/pt\/wp-json\/wp\/v2\/types\/product"}],"replies":[{"embeddable":true,"href":"https:\/\/en.jiguo.net\/pt\/wp-json\/wp\/v2\/comments?post=1651"}],"wp:featuredmedia":[{"embeddable":true,"href":"https:\/\/en.jiguo.net\/pt\/wp-json\/wp\/v2\/media\/1652"}],"wp:attachment":[{"href":"https:\/\/en.jiguo.net\/pt\/wp-json\/wp\/v2\/media?parent=1651"}],"wp:term":[{"taxonomy":"product_brand","embeddable":true,"href":"https:\/\/en.jiguo.net\/pt\/wp-json\/wp\/v2\/product_brand?post=1651"},{"taxonomy":"product_cat","embeddable":true,"href":"https:\/\/en.jiguo.net\/pt\/wp-json\/wp\/v2\/product_cat?post=1651"},{"taxonomy":"product_tag","embeddable":true,"href":"https:\/\/en.jiguo.net\/pt\/wp-json\/wp\/v2\/product_tag?post=1651"}],"curies":[{"name":"wp","href":"https:\/\/api.w.org\/{rel}","templated":true}]}}