{"id":1627,"date":"2023-06-08T15:23:47","date_gmt":"2023-06-08T07:23:47","guid":{"rendered":"https:\/\/ru.jiguo.net\/?post_type=product&#038;p=1627"},"modified":"2023-06-14T17:55:49","modified_gmt":"2023-06-14T09:55:49","slug":"tmy-1680h-automatic-foil-stamping-die-cutting-machine","status":"publish","type":"product","link":"https:\/\/en.jiguo.net\/pt\/produto\/tmy-1680h-automatic-foil-stamping-die-cutting-machine\/","title":{"rendered":"M\u00e1quina autom\u00e1tica de estampagem e corte de folhas TMY-1680H"},"content":{"rendered":"<div class=\"news-post__content producttab\">\u25cf Melhorou a resist\u00eancia da barra da pin\u00e7a, reduziu o ru\u00eddo e otimizou o desempenho dos dentes m\u00f3veis e fixos da pin\u00e7a, tornando-a adequada para diferentes trabalhos com ou sem borda da pin\u00e7a.<br \/>\n\u25cfA resist\u00eancia da coloca\u00e7\u00e3o lateral foi melhorada e a vida \u00fatil das pe\u00e7as vulner\u00e1veis foi totalmente estendida e garantida.<br \/>\n\u25cf Mecanismo aprimorado de mudan\u00e7a de velocidade de alimenta\u00e7\u00e3o de papel, tornando o posicionamento do papel mais preciso, garantindo o processamento de papel grosso e tornando-o mais adequado para papel fino.<br \/>\n\u25cfRedesenhe a moldura recortada com uma estrutura multifuncional que possui dois m\u00e9todos de travamento, permitindo f\u00e1cil sele\u00e7\u00e3o com base no produto. O processo de troca de chapa cortada \u00e9 mais r\u00e1pido, tornando-o mais prop\u00edcio para usu\u00e1rios de processamento p\u00f3s-impress\u00e3o. Trave a placa cortada com um dispositivo de limite, tornando a carga e descarga mais conveniente.<br \/>\n\u25cfA configura\u00e7\u00e3o frontal adota um m\u00e9todo de ajuste de transmiss\u00e3o de engrenagem guarda-chuva, que contribui para melhorar a precis\u00e3o da m\u00e1quina e tornar o ajuste mais conveniente.<br \/>\n\u25cfO posicionamento lateral adota o posicionamento lateral bidirecional da superf\u00edcie operacional e da superf\u00edcie de transmiss\u00e3o. A superf\u00edcie operacional tem posicionamento lateral fixo, o que \u00e9 adequado para a coloca\u00e7\u00e3o lateral da superf\u00edcie operacional comumente usada. A superf\u00edcie de transmiss\u00e3o \u00e9 de posicionamento lateral m\u00f3vel, usando um tipo de pilar guia, o que \u00e9 muito ben\u00e9fico para a precis\u00e3o lateral.<br \/>\n\u25cfO sistema de estampagem adota um modo de controle de temperatura inteligente, que garante aquecimento uniforme e r\u00e1pido. O controle constante da temperatura pode aumentar a estabilidade do efeito de estampagem.<br \/>\n\u25cfA estrutura de estampagem a quente totalmente informatizada possui um sistema de controle de salto de folha que \u00e9 otimizado para controle servo, com retra\u00e7\u00e3o e libera\u00e7\u00e3o s\u00edncrona da folha, tens\u00e3o constante e mais preciso.<br \/>\n\u25cfAdicione uma fun\u00e7\u00e3o opcional de dois m\u00e9todos de coleta de res\u00edduos: o enrolamento externo da roda de cabelo e o enrolamento interno do enrolamento. O enrolamento interno da folha \u00e9 mais conveniente e o dispositivo de alimenta\u00e7\u00e3o longitudinal da folha pode ser puxado como um todo para facilitar a opera\u00e7\u00e3o. Possui um dispositivo autom\u00e1tico de prensagem da folha para evitar arranh\u00f5es na folha.<\/div>\n<div class=\"news-post__content producttab\">\n<h5 class=\"has-text-align-left\">Especifica\u00e7\u00f5es<\/h5>\n<table border=\"0\" width=\"100%\" cellspacing=\"0\" cellpadding=\"0\">\n<tbody>\n<tr class=\"firstRow\">\n<td>Modelo<\/td>\n<td>TMY-1680H<\/td>\n<\/tr>\n<tr>\n<td>M\u00e1x. Tamanho do papel<\/td>\n<td>1680\u00d71235mm<\/td>\n<\/tr>\n<tr>\n<td>Min. Tamanho do papel<\/td>\n<td>580\u00d7500mm<\/td>\n<\/tr>\n<tr>\n<td>M\u00e1x. Tamanho de corte<\/td>\n<td>1660\u00d71220mm<\/td>\n<\/tr>\n<tr>\n<td>M\u00e1x. Faixa de estampagem<\/td>\n<td>1640\u00d71200mm<\/td>\n<\/tr>\n<tr>\n<td>M\u00e1x. Velocidade de corrida<\/td>\n<td>4500s\/h<\/td>\n<\/tr>\n<tr>\n<td>M\u00e1x. Velocidade de estampagem<\/td>\n<td>4200s\/h<\/td>\n<\/tr>\n<tr>\n<td>M\u00e1x. Altura da pilha de alimenta\u00e7\u00e3o<\/td>\n<td>1650mm<\/td>\n<\/tr>\n<tr>\n<td>M\u00e1x. Altura da pilha de entrega<\/td>\n<td>1500 mm<\/td>\n<\/tr>\n<tr>\n<td>Espessura da folha<\/td>\n<td>(Papel\u00e3o):0,1-3mm<br \/>\n(Papel ondulado):\u22644mm<\/td>\n<\/tr>\n<tr>\n<td>Precis\u00e3o de corte<\/td>\n<td>\u00b10,12mm<\/td>\n<\/tr>\n<tr>\n<td>Estampagem de temperatura<\/td>\n<td>20~200\u2103<\/td>\n<\/tr>\n<tr>\n<td>N\u00famero total de zonas de placas de aquecimento<\/td>\n<td>18<\/td>\n<\/tr>\n<tr>\n<td>N\u00ba de rolos de folha<\/td>\n<td>Vertical 3 e Horizontal 2<\/td>\n<\/tr>\n<tr>\n<td>M\u00e1x. Comprimento<\/td>\n<td>1200~1500m<\/td>\n<\/tr>\n<tr>\n<td>M\u00e1x. Press\u00e3o<\/td>\n<td>600T<\/td>\n<\/tr>\n<tr>\n<td>Peso total<\/td>\n<td>28T<\/td>\n<\/tr>\n<tr>\n<td>Pot\u00eancia da zona da placa de aquecimento<\/td>\n<td>60 kW<\/td>\n<\/tr>\n<tr>\n<td>Poder total<\/td>\n<td>95 kW<\/td>\n<\/tr>\n<tr>\n<td>Dimens\u00e3o global<\/td>\n<td>10400\u00d75500\u00d72800mm<\/td>\n<\/tr>\n<tr>\n<td colspan=\"2\">Especifica\u00e7\u00e3o de desempenho da se\u00e7\u00e3o de estampagem vertical<\/td>\n<\/tr>\n<tr>\n<td>M\u00e1x. largura da folha<\/td>\n<td>1640 mm<\/td>\n<\/tr>\n<tr>\n<td>Min. largura da folha<\/td>\n<td>25mm<\/td>\n<\/tr>\n<tr>\n<td>M\u00e1x. comprimento da folha de tra\u00e7\u00e3o<\/td>\n<td>1200 mm<\/td>\n<\/tr>\n<tr>\n<td>M\u00e1x. puxe o di\u00e2metro do rolo de papel alum\u00ednio<\/td>\n<td>\u03c6200 mm<\/td>\n<\/tr>\n<tr>\n<td colspan=\"2\">Especifica\u00e7\u00e3o de desempenho da se\u00e7\u00e3o de estampagem horizontal<\/td>\n<\/tr>\n<tr>\n<td>M\u00e1x. largura da folha<\/td>\n<td>1200 mm<\/td>\n<\/tr>\n<tr>\n<td>Min. largura da folha<\/td>\n<td>25mm<\/td>\n<\/tr>\n<tr>\n<td>M\u00e1x. comprimento da folha de tra\u00e7\u00e3o<\/td>\n<td>1640 mm<\/td>\n<\/tr>\n<tr>\n<td>M\u00e1x. puxe o di\u00e2metro do rolo de papel alum\u00ednio<\/td>\n<td>\u03c6230 mm<\/td>\n<\/tr>\n<tr>\n<td>Requisitos de ar (o comprador fornece)<\/td>\n<td>0,8Mpa,&gt;0,36m\u00b3\/min<\/td>\n<\/tr>\n<\/tbody>\n<\/table>\n<\/div>","protected":false},"excerpt":{"rendered":"<p>\u25cfImproved the strength of the gripper bar, reduced noise, and optimized the performance of movable and fixed gripper teeth, making it suitable for different jobs with or without a gripper edge. \u25cfThe strength of the side lay has been improved, and the service life of vulnerable parts has been fully extended and guaranteed. \u25cfEnhanced paper [&hellip;]<\/p>","protected":false},"featured_media":1629,"comment_status":"open","ping_status":"closed","template":"","meta":[],"product_brand":[],"product_cat":[20],"product_tag":[],"class_list":{"0":"post-1627","1":"product","2":"type-product","3":"status-publish","4":"has-post-thumbnail","6":"product_cat-foil-stamping-machine","8":"first","9":"instock","10":"shipping-taxable","11":"product-type-simple"},"featured_image_urls":{"full":["https:\/\/en.jiguo.net\/wp-content\/uploads\/2023\/06\/1-2.jpg",1360,657,false],"thumbnail":["https:\/\/en.jiguo.net\/wp-content\/uploads\/2023\/06\/1-2-150x72.jpg",150,72,true],"medium":["https:\/\/en.jiguo.net\/wp-content\/uploads\/2023\/06\/1-2-300x145.jpg",300,145,true],"medium_large":["https:\/\/en.jiguo.net\/wp-content\/uploads\/2023\/06\/1-2-768x371.jpg",768,371,true],"large":["https:\/\/en.jiguo.net\/wp-content\/uploads\/2023\/06\/1-2-1024x495.jpg",1024,495,true],"1536x1536":["https:\/\/en.jiguo.net\/wp-content\/uploads\/2023\/06\/1-2.jpg",1360,657,false],"2048x2048":["https:\/\/en.jiguo.net\/wp-content\/uploads\/2023\/06\/1-2.jpg",1360,657,false],"trp-custom-language-flag":["https:\/\/en.jiguo.net\/wp-content\/uploads\/2023\/06\/1-2-18x9.jpg",18,9,true],"woocommerce_thumbnail":["https:\/\/en.jiguo.net\/wp-content\/uploads\/2023\/06\/1-2-1200x600.jpg",1200,600,true],"woocommerce_single":["https:\/\/en.jiguo.net\/wp-content\/uploads\/2023\/06\/1-2-1300x628.jpg",1300,628,true],"woocommerce_gallery_thumbnail":["https:\/\/en.jiguo.net\/wp-content\/uploads\/2023\/06\/1-2-100x100.jpg",100,100,true]},"post_excerpt_stackable":"<p>\u25cfImproved the strength of the gripper bar, reduced noise, and optimized the performance of movable and fixed gripper teeth, making it suitable for different jobs with or without a gripper edge. \u25cfThe strength of the side lay has been improved, and the service life of vulnerable parts has been fully extended and guaranteed. \u25cfEnhanced paper feeding speed change mechanism, making paper positioning more accurate, ensuring the processing of thick paper and making it more suitable for thin paper. \u25cfRedesign the die-cut frame with a multifunctional structure that has two locking methods, allowing for easy selection based on the product. The&hellip;<\/p>\n","category_list":"","author_info":{"name":"","url":""},"comments_num":"0 comments","_links":{"self":[{"href":"https:\/\/en.jiguo.net\/pt\/wp-json\/wp\/v2\/product\/1627","targetHints":{"allow":["GET"]}}],"collection":[{"href":"https:\/\/en.jiguo.net\/pt\/wp-json\/wp\/v2\/product"}],"about":[{"href":"https:\/\/en.jiguo.net\/pt\/wp-json\/wp\/v2\/types\/product"}],"replies":[{"embeddable":true,"href":"https:\/\/en.jiguo.net\/pt\/wp-json\/wp\/v2\/comments?post=1627"}],"wp:featuredmedia":[{"embeddable":true,"href":"https:\/\/en.jiguo.net\/pt\/wp-json\/wp\/v2\/media\/1629"}],"wp:attachment":[{"href":"https:\/\/en.jiguo.net\/pt\/wp-json\/wp\/v2\/media?parent=1627"}],"wp:term":[{"taxonomy":"product_brand","embeddable":true,"href":"https:\/\/en.jiguo.net\/pt\/wp-json\/wp\/v2\/product_brand?post=1627"},{"taxonomy":"product_cat","embeddable":true,"href":"https:\/\/en.jiguo.net\/pt\/wp-json\/wp\/v2\/product_cat?post=1627"},{"taxonomy":"product_tag","embeddable":true,"href":"https:\/\/en.jiguo.net\/pt\/wp-json\/wp\/v2\/product_tag?post=1627"}],"curies":[{"name":"wp","href":"https:\/\/api.w.org\/{rel}","templated":true}]}}