{"id":1625,"date":"2023-06-08T15:19:48","date_gmt":"2023-06-08T07:19:48","guid":{"rendered":"https:\/\/ru.jiguo.net\/?post_type=product&#038;p=1625"},"modified":"2023-06-14T17:56:46","modified_gmt":"2023-06-14T09:56:46","slug":"tmy-1320deep-automatic-hot-embossing-foil-stamping-die-cutting-machineheavy","status":"publish","type":"product","link":"https:\/\/en.jiguo.net\/pt\/produto\/tmy-1320deep-automatic-hot-embossing-foil-stamping-die-cutting-machineheavy\/","title":{"rendered":"TMY-1320Deep M\u00e1quina autom\u00e1tica de grava\u00e7\u00e3o a quente, estampagem e corte e vinco (pesada)"},"content":{"rendered":"<div class=\"news-post__content producttab\">\n<p>\u25cf O modelo de press\u00e3o de 900 toneladas da s\u00e9rie Deep tem uma press\u00e3o mais alta do que o modelo de press\u00e3o de 600 toneladas da s\u00e9rie High. \u00c9 precisamente porque a press\u00e3o do modelo de press\u00e3o de 600 toneladas ainda \u00e9 insuficiente sob certas condi\u00e7\u00f5es extremas e adversas que os engenheiros t\u00e9cnicos mais uma vez desenvolveram e melhoraram a press\u00e3o para lan\u00e7ar o modelo de press\u00e3o de 900 toneladas, que alcan\u00e7ou efeitos de press\u00e3o muito satisfat\u00f3rios.<br \/>\n\u25cf Existem dois grupos de clientes-alvo para este modelo. Em primeiro lugar, existem clientes que t\u00eam necessidades especiais de aumentar a press\u00e3o na m\u00e1quina, como trabalham com pap\u00e9is grossos, como papel cart\u00e3o cinza para corte e vinco, trabalham com materiais pl\u00e1sticos duros como PVC e PET, trabalham com produtos como moldes cortar quebra-cabe\u00e7as que cont\u00eam muitas pe\u00e7as e linhas de corte e assim por diante. Em segundo lugar, os clientes que desejam adquirir boas m\u00e1quinas, aqueles que possuem requisitos de qualidade, prestam mais aten\u00e7\u00e3o \u00e0 qualidade e ao acabamento do material, e desejam adquirir m\u00e1quinas dur\u00e1veis, proporcionando uma melhor escolha para esses clientes.<br \/>\n\u25cf Correntes principais importadas, rolamentos de transmiss\u00e3o principais, PLC, conversores de frequ\u00eancia e v\u00e1rios interruptores el\u00e9tricos, com excelente desempenho, precis\u00e3o de corte precisa e longa vida \u00fatil.<br \/>\n\u25cf Os componentes da carroceria s\u00e3o produzidos em centro de usinagem de alta precis\u00e3o e s\u00e3o feitos de materiais de a\u00e7o especial, que podem suportar cargas de alta press\u00e3o e possuem grande durabilidade.<br \/>\n\u25cf Adicione uma fun\u00e7\u00e3o opcional de uso de uma persiana controlada eletricamente como fun\u00e7\u00e3o autom\u00e1tica de recebimento de papel ininterrupto, que \u00e9 mais r\u00e1pida que as fun\u00e7\u00f5es manuais.<br \/>\n\u25cf V\u00e1rias fun\u00e7\u00f5es de ajuste autom\u00e1tico foram adicionadas para uma opera\u00e7\u00e3o mais conveniente. Ferramenta opcional de biblioteca de molduras cortadas.<\/p>\n<\/div>\n<div class=\"news-post__content producttab\">\n<h5 class=\"has-text-align-left\">Especifica\u00e7\u00f5es<\/h5>\n<table border=\"0\" width=\"100%\" cellspacing=\"0\" cellpadding=\"0\">\n<tbody>\n<tr class=\"firstRow\">\n<td>Modelo<\/td>\n<td>TMY-1320Deep<\/td>\n<\/tr>\n<tr>\n<td>M\u00e1x. Tamanho do papel<\/td>\n<td>1320\u00d7960mm<\/td>\n<\/tr>\n<tr>\n<td>Min. Tamanho do papel<\/td>\n<td>450\u00d7400mm<\/td>\n<\/tr>\n<tr>\n<td>M\u00e1x. Tamanho de corte<\/td>\n<td>1300\u00d7940mm<\/td>\n<\/tr>\n<tr>\n<td>M\u00e1x. Faixa de estampagem<\/td>\n<td>1300\u00d7940mm<\/td>\n<\/tr>\n<tr>\n<td>M\u00e1x. Velocidade de corrida<\/td>\n<td>5.500 segundos\/h<\/td>\n<\/tr>\n<tr>\n<td>M\u00e1x. Velocidade de estampagem<\/td>\n<td>5.000 segundos\/h<\/td>\n<\/tr>\n<tr>\n<td>M\u00e1x. Altura da pilha de alimenta\u00e7\u00e3o<\/td>\n<td>1600mm<\/td>\n<\/tr>\n<tr>\n<td>M\u00e1x. Altura da pilha de entrega<\/td>\n<td>1400mm<\/td>\n<\/tr>\n<tr>\n<td>Espessura da folha<\/td>\n<td>Cart\u00e3o: 0,1-3mm<br \/>\nPapel ondulado:\u22644mm<\/td>\n<\/tr>\n<tr>\n<td>Precis\u00e3o de corte<\/td>\n<td>\u00b10,12mm<\/td>\n<\/tr>\n<tr>\n<td>Estampagem de temperatura<\/td>\n<td>0~200\u00b0C<\/td>\n<\/tr>\n<tr>\n<td>N\u00famero total de zonas de placas de aquecimento<\/td>\n<td>14 unidades<\/td>\n<\/tr>\n<tr>\n<td>N\u00ba de rolos de folha<\/td>\n<td>Vertical 3 e Horizontal 2<\/td>\n<\/tr>\n<tr>\n<td>M\u00e1x. Comprimento<\/td>\n<td>1200~1500m<\/td>\n<\/tr>\n<tr>\n<td>M\u00e1x. Press\u00e3o<\/td>\n<td>900T<\/td>\n<\/tr>\n<tr>\n<td>Peso total<\/td>\n<td>30T<\/td>\n<\/tr>\n<tr>\n<td>Pot\u00eancia da zona da placa de aquecimento<\/td>\n<td>38 kW<\/td>\n<\/tr>\n<tr>\n<td>Poder total<\/td>\n<td>85 kW<\/td>\n<\/tr>\n<tr>\n<td>Dimens\u00e3o global<\/td>\n<td>8700\u00d74700\u00d72700mm<\/td>\n<\/tr>\n<tr>\n<td colspan=\"2\">Especifica\u00e7\u00e3o de desempenho da se\u00e7\u00e3o de estampagem vertical<\/td>\n<\/tr>\n<tr>\n<td>M\u00e1x. largura da folha<\/td>\n<td>1300 mm<\/td>\n<\/tr>\n<tr>\n<td>Min. largura da folha<\/td>\n<td>25mm<\/td>\n<\/tr>\n<tr>\n<td>M\u00e1x. comprimento da folha de tra\u00e7\u00e3o<\/td>\n<td>940 mm<\/td>\n<\/tr>\n<tr>\n<td>M\u00e1x. puxe o di\u00e2metro do rolo de papel alum\u00ednio<\/td>\n<td>\u03c6200 mm<\/td>\n<\/tr>\n<tr>\n<td colspan=\"2\">Especifica\u00e7\u00e3o de desempenho da se\u00e7\u00e3o de estampagem horizontal<\/td>\n<\/tr>\n<tr>\n<td>M\u00e1x. largura da folha<\/td>\n<td>940 mm<\/td>\n<\/tr>\n<tr>\n<td>Min. largura da folha<\/td>\n<td>25mm<\/td>\n<\/tr>\n<tr>\n<td>M\u00e1x. comprimento da folha de tra\u00e7\u00e3o<\/td>\n<td>1300 mm<\/td>\n<\/tr>\n<tr>\n<td>M\u00e1x. puxe o di\u00e2metro do rolo de papel alum\u00ednio<\/td>\n<td>\u03c6230 mm<\/td>\n<\/tr>\n<tr>\n<td>Requisitos de ar (o comprador fornece)<\/td>\n<td>0,8Mpa,&gt;0,36m\u00b3\/min<\/td>\n<\/tr>\n<\/tbody>\n<\/table>\n<\/div>","protected":false},"excerpt":{"rendered":"<p>\u25cf The Deep series 900 ton pressure model has a higher pressure than the High series 600 ton pressure model. It is precisely because the pressure of the 600 ton pressure model is still insufficient under certain extreme and harsh conditions that technical engineers have once again developed and improved the pressure to launch the [&hellip;]<\/p>","protected":false},"featured_media":1626,"comment_status":"open","ping_status":"closed","template":"","meta":[],"product_brand":[],"product_cat":[20],"product_tag":[],"class_list":{"0":"post-1625","1":"product","2":"type-product","3":"status-publish","4":"has-post-thumbnail","6":"product_cat-foil-stamping-machine","8":"first","9":"instock","10":"shipping-taxable","11":"product-type-simple"},"featured_image_urls":{"full":["https:\/\/en.jiguo.net\/wp-content\/uploads\/2023\/06\/1-1.jpg",1360,657,false],"thumbnail":["https:\/\/en.jiguo.net\/wp-content\/uploads\/2023\/06\/1-1-150x72.jpg",150,72,true],"medium":["https:\/\/en.jiguo.net\/wp-content\/uploads\/2023\/06\/1-1-300x145.jpg",300,145,true],"medium_large":["https:\/\/en.jiguo.net\/wp-content\/uploads\/2023\/06\/1-1-768x371.jpg",768,371,true],"large":["https:\/\/en.jiguo.net\/wp-content\/uploads\/2023\/06\/1-1-1024x495.jpg",1024,495,true],"1536x1536":["https:\/\/en.jiguo.net\/wp-content\/uploads\/2023\/06\/1-1.jpg",1360,657,false],"2048x2048":["https:\/\/en.jiguo.net\/wp-content\/uploads\/2023\/06\/1-1.jpg",1360,657,false],"trp-custom-language-flag":["https:\/\/en.jiguo.net\/wp-content\/uploads\/2023\/06\/1-1-18x9.jpg",18,9,true],"woocommerce_thumbnail":["https:\/\/en.jiguo.net\/wp-content\/uploads\/2023\/06\/1-1-1200x600.jpg",1200,600,true],"woocommerce_single":["https:\/\/en.jiguo.net\/wp-content\/uploads\/2023\/06\/1-1-1300x628.jpg",1300,628,true],"woocommerce_gallery_thumbnail":["https:\/\/en.jiguo.net\/wp-content\/uploads\/2023\/06\/1-1-100x100.jpg",100,100,true]},"post_excerpt_stackable":"<p>\u25cf The Deep series 900 ton pressure model has a higher pressure than the High series 600 ton pressure model. It is precisely because the pressure of the 600 ton pressure model is still insufficient under certain extreme and harsh conditions that technical engineers have once again developed and improved the pressure to launch the 900 ton pressure model, which has achieved very satisfactory pressure effects. \u25cf There are two target customer groups for this model. Firstly, there are customers who have special needs to increase the pressure on the machine, such as works with thick paper such as die-cutting&hellip;<\/p>\n","category_list":"","author_info":{"name":"","url":""},"comments_num":"0 comments","_links":{"self":[{"href":"https:\/\/en.jiguo.net\/pt\/wp-json\/wp\/v2\/product\/1625","targetHints":{"allow":["GET"]}}],"collection":[{"href":"https:\/\/en.jiguo.net\/pt\/wp-json\/wp\/v2\/product"}],"about":[{"href":"https:\/\/en.jiguo.net\/pt\/wp-json\/wp\/v2\/types\/product"}],"replies":[{"embeddable":true,"href":"https:\/\/en.jiguo.net\/pt\/wp-json\/wp\/v2\/comments?post=1625"}],"wp:featuredmedia":[{"embeddable":true,"href":"https:\/\/en.jiguo.net\/pt\/wp-json\/wp\/v2\/media\/1626"}],"wp:attachment":[{"href":"https:\/\/en.jiguo.net\/pt\/wp-json\/wp\/v2\/media?parent=1625"}],"wp:term":[{"taxonomy":"product_brand","embeddable":true,"href":"https:\/\/en.jiguo.net\/pt\/wp-json\/wp\/v2\/product_brand?post=1625"},{"taxonomy":"product_cat","embeddable":true,"href":"https:\/\/en.jiguo.net\/pt\/wp-json\/wp\/v2\/product_cat?post=1625"},{"taxonomy":"product_tag","embeddable":true,"href":"https:\/\/en.jiguo.net\/pt\/wp-json\/wp\/v2\/product_tag?post=1625"}],"curies":[{"name":"wp","href":"https:\/\/api.w.org\/{rel}","templated":true}]}}