{"id":1599,"date":"2023-05-20T16:07:53","date_gmt":"2023-05-20T08:07:53","guid":{"rendered":"https:\/\/ru.jiguo.net\/?post_type=product&#038;p=1599"},"modified":"2023-06-14T18:02:23","modified_gmt":"2023-06-14T10:02:23","slug":"myp-1500x-bottom-suction-nozzle-lead-edge-feedingautomatic-die-cutting-creasing-machine","status":"publish","type":"product","link":"https:\/\/en.jiguo.net\/pt\/produto\/myp-1500x-bottom-suction-nozzle-lead-edge-feedingautomatic-die-cutting-creasing-machine\/","title":{"rendered":"MYP-1500X (alimenta\u00e7\u00e3o da borda de ataque do bocal de suc\u00e7\u00e3o inferior) M\u00e1quina autom\u00e1tica de corte e vinco"},"content":{"rendered":"<div class=\"news-post__content producttab\">\n<p>\u25cf Melhorou a resist\u00eancia da barra da pin\u00e7a, reduziu o ru\u00eddo e otimizou o desempenho dos dentes m\u00f3veis e fixos da pin\u00e7a, tornando-a adequada para diferentes trabalhos com ou sem borda da pin\u00e7a.<br \/>\n\u25cf Melhorou a resist\u00eancia da barra da pin\u00e7a, reduziu o ru\u00eddo e otimizou o desempenho dos dentes m\u00f3veis e fixos da pin\u00e7a, tornando-a adequada para diferentes trabalhos com ou sem borda da pin\u00e7a.<br \/>\n\u25cfA resist\u00eancia da coloca\u00e7\u00e3o lateral foi melhorada e a vida \u00fatil das pe\u00e7as vulner\u00e1veis foi totalmente estendida e garantida.<br \/>\n\u25cfRedesenhe a moldura recortada com uma estrutura multifuncional que possui dois m\u00e9todos de travamento, permitindo f\u00e1cil sele\u00e7\u00e3o com base no produto. O processo de troca de chapa cortada \u00e9 mais r\u00e1pido, tornando-o mais prop\u00edcio para usu\u00e1rios de processamento p\u00f3s-impress\u00e3o. Trave a placa cortada com um dispositivo de limite, tornando a carga e descarga mais conveniente.<br \/>\n\u25cfA configura\u00e7\u00e3o frontal adota um m\u00e9todo de ajuste de transmiss\u00e3o de engrenagem guarda-chuva, que contribui para melhorar a precis\u00e3o da m\u00e1quina e tornar o ajuste mais conveniente.<br \/>\n\u25cfO posicionamento lateral adota o posicionamento lateral bidirecional da superf\u00edcie operacional e da superf\u00edcie de transmiss\u00e3o. A superf\u00edcie operacional tem posicionamento lateral fixo, o que \u00e9 adequado para a coloca\u00e7\u00e3o lateral da superf\u00edcie operacional comumente usada. A superf\u00edcie de transmiss\u00e3o \u00e9 de posicionamento lateral m\u00f3vel, usando um tipo de pilar guia, o que \u00e9 muito ben\u00e9fico para a precis\u00e3o lateral.<br \/>\n\u25cfO departamento de decapagem \u00e9 uma estrutura de liga\u00e7\u00e3o de tr\u00eas estruturas de decapagem que pode mudar rapidamente a placa de decapagem. A estrutura comum da unidade de decapagem pode remover o orif\u00edcio interno e as outras tr\u00eas bordas laterais, exceto a borda da pin\u00e7a. Uma fun\u00e7\u00e3o opcional de unidade de decapagem completa pode ser instalada, a qual pode descascar quatro bordas residuais laterais.<\/p>\n<\/div>\n<div class=\"news-post__content producttab\">\n<h5 class=\"has-text-align-left\">Especifica\u00e7\u00f5es<\/h5>\n<table border=\"0\" width=\"100%\" cellspacing=\"0\" cellpadding=\"0\">\n<tbody>\n<tr class=\"firstRow\">\n<td>Modelo<\/td>\n<td>MYP-1500X<\/td>\n<\/tr>\n<tr>\n<td>Tamanho m\u00e1ximo do papel<\/td>\n<td>1500\u00d71105mm<\/td>\n<\/tr>\n<tr>\n<td>Min. Tamanho do papel<\/td>\n<td>500\u00d7465mm<\/td>\n<\/tr>\n<tr>\n<td>M\u00e1x. Tamanho de corte<\/td>\n<td>1480\u00d71090mm<\/td>\n<\/tr>\n<tr>\n<td>Velocidade m\u00e1xima de corrida<\/td>\n<td>400T<\/td>\n<\/tr>\n<tr>\n<td>M\u00e1x. Press\u00e3o<\/td>\n<td>&lt;10mm<\/td>\n<\/tr>\n<tr>\n<td>Espessura da folha<\/td>\n<td>5500 folhas\/h<\/td>\n<\/tr>\n<tr>\n<td>Min. Borda da pin\u00e7a<\/td>\n<td>\u00b10,2mm<\/td>\n<\/tr>\n<tr>\n<td>Poder total<\/td>\n<td>25 kW<\/td>\n<\/tr>\n<tr>\n<td>Peso<\/td>\n<td>25T<\/td>\n<\/tr>\n<tr>\n<td>Dimens\u00e3o global<\/td>\n<td>9200\u00d75100\u00d72260mm<\/td>\n<\/tr>\n<tr>\n<td>Requisitos de ar (o comprador fornece)<\/td>\n<td>0,8Mpa, &gt;0,36m\u00b3\/min<\/td>\n<\/tr>\n<\/tbody>\n<\/table>\n<\/div>","protected":false},"excerpt":{"rendered":"<p>\u25cfImproved the strength of the gripper bar, reduced noise, and optimized the performance of movable and fixed gripper teeth, making it suitable for different jobs with or without a gripper edge. \u25cfImproved the strength of the gripper bar, reduced noise, and optimized the performance of movable and fixed gripper teeth, making it suitable for different [&hellip;]<\/p>","protected":false},"featured_media":1591,"comment_status":"open","ping_status":"closed","template":"","meta":[],"product_brand":[],"product_cat":[21],"product_tag":[],"class_list":{"0":"post-1599","1":"product","2":"type-product","3":"status-publish","4":"has-post-thumbnail","6":"product_cat-die-cutting-machine","8":"first","9":"instock","10":"shipping-taxable","11":"product-type-simple"},"featured_image_urls":{"full":["https:\/\/en.jiguo.net\/wp-content\/uploads\/2023\/05\/1-20.jpg",1360,657,false],"thumbnail":["https:\/\/en.jiguo.net\/wp-content\/uploads\/2023\/05\/1-20-150x72.jpg",150,72,true],"medium":["https:\/\/en.jiguo.net\/wp-content\/uploads\/2023\/05\/1-20-300x145.jpg",300,145,true],"medium_large":["https:\/\/en.jiguo.net\/wp-content\/uploads\/2023\/05\/1-20-768x371.jpg",768,371,true],"large":["https:\/\/en.jiguo.net\/wp-content\/uploads\/2023\/05\/1-20-1024x495.jpg",1024,495,true],"1536x1536":["https:\/\/en.jiguo.net\/wp-content\/uploads\/2023\/05\/1-20.jpg",1360,657,false],"2048x2048":["https:\/\/en.jiguo.net\/wp-content\/uploads\/2023\/05\/1-20.jpg",1360,657,false],"trp-custom-language-flag":["https:\/\/en.jiguo.net\/wp-content\/uploads\/2023\/05\/1-20-18x9.jpg",18,9,true],"woocommerce_thumbnail":["https:\/\/en.jiguo.net\/wp-content\/uploads\/2023\/05\/1-20-1200x600.jpg",1200,600,true],"woocommerce_single":["https:\/\/en.jiguo.net\/wp-content\/uploads\/2023\/05\/1-20-1300x628.jpg",1300,628,true],"woocommerce_gallery_thumbnail":["https:\/\/en.jiguo.net\/wp-content\/uploads\/2023\/05\/1-20-100x100.jpg",100,100,true]},"post_excerpt_stackable":"<p>\u25cfImproved the strength of the gripper bar, reduced noise, and optimized the performance of movable and fixed gripper teeth, making it suitable for different jobs with or without a gripper edge. \u25cfImproved the strength of the gripper bar, reduced noise, and optimized the performance of movable and fixed gripper teeth, making it suitable for different jobs with or without a gripper edge. \u25cfThe strength of the side lay has been improved, and the service life of vulnerable parts has been fully extended and guaranteed. \u25cfRedesign the die-cut frame with a multifunctional structure that has two locking methods, allowing for easy&hellip;<\/p>\n","category_list":"","author_info":{"name":"","url":""},"comments_num":"0 comments","_links":{"self":[{"href":"https:\/\/en.jiguo.net\/pt\/wp-json\/wp\/v2\/product\/1599","targetHints":{"allow":["GET"]}}],"collection":[{"href":"https:\/\/en.jiguo.net\/pt\/wp-json\/wp\/v2\/product"}],"about":[{"href":"https:\/\/en.jiguo.net\/pt\/wp-json\/wp\/v2\/types\/product"}],"replies":[{"embeddable":true,"href":"https:\/\/en.jiguo.net\/pt\/wp-json\/wp\/v2\/comments?post=1599"}],"wp:featuredmedia":[{"embeddable":true,"href":"https:\/\/en.jiguo.net\/pt\/wp-json\/wp\/v2\/media\/1591"}],"wp:attachment":[{"href":"https:\/\/en.jiguo.net\/pt\/wp-json\/wp\/v2\/media?parent=1599"}],"wp:term":[{"taxonomy":"product_brand","embeddable":true,"href":"https:\/\/en.jiguo.net\/pt\/wp-json\/wp\/v2\/product_brand?post=1599"},{"taxonomy":"product_cat","embeddable":true,"href":"https:\/\/en.jiguo.net\/pt\/wp-json\/wp\/v2\/product_cat?post=1599"},{"taxonomy":"product_tag","embeddable":true,"href":"https:\/\/en.jiguo.net\/pt\/wp-json\/wp\/v2\/product_tag?post=1599"}],"curies":[{"name":"wp","href":"https:\/\/api.w.org\/{rel}","templated":true}]}}