{"id":1568,"date":"2023-05-20T11:32:10","date_gmt":"2023-05-20T03:32:10","guid":{"rendered":"https:\/\/ru.jiguo.net\/?post_type=product&#038;p=1568"},"modified":"2023-06-14T18:11:07","modified_gmt":"2023-06-14T10:11:07","slug":"2tt-1060high-%e5%85%a8%e8%87%aa%e5%8a%a8%e7%83%ab%e9%87%91%e7%83%ad%e5%8e%8b%e7%ba%b9%e6%a8%a1%e5%88%87%e4%b8%80%e4%bd%93%e6%9c%ba","status":"publish","type":"product","link":"https:\/\/en.jiguo.net\/pt\/produto\/2tt-1060high-%e5%85%a8%e8%87%aa%e5%8a%a8%e7%83%ab%e9%87%91%e7%83%ad%e5%8e%8b%e7%ba%b9%e6%a8%a1%e5%88%87%e4%b8%80%e4%bd%93%e6%9c%ba\/","title":{"rendered":"2TT-1060Estampagem autom\u00e1tica de folha alta, grava\u00e7\u00e3o a quente e m\u00e1quina de corte e vinco (pesada)"},"content":{"rendered":"<div class=\"news-post__content producttab\">\n<p>\u25cfA \u201cm\u00e1quina multifuncional\u201d come\u00e7ando com o n\u00famero \u201c2\u201d \u00e9 uma longa linha de liga\u00e7\u00e3o que permite que o papel passe pela m\u00e1quina apenas uma vez por v\u00e1rias m\u00e1quinas para completar v\u00e1rios processos, como \u201cestampagem a quente\u201d, \u201cgrava\u00e7\u00e3o profunda \u201d, \u201ccorte\u201d e \u201cdecapagem\u201d.<br \/>\n\u25cfA m\u00e1quina de press\u00e3o de 600 toneladas da s\u00e9rie High \u00e9 posicionada para m\u00e1quinas de corte e vinco de alta press\u00e3o para servi\u00e7os pesados, caracterizadas por alta press\u00e3o, tamanho de pe\u00e7a grande, grande peso da m\u00e1quina e longa vida \u00fatil do corpo.<br \/>\n\u25cfEquipado com a fun\u00e7\u00e3o de estampagem profunda, com press\u00e3o de 600 toneladas, pode realizar trabalhos de estampagem profunda de alta press\u00e3o por um longo tempo, garantindo precis\u00e3o e vida \u00fatil.<br \/>\n\u25cf Existem dois grupos de clientes-alvo para este modelo. Em primeiro lugar, existem clientes que t\u00eam necessidades especiais de aumentar a press\u00e3o na m\u00e1quina, como trabalham com pap\u00e9is grossos, como papel cart\u00e3o cinza para corte e vinco, trabalham com materiais pl\u00e1sticos duros como PVC e PET, trabalham com produtos como moldes cortar quebra-cabe\u00e7as que cont\u00eam muitas pe\u00e7as e linhas de corte e assim por diante. Em segundo lugar, os clientes que desejam adquirir boas m\u00e1quinas, aqueles que possuem requisitos de qualidade, prestam mais aten\u00e7\u00e3o \u00e0 qualidade e ao acabamento do material, e desejam adquirir m\u00e1quinas dur\u00e1veis, proporcionando uma melhor escolha para esses clientes.<br \/>\n\u25cf Correntes principais importadas, rolamentos de transmiss\u00e3o principais, PLC, conversores de frequ\u00eancia e v\u00e1rios interruptores el\u00e9tricos, com excelente desempenho, precis\u00e3o de corte precisa e longa vida \u00fatil.<br \/>\n\u25cf Os componentes da carroceria s\u00e3o produzidos em centro de usinagem de alta precis\u00e3o e s\u00e3o feitos de materiais de a\u00e7o especial, que podem suportar cargas de alta press\u00e3o e possuem grande durabilidade.<br \/>\n\u25cf Adicione uma fun\u00e7\u00e3o opcional de uso de uma persiana controlada eletricamente como fun\u00e7\u00e3o autom\u00e1tica de recebimento de papel ininterrupto, que \u00e9 mais r\u00e1pida que as fun\u00e7\u00f5es manuais.<br \/>\n\u25cfO sistema de estampagem adota um modo de controle de temperatura inteligente, que garante aquecimento uniforme e r\u00e1pido. O controle constante da temperatura pode aumentar a estabilidade do efeito de estampagem.<br \/>\n\u25cfA estrutura de estampagem a quente totalmente informatizada possui um sistema de controle de salto de folha que \u00e9 otimizado para controle servo, com retra\u00e7\u00e3o e libera\u00e7\u00e3o s\u00edncrona da folha, tens\u00e3o constante e mais preciso.<br \/>\n\u25cfAdicione uma fun\u00e7\u00e3o opcional de dois m\u00e9todos de coleta de res\u00edduos: o enrolamento externo da roda de cabelo e o enrolamento interno do enrolamento. O enrolamento interno da folha \u00e9 mais conveniente e o dispositivo de alimenta\u00e7\u00e3o longitudinal da folha pode ser puxado como um todo para facilitar a opera\u00e7\u00e3o. Possui um dispositivo autom\u00e1tico de prensagem da folha para evitar arranh\u00f5es na folha.<\/p>\n<\/div>\n<div class=\"news-post__content producttab\">\n<h5 class=\"has-text-align-left\">Especifica\u00e7\u00f5es<\/h5>\n<table border=\"0\" width=\"100%\" cellspacing=\"0\" cellpadding=\"0\">\n<tbody>\n<tr class=\"firstRow\">\n<td>Modelo<\/td>\n<td>2TT-1060Alto<\/td>\n<\/tr>\n<tr>\n<td>M\u00e1x. Tamanho do papel<\/td>\n<td>1070\u00d7770mm<\/td>\n<\/tr>\n<tr>\n<td>Min. Tamanho do papel<\/td>\n<td>400\u00d7360mm<\/td>\n<\/tr>\n<tr>\n<td>M\u00e1x. Tamanho de corte<\/td>\n<td>1040\u00d7750mm<\/td>\n<\/tr>\n<tr>\n<td>M\u00e1x. Faixa de estampagem<\/td>\n<td>1030\u00d7740mm<\/td>\n<\/tr>\n<tr>\n<td>M\u00e1x. Velocidade de corte<\/td>\n<td>7.000 segundos\/h<\/td>\n<\/tr>\n<tr>\n<td>M\u00e1x. Velocidade de estampagem<\/td>\n<td>6.000 segundos\/h<\/td>\n<\/tr>\n<tr>\n<td>M\u00e1x. Altura da pilha de alimenta\u00e7\u00e3o<\/td>\n<td>1600mm<\/td>\n<\/tr>\n<tr>\n<td>M\u00e1x. Altura da pilha de entrega<\/td>\n<td>1400mm<\/td>\n<\/tr>\n<tr>\n<td>Espessura da folha<\/td>\n<td>(Papel\u00e3o):0,1-3mm<br \/>\n(Papel ondulado):\u22644mm<\/td>\n<\/tr>\n<tr>\n<td>Precis\u00e3o de corte<\/td>\n<td>\u00b10,1 mm<\/td>\n<\/tr>\n<tr>\n<td>Estampagem de temperatura<\/td>\n<td>0~200\u00b0C<\/td>\n<\/tr>\n<tr>\n<td>N\u00famero da zona da placa de aquecimento<\/td>\n<td>24 unidades<\/td>\n<\/tr>\n<tr>\n<td>N\u00ba de rolos de folha<\/td>\n<td>Vertical 3 e Horizontal 2<\/td>\n<\/tr>\n<tr>\n<td>M\u00e1x. Comprimento<\/td>\n<td>1200~1500m<\/td>\n<\/tr>\n<tr>\n<td>M\u00e1x. Press\u00e3o<\/td>\n<td>600T<\/td>\n<\/tr>\n<tr>\n<td>Peso total<\/td>\n<td>40T<\/td>\n<\/tr>\n<tr>\n<td>Pot\u00eancia da zona da placa de aquecimento<\/td>\n<td>68 kW<\/td>\n<\/tr>\n<tr>\n<td>Poder total<\/td>\n<td>118 kW<\/td>\n<\/tr>\n<tr>\n<td>Dimens\u00e3o global<\/td>\n<td>10050\u00d74300\u00d72600mm<\/td>\n<\/tr>\n<tr>\n<td colspan=\"2\">Especifica\u00e7\u00e3o de desempenho da se\u00e7\u00e3o de estampagem vertical<\/td>\n<\/tr>\n<tr>\n<td>M\u00e1x. largura da folha<\/td>\n<td>1030 mm<\/td>\n<\/tr>\n<tr>\n<td>Min. largura da folha<\/td>\n<td>25mm<\/td>\n<\/tr>\n<tr>\n<td>M\u00e1x. comprimento da folha de tra\u00e7\u00e3o<\/td>\n<td>760 mm<\/td>\n<\/tr>\n<tr>\n<td>M\u00e1x. puxe o di\u00e2metro do rolo de papel alum\u00ednio<\/td>\n<td>\u03c6200 mm<\/td>\n<\/tr>\n<tr>\n<td colspan=\"2\">Especifica\u00e7\u00e3o de desempenho da se\u00e7\u00e3o de estampagem horizontal<\/td>\n<\/tr>\n<tr>\n<td>M\u00e1x. largura da folha<\/td>\n<td>740mm<\/td>\n<\/tr>\n<tr>\n<td>Min. largura da folha<\/td>\n<td>25mm<\/td>\n<\/tr>\n<tr>\n<td>M\u00e1x. comprimento da folha de tra\u00e7\u00e3o<\/td>\n<td>1060 mm<\/td>\n<\/tr>\n<tr>\n<td>M\u00e1x. puxe o di\u00e2metro do rolo de papel alum\u00ednio<\/td>\n<td>\u03c6230 mm<\/td>\n<\/tr>\n<tr>\n<td>Requisitos de ar (o comprador fornece)<\/td>\n<td>0,8Mpa,&gt;0,36m\u00b3\/min<\/td>\n<\/tr>\n<\/tbody>\n<\/table>\n<\/div>","protected":false},"excerpt":{"rendered":"<p>\u25cfThe &#8220;all-in-one machine&#8221; starting with the number &#8220;2&#8221; is a long linkage line that allows the paper to pass through the machine only once through multiple machines to complete various processes such as &#8220;hot stamping&#8221;, &#8220;deep embossing&#8221;, &#8220;die cutting&#8221;, and &#8220;stripping&#8221;. \u25cfThe High series 600 ton pressure machine is positioned for high pressure heavy-duty die-cutting [&hellip;]<\/p>","protected":false},"featured_media":1576,"comment_status":"open","ping_status":"closed","template":"","meta":[],"product_brand":[],"product_cat":[20],"product_tag":[],"class_list":{"0":"post-1568","1":"product","2":"type-product","3":"status-publish","4":"has-post-thumbnail","6":"product_cat-foil-stamping-machine","8":"first","9":"instock","10":"shipping-taxable","11":"product-type-simple"},"featured_image_urls":{"full":["https:\/\/en.jiguo.net\/wp-content\/uploads\/2023\/05\/1-17.jpg",1360,657,false],"thumbnail":["https:\/\/en.jiguo.net\/wp-content\/uploads\/2023\/05\/1-17-150x72.jpg",150,72,true],"medium":["https:\/\/en.jiguo.net\/wp-content\/uploads\/2023\/05\/1-17-300x145.jpg",300,145,true],"medium_large":["https:\/\/en.jiguo.net\/wp-content\/uploads\/2023\/05\/1-17-768x371.jpg",768,371,true],"large":["https:\/\/en.jiguo.net\/wp-content\/uploads\/2023\/05\/1-17-1024x495.jpg",1024,495,true],"1536x1536":["https:\/\/en.jiguo.net\/wp-content\/uploads\/2023\/05\/1-17.jpg",1360,657,false],"2048x2048":["https:\/\/en.jiguo.net\/wp-content\/uploads\/2023\/05\/1-17.jpg",1360,657,false],"trp-custom-language-flag":["https:\/\/en.jiguo.net\/wp-content\/uploads\/2023\/05\/1-17-18x9.jpg",18,9,true],"woocommerce_thumbnail":["https:\/\/en.jiguo.net\/wp-content\/uploads\/2023\/05\/1-17-1200x600.jpg",1200,600,true],"woocommerce_single":["https:\/\/en.jiguo.net\/wp-content\/uploads\/2023\/05\/1-17-1300x628.jpg",1300,628,true],"woocommerce_gallery_thumbnail":["https:\/\/en.jiguo.net\/wp-content\/uploads\/2023\/05\/1-17-100x100.jpg",100,100,true]},"post_excerpt_stackable":"<p>\u25cfThe &#8220;all-in-one machine&#8221; starting with the number &#8220;2&#8221; is a long linkage line that allows the paper to pass through the machine only once through multiple machines to complete various processes such as &#8220;hot stamping&#8221;, &#8220;deep embossing&#8221;, &#8220;die cutting&#8221;, and &#8220;stripping&#8221;. \u25cfThe High series 600 ton pressure machine is positioned for high pressure heavy-duty die-cutting machines, characterized by high pressure, large part size, large machine weight, and long body life. \u25cfEquipped with the function of deep embossing, with a pressure of 600 tons, it can perform high pressure deep embossing work for a long time while still ensuring accuracy and&hellip;<\/p>\n","category_list":"","author_info":{"name":"","url":""},"comments_num":"0 comments","_links":{"self":[{"href":"https:\/\/en.jiguo.net\/pt\/wp-json\/wp\/v2\/product\/1568","targetHints":{"allow":["GET"]}}],"collection":[{"href":"https:\/\/en.jiguo.net\/pt\/wp-json\/wp\/v2\/product"}],"about":[{"href":"https:\/\/en.jiguo.net\/pt\/wp-json\/wp\/v2\/types\/product"}],"replies":[{"embeddable":true,"href":"https:\/\/en.jiguo.net\/pt\/wp-json\/wp\/v2\/comments?post=1568"}],"wp:featuredmedia":[{"embeddable":true,"href":"https:\/\/en.jiguo.net\/pt\/wp-json\/wp\/v2\/media\/1576"}],"wp:attachment":[{"href":"https:\/\/en.jiguo.net\/pt\/wp-json\/wp\/v2\/media?parent=1568"}],"wp:term":[{"taxonomy":"product_brand","embeddable":true,"href":"https:\/\/en.jiguo.net\/pt\/wp-json\/wp\/v2\/product_brand?post=1568"},{"taxonomy":"product_cat","embeddable":true,"href":"https:\/\/en.jiguo.net\/pt\/wp-json\/wp\/v2\/product_cat?post=1568"},{"taxonomy":"product_tag","embeddable":true,"href":"https:\/\/en.jiguo.net\/pt\/wp-json\/wp\/v2\/product_tag?post=1568"}],"curies":[{"name":"wp","href":"https:\/\/api.w.org\/{rel}","templated":true}]}}