{"id":1520,"date":"2023-05-18T16:24:15","date_gmt":"2023-05-18T08:24:15","guid":{"rendered":"https:\/\/ru.jiguo.net\/?post_type=product&#038;p=1520"},"modified":"2023-06-14T18:31:36","modified_gmt":"2023-06-14T10:31:36","slug":"my-1320q-lead-edge-feeding-automatic-die-cutting-stripping-machine","status":"publish","type":"product","link":"https:\/\/en.jiguo.net\/pt\/produto\/my-1320q-lead-edge-feeding-automatic-die-cutting-stripping-machine\/","title":{"rendered":"MY-1320Q (alimenta\u00e7\u00e3o pela borda de ataque) M\u00e1quina autom\u00e1tica de corte e decapagem"},"content":{"rendered":"<div class=\"news-post__content producttab\">\u25cf Melhorou a resist\u00eancia da barra da pin\u00e7a, reduziu o ru\u00eddo e otimizou o desempenho dos dentes m\u00f3veis e fixos da pin\u00e7a, tornando-a adequada para diferentes trabalhos com ou sem borda da pin\u00e7a.<br \/>\n\u25cfA resist\u00eancia da coloca\u00e7\u00e3o lateral foi melhorada e a vida \u00fatil das pe\u00e7as vulner\u00e1veis foi totalmente estendida e garantida.<br \/>\n\u25cf Mecanismo aprimorado de mudan\u00e7a de velocidade de alimenta\u00e7\u00e3o de papel, tornando o posicionamento do papel mais preciso e garantindo o processamento de papel grosso.<br \/>\n\u25cfRedesenhe a moldura recortada com uma estrutura multifuncional que possui dois m\u00e9todos de travamento, permitindo f\u00e1cil sele\u00e7\u00e3o com base no produto. O processo de troca de chapa cortada \u00e9 mais r\u00e1pido, tornando-o mais prop\u00edcio para usu\u00e1rios de processamento p\u00f3s-impress\u00e3o. Trave a placa cortada com um dispositivo de limite, tornando a carga e descarga mais conveniente.<br \/>\n\u25cfA configura\u00e7\u00e3o frontal adota um m\u00e9todo de ajuste de transmiss\u00e3o de engrenagem guarda-chuva, que contribui para melhorar a precis\u00e3o da m\u00e1quina e tornar o ajuste mais conveniente.<br \/>\n\u25cfO posicionamento lateral adota o posicionamento lateral bidirecional da superf\u00edcie operacional e da superf\u00edcie de transmiss\u00e3o. A superf\u00edcie operacional tem posicionamento lateral fixo, o que \u00e9 adequado para a coloca\u00e7\u00e3o lateral da superf\u00edcie operacional comumente usada. A superf\u00edcie de transmiss\u00e3o \u00e9 de posicionamento lateral m\u00f3vel, usando um tipo de pilar guia, o que \u00e9 muito ben\u00e9fico para a precis\u00e3o lateral.<\/div>\n<div class=\"news-post__content producttab\">\n<h5 class=\"has-text-align-left\">Especifica\u00e7\u00f5es<\/h5>\n<table border=\"0\" width=\"100%\" cellspacing=\"0\" cellpadding=\"0\">\n<tbody>\n<tr class=\"firstRow\">\n<td>Modelo<\/td>\n<td>MY-1320Q<\/td>\n<\/tr>\n<tr>\n<td>Tamanho m\u00e1ximo do papel<\/td>\n<td>1320\u00d7960mm<\/td>\n<\/tr>\n<tr>\n<td>Min. Tamanho do papel<\/td>\n<td>450\u00d7465mm<\/td>\n<\/tr>\n<tr>\n<td>Tamanho m\u00e1ximo de corte<\/td>\n<td>1300\u00d7940mm<\/td>\n<\/tr>\n<tr>\n<td>M\u00e1x. Press\u00e3o<\/td>\n<td>380t<\/td>\n<\/tr>\n<tr>\n<td>Espessura da Chapa Ondulada<\/td>\n<td>&lt;10mm<\/td>\n<\/tr>\n<tr>\n<td>M\u00e1x. Velocidade de corrida<\/td>\n<td>6.000 segundos\/h<\/td>\n<\/tr>\n<tr>\n<td>Poder total<\/td>\n<td>37 kW<\/td>\n<\/tr>\n<tr>\n<td>Peso l\u00edquido<\/td>\n<td>20t<\/td>\n<\/tr>\n<tr>\n<td>Dimens\u00e3o global<\/td>\n<td>7000\u00d74600\u00d72260mm<\/td>\n<\/tr>\n<tr>\n<td>Requisitos de ar (o comprador fornece)<\/td>\n<td>0,8Mpa, &gt;0,36m\u00b3\/min<\/td>\n<\/tr>\n<\/tbody>\n<\/table>\n<\/div>","protected":false},"excerpt":{"rendered":"<p>\u25cfImproved the strength of the gripper bar, reduced noise, and optimized the performance of movable and fixed gripper teeth, making it suitable for different jobs with or without a gripper edge. \u25cfThe strength of the side lay has been improved, and the service life of vulnerable parts has been fully extended and guaranteed. \u25cfEnhanced paper [&hellip;]<\/p>","protected":false},"featured_media":1519,"comment_status":"open","ping_status":"closed","template":"","meta":[],"product_brand":[],"product_cat":[21],"product_tag":[],"class_list":{"0":"post-1520","1":"product","2":"type-product","3":"status-publish","4":"has-post-thumbnail","6":"product_cat-die-cutting-machine","8":"first","9":"instock","10":"shipping-taxable","11":"product-type-simple"},"featured_image_urls":{"full":["https:\/\/en.jiguo.net\/wp-content\/uploads\/2023\/05\/1-7.jpg",1360,657,false],"thumbnail":["https:\/\/en.jiguo.net\/wp-content\/uploads\/2023\/05\/1-7-150x72.jpg",150,72,true],"medium":["https:\/\/en.jiguo.net\/wp-content\/uploads\/2023\/05\/1-7-300x145.jpg",300,145,true],"medium_large":["https:\/\/en.jiguo.net\/wp-content\/uploads\/2023\/05\/1-7-768x371.jpg",768,371,true],"large":["https:\/\/en.jiguo.net\/wp-content\/uploads\/2023\/05\/1-7-1024x495.jpg",1024,495,true],"1536x1536":["https:\/\/en.jiguo.net\/wp-content\/uploads\/2023\/05\/1-7.jpg",1360,657,false],"2048x2048":["https:\/\/en.jiguo.net\/wp-content\/uploads\/2023\/05\/1-7.jpg",1360,657,false],"trp-custom-language-flag":["https:\/\/en.jiguo.net\/wp-content\/uploads\/2023\/05\/1-7-18x9.jpg",18,9,true],"woocommerce_thumbnail":["https:\/\/en.jiguo.net\/wp-content\/uploads\/2023\/05\/1-7-1200x600.jpg",1200,600,true],"woocommerce_single":["https:\/\/en.jiguo.net\/wp-content\/uploads\/2023\/05\/1-7-1300x628.jpg",1300,628,true],"woocommerce_gallery_thumbnail":["https:\/\/en.jiguo.net\/wp-content\/uploads\/2023\/05\/1-7-100x100.jpg",100,100,true]},"post_excerpt_stackable":"<p>\u25cfImproved the strength of the gripper bar, reduced noise, and optimized the performance of movable and fixed gripper teeth, making it suitable for different jobs with or without a gripper edge. \u25cfThe strength of the side lay has been improved, and the service life of vulnerable parts has been fully extended and guaranteed. \u25cfEnhanced paper feeding speed change mechanism, making paper positioning more accurate and ensuring the processing of thick paper. \u25cfRedesign the die-cut frame with a multifunctional structure that has two locking methods, allowing for easy selection based on the product. The die-cut plate change process is faster, making&hellip;<\/p>\n","category_list":"","author_info":{"name":"","url":""},"comments_num":"0 comments","_links":{"self":[{"href":"https:\/\/en.jiguo.net\/pt\/wp-json\/wp\/v2\/product\/1520","targetHints":{"allow":["GET"]}}],"collection":[{"href":"https:\/\/en.jiguo.net\/pt\/wp-json\/wp\/v2\/product"}],"about":[{"href":"https:\/\/en.jiguo.net\/pt\/wp-json\/wp\/v2\/types\/product"}],"replies":[{"embeddable":true,"href":"https:\/\/en.jiguo.net\/pt\/wp-json\/wp\/v2\/comments?post=1520"}],"wp:featuredmedia":[{"embeddable":true,"href":"https:\/\/en.jiguo.net\/pt\/wp-json\/wp\/v2\/media\/1519"}],"wp:attachment":[{"href":"https:\/\/en.jiguo.net\/pt\/wp-json\/wp\/v2\/media?parent=1520"}],"wp:term":[{"taxonomy":"product_brand","embeddable":true,"href":"https:\/\/en.jiguo.net\/pt\/wp-json\/wp\/v2\/product_brand?post=1520"},{"taxonomy":"product_cat","embeddable":true,"href":"https:\/\/en.jiguo.net\/pt\/wp-json\/wp\/v2\/product_cat?post=1520"},{"taxonomy":"product_tag","embeddable":true,"href":"https:\/\/en.jiguo.net\/pt\/wp-json\/wp\/v2\/product_tag?post=1520"}],"curies":[{"name":"wp","href":"https:\/\/api.w.org\/{rel}","templated":true}]}}