{"id":1122,"date":"2023-02-22T08:52:43","date_gmt":"2023-02-22T00:52:43","guid":{"rendered":"https:\/\/ru.jiguo.net\/?post_type=product&#038;p=1122"},"modified":"2023-06-12T09:15:35","modified_gmt":"2023-06-12T01:15:35","slug":"afs-2500a-high-speed-automatic-stitching-and-folder-gluer-machine","status":"publish","type":"product","link":"https:\/\/en.jiguo.net\/pt\/produto\/afs-2500a-high-speed-automatic-stitching-and-folder-gluer-machine\/","title":{"rendered":"M\u00e1quina coladora e costura autom\u00e1tica de alta velocidade AFS-2500A"},"content":{"rendered":"<div class=\"news-post__content producttab\">01\u3001A maior caracter\u00edstica desta m\u00e1quina \u00e9 a opera\u00e7\u00e3o do computador, que \u00e9 simples de usar, qualidade est\u00e1vel, alta velocidade e grande economia de trabalho.<br \/>\n02\u3001Esta \u00e9 uma m\u00e1quina multifuncional integrada que pode pregar e colar caixa. Tamb\u00e9m pode completar a caixa de pasta e a caixa de pregos ao mesmo tempo.<br \/>\n03\u3001Pode concluir a etapa de configura\u00e7\u00e3o em 3-5 minutos, o que significa que pode iniciar uma produ\u00e7\u00e3o em massa (esta m\u00e1quina tem fun\u00e7\u00e3o de mem\u00f3ria de pedido).<br \/>\n04\u3001Um interruptor de chave funciona da caixa de pasta e da caixa de pregos, que \u00e9 uma cria\u00e7\u00e3o original no mercado dom\u00e9stico.<br \/>\n05\u3001Papel\u00e3o adequado pregado de tr\u00eas, cinco, placa \u00fanica, papel\u00e3o ondulado A, B, C e AB.<br \/>\n06\u3001Um dispositivo de oscila\u00e7\u00e3o lateral para alimenta\u00e7\u00e3o de papel garante a entrega do papel sem problemas.<br \/>\n07\u3001Uma caixa sem fundo, mas com tampa tamb\u00e9m pode ser pregada.<br \/>\n08\u3001Faixa pregada: a dist\u00e2ncia m\u00ednima do prego \u00e9 de 40 mm e a dist\u00e2ncia m\u00e1xima do prego \u00e9 de 500 mm.<br \/>\n09\u3001Velocidade m\u00e1xima pregada da cabe\u00e7a do prego: 1100 pregos\/minutos.<br \/>\n10\u3001Tome tr\u00eas velocidades de prego como exemplo, a velocidade m\u00e1xima \u00e9 de 110 pe\u00e7as por minuto.<br \/>\n11\u3001Pode ser feito automaticamente para dobramento de papel, corre\u00e7\u00e3o, caixa de pregos, caixa de pasta, contagem e empilhamento de sa\u00edda.<br \/>\n12 \u3001 prego \u00fanico e prego duplo podem ser ajustados livremente.<br \/>\n13\u3001Adotando cabe\u00e7a de prego oscilante que pode atingir pequeno consumo de energia, alta velocidade, mais est\u00e1vel e melhorou a qualidade da caixa de pregos de forma eficaz.<br \/>\n14\u3001Adotar um dispositivo de corre\u00e7\u00e3o de papel para compensar duas vezes e corrigir o local da caixa, eliminar a boca da tesoura e tornar a costura da caixa mais perfeita.<br \/>\n15\u3001O alimentador autom\u00e1tico de fio pode detectar a detec\u00e7\u00e3o de fio de prego, fio quebrado e detec\u00e7\u00e3o de esgotamento.<\/div>\n<div class=\"news-post__content producttab\">\n<h5 class=\"has-text-align-left\">Especifica\u00e7\u00f5es<\/h5>\n<table border=\"0\" width=\"100%\" cellspacing=\"0\" cellpadding=\"0\">\n<tbody>\n<tr>\n<td>M\u00e1x. Largura do papel<\/td>\n<td>1000mm<\/td>\n<\/tr>\n<tr>\n<td>Min. Largura do papel<\/td>\n<td>300 mm<\/td>\n<\/tr>\n<tr>\n<td>Largura da m\u00e1quina<\/td>\n<td>4,2 m<\/td>\n<\/tr>\n<tr>\n<td>Comprimento da m\u00e1quina<\/td>\n<td>16m<\/td>\n<\/tr>\n<tr>\n<td>M\u00e1x. Comprimento do papel<\/td>\n<td>2500mm<\/td>\n<\/tr>\n<tr>\n<td>Min. Comprimento do papel<\/td>\n<td>880 mm<\/td>\n<\/tr>\n<tr>\n<td>M\u00e1x. Largura TS<\/td>\n<td>40mm<\/td>\n<\/tr>\n<tr>\n<td>Energia necess\u00e1ria<\/td>\n<td>28,5 kW<\/td>\n<\/tr>\n<tr>\n<td width=\"72\">\u00c1rea de Instala\u00e7\u00e3o<\/td>\n<td width=\"72\">16.000 \u00d7 4.200 mm<\/td>\n<\/tr>\n<tr>\n<td>Velocidade de costura (pregos\/min)<\/td>\n<td>1100<\/td>\n<\/tr>\n<tr>\n<td>Peso da m\u00e1quina<\/td>\n<td>12,5T<\/td>\n<\/tr>\n<tr>\n<td>Passo dos pregos para pregos simples e pregos duplos \uff08Min.-Max.\uff09<\/td>\n<td>30-90mm<\/td>\n<\/tr>\n<tr>\n<td>Passo das unhas para unhas intensivas (m\u00edn.-m\u00e1x.)<\/td>\n<td>30-70mm<\/td>\n<\/tr>\n<tr>\n<td>Velocidade de colagem<\/td>\n<td>130 metros\/minuto<\/td>\n<\/tr>\n<tr>\n<td>Press\u00e3o do ar<\/td>\n<td>0,6-0,8Mpa (o comprador fornece)<\/td>\n<\/tr>\n<\/tbody>\n<\/table>\n<\/div>","protected":false},"excerpt":{"rendered":"<p>01\u3001The biggest characteristic of this machine is computer operation which is simple to use, stable quality, high speed and greatly saved labor. 02\u3001This is a multifunctional integrated machine which can nail box and paste box. It also can complete paste box and the nail box at one time. 03\u3001It can complete setting up step in [&hellip;]<\/p>","protected":false},"featured_media":1123,"comment_status":"open","ping_status":"closed","template":"","meta":[],"product_brand":[],"product_cat":[28],"product_tag":[],"class_list":{"0":"post-1122","1":"product","2":"type-product","3":"status-publish","4":"has-post-thumbnail","6":"product_cat-stitching-and-folder-gluer-machine","8":"first","9":"instock","10":"shipping-taxable","11":"product-type-simple"},"featured_image_urls":{"full":["https:\/\/en.jiguo.net\/wp-content\/uploads\/2023\/02\/AFS-2500A.jpg",1360,657,false],"thumbnail":["https:\/\/en.jiguo.net\/wp-content\/uploads\/2023\/02\/AFS-2500A-150x150.jpg",84,84,true],"medium":["https:\/\/en.jiguo.net\/wp-content\/uploads\/2023\/02\/AFS-2500A-300x145.jpg",300,145,true],"medium_large":["https:\/\/en.jiguo.net\/wp-content\/uploads\/2023\/02\/AFS-2500A-768x371.jpg",768,371,true],"large":["https:\/\/en.jiguo.net\/wp-content\/uploads\/2023\/02\/AFS-2500A-1024x495.jpg",1024,495,true],"1536x1536":["https:\/\/en.jiguo.net\/wp-content\/uploads\/2023\/02\/AFS-2500A.jpg",1360,657,false],"2048x2048":["https:\/\/en.jiguo.net\/wp-content\/uploads\/2023\/02\/AFS-2500A.jpg",1360,657,false],"trp-custom-language-flag":["https:\/\/en.jiguo.net\/wp-content\/uploads\/2023\/02\/AFS-2500A.jpg",18,9,false],"woocommerce_thumbnail":["https:\/\/en.jiguo.net\/wp-content\/uploads\/2023\/02\/AFS-2500A-1200x600.jpg",1200,600,true],"woocommerce_single":["https:\/\/en.jiguo.net\/wp-content\/uploads\/2023\/02\/AFS-2500A-1300x628.jpg",1300,628,true],"woocommerce_gallery_thumbnail":["https:\/\/en.jiguo.net\/wp-content\/uploads\/2023\/02\/AFS-2500A-100x100.jpg",100,100,true]},"post_excerpt_stackable":"<p>01\u3001The biggest characteristic of this machine is computer operation which is simple to use, stable quality, high speed and greatly saved labor. 02\u3001This is a multifunctional integrated machine which can nail box and paste box. It also can complete paste box and the nail box at one time. 03\u3001It can complete setting up step in 3-5 minutes which means it can start a mass production (This machine has order memory function). 04\u3001One key switch functions of the paste box and the nail box which is an original creation in the home market. 05\u3001Suitable paperboard nailed of three, five, single board,&hellip;<\/p>\n","category_list":"","author_info":{"name":"","url":""},"comments_num":"0 comments","_links":{"self":[{"href":"https:\/\/en.jiguo.net\/pt\/wp-json\/wp\/v2\/product\/1122","targetHints":{"allow":["GET"]}}],"collection":[{"href":"https:\/\/en.jiguo.net\/pt\/wp-json\/wp\/v2\/product"}],"about":[{"href":"https:\/\/en.jiguo.net\/pt\/wp-json\/wp\/v2\/types\/product"}],"replies":[{"embeddable":true,"href":"https:\/\/en.jiguo.net\/pt\/wp-json\/wp\/v2\/comments?post=1122"}],"wp:featuredmedia":[{"embeddable":true,"href":"https:\/\/en.jiguo.net\/pt\/wp-json\/wp\/v2\/media\/1123"}],"wp:attachment":[{"href":"https:\/\/en.jiguo.net\/pt\/wp-json\/wp\/v2\/media?parent=1122"}],"wp:term":[{"taxonomy":"product_brand","embeddable":true,"href":"https:\/\/en.jiguo.net\/pt\/wp-json\/wp\/v2\/product_brand?post=1122"},{"taxonomy":"product_cat","embeddable":true,"href":"https:\/\/en.jiguo.net\/pt\/wp-json\/wp\/v2\/product_cat?post=1122"},{"taxonomy":"product_tag","embeddable":true,"href":"https:\/\/en.jiguo.net\/pt\/wp-json\/wp\/v2\/product_tag?post=1122"}],"curies":[{"name":"wp","href":"https:\/\/api.w.org\/{rel}","templated":true}]}}