{"id":1118,"date":"2023-02-21T12:01:49","date_gmt":"2023-02-21T04:01:49","guid":{"rendered":"https:\/\/ru.jiguo.net\/?post_type=product&#038;p=1118"},"modified":"2023-06-14T18:59:17","modified_gmt":"2023-06-14T10:59:17","slug":"myrp-1060-deep-automatic-hot-embossing-die-cutting-stripping-machine%ef%bc%88heavy%ef%bc%89","status":"publish","type":"product","link":"https:\/\/en.jiguo.net\/pt\/produto\/myrp-1060-deep-automatic-hot-embossing-die-cutting-stripping-machine%ef%bc%88heavy%ef%bc%89\/","title":{"rendered":"M\u00e1quina autom\u00e1tica de grava\u00e7\u00e3o a quente, corte e vinco e decapagem MYRP-1060Deep \uff08Pesada\uff09"},"content":{"rendered":"<div class=\"news-post__content producttab\">\u25cfO modelo de press\u00e3o de 900 toneladas da s\u00e9rie Deep tem uma press\u00e3o mais alta do que o modelo de press\u00e3o de 600 toneladas da s\u00e9rie High. \u00c9 precisamente porque a press\u00e3o do modelo de press\u00e3o de 600 toneladas ainda \u00e9 insuficiente sob certas condi\u00e7\u00f5es extremas e adversas que os engenheiros t\u00e9cnicos mais uma vez desenvolveram e melhoraram a press\u00e3o para lan\u00e7ar o modelo de press\u00e3o de 900 toneladas, que alcan\u00e7ou efeitos de press\u00e3o muito satisfat\u00f3rios.<br \/>\n\u25cfExistem dois grupos de clientes-alvo para este modelo. Em primeiro lugar, existem clientes que t\u00eam necessidades especiais de aumentar a press\u00e3o na m\u00e1quina, como trabalham com pap\u00e9is grossos, como papel cart\u00e3o cinza para corte e vinco, trabalham com materiais pl\u00e1sticos duros como PVC e PET, trabalham com produtos como moldes cortar quebra-cabe\u00e7as que cont\u00eam muitas pe\u00e7as e linhas de corte e assim por diante. Em segundo lugar, os clientes que desejam adquirir boas m\u00e1quinas, aqueles que possuem requisitos de qualidade, prestam mais aten\u00e7\u00e3o \u00e0 qualidade e ao acabamento do material, e desejam adquirir m\u00e1quinas dur\u00e1veis, proporcionando uma melhor escolha para esses clientes.<br \/>\n\u25cf Correntes principais importadas, rolamentos de transmiss\u00e3o principais, PLC, conversores de frequ\u00eancia e v\u00e1rios interruptores el\u00e9tricos, com excelente desempenho, precis\u00e3o de corte precisa e longa vida \u00fatil.<br \/>\n\u25cfOs componentes da carroceria s\u00e3o produzidos em um centro de usinagem de alta precis\u00e3o e s\u00e3o feitos de materiais de a\u00e7o especial, que podem suportar cargas de alta press\u00e3o e possuem grande durabilidade.<br \/>\n\u25cfAdicione uma fun\u00e7\u00e3o opcional de uso de uma persiana controlada eletricamente como fun\u00e7\u00e3o autom\u00e1tica de recebimento de papel ininterrupto, que \u00e9 mais r\u00e1pida que as fun\u00e7\u00f5es manuais.<br \/>\n\u25cfM\u00faltiplas fun\u00e7\u00f5es de ajuste autom\u00e1tico foram adicionadas para uma opera\u00e7\u00e3o mais conveniente. Ferramenta opcional de biblioteca de molduras cortadas.<\/div>\n<div class=\"news-post__content producttab\">\n<h5 class=\"has-text-align-left\">Especifica\u00e7\u00f5es<\/h5>\n<table border=\"0\" width=\"100%\" cellspacing=\"0\" cellpadding=\"0\">\n<tbody>\n<tr>\n<td>Modelo<\/td>\n<td>MYRP-1060Profundo<\/td>\n<\/tr>\n<tr>\n<td>M\u00e1x. Tamanho do papel<\/td>\n<td>1070\u00d7770mm<\/td>\n<\/tr>\n<tr>\n<td>Min. Tamanho do papel<\/td>\n<td>400\u00d7360mm<\/td>\n<\/tr>\n<tr>\n<td>M\u00e1x. Tamanho de corte<\/td>\n<td>1040\u00d7750mm<\/td>\n<\/tr>\n<tr>\n<td>M\u00e1x. Velocidade de corte<\/td>\n<td>6.500 segundos\/h<\/td>\n<\/tr>\n<tr>\n<td>Precis\u00e3o de corte<\/td>\n<td>\u00b10,1 mm<\/td>\n<\/tr>\n<tr>\n<td>M\u00e1x. Press\u00e3o<\/td>\n<td>900T<\/td>\n<\/tr>\n<tr>\n<td>Temperatura de aquecimento<\/td>\n<td>0~199\u00b0C<\/td>\n<\/tr>\n<tr>\n<td>O n\u00famero de zonas de aquecimento<\/td>\n<td>12 unidades<\/td>\n<\/tr>\n<tr>\n<td>Espessura da folha<\/td>\n<td>0,1~4mm<\/td>\n<\/tr>\n<tr>\n<td>Min. Borda da pin\u00e7a<\/td>\n<td>8mm<\/td>\n<\/tr>\n<tr>\n<td>M\u00e1x. Altura da pilha de alimenta\u00e7\u00e3o<\/td>\n<td>1600mm<\/td>\n<\/tr>\n<tr>\n<td>M\u00e1x. Altura da pilha de entrega<\/td>\n<td>1400mm<\/td>\n<\/tr>\n<tr>\n<td>Poder total<\/td>\n<td>62 kW<\/td>\n<\/tr>\n<tr>\n<td>Peso l\u00edquido<\/td>\n<td>21T<\/td>\n<\/tr>\n<tr>\n<td>Dimens\u00e3o global<\/td>\n<td>8200\u00d74100\u00d72420mm<\/td>\n<\/tr>\n<tr>\n<td>Requisitos de ar (o comprador fornece)<\/td>\n<td>0,8Mpa,&gt;0,36m\u00b3\/min<\/td>\n<\/tr>\n<\/tbody>\n<\/table>\n<\/div>","protected":false},"excerpt":{"rendered":"<p>\u25cfThe Deep series 900 ton pressure model has a higher pressure than the High series 600 ton pressure model. It is precisely because the pressure of the 600 ton pressure model is still insufficient under certain extreme and harsh conditions that technical engineers have once again developed and improved the pressure to launch the 900 [&hellip;]<\/p>","protected":false},"featured_media":1119,"comment_status":"open","ping_status":"closed","template":"","meta":[],"product_brand":[],"product_cat":[22],"product_tag":[],"class_list":{"0":"post-1118","1":"product","2":"type-product","3":"status-publish","4":"has-post-thumbnail","6":"product_cat-hot-embossing-machine","8":"first","9":"instock","10":"shipping-taxable","11":"product-type-simple"},"featured_image_urls":{"full":["https:\/\/en.jiguo.net\/wp-content\/uploads\/2023\/02\/Automatic-Hot-Embossing-Die-Cutting-Stripping-Machine\uff08Heavy\uff09.jpg",1360,657,false],"thumbnail":["https:\/\/en.jiguo.net\/wp-content\/uploads\/2023\/02\/Automatic-Hot-Embossing-Die-Cutting-Stripping-Machine\uff08Heavy\uff09-150x150.jpg",84,84,true],"medium":["https:\/\/en.jiguo.net\/wp-content\/uploads\/2023\/02\/Automatic-Hot-Embossing-Die-Cutting-Stripping-Machine\uff08Heavy\uff09-300x145.jpg",300,145,true],"medium_large":["https:\/\/en.jiguo.net\/wp-content\/uploads\/2023\/02\/Automatic-Hot-Embossing-Die-Cutting-Stripping-Machine\uff08Heavy\uff09-768x371.jpg",768,371,true],"large":["https:\/\/en.jiguo.net\/wp-content\/uploads\/2023\/02\/Automatic-Hot-Embossing-Die-Cutting-Stripping-Machine\uff08Heavy\uff09-1024x495.jpg",1024,495,true],"1536x1536":["https:\/\/en.jiguo.net\/wp-content\/uploads\/2023\/02\/Automatic-Hot-Embossing-Die-Cutting-Stripping-Machine\uff08Heavy\uff09.jpg",1360,657,false],"2048x2048":["https:\/\/en.jiguo.net\/wp-content\/uploads\/2023\/02\/Automatic-Hot-Embossing-Die-Cutting-Stripping-Machine\uff08Heavy\uff09.jpg",1360,657,false],"trp-custom-language-flag":["https:\/\/en.jiguo.net\/wp-content\/uploads\/2023\/02\/Automatic-Hot-Embossing-Die-Cutting-Stripping-Machine\uff08Heavy\uff09.jpg",18,9,false],"woocommerce_thumbnail":["https:\/\/en.jiguo.net\/wp-content\/uploads\/2023\/02\/Automatic-Hot-Embossing-Die-Cutting-Stripping-Machine\uff08Heavy\uff09-1200x600.jpg",1200,600,true],"woocommerce_single":["https:\/\/en.jiguo.net\/wp-content\/uploads\/2023\/02\/Automatic-Hot-Embossing-Die-Cutting-Stripping-Machine\uff08Heavy\uff09-1300x628.jpg",1300,628,true],"woocommerce_gallery_thumbnail":["https:\/\/en.jiguo.net\/wp-content\/uploads\/2023\/02\/Automatic-Hot-Embossing-Die-Cutting-Stripping-Machine\uff08Heavy\uff09-100x100.jpg",100,100,true]},"post_excerpt_stackable":"<p>\u25cfThe Deep series 900 ton pressure model has a higher pressure than the High series 600 ton pressure model. It is precisely because the pressure of the 600 ton pressure model is still insufficient under certain extreme and harsh conditions that technical engineers have once again developed and improved the pressure to launch the 900 ton pressure model, which has achieved very satisfactory pressure effects. \u25cfThere are two target customer groups for this model. Firstly, there are customers who have special needs to increase the pressure on the machine, such as works with thick paper such as die-cutting gray board&hellip;<\/p>\n","category_list":"","author_info":{"name":"","url":""},"comments_num":"0 comments","_links":{"self":[{"href":"https:\/\/en.jiguo.net\/pt\/wp-json\/wp\/v2\/product\/1118","targetHints":{"allow":["GET"]}}],"collection":[{"href":"https:\/\/en.jiguo.net\/pt\/wp-json\/wp\/v2\/product"}],"about":[{"href":"https:\/\/en.jiguo.net\/pt\/wp-json\/wp\/v2\/types\/product"}],"replies":[{"embeddable":true,"href":"https:\/\/en.jiguo.net\/pt\/wp-json\/wp\/v2\/comments?post=1118"}],"wp:featuredmedia":[{"embeddable":true,"href":"https:\/\/en.jiguo.net\/pt\/wp-json\/wp\/v2\/media\/1119"}],"wp:attachment":[{"href":"https:\/\/en.jiguo.net\/pt\/wp-json\/wp\/v2\/media?parent=1118"}],"wp:term":[{"taxonomy":"product_brand","embeddable":true,"href":"https:\/\/en.jiguo.net\/pt\/wp-json\/wp\/v2\/product_brand?post=1118"},{"taxonomy":"product_cat","embeddable":true,"href":"https:\/\/en.jiguo.net\/pt\/wp-json\/wp\/v2\/product_cat?post=1118"},{"taxonomy":"product_tag","embeddable":true,"href":"https:\/\/en.jiguo.net\/pt\/wp-json\/wp\/v2\/product_tag?post=1118"}],"curies":[{"name":"wp","href":"https:\/\/api.w.org\/{rel}","templated":true}]}}