{"id":867,"date":"2023-02-12T23:32:48","date_gmt":"2023-02-12T15:32:48","guid":{"rendered":"https:\/\/demo.alternativeto.cc\/?post_type=product&#038;p=867"},"modified":"2024-02-22T20:36:29","modified_gmt":"2024-02-22T12:36:29","slug":"my-803h","status":"publish","type":"product","link":"https:\/\/en.jiguo.net\/es\/producto\/my-803h\/","title":{"rendered":"TMY-1060M\u00e1quina autom\u00e1tica de estampado en caliente, estampado en caliente y troquelado"},"content":{"rendered":"<div class=\"news-post__content producttab\">\n<p>\u25cfLa m\u00e1quina de alta presi\u00f3n de 600 toneladas est\u00e1 posicionada para m\u00e1quinas troqueladoras de alta presi\u00f3n y servicio pesado, caracterizadas por alta presi\u00f3n, gran tama\u00f1o de pieza, gran peso de m\u00e1quina y larga vida \u00fatil.<br \/>\n\u25cfEquipado con la funci\u00f3n de estampado profundo, con una presi\u00f3n de 600 toneladas, puede realizar trabajos de estampado profundo a alta presi\u00f3n durante mucho tiempo y al mismo tiempo garantizar precisi\u00f3n y vida \u00fatil.<br \/>\n\u25cfHay dos grupos de clientes objetivo para este modelo. En primer lugar, hay clientes que tienen necesidades especiales para aumentar la presi\u00f3n sobre la m\u00e1quina, como trabajos con papel grueso como el papel de cart\u00f3n gris para troquelado, trabajos con materiales pl\u00e1sticos duros como PVC y PET, trabajos con productos como troquelado. cortar rompecabezas que tienen muchas piezas y l\u00edneas de corte, etc. En segundo lugar, los clientes que desean comprar buenas m\u00e1quinas, aquellos que tienen requisitos de calidad, prestan m\u00e1s atenci\u00f3n a la calidad y la artesan\u00eda de los materiales y desean comprar m\u00e1quinas duraderas, lo que brinda una mejor opci\u00f3n para estos clientes.<br \/>\n\u25cfCadenas principales, cojinetes de transmisi\u00f3n principal, PLC, convertidores de frecuencia y varios interruptores el\u00e9ctricos importados, con excelente rendimiento, precisi\u00f3n de troquelado y larga vida \u00fatil.<br \/>\n\u25cfLos componentes de la carrocer\u00eda se producen utilizando un centro de mecanizado con alta precisi\u00f3n y est\u00e1n hechos de materiales de acero especiales, que pueden soportar cargas de alta presi\u00f3n y tienen una gran durabilidad.<br \/>\n\u25cf Agregue una funci\u00f3n opcional de uso de una persiana enrollable controlada el\u00e9ctricamente como funci\u00f3n de recepci\u00f3n autom\u00e1tica de papel sin parar, que es m\u00e1s r\u00e1pida que las funciones manuales.<br \/>\n\u25cfEl sistema de estampado adopta un modo de control de temperatura inteligente, que garantiza un calentamiento uniforme y r\u00e1pido. El control constante de la temperatura puede mejorar la estabilidad del efecto de estampado.<br \/>\n\u25cfLa estructura de estampado en caliente totalmente computarizada tiene un sistema de control de salto de l\u00e1mina que est\u00e1 optimizado para el control servo, con retracci\u00f3n y liberaci\u00f3n sincr\u00f3nica de la l\u00e1mina, tensi\u00f3n constante y m\u00e1s precisa.<br \/>\n\u25cfAgregue una funci\u00f3n opcional de dos m\u00e9todos de recolecci\u00f3n de papel de aluminio de desecho: el devanado exterior de la rueda del cabello y el devanado interno del devanado. El enrollado interior de la l\u00e1mina es m\u00e1s conveniente y el dispositivo de alimentaci\u00f3n longitudinal de la l\u00e1mina se puede extraer en su totalidad para facilitar su operaci\u00f3n. Tiene un dispositivo autom\u00e1tico de prensado de l\u00e1mina para evitar rayar la l\u00e1mina.<\/p>\n<\/div>\n<div class=\"news-post__content producttab\">\n<h5 class=\"has-text-align-left\">Especificaciones<\/h5>\n<table border=\"0\" width=\"100%\" cellspacing=\"0\" cellpadding=\"0\">\n<tbody>\n<tr>\n<td>M\u00e1x. Tama\u00f1o de papel<\/td>\n<td>1070\u00d7770mm<\/td>\n<\/tr>\n<tr>\n<td>M\u00edn. Tama\u00f1o de papel<\/td>\n<td>400\u00d7360 mm<\/td>\n<\/tr>\n<tr>\n<td>M\u00e1x. Tama\u00f1o de troquelado<\/td>\n<td>1040\u00d7750mm<\/td>\n<\/tr>\n<tr>\n<td>M\u00e1x. Gama de estampado<\/td>\n<td>1030\u00d7740mm<\/td>\n<\/tr>\n<tr>\n<td>M\u00e1x. Velocidad de troquelado<\/td>\n<td>7000 s\/h<\/td>\n<\/tr>\n<tr>\n<td>M\u00e1x. Velocidad de estampado<\/td>\n<td>6000 s\/h<\/td>\n<\/tr>\n<tr>\n<td>M\u00e1x. Altura de la pila de alimentaci\u00f3n<\/td>\n<td>1600 mm<\/td>\n<\/tr>\n<tr>\n<td>M\u00e1x. Altura de la pila de entrega<\/td>\n<td>1400 mm<\/td>\n<\/tr>\n<tr>\n<td>El grosor de una hoja<\/td>\n<td>Cart\u00f3n: 0,1-3 mm Papel corrugado: \u22644 mm<\/td>\n<\/tr>\n<tr>\n<td>Precisi\u00f3n de troquelado<\/td>\n<td>\u00b10,1 mm<\/td>\n<\/tr>\n<tr>\n<td>Temperatura de estampado<\/td>\n<td>0~200\u2103<\/td>\n<\/tr>\n<tr>\n<td>N\u00famero de zona de la placa calefactora<\/td>\n<td>12 unidades<\/td>\n<\/tr>\n<tr>\n<td>NO. de rodillos de aluminio<\/td>\n<td>\u00a0Verticales 3 y Horizontales 2<\/td>\n<\/tr>\n<tr>\n<td>M\u00e1x. Longitud<\/td>\n<td>1200\uff5e1500m<\/td>\n<\/tr>\n<tr>\n<td>M\u00e1x. Presi\u00f3n<\/td>\n<td>600T<\/td>\n<\/tr>\n<tr>\n<td>Peso total<\/td>\n<td>22T<\/td>\n<\/tr>\n<tr>\n<td>Potencia de zona de placa calefactora<\/td>\n<td>34kw<\/td>\n<\/tr>\n<tr>\n<td>Poder total<\/td>\n<td>70kw<\/td>\n<\/tr>\n<tr>\n<td>Dimensi\u00f3n global<\/td>\n<td>7700\u00d74300\u00d72500mm<\/td>\n<\/tr>\n<tr>\n<td colspan=\"2\">Especificaci\u00f3n de rendimiento de la secci\u00f3n de estampado de l\u00e1mina vertical<\/td>\n<\/tr>\n<tr>\n<td>M\u00e1x. ancho de la l\u00e1mina<\/td>\n<td>1030 mm<\/td>\n<\/tr>\n<tr>\n<td>M\u00edn. ancho de la l\u00e1mina<\/td>\n<td>25mm<\/td>\n<\/tr>\n<tr>\n<td>M\u00e1x. longitud de la l\u00e1mina de tracci\u00f3n<\/td>\n<td>760 mm<\/td>\n<\/tr>\n<tr>\n<td>M\u00e1x. Di\u00e1metro del rollo de l\u00e1mina de tracci\u00f3n<\/td>\n<td>\u00f8200mm<\/td>\n<\/tr>\n<tr>\n<td colspan=\"2\">Especificaci\u00f3n de rendimiento de la secci\u00f3n de estampado de l\u00e1mina horizontal<\/td>\n<\/tr>\n<tr>\n<td>M\u00e1x. ancho de la l\u00e1mina<\/td>\n<td>740 mm<\/td>\n<\/tr>\n<tr>\n<td>M\u00edn. ancho de la l\u00e1mina<\/td>\n<td>25mm<\/td>\n<\/tr>\n<tr>\n<td>M\u00e1x. longitud de la l\u00e1mina de tracci\u00f3n<\/td>\n<td>1060 mm<\/td>\n<\/tr>\n<tr>\n<td>M\u00e1x. Di\u00e1metro del rollo de l\u00e1mina de tracci\u00f3n<\/td>\n<td>\u00f8230mm<\/td>\n<\/tr>\n<tr>\n<td>Requisitos de aire (proporcionado por el comprador)<\/td>\n<td>0.8Mpa,&gt;0.36m\u00b3\/min<\/td>\n<\/tr>\n<\/tbody>\n<\/table>\n<\/div>","protected":false},"excerpt":{"rendered":"<p>\u25cfThe High series 600 ton pressure machine is positioned for high pressure heavy-duty die-cutting machines, characterized by high pressure, large part size, large machine weight, and long body life. \u25cfEquipped with the function of deep embossing, with a pressure of 600 tons, it can perform high pressure deep embossing work for a long time while [&hellip;]<\/p>","protected":false},"featured_media":1072,"comment_status":"open","ping_status":"closed","template":"","meta":[],"product_brand":[],"product_cat":[20],"product_tag":[],"class_list":{"0":"post-867","1":"product","2":"type-product","3":"status-publish","4":"has-post-thumbnail","6":"product_cat-foil-stamping-machine","8":"first","9":"instock","10":"shipping-taxable","11":"product-type-simple"},"featured_image_urls":{"full":["https:\/\/en.jiguo.net\/wp-content\/uploads\/2023\/02\/TMY-1060.jpg",1360,657,false],"thumbnail":["https:\/\/en.jiguo.net\/wp-content\/uploads\/2023\/02\/TMY-1060-150x150.jpg",84,84,true],"medium":["https:\/\/en.jiguo.net\/wp-content\/uploads\/2023\/02\/TMY-1060-300x145.jpg",300,145,true],"medium_large":["https:\/\/en.jiguo.net\/wp-content\/uploads\/2023\/02\/TMY-1060-768x371.jpg",768,371,true],"large":["https:\/\/en.jiguo.net\/wp-content\/uploads\/2023\/02\/TMY-1060-1024x495.jpg",1024,495,true],"1536x1536":["https:\/\/en.jiguo.net\/wp-content\/uploads\/2023\/02\/TMY-1060.jpg",1360,657,false],"2048x2048":["https:\/\/en.jiguo.net\/wp-content\/uploads\/2023\/02\/TMY-1060.jpg",1360,657,false],"trp-custom-language-flag":["https:\/\/en.jiguo.net\/wp-content\/uploads\/2023\/02\/TMY-1060-18x9.jpg",18,9,true],"woocommerce_thumbnail":["https:\/\/en.jiguo.net\/wp-content\/uploads\/2023\/02\/TMY-1060-1200x600.jpg",1200,600,true],"woocommerce_single":["https:\/\/en.jiguo.net\/wp-content\/uploads\/2023\/02\/TMY-1060-1300x628.jpg",1300,628,true],"woocommerce_gallery_thumbnail":["https:\/\/en.jiguo.net\/wp-content\/uploads\/2023\/02\/TMY-1060-100x100.jpg",100,100,true]},"post_excerpt_stackable":"<p>\u25cfThe High series 600 ton pressure machine is positioned for high pressure heavy-duty die-cutting machines, characterized by high pressure, large part size, large machine weight, and long body life. \u25cfEquipped with the function of deep embossing, with a pressure of 600 tons, it can perform high pressure deep embossing work for a long time while still ensuring accuracy and lifespan. \u25cfThere are two target customer groups for this model. Firstly, there are customers who have special needs to increase the pressure on the machine, such as works with thick paper such as die-cutting gray board paper, works with hard plastic&hellip;<\/p>\n","category_list":"","author_info":{"name":"","url":""},"comments_num":"0 comentarios","_links":{"self":[{"href":"https:\/\/en.jiguo.net\/es\/wp-json\/wp\/v2\/product\/867","targetHints":{"allow":["GET"]}}],"collection":[{"href":"https:\/\/en.jiguo.net\/es\/wp-json\/wp\/v2\/product"}],"about":[{"href":"https:\/\/en.jiguo.net\/es\/wp-json\/wp\/v2\/types\/product"}],"replies":[{"embeddable":true,"href":"https:\/\/en.jiguo.net\/es\/wp-json\/wp\/v2\/comments?post=867"}],"wp:featuredmedia":[{"embeddable":true,"href":"https:\/\/en.jiguo.net\/es\/wp-json\/wp\/v2\/media\/1072"}],"wp:attachment":[{"href":"https:\/\/en.jiguo.net\/es\/wp-json\/wp\/v2\/media?parent=867"}],"wp:term":[{"taxonomy":"product_brand","embeddable":true,"href":"https:\/\/en.jiguo.net\/es\/wp-json\/wp\/v2\/product_brand?post=867"},{"taxonomy":"product_cat","embeddable":true,"href":"https:\/\/en.jiguo.net\/es\/wp-json\/wp\/v2\/product_cat?post=867"},{"taxonomy":"product_tag","embeddable":true,"href":"https:\/\/en.jiguo.net\/es\/wp-json\/wp\/v2\/product_tag?post=867"}],"curies":[{"name":"wp","href":"https:\/\/api.w.org\/{rel}","templated":true}]}}