{"id":862,"date":"2023-02-12T23:14:02","date_gmt":"2023-02-12T15:14:02","guid":{"rendered":"https:\/\/demo.alternativeto.cc\/?post_type=product&#038;p=862"},"modified":"2026-01-27T05:05:54","modified_gmt":"2026-01-26T21:05:54","slug":"my-802h","status":"publish","type":"product","link":"https:\/\/en.jiguo.net\/es\/producto\/my-802h\/","title":{"rendered":"TMY-800H M\u00e1quina troqueladora y estampadora autom\u00e1tica de l\u00e1minas"},"content":{"rendered":"<div class=\"news-post__content producttab\">\n<p>\u25cfMejorar la fuerza del cuerpo de la fila de dientes, reducir el ruido, dientes m\u00f3viles, fijaci\u00f3n de dientes para mejorar, adecuado para un trabajo bucal o bucal.<br \/>\n\u25cfMejora la resistencia lateral, la vida \u00fatil de las piezas de desgaste se extiende por completo y la seguridad.<br \/>\n\u25cfMejora el mecanismo de cambio de velocidad de alimentaci\u00f3n, hace que el posicionamiento del papel sea m\u00e1s preciso, puede garantizar el procesamiento de papel grueso y es m\u00e1s adecuado para papel tis\u00fa.<br \/>\n\u25cfEl marco de placa de acero redise\u00f1ado, la estructura del bastidor, el marco de bloqueo m\u00e1s el dispositivo limitador, por lo que es m\u00e1s propicio para el procesamiento y el manejo es m\u00e1s conveniente.<br \/>\n\u25cfLa parte delantera sirve para ajustar el modo de transmisi\u00f3n de engranajes c\u00f3nicos. Coloque el costado en la superficie de operaci\u00f3n para una ubicaci\u00f3n lateral fija y el tirador del lado del operador de uso com\u00fan se adapta. Un dispositivo de posicionamiento lateral m\u00f3vil est\u00e1 en el lado de la superficie de accionamiento, utilizando la columna gu\u00eda, lo que es muy favorable para la precisi\u00f3n del posicionamiento lateral.<br \/>\n\u25cfLa parte de estampado adopta el controlador de movimiento de alto rendimiento, control centralizado. Salta con suavidad y precisi\u00f3n.<\/p>\n<\/div>\n<div class=\"news-post__content producttab\">\n<h5 class=\"has-text-align-left\">Especificaciones<\/h5>\n<table border=\"0\" width=\"100%\" cellspacing=\"0\" cellpadding=\"0\">\n<tbody>\n<tr>\n<td>M\u00e1x. Tama\u00f1o de papel<\/td>\n<td>810\u00d7610mm<\/td>\n<\/tr>\n<tr>\n<td>M\u00edn. Tama\u00f1o de papel<\/td>\n<td>320\u00d7240mm<\/td>\n<\/tr>\n<tr>\n<td>M\u00e1x. Tama\u00f1o de troquelado<\/td>\n<td>790\u00d7590mm<\/td>\n<\/tr>\n<tr>\n<td>M\u00e1x. Gama de estampado<\/td>\n<td>750\u00d7540mm<\/td>\n<\/tr>\n<tr>\n<td>M\u00e1x. Velocidad de troquelado<\/td>\n<td>7500 s\/h<\/td>\n<\/tr>\n<tr>\n<td>M\u00e1x. Velocidad de estampado<\/td>\n<td>6000 s\/h<\/td>\n<\/tr>\n<tr>\n<td>M\u00e1x. Altura de la pila de alimentaci\u00f3n<\/td>\n<td>1400 mm<\/td>\n<\/tr>\n<tr>\n<td>M\u00e1x. Altura de la pila de entrega<\/td>\n<td>1200 mm<\/td>\n<\/tr>\n<tr>\n<td>El grosor de una hoja<\/td>\n<td>Cart\u00f3n: 0,1-1,5 mm Papel corrugado: \u22644 mm<\/td>\n<\/tr>\n<tr>\n<td>M\u00e1x. Di\u00e1metro del rollo de l\u00e1mina de tracci\u00f3n<\/td>\n<td>\u00f8200mm<\/td>\n<\/tr>\n<tr>\n<td>Precisi\u00f3n de troquelado<\/td>\n<td>\u00b10,1 mm<\/td>\n<\/tr>\n<tr>\n<td>Temperatura de estampado<\/td>\n<td>0~200\u2103<\/td>\n<\/tr>\n<tr>\n<td>N\u00famero de zona de la placa calefactora<\/td>\n<td>10<\/td>\n<\/tr>\n<tr>\n<td>N\u00b0 de rodillos de aluminio<\/td>\n<td>Verticales 3 y Horizontales 2<\/td>\n<\/tr>\n<tr>\n<td>M\u00e1x. Longitud<\/td>\n<td>1200\uff5e1500m<\/td>\n<\/tr>\n<tr>\n<td>M\u00e1x. Presi\u00f3n<\/td>\n<td>250T<\/td>\n<\/tr>\n<tr>\n<td>Peso total<\/td>\n<td>12,5 toneladas<\/td>\n<\/tr>\n<tr>\n<td>Potencia de zona de placa calefactora<\/td>\n<td>26kw<\/td>\n<\/tr>\n<tr>\n<td>Poder total<\/td>\n<td>53kw<\/td>\n<\/tr>\n<tr>\n<td>Dimensi\u00f3n global<\/td>\n<td>6400\u00d73830\u00d72200mm<\/td>\n<\/tr>\n<tr>\n<td>Especificaci\u00f3n de rendimiento de la secci\u00f3n de estampado de l\u00e1mina vertical<\/td>\n<td><\/td>\n<\/tr>\n<tr>\n<td>M\u00e1x. ancho de la l\u00e1mina<\/td>\n<td>750 mm<\/td>\n<\/tr>\n<tr>\n<td>M\u00edn. ancho de la l\u00e1mina<\/td>\n<td>25mm<\/td>\n<\/tr>\n<tr>\n<td>M\u00e1x. longitud de la l\u00e1mina de tracci\u00f3n<\/td>\n<td>600 mm<\/td>\n<\/tr>\n<tr>\n<td>Especificaci\u00f3n de rendimiento de la secci\u00f3n de estampado de l\u00e1mina horizontal<\/td>\n<td><\/td>\n<\/tr>\n<tr>\n<td>M\u00e1x. ancho de la l\u00e1mina<\/td>\n<td>540 mm<\/td>\n<\/tr>\n<tr>\n<td>M\u00edn. ancho de la l\u00e1mina<\/td>\n<td>25mm<\/td>\n<\/tr>\n<tr>\n<td>M\u00e1x. longitud de la l\u00e1mina de tracci\u00f3n<\/td>\n<td>800 mm<\/td>\n<\/tr>\n<tr>\n<td>M\u00e1x. Di\u00e1metro del rollo de l\u00e1mina de tracci\u00f3n<\/td>\n<td>\u03c6220mm<\/td>\n<\/tr>\n<tr>\n<td>Requisitos de aire (proporcionado por el comprador)<\/td>\n<td>0.8Mpa,&gt;0.36m\u00b3\/min<\/td>\n<\/tr>\n<\/tbody>\n<\/table>\n<\/div>","protected":false},"excerpt":{"rendered":"<p>\u25cfImprove the tooth row body strength, reduce the noise, movable tooth, tooth fixation to make improvement, suitable for a mouth or mouth work. \u25cfImprove the side lay strength, the service life of wearing parts are fully extended and security. \u25cfEnhance the feeding speed change mechanism, make the paper more accurate positioning, can guarantee the processing [&hellip;]<\/p>","protected":false},"featured_media":1071,"comment_status":"open","ping_status":"closed","template":"","meta":[],"product_brand":[],"product_cat":[20],"product_tag":[],"class_list":{"0":"post-862","1":"product","2":"type-product","3":"status-publish","4":"has-post-thumbnail","6":"product_cat-foil-stamping-machine","8":"first","9":"instock","10":"shipping-taxable","11":"product-type-simple"},"featured_image_urls":{"full":["https:\/\/en.jiguo.net\/wp-content\/uploads\/2023\/02\/TMY-800H.jpg",1360,657,false],"thumbnail":["https:\/\/en.jiguo.net\/wp-content\/uploads\/2023\/02\/TMY-800H-150x150.jpg",84,84,true],"medium":["https:\/\/en.jiguo.net\/wp-content\/uploads\/2023\/02\/TMY-800H-300x145.jpg",300,145,true],"medium_large":["https:\/\/en.jiguo.net\/wp-content\/uploads\/2023\/02\/TMY-800H-768x371.jpg",768,371,true],"large":["https:\/\/en.jiguo.net\/wp-content\/uploads\/2023\/02\/TMY-800H-1024x495.jpg",1024,495,true],"1536x1536":["https:\/\/en.jiguo.net\/wp-content\/uploads\/2023\/02\/TMY-800H.jpg",1360,657,false],"2048x2048":["https:\/\/en.jiguo.net\/wp-content\/uploads\/2023\/02\/TMY-800H.jpg",1360,657,false],"trp-custom-language-flag":["https:\/\/en.jiguo.net\/wp-content\/uploads\/2023\/02\/TMY-800H-18x9.jpg",18,9,true],"woocommerce_thumbnail":["https:\/\/en.jiguo.net\/wp-content\/uploads\/2023\/02\/TMY-800H-1200x600.jpg",1200,600,true],"woocommerce_single":["https:\/\/en.jiguo.net\/wp-content\/uploads\/2023\/02\/TMY-800H-1300x628.jpg",1300,628,true],"woocommerce_gallery_thumbnail":["https:\/\/en.jiguo.net\/wp-content\/uploads\/2023\/02\/TMY-800H-100x100.jpg",100,100,true]},"post_excerpt_stackable":"<p>\u25cfImprove the tooth row body strength, reduce the noise, movable tooth, tooth fixation to make improvement, suitable for a mouth or mouth work. \u25cfImprove the side lay strength, the service life of wearing parts are fully extended and security. \u25cfEnhance the feeding speed change mechanism, make the paper more accurate positioning, can guarantee the processing of thick paper, and is more suitable for tissue paper. \u25cfThe redesigned steel plate frame, the rack structure, lock frame plus limiting device, so it is more conducive to processing, handling more convenient. \u25cfThe front lay to adjust the bevel gear transmission mode. Position the&hellip;<\/p>\n","category_list":"","author_info":{"name":"","url":""},"comments_num":"0 comentarios","_links":{"self":[{"href":"https:\/\/en.jiguo.net\/es\/wp-json\/wp\/v2\/product\/862","targetHints":{"allow":["GET"]}}],"collection":[{"href":"https:\/\/en.jiguo.net\/es\/wp-json\/wp\/v2\/product"}],"about":[{"href":"https:\/\/en.jiguo.net\/es\/wp-json\/wp\/v2\/types\/product"}],"replies":[{"embeddable":true,"href":"https:\/\/en.jiguo.net\/es\/wp-json\/wp\/v2\/comments?post=862"}],"wp:featuredmedia":[{"embeddable":true,"href":"https:\/\/en.jiguo.net\/es\/wp-json\/wp\/v2\/media\/1071"}],"wp:attachment":[{"href":"https:\/\/en.jiguo.net\/es\/wp-json\/wp\/v2\/media?parent=862"}],"wp:term":[{"taxonomy":"product_brand","embeddable":true,"href":"https:\/\/en.jiguo.net\/es\/wp-json\/wp\/v2\/product_brand?post=862"},{"taxonomy":"product_cat","embeddable":true,"href":"https:\/\/en.jiguo.net\/es\/wp-json\/wp\/v2\/product_cat?post=862"},{"taxonomy":"product_tag","embeddable":true,"href":"https:\/\/en.jiguo.net\/es\/wp-json\/wp\/v2\/product_tag?post=862"}],"curies":[{"name":"wp","href":"https:\/\/api.w.org\/{rel}","templated":true}]}}