{"id":692,"date":"2023-02-09T06:36:34","date_gmt":"2023-02-08T22:36:34","guid":{"rendered":"https:\/\/demo.alternativeto.cc\/?post_type=product&#038;p=692"},"modified":"2023-06-14T19:22:02","modified_gmt":"2023-06-14T11:22:02","slug":"my-800h","status":"publish","type":"product","link":"https:\/\/en.jiguo.net\/es\/producto\/my-800h\/","title":{"rendered":"M\u00e1quina cortadora de l\u00e1minas DFQ-650C"},"content":{"rendered":"<div class=\"news-post__content producttab\">\n<p>La precisi\u00f3n del corte de l\u00e1mina con esta m\u00e1quina es alta, lo que reduce el ancho reservado, con un ahorro de entre 3 y 10 mm por rollo, lo que puede reducir considerablemente el costo. Este equipo tiene las ventajas de un dise\u00f1o racional, f\u00e1cil operaci\u00f3n, suavidad en el giro del rollo, sin dislocaci\u00f3n hacia la izquierda y hacia la derecha, corte preciso de la varilla delantera y trasera, peque\u00f1a cobertura, rollos simples y dobles con desviaci\u00f3n rectificadora, funci\u00f3n de parada precisa medida en metros.<br \/>\nLa regulaci\u00f3n continua de la velocidad y la limpieza autom\u00e1tica se realizan con la ayuda de un transductor mejorado. Por lo tanto, es una opci\u00f3n ideal para los usuarios de corte de l\u00e1minas.<\/p>\n<\/div>\n<div class=\"news-post__content producttab\">\n<h5 class=\"has-text-align-left\">Especificaciones<\/h5>\n<table border=\"0\" width=\"100%\" cellspacing=\"0\" cellpadding=\"0\">\n<tbody>\n<tr>\n<td>N\u00facleo del rollo de papel<\/td>\n<td>25 mm, 80 mm<\/td>\n<\/tr>\n<tr>\n<td>M\u00e1x. Di\u00e1metro del rollo<\/td>\n<td>400 mm<\/td>\n<\/tr>\n<tr>\n<td>Ancho de corte<\/td>\n<td>15-650 mm<\/td>\n<\/tr>\n<tr>\n<td>Velocidad cortante<\/td>\n<td>0~120m\/minuto<\/td>\n<\/tr>\n<tr>\n<td>M\u00e1x. Di\u00e1metro del rollo de entrega<\/td>\n<td>500 mm<\/td>\n<\/tr>\n<tr>\n<td>M\u00e1x. Ancho del rollo de entrega<\/td>\n<td>650 mm<\/td>\n<\/tr>\n<tr>\n<td>Poder total<\/td>\n<td>2,2 kw<\/td>\n<\/tr>\n<tr>\n<td>M\u00e1x. N\u00fameros en el mostrador<\/td>\n<td>9999<\/td>\n<\/tr>\n<tr>\n<td>Rectificaci\u00f3n<\/td>\n<td>0~10mm<\/td>\n<\/tr>\n<tr>\n<td>Peso total<\/td>\n<td>1000 kilos<\/td>\n<\/tr>\n<tr>\n<td>Dimensiones totales<\/td>\n<td>1300\u00d71200\u00d71570mm<\/td>\n<\/tr>\n<tr>\n<td>Requisitos de aire (proporcionado por el comprador)<\/td>\n<td>0,5 MPa<\/td>\n<\/tr>\n<\/tbody>\n<\/table>\n<\/div>","protected":false},"excerpt":{"rendered":"<p>The precision of foil cut by this machine is high, which reduces the reserved width, with about 3-10mm saved per roll, which can consider ably reduce the cost. This equipment has advantages of rational design, easy operation, smoothness in roll turning over, no left and right dislocation, accurate cutting of front and back rod, samll [&hellip;]<\/p>","protected":false},"featured_media":1109,"comment_status":"open","ping_status":"closed","template":"","meta":[],"product_brand":[],"product_cat":[20],"product_tag":[],"class_list":{"0":"post-692","1":"product","2":"type-product","3":"status-publish","4":"has-post-thumbnail","6":"product_cat-foil-stamping-machine","8":"first","9":"instock","10":"shipping-taxable","11":"product-type-simple"},"featured_image_urls":{"full":["https:\/\/en.jiguo.net\/wp-content\/uploads\/2023\/02\/DFQ-650C-1.jpg",1360,657,false],"thumbnail":["https:\/\/en.jiguo.net\/wp-content\/uploads\/2023\/02\/DFQ-650C-1-150x150.jpg",84,84,true],"medium":["https:\/\/en.jiguo.net\/wp-content\/uploads\/2023\/02\/DFQ-650C-1-300x145.jpg",300,145,true],"medium_large":["https:\/\/en.jiguo.net\/wp-content\/uploads\/2023\/02\/DFQ-650C-1-768x371.jpg",768,371,true],"large":["https:\/\/en.jiguo.net\/wp-content\/uploads\/2023\/02\/DFQ-650C-1-1024x495.jpg",1024,495,true],"1536x1536":["https:\/\/en.jiguo.net\/wp-content\/uploads\/2023\/02\/DFQ-650C-1.jpg",1360,657,false],"2048x2048":["https:\/\/en.jiguo.net\/wp-content\/uploads\/2023\/02\/DFQ-650C-1.jpg",1360,657,false],"trp-custom-language-flag":["https:\/\/en.jiguo.net\/wp-content\/uploads\/2023\/02\/DFQ-650C-1.jpg",18,9,false],"woocommerce_thumbnail":["https:\/\/en.jiguo.net\/wp-content\/uploads\/2023\/02\/DFQ-650C-1-1200x600.jpg",1200,600,true],"woocommerce_single":["https:\/\/en.jiguo.net\/wp-content\/uploads\/2023\/02\/DFQ-650C-1-1300x628.jpg",1300,628,true],"woocommerce_gallery_thumbnail":["https:\/\/en.jiguo.net\/wp-content\/uploads\/2023\/02\/DFQ-650C-1-100x100.jpg",100,100,true]},"post_excerpt_stackable":"<p>The precision of foil cut by this machine is high, which reduces the reserved width, with about 3-10mm saved per roll, which can consider ably reduce the cost. This equipment has advantages of rational design, easy operation, smoothness in roll turning over, no left and right dislocation, accurate cutting of front and back rod, samll coverage, single and double rolls with rectifying deviation, accurate meter-measured function for stop. Stepless speed regulation and automatic cleaning are realized with the help of improted transducer. Therefore it is an ideal choice for the foil-cutting users. Specifications Core of Paper Roll 25mm\u300180mm Max. Roll&hellip;<\/p>\n","category_list":"","author_info":{"name":"","url":""},"comments_num":"0 comentarios","_links":{"self":[{"href":"https:\/\/en.jiguo.net\/es\/wp-json\/wp\/v2\/product\/692","targetHints":{"allow":["GET"]}}],"collection":[{"href":"https:\/\/en.jiguo.net\/es\/wp-json\/wp\/v2\/product"}],"about":[{"href":"https:\/\/en.jiguo.net\/es\/wp-json\/wp\/v2\/types\/product"}],"replies":[{"embeddable":true,"href":"https:\/\/en.jiguo.net\/es\/wp-json\/wp\/v2\/comments?post=692"}],"wp:featuredmedia":[{"embeddable":true,"href":"https:\/\/en.jiguo.net\/es\/wp-json\/wp\/v2\/media\/1109"}],"wp:attachment":[{"href":"https:\/\/en.jiguo.net\/es\/wp-json\/wp\/v2\/media?parent=692"}],"wp:term":[{"taxonomy":"product_brand","embeddable":true,"href":"https:\/\/en.jiguo.net\/es\/wp-json\/wp\/v2\/product_brand?post=692"},{"taxonomy":"product_cat","embeddable":true,"href":"https:\/\/en.jiguo.net\/es\/wp-json\/wp\/v2\/product_cat?post=692"},{"taxonomy":"product_tag","embeddable":true,"href":"https:\/\/en.jiguo.net\/es\/wp-json\/wp\/v2\/product_tag?post=692"}],"curies":[{"name":"wp","href":"https:\/\/api.w.org\/{rel}","templated":true}]}}