{"id":1703,"date":"2023-06-10T08:55:21","date_gmt":"2023-06-10T00:55:21","guid":{"rendered":"https:\/\/ru.jiguo.net\/?post_type=product&#038;p=1703"},"modified":"2023-06-14T17:48:41","modified_gmt":"2023-06-14T09:48:41","slug":"myrp-1500high-automatic-hot-embossing-die-cutting-stripping-machine%ef%bc%88heavy%ef%bc%89","status":"publish","type":"product","link":"https:\/\/en.jiguo.net\/es\/producto\/myrp-1500high-automatic-hot-embossing-die-cutting-stripping-machine%ef%bc%88heavy%ef%bc%89\/","title":{"rendered":"MYRP-1500M\u00e1quina autom\u00e1tica de estampado en caliente, troquelado y decapado (pesada)"},"content":{"rendered":"<div class=\"news-post__content producttab\">\n<p>\u25cfLa m\u00e1quina de alta presi\u00f3n de 600 toneladas est\u00e1 posicionada para m\u00e1quinas troqueladoras de alta presi\u00f3n y servicio pesado, caracterizadas por alta presi\u00f3n, gran tama\u00f1o de pieza, gran peso de m\u00e1quina y larga vida \u00fatil.<br \/>\n\u25cfHay dos grupos de clientes objetivo para este modelo. En primer lugar, hay clientes que tienen necesidades especiales para aumentar la presi\u00f3n sobre la m\u00e1quina, como trabajos con papel grueso como el papel de cart\u00f3n gris para troquelado, trabajos con materiales pl\u00e1sticos duros como PVC y PET, trabajos con productos como troquelado. cortar rompecabezas que tienen muchas piezas y l\u00edneas de corte, etc. En segundo lugar, los clientes que desean comprar buenas m\u00e1quinas, aquellos que tienen requisitos de calidad, prestan m\u00e1s atenci\u00f3n a la calidad y la artesan\u00eda de los materiales y desean comprar m\u00e1quinas duraderas, lo que brinda una mejor opci\u00f3n para estos clientes.<br \/>\n\u25cfCadenas principales, cojinetes de transmisi\u00f3n principal, PLC, convertidores de frecuencia y varios interruptores el\u00e9ctricos importados, con excelente rendimiento, precisi\u00f3n de troquelado y larga vida \u00fatil.<br \/>\n\u25cfLos componentes de la carrocer\u00eda se producen utilizando un centro de mecanizado con alta precisi\u00f3n y est\u00e1n hechos de materiales de acero especiales, que pueden soportar cargas de alta presi\u00f3n y tienen una gran durabilidad.<br \/>\n\u25cfAgregue una funci\u00f3n opcional de uso de una persiana enrollable controlada el\u00e9ctricamente como funci\u00f3n de recepci\u00f3n autom\u00e1tica de papel sin parar, que es m\u00e1s r\u00e1pida que las funciones manuales.<br \/>\n\u25cfSe han agregado m\u00faltiples funciones de ajuste autom\u00e1tico para una operaci\u00f3n m\u00e1s conveniente. Herramienta opcional de biblioteca de marcos troquelados.<\/p>\n<\/div>\n<div class=\"news-post__content producttab\">\n<h5 class=\"has-text-align-left\">Especificaciones<\/h5>\n<hr class=\"wp-block-separator\" \/>\n<table border=\"0\" width=\"100%\" cellspacing=\"0\" cellpadding=\"0\">\n<tbody>\n<tr class=\"firstRow\">\n<td>Modelo<\/td>\n<td>MYRP-1500Alto<\/td>\n<\/tr>\n<tr>\n<td>M\u00e1x. Tama\u00f1o de papel<\/td>\n<td>1500\u00d71105mm<\/td>\n<\/tr>\n<tr>\n<td>M\u00edn. Tama\u00f1o de papel<\/td>\n<td>500\u00d7420 mm<\/td>\n<\/tr>\n<tr>\n<td>M\u00e1x. Tama\u00f1o de troquelado<\/td>\n<td>1480\u00d71090mm<\/td>\n<\/tr>\n<tr>\n<td>M\u00e1x. Velocidad de carrera<\/td>\n<td>5500 hojas\/h<\/td>\n<\/tr>\n<tr>\n<td>M\u00e1x. Presi\u00f3n<\/td>\n<td>600T<\/td>\n<\/tr>\n<tr>\n<td>El grosor de una hoja<\/td>\n<td>Cart\u00f3n: papel corrugado de 0,1 ~ 4 mm &lt;8 mm<\/td>\n<\/tr>\n<tr>\n<td>M\u00edn. Borde de agarre<\/td>\n<td>8mm<\/td>\n<\/tr>\n<tr>\n<td>Poder total<\/td>\n<td>62kw<\/td>\n<\/tr>\n<tr>\n<td>Peso neto<\/td>\n<td>25T<\/td>\n<\/tr>\n<tr>\n<td>Dimensi\u00f3n global<\/td>\n<td>9200\u00d75100\u00d72260mm<\/td>\n<\/tr>\n<tr>\n<td>Requisitos de aire (proporcionado por el comprador)<\/td>\n<td>0.8Mpa,&gt;0.36m\u00b3\/min<\/td>\n<\/tr>\n<\/tbody>\n<\/table>\n<\/div>","protected":false},"excerpt":{"rendered":"<p>\u25cfThe High series 600 ton pressure machine is positioned for high pressure heavy-duty die-cutting machines, characterized by high pressure, large part size, large machine weight, and long body life. \u25cfThere are two target customer groups for this model. Firstly, there are customers who have special needs to increase the pressure on the machine, such as [&hellip;]<\/p>","protected":false},"featured_media":1704,"comment_status":"open","ping_status":"closed","template":"","meta":[],"product_brand":[],"product_cat":[22],"product_tag":[],"class_list":{"0":"post-1703","1":"product","2":"type-product","3":"status-publish","4":"has-post-thumbnail","6":"product_cat-hot-embossing-machine","8":"first","9":"instock","10":"shipping-taxable","11":"product-type-simple"},"featured_image_urls":{"full":["https:\/\/en.jiguo.net\/wp-content\/uploads\/2023\/06\/1-10.jpg",1360,657,false],"thumbnail":["https:\/\/en.jiguo.net\/wp-content\/uploads\/2023\/06\/1-10-150x72.jpg",150,72,true],"medium":["https:\/\/en.jiguo.net\/wp-content\/uploads\/2023\/06\/1-10-300x145.jpg",300,145,true],"medium_large":["https:\/\/en.jiguo.net\/wp-content\/uploads\/2023\/06\/1-10-768x371.jpg",768,371,true],"large":["https:\/\/en.jiguo.net\/wp-content\/uploads\/2023\/06\/1-10-1024x495.jpg",1024,495,true],"1536x1536":["https:\/\/en.jiguo.net\/wp-content\/uploads\/2023\/06\/1-10.jpg",1360,657,false],"2048x2048":["https:\/\/en.jiguo.net\/wp-content\/uploads\/2023\/06\/1-10.jpg",1360,657,false],"trp-custom-language-flag":["https:\/\/en.jiguo.net\/wp-content\/uploads\/2023\/06\/1-10-18x9.jpg",18,9,true],"woocommerce_thumbnail":["https:\/\/en.jiguo.net\/wp-content\/uploads\/2023\/06\/1-10-1200x600.jpg",1200,600,true],"woocommerce_single":["https:\/\/en.jiguo.net\/wp-content\/uploads\/2023\/06\/1-10-1300x628.jpg",1300,628,true],"woocommerce_gallery_thumbnail":["https:\/\/en.jiguo.net\/wp-content\/uploads\/2023\/06\/1-10-100x100.jpg",100,100,true]},"post_excerpt_stackable":"<p>\u25cfThe High series 600 ton pressure machine is positioned for high pressure heavy-duty die-cutting machines, characterized by high pressure, large part size, large machine weight, and long body life. \u25cfThere are two target customer groups for this model. Firstly, there are customers who have special needs to increase the pressure on the machine, such as works with thick paper such as die-cutting gray board paper, works with hard plastic materials such as PVC and PET, works with products such as die-cutting jigsaw puzzles that have a lot of cutting pieces and cutting lines, and so on. Secondly, customers who want&hellip;<\/p>\n","category_list":"","author_info":{"name":"","url":""},"comments_num":"0 comentarios","_links":{"self":[{"href":"https:\/\/en.jiguo.net\/es\/wp-json\/wp\/v2\/product\/1703","targetHints":{"allow":["GET"]}}],"collection":[{"href":"https:\/\/en.jiguo.net\/es\/wp-json\/wp\/v2\/product"}],"about":[{"href":"https:\/\/en.jiguo.net\/es\/wp-json\/wp\/v2\/types\/product"}],"replies":[{"embeddable":true,"href":"https:\/\/en.jiguo.net\/es\/wp-json\/wp\/v2\/comments?post=1703"}],"wp:featuredmedia":[{"embeddable":true,"href":"https:\/\/en.jiguo.net\/es\/wp-json\/wp\/v2\/media\/1704"}],"wp:attachment":[{"href":"https:\/\/en.jiguo.net\/es\/wp-json\/wp\/v2\/media?parent=1703"}],"wp:term":[{"taxonomy":"product_brand","embeddable":true,"href":"https:\/\/en.jiguo.net\/es\/wp-json\/wp\/v2\/product_brand?post=1703"},{"taxonomy":"product_cat","embeddable":true,"href":"https:\/\/en.jiguo.net\/es\/wp-json\/wp\/v2\/product_cat?post=1703"},{"taxonomy":"product_tag","embeddable":true,"href":"https:\/\/en.jiguo.net\/es\/wp-json\/wp\/v2\/product_tag?post=1703"}],"curies":[{"name":"wp","href":"https:\/\/api.w.org\/{rel}","templated":true}]}}