{"id":1651,"date":"2023-06-08T17:01:58","date_gmt":"2023-06-08T09:01:58","guid":{"rendered":"https:\/\/ru.jiguo.net\/?post_type=product&#038;p=1651"},"modified":"2023-06-14T18:26:58","modified_gmt":"2023-06-14T10:26:58","slug":"2rp-1060high-automatic-hot-embossing-foil-stamping-die-cutting-machineheavy","status":"publish","type":"product","link":"https:\/\/en.jiguo.net\/es\/producto\/2rp-1060high-automatic-hot-embossing-foil-stamping-die-cutting-machineheavy\/","title":{"rendered":"2RP-1060M\u00e1quina autom\u00e1tica de estampado en caliente, troquelado y decapado (presione dos veces en el paso)"},"content":{"rendered":"<div class=\"news-post__content producttab\">\u25cfLa \u201cm\u00e1quina todo en uno\u201d que comienza con el n\u00famero \u201c2\u201d es una larga l\u00ednea de conexi\u00f3n que permite que el papel pase por la m\u00e1quina solo una vez a trav\u00e9s de varias m\u00e1quinas para completar varios procesos como \u201cestampado en caliente\u201d, \u201cestampado profundo\u201d. \u201d, \u201ctroquelado\u201d y \u201cdesforrado\u201d.<br \/>\n\u25cfLa m\u00e1quina de alta presi\u00f3n de 600 toneladas est\u00e1 posicionada para m\u00e1quinas troqueladoras de alta presi\u00f3n y servicio pesado, caracterizadas por alta presi\u00f3n, gran tama\u00f1o de pieza, gran peso de m\u00e1quina y larga vida \u00fatil.<br \/>\n\u25cfEquipado con la funci\u00f3n de estampado profundo, con una presi\u00f3n de 600 toneladas, puede realizar trabajos de estampado profundo a alta presi\u00f3n durante mucho tiempo y al mismo tiempo garantizar precisi\u00f3n y vida \u00fatil.<br \/>\n\u25cf Hay dos grupos de clientes objetivo para este modelo. En primer lugar, hay clientes que tienen necesidades especiales para aumentar la presi\u00f3n sobre la m\u00e1quina, como trabajos con papel grueso como el papel de cart\u00f3n gris para troquelado, trabajos con materiales pl\u00e1sticos duros como PVC y PET, trabajos con productos como troquelado. cortar rompecabezas que tienen muchas piezas y l\u00edneas de corte, etc. En segundo lugar, los clientes que desean comprar buenas m\u00e1quinas, aquellos que tienen requisitos de calidad, prestan m\u00e1s atenci\u00f3n a la calidad y la artesan\u00eda de los materiales y desean comprar m\u00e1quinas duraderas, lo que brinda una mejor opci\u00f3n para estos clientes.<br \/>\n\u25cf Cadenas principales, cojinetes de transmisi\u00f3n principal, PLC, convertidores de frecuencia y diversos interruptores el\u00e9ctricos importados, con excelente rendimiento, precisi\u00f3n de troquelado y larga vida \u00fatil.<br \/>\n\u25cf Los componentes de la carrocer\u00eda se producen utilizando un centro de mecanizado con alta precisi\u00f3n y est\u00e1n hechos de materiales de acero especiales, que pueden soportar cargas de alta presi\u00f3n y tienen una gran durabilidad.<br \/>\n\u25cf Agregue una funci\u00f3n opcional de uso de una persiana enrollable controlada el\u00e9ctricamente como funci\u00f3n de recepci\u00f3n autom\u00e1tica de papel sin parar, que es m\u00e1s r\u00e1pida que las funciones manuales.<\/div>\n<div class=\"news-post__content producttab\">\n<h5 class=\"has-text-align-left\">Especificaciones<\/h5>\n<table border=\"0\" width=\"100%\" cellspacing=\"0\" cellpadding=\"0\">\n<tbody>\n<tr class=\"firstRow\">\n<td>Modelo<\/td>\n<td>2RP-1060Alto<\/td>\n<\/tr>\n<tr>\n<td>Tama\u00f1o m\u00e1ximo de papel<\/td>\n<td>1070\u00d7770mm<\/td>\n<\/tr>\n<tr>\n<td>M\u00edn. Tama\u00f1o de papel<\/td>\n<td>400\u00d7360 mm<\/td>\n<\/tr>\n<tr>\n<td>Tama\u00f1o m\u00e1ximo de troquelado<\/td>\n<td>1040\u00d7750mm<\/td>\n<\/tr>\n<tr>\n<td>M\u00e1x. Gama de estampado<\/td>\n<td>1030\u00d7740mm<\/td>\n<\/tr>\n<tr>\n<td>M\u00e1x. Velocidad de carrera<\/td>\n<td>7000 s\/h<\/td>\n<\/tr>\n<tr>\n<td>M\u00e1x. Altura de la pila de alimentaci\u00f3n<\/td>\n<td>1600 mm<\/td>\n<\/tr>\n<tr>\n<td>M\u00e1x. Altura de la pila de entrega<\/td>\n<td>1400 mm<\/td>\n<\/tr>\n<tr>\n<td>El grosor de una hoja<\/td>\n<td>(Cart\u00f3n): 0,1-3 mm Papel corrugado: \u2264 4 mm<\/td>\n<\/tr>\n<tr>\n<td>Precisi\u00f3n de troquelado<\/td>\n<td>\u00b10,1 mm<\/td>\n<\/tr>\n<tr>\n<td>Temperatura de estampado<\/td>\n<td>0~200\u2103<\/td>\n<\/tr>\n<tr>\n<td>M\u00e1x. Presi\u00f3n<\/td>\n<td>600T<\/td>\n<\/tr>\n<tr>\n<td>Peso total<\/td>\n<td>40T<\/td>\n<\/tr>\n<tr>\n<td>Potencia de zona de placa calefactora<\/td>\n<td>34kw<\/td>\n<\/tr>\n<tr>\n<td>Poder total<\/td>\n<td>70kw<\/td>\n<\/tr>\n<tr>\n<td>Dimensi\u00f3n global<\/td>\n<td>10050\u00d74100\u00d72350mm<\/td>\n<\/tr>\n<tr>\n<td>Requisitos de aire (proporcionado por el comprador)<\/td>\n<td>0,8Mpa, &gt; 0,72m\u00b3\/min<\/td>\n<\/tr>\n<\/tbody>\n<\/table>\n<\/div>","protected":false},"excerpt":{"rendered":"<p>\u25cfThe &#8220;all-in-one machine&#8221; starting with the number &#8220;2&#8221; is a long linkage line that allows the paper to pass through the machine only once through multiple machines to complete various processes such as &#8220;hot stamping&#8221;, &#8220;deep embossing&#8221;, &#8220;die cutting&#8221;, and &#8220;stripping&#8221;. \u25cfThe High series 600 ton pressure machine is positioned for high pressure heavy-duty die-cutting [&hellip;]<\/p>","protected":false},"featured_media":1652,"comment_status":"open","ping_status":"closed","template":"","meta":[],"product_brand":[],"product_cat":[22],"product_tag":[],"class_list":{"0":"post-1651","1":"product","2":"type-product","3":"status-publish","4":"has-post-thumbnail","6":"product_cat-hot-embossing-machine","8":"first","9":"instock","10":"shipping-taxable","11":"product-type-simple"},"featured_image_urls":{"full":["https:\/\/en.jiguo.net\/wp-content\/uploads\/2023\/06\/1-4.jpg",1360,657,false],"thumbnail":["https:\/\/en.jiguo.net\/wp-content\/uploads\/2023\/06\/1-4-150x72.jpg",150,72,true],"medium":["https:\/\/en.jiguo.net\/wp-content\/uploads\/2023\/06\/1-4-300x145.jpg",300,145,true],"medium_large":["https:\/\/en.jiguo.net\/wp-content\/uploads\/2023\/06\/1-4-768x371.jpg",768,371,true],"large":["https:\/\/en.jiguo.net\/wp-content\/uploads\/2023\/06\/1-4-1024x495.jpg",1024,495,true],"1536x1536":["https:\/\/en.jiguo.net\/wp-content\/uploads\/2023\/06\/1-4.jpg",1360,657,false],"2048x2048":["https:\/\/en.jiguo.net\/wp-content\/uploads\/2023\/06\/1-4.jpg",1360,657,false],"trp-custom-language-flag":["https:\/\/en.jiguo.net\/wp-content\/uploads\/2023\/06\/1-4-18x9.jpg",18,9,true],"woocommerce_thumbnail":["https:\/\/en.jiguo.net\/wp-content\/uploads\/2023\/06\/1-4-1200x600.jpg",1200,600,true],"woocommerce_single":["https:\/\/en.jiguo.net\/wp-content\/uploads\/2023\/06\/1-4-1300x628.jpg",1300,628,true],"woocommerce_gallery_thumbnail":["https:\/\/en.jiguo.net\/wp-content\/uploads\/2023\/06\/1-4-100x100.jpg",100,100,true]},"post_excerpt_stackable":"<p>\u25cfThe &#8220;all-in-one machine&#8221; starting with the number &#8220;2&#8221; is a long linkage line that allows the paper to pass through the machine only once through multiple machines to complete various processes such as &#8220;hot stamping&#8221;, &#8220;deep embossing&#8221;, &#8220;die cutting&#8221;, and &#8220;stripping&#8221;. \u25cfThe High series 600 ton pressure machine is positioned for high pressure heavy-duty die-cutting machines, characterized by high pressure, large part size, large machine weight, and long body life. \u25cfEquipped with the function of deep embossing, with a pressure of 600 tons, it can perform high pressure deep embossing work for a long time while still ensuring accuracy and&hellip;<\/p>\n","category_list":"","author_info":{"name":"","url":""},"comments_num":"0 comentarios","_links":{"self":[{"href":"https:\/\/en.jiguo.net\/es\/wp-json\/wp\/v2\/product\/1651","targetHints":{"allow":["GET"]}}],"collection":[{"href":"https:\/\/en.jiguo.net\/es\/wp-json\/wp\/v2\/product"}],"about":[{"href":"https:\/\/en.jiguo.net\/es\/wp-json\/wp\/v2\/types\/product"}],"replies":[{"embeddable":true,"href":"https:\/\/en.jiguo.net\/es\/wp-json\/wp\/v2\/comments?post=1651"}],"wp:featuredmedia":[{"embeddable":true,"href":"https:\/\/en.jiguo.net\/es\/wp-json\/wp\/v2\/media\/1652"}],"wp:attachment":[{"href":"https:\/\/en.jiguo.net\/es\/wp-json\/wp\/v2\/media?parent=1651"}],"wp:term":[{"taxonomy":"product_brand","embeddable":true,"href":"https:\/\/en.jiguo.net\/es\/wp-json\/wp\/v2\/product_brand?post=1651"},{"taxonomy":"product_cat","embeddable":true,"href":"https:\/\/en.jiguo.net\/es\/wp-json\/wp\/v2\/product_cat?post=1651"},{"taxonomy":"product_tag","embeddable":true,"href":"https:\/\/en.jiguo.net\/es\/wp-json\/wp\/v2\/product_tag?post=1651"}],"curies":[{"name":"wp","href":"https:\/\/api.w.org\/{rel}","templated":true}]}}