{"id":1627,"date":"2023-06-08T15:23:47","date_gmt":"2023-06-08T07:23:47","guid":{"rendered":"https:\/\/ru.jiguo.net\/?post_type=product&#038;p=1627"},"modified":"2023-06-14T17:55:49","modified_gmt":"2023-06-14T09:55:49","slug":"tmy-1680h-automatic-foil-stamping-die-cutting-machine","status":"publish","type":"product","link":"https:\/\/en.jiguo.net\/es\/producto\/tmy-1680h-automatic-foil-stamping-die-cutting-machine\/","title":{"rendered":"M\u00e1quina troqueladora y estampadora autom\u00e1tica de l\u00e1minas TMY-1680H"},"content":{"rendered":"<div class=\"news-post__content producttab\">\u25cfSe mejor\u00f3 la resistencia de la barra de agarre, se redujo el ruido y se optimiz\u00f3 el rendimiento de los dientes de agarre m\u00f3viles y fijos, haci\u00e9ndolo adecuado para diferentes trabajos con o sin borde de agarre.<br \/>\n\u25cfSe ha mejorado la resistencia de la disposici\u00f3n lateral y se ha ampliado y garantizado por completo la vida \u00fatil de las piezas vulnerables.<br \/>\n\u25cfMecanismo de cambio de velocidad de alimentaci\u00f3n de papel mejorado, lo que hace que el posicionamiento del papel sea m\u00e1s preciso, garantiza el procesamiento de papel grueso y lo hace m\u00e1s adecuado para papel fino.<br \/>\n\u25cfRedise\u00f1ar el marco troquelado con una estructura multifuncional que tiene dos m\u00e9todos de bloqueo, lo que permite una f\u00e1cil selecci\u00f3n seg\u00fan el producto. El proceso de cambio de placas troqueladas es m\u00e1s r\u00e1pido, lo que lo hace m\u00e1s propicio para los usuarios de procesamiento posterior a la impresi\u00f3n. Bloquee la placa troquelada con un dispositivo de l\u00edmite, haciendo m\u00e1s c\u00f3moda la carga y descarga.<br \/>\n\u25cfLa disposici\u00f3n frontal adopta un m\u00e9todo de ajuste de transmisi\u00f3n de engranaje tipo paraguas, que favorece la mejora de la precisi\u00f3n de la m\u00e1quina y hace que el ajuste sea m\u00e1s conveniente.<br \/>\n\u25cfEl posicionamiento lateral adopta un posicionamiento lateral bidireccional de la superficie de operaci\u00f3n y la superficie de transmisi\u00f3n. La superficie de operaci\u00f3n tiene una posici\u00f3n lateral fija, que es adecuada para la colocaci\u00f3n lateral de la superficie de operaci\u00f3n de uso com\u00fan. La superficie de transmisi\u00f3n es de posicionamiento lateral m\u00f3vil, utilizando un tipo de pilar gu\u00eda, lo cual es muy beneficioso para la precisi\u00f3n lateral.<br \/>\n\u25cfEl sistema de estampado adopta un modo de control de temperatura inteligente, que garantiza un calentamiento uniforme y r\u00e1pido. El control constante de la temperatura puede mejorar la estabilidad del efecto de estampado.<br \/>\n\u25cfLa estructura de estampado en caliente totalmente computarizada tiene un sistema de control de salto de l\u00e1mina que est\u00e1 optimizado para el control servo, con retracci\u00f3n y liberaci\u00f3n sincr\u00f3nica de la l\u00e1mina, tensi\u00f3n constante y m\u00e1s precisa.<br \/>\n\u25cfAgregue una funci\u00f3n opcional de dos m\u00e9todos de recolecci\u00f3n de papel de aluminio de desecho: el devanado exterior de la rueda del cabello y el devanado interno del devanado. El enrollado interior de la l\u00e1mina es m\u00e1s conveniente y el dispositivo de alimentaci\u00f3n longitudinal de la l\u00e1mina se puede extraer en su totalidad para facilitar su operaci\u00f3n. Tiene un dispositivo autom\u00e1tico de prensado de l\u00e1mina para evitar rayar la l\u00e1mina.<\/div>\n<div class=\"news-post__content producttab\">\n<h5 class=\"has-text-align-left\">Especificaciones<\/h5>\n<table border=\"0\" width=\"100%\" cellspacing=\"0\" cellpadding=\"0\">\n<tbody>\n<tr class=\"firstRow\">\n<td>Modelo<\/td>\n<td>TMY-1680H<\/td>\n<\/tr>\n<tr>\n<td>M\u00e1x. Tama\u00f1o de papel<\/td>\n<td>1680\u00d71235 mm<\/td>\n<\/tr>\n<tr>\n<td>M\u00edn. Tama\u00f1o de papel<\/td>\n<td>580\u00d7500mm<\/td>\n<\/tr>\n<tr>\n<td>M\u00e1x. Tama\u00f1o de troquelado<\/td>\n<td>1660\u00d71220 mm<\/td>\n<\/tr>\n<tr>\n<td>M\u00e1x. Gama de estampado<\/td>\n<td>1640\u00d71200mm<\/td>\n<\/tr>\n<tr>\n<td>M\u00e1x. Velocidad de carrera<\/td>\n<td>4500 s\/h<\/td>\n<\/tr>\n<tr>\n<td>M\u00e1x. Velocidad de estampado<\/td>\n<td>4200 s\/h<\/td>\n<\/tr>\n<tr>\n<td>M\u00e1x. Altura de la pila de alimentaci\u00f3n<\/td>\n<td>1650 mm<\/td>\n<\/tr>\n<tr>\n<td>M\u00e1x. Altura de la pila de entrega<\/td>\n<td>1500 mm<\/td>\n<\/tr>\n<tr>\n<td>El grosor de una hoja<\/td>\n<td>(Cart\u00f3n): 0,1-3 mm<br \/>\n(Papel corrugado):\u22644mm<\/td>\n<\/tr>\n<tr>\n<td>Precisi\u00f3n de troquelado<\/td>\n<td>\u00b10,12 mm<\/td>\n<\/tr>\n<tr>\n<td>Temperatura de estampado<\/td>\n<td>20~200\u2103<\/td>\n<\/tr>\n<tr>\n<td>N\u00famero total de zonas de placa calefactora<\/td>\n<td>18<\/td>\n<\/tr>\n<tr>\n<td>N\u00b0 de rodillos de aluminio<\/td>\n<td>Verticales 3 y Horizontales 2<\/td>\n<\/tr>\n<tr>\n<td>M\u00e1x. Longitud<\/td>\n<td>1200\uff5e1500m<\/td>\n<\/tr>\n<tr>\n<td>M\u00e1x. Presi\u00f3n<\/td>\n<td>600T<\/td>\n<\/tr>\n<tr>\n<td>Peso total<\/td>\n<td>28T<\/td>\n<\/tr>\n<tr>\n<td>Potencia de zona de placa calefactora<\/td>\n<td>60kw<\/td>\n<\/tr>\n<tr>\n<td>Poder total<\/td>\n<td>95kw<\/td>\n<\/tr>\n<tr>\n<td>Dimensi\u00f3n global<\/td>\n<td>10400\u00d75500\u00d72800mm<\/td>\n<\/tr>\n<tr>\n<td colspan=\"2\">Especificaci\u00f3n de rendimiento de la secci\u00f3n de estampado de l\u00e1mina vertical<\/td>\n<\/tr>\n<tr>\n<td>M\u00e1x. ancho de la l\u00e1mina<\/td>\n<td>1640 mm<\/td>\n<\/tr>\n<tr>\n<td>M\u00edn. ancho de la l\u00e1mina<\/td>\n<td>25mm<\/td>\n<\/tr>\n<tr>\n<td>M\u00e1x. longitud de la l\u00e1mina de tracci\u00f3n<\/td>\n<td>1200 mm<\/td>\n<\/tr>\n<tr>\n<td>M\u00e1x. Di\u00e1metro del rollo de l\u00e1mina de tracci\u00f3n<\/td>\n<td>\u00f8200mm<\/td>\n<\/tr>\n<tr>\n<td colspan=\"2\">Especificaci\u00f3n de rendimiento de la secci\u00f3n de estampado de l\u00e1mina horizontal<\/td>\n<\/tr>\n<tr>\n<td>M\u00e1x. ancho de la l\u00e1mina<\/td>\n<td>1200 mm<\/td>\n<\/tr>\n<tr>\n<td>M\u00edn. ancho de la l\u00e1mina<\/td>\n<td>25mm<\/td>\n<\/tr>\n<tr>\n<td>M\u00e1x. longitud de la l\u00e1mina de tracci\u00f3n<\/td>\n<td>1640 mm<\/td>\n<\/tr>\n<tr>\n<td>M\u00e1x. Di\u00e1metro del rollo de l\u00e1mina de tracci\u00f3n<\/td>\n<td>\u00f8230mm<\/td>\n<\/tr>\n<tr>\n<td>Requisitos de aire (proporcionado por el comprador)<\/td>\n<td>0.8Mpa,&gt;0.36m\u00b3\/min<\/td>\n<\/tr>\n<\/tbody>\n<\/table>\n<\/div>","protected":false},"excerpt":{"rendered":"<p>\u25cfImproved the strength of the gripper bar, reduced noise, and optimized the performance of movable and fixed gripper teeth, making it suitable for different jobs with or without a gripper edge. \u25cfThe strength of the side lay has been improved, and the service life of vulnerable parts has been fully extended and guaranteed. \u25cfEnhanced paper [&hellip;]<\/p>","protected":false},"featured_media":1629,"comment_status":"open","ping_status":"closed","template":"","meta":[],"product_brand":[],"product_cat":[20],"product_tag":[],"class_list":{"0":"post-1627","1":"product","2":"type-product","3":"status-publish","4":"has-post-thumbnail","6":"product_cat-foil-stamping-machine","8":"first","9":"instock","10":"shipping-taxable","11":"product-type-simple"},"featured_image_urls":{"full":["https:\/\/en.jiguo.net\/wp-content\/uploads\/2023\/06\/1-2.jpg",1360,657,false],"thumbnail":["https:\/\/en.jiguo.net\/wp-content\/uploads\/2023\/06\/1-2-150x72.jpg",150,72,true],"medium":["https:\/\/en.jiguo.net\/wp-content\/uploads\/2023\/06\/1-2-300x145.jpg",300,145,true],"medium_large":["https:\/\/en.jiguo.net\/wp-content\/uploads\/2023\/06\/1-2-768x371.jpg",768,371,true],"large":["https:\/\/en.jiguo.net\/wp-content\/uploads\/2023\/06\/1-2-1024x495.jpg",1024,495,true],"1536x1536":["https:\/\/en.jiguo.net\/wp-content\/uploads\/2023\/06\/1-2.jpg",1360,657,false],"2048x2048":["https:\/\/en.jiguo.net\/wp-content\/uploads\/2023\/06\/1-2.jpg",1360,657,false],"trp-custom-language-flag":["https:\/\/en.jiguo.net\/wp-content\/uploads\/2023\/06\/1-2-18x9.jpg",18,9,true],"woocommerce_thumbnail":["https:\/\/en.jiguo.net\/wp-content\/uploads\/2023\/06\/1-2-1200x600.jpg",1200,600,true],"woocommerce_single":["https:\/\/en.jiguo.net\/wp-content\/uploads\/2023\/06\/1-2-1300x628.jpg",1300,628,true],"woocommerce_gallery_thumbnail":["https:\/\/en.jiguo.net\/wp-content\/uploads\/2023\/06\/1-2-100x100.jpg",100,100,true]},"post_excerpt_stackable":"<p>\u25cfImproved the strength of the gripper bar, reduced noise, and optimized the performance of movable and fixed gripper teeth, making it suitable for different jobs with or without a gripper edge. \u25cfThe strength of the side lay has been improved, and the service life of vulnerable parts has been fully extended and guaranteed. \u25cfEnhanced paper feeding speed change mechanism, making paper positioning more accurate, ensuring the processing of thick paper and making it more suitable for thin paper. \u25cfRedesign the die-cut frame with a multifunctional structure that has two locking methods, allowing for easy selection based on the product. The&hellip;<\/p>\n","category_list":"","author_info":{"name":"","url":""},"comments_num":"0 comentarios","_links":{"self":[{"href":"https:\/\/en.jiguo.net\/es\/wp-json\/wp\/v2\/product\/1627","targetHints":{"allow":["GET"]}}],"collection":[{"href":"https:\/\/en.jiguo.net\/es\/wp-json\/wp\/v2\/product"}],"about":[{"href":"https:\/\/en.jiguo.net\/es\/wp-json\/wp\/v2\/types\/product"}],"replies":[{"embeddable":true,"href":"https:\/\/en.jiguo.net\/es\/wp-json\/wp\/v2\/comments?post=1627"}],"wp:featuredmedia":[{"embeddable":true,"href":"https:\/\/en.jiguo.net\/es\/wp-json\/wp\/v2\/media\/1629"}],"wp:attachment":[{"href":"https:\/\/en.jiguo.net\/es\/wp-json\/wp\/v2\/media?parent=1627"}],"wp:term":[{"taxonomy":"product_brand","embeddable":true,"href":"https:\/\/en.jiguo.net\/es\/wp-json\/wp\/v2\/product_brand?post=1627"},{"taxonomy":"product_cat","embeddable":true,"href":"https:\/\/en.jiguo.net\/es\/wp-json\/wp\/v2\/product_cat?post=1627"},{"taxonomy":"product_tag","embeddable":true,"href":"https:\/\/en.jiguo.net\/es\/wp-json\/wp\/v2\/product_tag?post=1627"}],"curies":[{"name":"wp","href":"https:\/\/api.w.org\/{rel}","templated":true}]}}