{"id":1611,"date":"2023-05-22T16:58:28","date_gmt":"2023-05-22T08:58:28","guid":{"rendered":"https:\/\/ru.jiguo.net\/?post_type=product&#038;p=1611"},"modified":"2023-06-14T17:59:23","modified_gmt":"2023-06-14T09:59:23","slug":"tmy-1060deep-automatic-foil-stamping-die-cutting-machine","status":"publish","type":"product","link":"https:\/\/en.jiguo.net\/es\/producto\/tmy-1060deep-automatic-foil-stamping-die-cutting-machine\/","title":{"rendered":"TMY-1060M\u00e1quina troqueladora y estampadora de l\u00e1minas autom\u00e1tica profunda"},"content":{"rendered":"<div class=\"news-post__content producttab\">\u25cf El modelo de presi\u00f3n de 900 toneladas de la serie Profunda tiene una presi\u00f3n m\u00e1s alta que el modelo de presi\u00f3n de 600 toneladas de la serie Alta. Precisamente porque la presi\u00f3n del modelo de 600 toneladas sigue siendo insuficiente en determinadas condiciones extremas y duras, los ingenieros t\u00e9cnicos han vuelto a desarrollar y mejorar la presi\u00f3n para lanzar el modelo de presi\u00f3n de 900 toneladas, que ha logrado efectos de presi\u00f3n muy satisfactorios.<br \/>\n\u25cf Hay dos grupos de clientes objetivo para este modelo. En primer lugar, hay clientes que tienen necesidades especiales para aumentar la presi\u00f3n sobre la m\u00e1quina, como trabajos con papel grueso como el papel de cart\u00f3n gris para troquelado, trabajos con materiales pl\u00e1sticos duros como PVC y PET, trabajos con productos como troquelado. cortar rompecabezas que tienen muchas piezas y l\u00edneas de corte, etc. En segundo lugar, los clientes que desean comprar buenas m\u00e1quinas, aquellos que tienen requisitos de calidad, prestan m\u00e1s atenci\u00f3n a la calidad y la artesan\u00eda de los materiales y desean comprar m\u00e1quinas duraderas, lo que brinda una mejor opci\u00f3n para estos clientes.<br \/>\n\u25cf Cadenas principales, cojinetes de transmisi\u00f3n principal, PLC, convertidores de frecuencia y diversos interruptores el\u00e9ctricos importados, con excelente rendimiento, precisi\u00f3n de troquelado y larga vida \u00fatil.<br \/>\n\u25cf Los componentes de la carrocer\u00eda se producen utilizando un centro de mecanizado con alta precisi\u00f3n y est\u00e1n hechos de materiales de acero especiales, que pueden soportar cargas de alta presi\u00f3n y tienen una gran durabilidad.<br \/>\n\u25cf Agregue una funci\u00f3n opcional de uso de una persiana enrollable controlada el\u00e9ctricamente como funci\u00f3n de recepci\u00f3n autom\u00e1tica de papel sin parar, que es m\u00e1s r\u00e1pida que las funciones manuales.<br \/>\n\u25cfEl sistema de estampado adopta un modo de control de temperatura inteligente, que garantiza un calentamiento uniforme y r\u00e1pido. El control constante de la temperatura puede mejorar la estabilidad del efecto de estampado.<br \/>\n\u25cfLa estructura de estampado en caliente totalmente computarizada tiene un sistema de control de salto de l\u00e1mina que est\u00e1 optimizado para el control servo, con retracci\u00f3n y liberaci\u00f3n sincr\u00f3nica de la l\u00e1mina, tensi\u00f3n constante y m\u00e1s precisa.<br \/>\n\u25cfAgregue una funci\u00f3n opcional de dos m\u00e9todos de recolecci\u00f3n de papel de aluminio de desecho: el devanado exterior de la rueda del cabello y el devanado interno del devanado. El enrollado interior de la l\u00e1mina es m\u00e1s conveniente y el dispositivo de alimentaci\u00f3n longitudinal de la l\u00e1mina se puede extraer en su totalidad para facilitar su operaci\u00f3n. Tiene un dispositivo autom\u00e1tico de prensado de l\u00e1mina para evitar rayar la l\u00e1mina.<\/div>\n<div class=\"news-post__content producttab\">\n<h5 class=\"has-text-align-left\">Especificaciones<\/h5>\n<table border=\"0\" width=\"100%\" cellspacing=\"0\" cellpadding=\"0\">\n<tbody>\n<tr class=\"firstRow\">\n<td>Modelo<\/td>\n<td>TMY-1060Profundo<\/td>\n<\/tr>\n<tr>\n<td>M\u00e1x. Tama\u00f1o de papel<\/td>\n<td>1070\u00d7770mm<\/td>\n<\/tr>\n<tr>\n<td>M\u00edn. Tama\u00f1o de papel<\/td>\n<td>400\u00d7360 mm<\/td>\n<\/tr>\n<tr>\n<td>M\u00e1x. Tama\u00f1o de troquelado<\/td>\n<td>1040\u00d7760 mm<\/td>\n<\/tr>\n<tr>\n<td>M\u00e1x. Gama de estampado<\/td>\n<td>1040\u00d7760 mm<\/td>\n<\/tr>\n<tr>\n<td>M\u00e1x. Velocidad de carrera<\/td>\n<td>6500 s\/h<\/td>\n<\/tr>\n<tr>\n<td>M\u00e1x. Velocidad de estampado<\/td>\n<td>1600 mm<\/td>\n<\/tr>\n<tr>\n<td>M\u00e1x. Altura de la pila de alimentaci\u00f3n<\/td>\n<td>1400 mm<\/td>\n<\/tr>\n<tr>\n<td>M\u00e1x. Altura de la pila de entrega<\/td>\n<td>0,1 ~ 4mm<\/td>\n<\/tr>\n<tr>\n<td>Precisi\u00f3n de troquelado<\/td>\n<td>\u00b10,1 mm<\/td>\n<\/tr>\n<tr>\n<td>Temperatura de estampado<\/td>\n<td>0~200\u2103<\/td>\n<\/tr>\n<tr>\n<td>N\u00famero de zona de la placa calefactora<\/td>\n<td>12<\/td>\n<\/tr>\n<tr>\n<td>N\u00b0 de rodillos de aluminio<\/td>\n<td>Verticales 3 y Horizontales 2<\/td>\n<\/tr>\n<tr>\n<td>M\u00e1x. Longitud<\/td>\n<td>1200\uff5e1500m<\/td>\n<\/tr>\n<tr>\n<td>M\u00e1x. Presi\u00f3n<\/td>\n<td>900T<\/td>\n<\/tr>\n<tr>\n<td>Peso total<\/td>\n<td>24T<\/td>\n<\/tr>\n<tr>\n<td>Potencia de zona de placa calefactora<\/td>\n<td>34kw<\/td>\n<\/tr>\n<tr>\n<td>Poder total<\/td>\n<td>74kw<\/td>\n<\/tr>\n<tr>\n<td>Dimensi\u00f3n global<\/td>\n<td>\u00a08200\u00d74300\u00d72500mm<\/td>\n<\/tr>\n<tr>\n<td colspan=\"2\">Especificaci\u00f3n de rendimiento de la secci\u00f3n de estampado de l\u00e1mina vertical<\/td>\n<\/tr>\n<tr>\n<td>M\u00e1x. ancho de la l\u00e1mina<\/td>\n<td>1040 mm<\/td>\n<\/tr>\n<tr>\n<td>M\u00edn. ancho de la l\u00e1mina<\/td>\n<td>25mm<\/td>\n<\/tr>\n<tr>\n<td>M\u00e1x. longitud de la l\u00e1mina de tracci\u00f3n<\/td>\n<td>760 mm<\/td>\n<\/tr>\n<tr>\n<td>M\u00e1x. Di\u00e1metro del rollo de l\u00e1mina de tracci\u00f3n<\/td>\n<td>\u00f8200mm<\/td>\n<\/tr>\n<tr>\n<td>M\u00e1x. ancho de la l\u00e1mina<\/td>\n<td>760 mm<\/td>\n<\/tr>\n<tr>\n<td>M\u00edn. ancho de la l\u00e1mina<\/td>\n<td>25mm<\/td>\n<\/tr>\n<tr>\n<td>M\u00e1x. longitud de la l\u00e1mina de tracci\u00f3n<\/td>\n<td>1040 mm<\/td>\n<\/tr>\n<tr>\n<td>M\u00e1x. Di\u00e1metro del rollo de l\u00e1mina de tracci\u00f3n<\/td>\n<td>\u00f8230mm<\/td>\n<\/tr>\n<tr>\n<td>Requisitos de aire (proporcionado por el comprador)<\/td>\n<td>0.8Mpa,&gt;0.36m\u00b3\/min<\/td>\n<\/tr>\n<\/tbody>\n<\/table>\n<\/div>","protected":false},"excerpt":{"rendered":"<p>\u25cf The Deep series 900 ton pressure model has a higher pressure than the High series 600 ton pressure model. It is precisely because the pressure of the 600 ton pressure model is still insufficient under certain extreme and harsh conditions that technical engineers have once again developed and improved the pressure to launch the [&hellip;]<\/p>","protected":false},"featured_media":1650,"comment_status":"open","ping_status":"closed","template":"","meta":[],"product_brand":[],"product_cat":[20],"product_tag":[],"class_list":{"0":"post-1611","1":"product","2":"type-product","3":"status-publish","4":"has-post-thumbnail","6":"product_cat-foil-stamping-machine","8":"first","9":"instock","10":"shipping-taxable","11":"product-type-simple"},"featured_image_urls":{"full":["https:\/\/en.jiguo.net\/wp-content\/uploads\/2023\/05\/1-27.jpg",1360,657,false],"thumbnail":["https:\/\/en.jiguo.net\/wp-content\/uploads\/2023\/05\/1-27-150x72.jpg",150,72,true],"medium":["https:\/\/en.jiguo.net\/wp-content\/uploads\/2023\/05\/1-27-300x145.jpg",300,145,true],"medium_large":["https:\/\/en.jiguo.net\/wp-content\/uploads\/2023\/05\/1-27-768x371.jpg",768,371,true],"large":["https:\/\/en.jiguo.net\/wp-content\/uploads\/2023\/05\/1-27-1024x495.jpg",1024,495,true],"1536x1536":["https:\/\/en.jiguo.net\/wp-content\/uploads\/2023\/05\/1-27.jpg",1360,657,false],"2048x2048":["https:\/\/en.jiguo.net\/wp-content\/uploads\/2023\/05\/1-27.jpg",1360,657,false],"trp-custom-language-flag":["https:\/\/en.jiguo.net\/wp-content\/uploads\/2023\/05\/1-27-18x9.jpg",18,9,true],"woocommerce_thumbnail":["https:\/\/en.jiguo.net\/wp-content\/uploads\/2023\/05\/1-27-1200x600.jpg",1200,600,true],"woocommerce_single":["https:\/\/en.jiguo.net\/wp-content\/uploads\/2023\/05\/1-27-1300x628.jpg",1300,628,true],"woocommerce_gallery_thumbnail":["https:\/\/en.jiguo.net\/wp-content\/uploads\/2023\/05\/1-27-100x100.jpg",100,100,true]},"post_excerpt_stackable":"<p>\u25cf The Deep series 900 ton pressure model has a higher pressure than the High series 600 ton pressure model. It is precisely because the pressure of the 600 ton pressure model is still insufficient under certain extreme and harsh conditions that technical engineers have once again developed and improved the pressure to launch the 900 ton pressure model, which has achieved very satisfactory pressure effects. \u25cf There are two target customer groups for this model. Firstly, there are customers who have special needs to increase the pressure on the machine, such as works with thick paper such as die-cutting&hellip;<\/p>\n","category_list":"","author_info":{"name":"","url":""},"comments_num":"0 comentarios","_links":{"self":[{"href":"https:\/\/en.jiguo.net\/es\/wp-json\/wp\/v2\/product\/1611","targetHints":{"allow":["GET"]}}],"collection":[{"href":"https:\/\/en.jiguo.net\/es\/wp-json\/wp\/v2\/product"}],"about":[{"href":"https:\/\/en.jiguo.net\/es\/wp-json\/wp\/v2\/types\/product"}],"replies":[{"embeddable":true,"href":"https:\/\/en.jiguo.net\/es\/wp-json\/wp\/v2\/comments?post=1611"}],"wp:featuredmedia":[{"embeddable":true,"href":"https:\/\/en.jiguo.net\/es\/wp-json\/wp\/v2\/media\/1650"}],"wp:attachment":[{"href":"https:\/\/en.jiguo.net\/es\/wp-json\/wp\/v2\/media?parent=1611"}],"wp:term":[{"taxonomy":"product_brand","embeddable":true,"href":"https:\/\/en.jiguo.net\/es\/wp-json\/wp\/v2\/product_brand?post=1611"},{"taxonomy":"product_cat","embeddable":true,"href":"https:\/\/en.jiguo.net\/es\/wp-json\/wp\/v2\/product_cat?post=1611"},{"taxonomy":"product_tag","embeddable":true,"href":"https:\/\/en.jiguo.net\/es\/wp-json\/wp\/v2\/product_tag?post=1611"}],"curies":[{"name":"wp","href":"https:\/\/api.w.org\/{rel}","templated":true}]}}