{"id":1558,"date":"2023-05-20T09:42:55","date_gmt":"2023-05-20T01:42:55","guid":{"rendered":"https:\/\/ru.jiguo.net\/?post_type=product&#038;p=1558"},"modified":"2023-06-14T18:11:59","modified_gmt":"2023-06-14T10:11:59","slug":"bmy-1680a-semi-automatic-die-cutting-creasing-machine","status":"publish","type":"product","link":"https:\/\/en.jiguo.net\/es\/producto\/bmy-1680a-semi-automatic-die-cutting-creasing-machine\/","title":{"rendered":"M\u00e1quina troqueladora y plegadora semiautom\u00e1tica BMY-1680A"},"content":{"rendered":"<div class=\"news-post__content producttab\">\u25cfAunque es una serie semiautom\u00e1tica, todas las estructuras y hojas de dibujo del host se ejecutan de acuerdo con est\u00e1ndares totalmente autom\u00e1ticos, proporcionando solo menos papel que los modelos de la serie totalmente autom\u00e1tica, y no es una versi\u00f3n barata que reduce la configuraci\u00f3n, la estructura. o especificaciones de piezas.<br \/>\n\u25cfSe mejor\u00f3 la resistencia de la barra de agarre, se redujo el ruido y se optimiz\u00f3 el rendimiento de los dientes de agarre m\u00f3viles y fijos, haci\u00e9ndolo adecuado para diferentes trabajos con o sin borde de agarre.<br \/>\n\u25cfSe ha mejorado la resistencia de la disposici\u00f3n lateral y se ha ampliado y garantizado por completo la vida \u00fatil de las piezas vulnerables.<br \/>\n\u25cfRedise\u00f1ar el marco troquelado con una estructura multifuncional que tiene dos m\u00e9todos de bloqueo, lo que permite una f\u00e1cil selecci\u00f3n seg\u00fan el producto. El proceso de cambio de placas troqueladas es m\u00e1s r\u00e1pido, lo que lo hace m\u00e1s propicio para los usuarios de procesamiento posterior a la impresi\u00f3n. Bloquee la placa troquelada con un dispositivo de l\u00edmite, haciendo m\u00e1s c\u00f3moda la carga y descarga.<br \/>\n\u25cfLa disposici\u00f3n frontal adopta un m\u00e9todo de ajuste de transmisi\u00f3n de engranaje tipo paraguas, que favorece la mejora de la precisi\u00f3n de la m\u00e1quina y hace que el ajuste sea m\u00e1s conveniente.<br \/>\n\u25cfEl posicionamiento lateral adopta un posicionamiento lateral bidireccional de la superficie de operaci\u00f3n y la superficie de transmisi\u00f3n. La superficie de operaci\u00f3n tiene una posici\u00f3n lateral fija, que es adecuada para la colocaci\u00f3n lateral de la superficie de operaci\u00f3n de uso com\u00fan. La superficie de transmisi\u00f3n es de posicionamiento lateral m\u00f3vil, utilizando un tipo de pilar gu\u00eda, lo cual es muy beneficioso para la precisi\u00f3n lateral.<\/div>\n<div class=\"news-post__content producttab\">\n<h5 class=\"has-text-align-left\">Especificaciones<\/h5>\n<table border=\"0\" width=\"100%\" cellspacing=\"0\" cellpadding=\"0\">\n<tbody>\n<tr class=\"firstRow\">\n<td>Modelo<\/td>\n<td>BMY-1680A<\/td>\n<\/tr>\n<tr>\n<td>Tama\u00f1o m\u00e1ximo de papel<\/td>\n<td>1680\u00d71235 mm<\/td>\n<\/tr>\n<tr>\n<td>M\u00edn. Tama\u00f1o de papel<\/td>\n<td>580\u00d7500mm<\/td>\n<\/tr>\n<tr>\n<td>M\u00e1x. Tama\u00f1o de corte<\/td>\n<td>1660\u00d71220 mm<\/td>\n<\/tr>\n<tr>\n<td>M\u00e1x. Presi\u00f3n<\/td>\n<td>480T<\/td>\n<\/tr>\n<tr>\n<td>Espesor de la l\u00e1mina corrugada<\/td>\n<td>&lt;10 mm<\/td>\n<\/tr>\n<tr>\n<td>M\u00e1x. Velocidad de carrera<\/td>\n<td>4500 hojas\/h<\/td>\n<\/tr>\n<tr>\n<td>Poder total<\/td>\n<td>16,5 kw<\/td>\n<\/tr>\n<tr>\n<td>Peso<\/td>\n<td>18T<\/td>\n<\/tr>\n<tr>\n<td>Dimensi\u00f3n global<\/td>\n<td>6750\u00d75300\u00d72500mm<\/td>\n<\/tr>\n<tr>\n<td>Requisitos de aire (proporcionado por el comprador)<\/td>\n<td>0.8Mpa,&gt;0.36m\u00b3\/min<\/td>\n<\/tr>\n<\/tbody>\n<\/table>\n<\/div>","protected":false},"excerpt":{"rendered":"<p>\u25cfAlthough it is a semi-automatic series, all the structures and drawing sheets of the host are executed according to fully automatic standards, only providing less paper than the fully automatic series models, and it is not a cheap version that reduces configuration, structure, or part specifications. \u25cfImproved the strength of the gripper bar, reduced noise, [&hellip;]<\/p>","protected":false},"featured_media":1559,"comment_status":"open","ping_status":"closed","template":"","meta":[],"product_brand":[],"product_cat":[21],"product_tag":[],"class_list":{"0":"post-1558","1":"product","2":"type-product","3":"status-publish","4":"has-post-thumbnail","6":"product_cat-die-cutting-machine","8":"first","9":"instock","10":"shipping-taxable","11":"product-type-simple"},"featured_image_urls":{"full":["https:\/\/en.jiguo.net\/wp-content\/uploads\/2023\/05\/1-16.jpg",1360,657,false],"thumbnail":["https:\/\/en.jiguo.net\/wp-content\/uploads\/2023\/05\/1-16-150x72.jpg",150,72,true],"medium":["https:\/\/en.jiguo.net\/wp-content\/uploads\/2023\/05\/1-16-300x145.jpg",300,145,true],"medium_large":["https:\/\/en.jiguo.net\/wp-content\/uploads\/2023\/05\/1-16-768x371.jpg",768,371,true],"large":["https:\/\/en.jiguo.net\/wp-content\/uploads\/2023\/05\/1-16-1024x495.jpg",1024,495,true],"1536x1536":["https:\/\/en.jiguo.net\/wp-content\/uploads\/2023\/05\/1-16.jpg",1360,657,false],"2048x2048":["https:\/\/en.jiguo.net\/wp-content\/uploads\/2023\/05\/1-16.jpg",1360,657,false],"trp-custom-language-flag":["https:\/\/en.jiguo.net\/wp-content\/uploads\/2023\/05\/1-16-18x9.jpg",18,9,true],"woocommerce_thumbnail":["https:\/\/en.jiguo.net\/wp-content\/uploads\/2023\/05\/1-16-1200x600.jpg",1200,600,true],"woocommerce_single":["https:\/\/en.jiguo.net\/wp-content\/uploads\/2023\/05\/1-16-1300x628.jpg",1300,628,true],"woocommerce_gallery_thumbnail":["https:\/\/en.jiguo.net\/wp-content\/uploads\/2023\/05\/1-16-100x100.jpg",100,100,true]},"post_excerpt_stackable":"<p>\u25cfAlthough it is a semi-automatic series, all the structures and drawing sheets of the host are executed according to fully automatic standards, only providing less paper than the fully automatic series models, and it is not a cheap version that reduces configuration, structure, or part specifications. \u25cfImproved the strength of the gripper bar, reduced noise, and optimized the performance of movable and fixed gripper teeth, making it suitable for different jobs with or without a gripper edge. \u25cfThe strength of the side lay has been improved, and the service life of vulnerable parts has been fully extended and guaranteed. \u25cfRedesign&hellip;<\/p>\n","category_list":"","author_info":{"name":"","url":""},"comments_num":"0 comentarios","_links":{"self":[{"href":"https:\/\/en.jiguo.net\/es\/wp-json\/wp\/v2\/product\/1558","targetHints":{"allow":["GET"]}}],"collection":[{"href":"https:\/\/en.jiguo.net\/es\/wp-json\/wp\/v2\/product"}],"about":[{"href":"https:\/\/en.jiguo.net\/es\/wp-json\/wp\/v2\/types\/product"}],"replies":[{"embeddable":true,"href":"https:\/\/en.jiguo.net\/es\/wp-json\/wp\/v2\/comments?post=1558"}],"wp:featuredmedia":[{"embeddable":true,"href":"https:\/\/en.jiguo.net\/es\/wp-json\/wp\/v2\/media\/1559"}],"wp:attachment":[{"href":"https:\/\/en.jiguo.net\/es\/wp-json\/wp\/v2\/media?parent=1558"}],"wp:term":[{"taxonomy":"product_brand","embeddable":true,"href":"https:\/\/en.jiguo.net\/es\/wp-json\/wp\/v2\/product_brand?post=1558"},{"taxonomy":"product_cat","embeddable":true,"href":"https:\/\/en.jiguo.net\/es\/wp-json\/wp\/v2\/product_cat?post=1558"},{"taxonomy":"product_tag","embeddable":true,"href":"https:\/\/en.jiguo.net\/es\/wp-json\/wp\/v2\/product_tag?post=1558"}],"curies":[{"name":"wp","href":"https:\/\/api.w.org\/{rel}","templated":true}]}}