{"id":1520,"date":"2023-05-18T16:24:15","date_gmt":"2023-05-18T08:24:15","guid":{"rendered":"https:\/\/ru.jiguo.net\/?post_type=product&#038;p=1520"},"modified":"2023-06-14T18:31:36","modified_gmt":"2023-06-14T10:31:36","slug":"my-1320q-lead-edge-feeding-automatic-die-cutting-stripping-machine","status":"publish","type":"product","link":"https:\/\/en.jiguo.net\/es\/producto\/my-1320q-lead-edge-feeding-automatic-die-cutting-stripping-machine\/","title":{"rendered":"MY-1320Q (alimentaci\u00f3n del borde de ataque) M\u00e1quina troqueladora y peladora autom\u00e1tica"},"content":{"rendered":"<div class=\"news-post__content producttab\">\u25cfSe mejor\u00f3 la resistencia de la barra de agarre, se redujo el ruido y se optimiz\u00f3 el rendimiento de los dientes de agarre m\u00f3viles y fijos, haci\u00e9ndolo adecuado para diferentes trabajos con o sin borde de agarre.<br \/>\n\u25cfSe ha mejorado la resistencia de la disposici\u00f3n lateral y se ha ampliado y garantizado por completo la vida \u00fatil de las piezas vulnerables.<br \/>\n\u25cfMecanismo de cambio de velocidad de alimentaci\u00f3n de papel mejorado, lo que hace que el posicionamiento del papel sea m\u00e1s preciso y garantiza el procesamiento de papel grueso.<br \/>\n\u25cfRedise\u00f1ar el marco troquelado con una estructura multifuncional que tiene dos m\u00e9todos de bloqueo, lo que permite una f\u00e1cil selecci\u00f3n seg\u00fan el producto. El proceso de cambio de placas troqueladas es m\u00e1s r\u00e1pido, lo que lo hace m\u00e1s propicio para los usuarios de procesamiento posterior a la impresi\u00f3n. Bloquee la placa troquelada con un dispositivo de l\u00edmite, haciendo m\u00e1s c\u00f3moda la carga y descarga.<br \/>\n\u25cfLa disposici\u00f3n frontal adopta un m\u00e9todo de ajuste de transmisi\u00f3n de engranaje tipo paraguas, que favorece la mejora de la precisi\u00f3n de la m\u00e1quina y hace que el ajuste sea m\u00e1s conveniente.<br \/>\n\u25cfEl posicionamiento lateral adopta un posicionamiento lateral bidireccional de la superficie de operaci\u00f3n y la superficie de transmisi\u00f3n. La superficie de operaci\u00f3n tiene una posici\u00f3n lateral fija, que es adecuada para la colocaci\u00f3n lateral de la superficie de operaci\u00f3n de uso com\u00fan. La superficie de transmisi\u00f3n es de posicionamiento lateral m\u00f3vil, utilizando un tipo de pilar gu\u00eda, lo cual es muy beneficioso para la precisi\u00f3n lateral.<\/div>\n<div class=\"news-post__content producttab\">\n<h5 class=\"has-text-align-left\">Especificaciones<\/h5>\n<table border=\"0\" width=\"100%\" cellspacing=\"0\" cellpadding=\"0\">\n<tbody>\n<tr class=\"firstRow\">\n<td>Modelo<\/td>\n<td>MI-1320Q<\/td>\n<\/tr>\n<tr>\n<td>Tama\u00f1o m\u00e1ximo de papel<\/td>\n<td>1320\u00d7960 mm<\/td>\n<\/tr>\n<tr>\n<td>M\u00edn. Tama\u00f1o de papel<\/td>\n<td>450\u00d7465mm<\/td>\n<\/tr>\n<tr>\n<td>Tama\u00f1o m\u00e1ximo de troquelado<\/td>\n<td>1300\u00d7940mm<\/td>\n<\/tr>\n<tr>\n<td>M\u00e1x. Presi\u00f3n<\/td>\n<td>380t<\/td>\n<\/tr>\n<tr>\n<td>Espesor de la l\u00e1mina corrugada<\/td>\n<td>&lt;10 mm<\/td>\n<\/tr>\n<tr>\n<td>M\u00e1x. Velocidad de carrera<\/td>\n<td>6000 s\/h<\/td>\n<\/tr>\n<tr>\n<td>Poder total<\/td>\n<td>37kw<\/td>\n<\/tr>\n<tr>\n<td>Peso neto<\/td>\n<td>20 toneladas<\/td>\n<\/tr>\n<tr>\n<td>Dimensi\u00f3n global<\/td>\n<td>7000\u00d74600\u00d72260mm<\/td>\n<\/tr>\n<tr>\n<td>Requisitos de aire (proporcionado por el comprador)<\/td>\n<td>0,8 Mpa, &gt;0,36 m\u00b3\/min<\/td>\n<\/tr>\n<\/tbody>\n<\/table>\n<\/div>","protected":false},"excerpt":{"rendered":"<p>\u25cfImproved the strength of the gripper bar, reduced noise, and optimized the performance of movable and fixed gripper teeth, making it suitable for different jobs with or without a gripper edge. \u25cfThe strength of the side lay has been improved, and the service life of vulnerable parts has been fully extended and guaranteed. \u25cfEnhanced paper [&hellip;]<\/p>","protected":false},"featured_media":1519,"comment_status":"open","ping_status":"closed","template":"","meta":[],"product_brand":[],"product_cat":[21],"product_tag":[],"class_list":{"0":"post-1520","1":"product","2":"type-product","3":"status-publish","4":"has-post-thumbnail","6":"product_cat-die-cutting-machine","8":"first","9":"instock","10":"shipping-taxable","11":"product-type-simple"},"featured_image_urls":{"full":["https:\/\/en.jiguo.net\/wp-content\/uploads\/2023\/05\/1-7.jpg",1360,657,false],"thumbnail":["https:\/\/en.jiguo.net\/wp-content\/uploads\/2023\/05\/1-7-150x72.jpg",150,72,true],"medium":["https:\/\/en.jiguo.net\/wp-content\/uploads\/2023\/05\/1-7-300x145.jpg",300,145,true],"medium_large":["https:\/\/en.jiguo.net\/wp-content\/uploads\/2023\/05\/1-7-768x371.jpg",768,371,true],"large":["https:\/\/en.jiguo.net\/wp-content\/uploads\/2023\/05\/1-7-1024x495.jpg",1024,495,true],"1536x1536":["https:\/\/en.jiguo.net\/wp-content\/uploads\/2023\/05\/1-7.jpg",1360,657,false],"2048x2048":["https:\/\/en.jiguo.net\/wp-content\/uploads\/2023\/05\/1-7.jpg",1360,657,false],"trp-custom-language-flag":["https:\/\/en.jiguo.net\/wp-content\/uploads\/2023\/05\/1-7-18x9.jpg",18,9,true],"woocommerce_thumbnail":["https:\/\/en.jiguo.net\/wp-content\/uploads\/2023\/05\/1-7-1200x600.jpg",1200,600,true],"woocommerce_single":["https:\/\/en.jiguo.net\/wp-content\/uploads\/2023\/05\/1-7-1300x628.jpg",1300,628,true],"woocommerce_gallery_thumbnail":["https:\/\/en.jiguo.net\/wp-content\/uploads\/2023\/05\/1-7-100x100.jpg",100,100,true]},"post_excerpt_stackable":"<p>\u25cfImproved the strength of the gripper bar, reduced noise, and optimized the performance of movable and fixed gripper teeth, making it suitable for different jobs with or without a gripper edge. \u25cfThe strength of the side lay has been improved, and the service life of vulnerable parts has been fully extended and guaranteed. \u25cfEnhanced paper feeding speed change mechanism, making paper positioning more accurate and ensuring the processing of thick paper. \u25cfRedesign the die-cut frame with a multifunctional structure that has two locking methods, allowing for easy selection based on the product. The die-cut plate change process is faster, making&hellip;<\/p>\n","category_list":"","author_info":{"name":"","url":""},"comments_num":"0 comentarios","_links":{"self":[{"href":"https:\/\/en.jiguo.net\/es\/wp-json\/wp\/v2\/product\/1520","targetHints":{"allow":["GET"]}}],"collection":[{"href":"https:\/\/en.jiguo.net\/es\/wp-json\/wp\/v2\/product"}],"about":[{"href":"https:\/\/en.jiguo.net\/es\/wp-json\/wp\/v2\/types\/product"}],"replies":[{"embeddable":true,"href":"https:\/\/en.jiguo.net\/es\/wp-json\/wp\/v2\/comments?post=1520"}],"wp:featuredmedia":[{"embeddable":true,"href":"https:\/\/en.jiguo.net\/es\/wp-json\/wp\/v2\/media\/1519"}],"wp:attachment":[{"href":"https:\/\/en.jiguo.net\/es\/wp-json\/wp\/v2\/media?parent=1520"}],"wp:term":[{"taxonomy":"product_brand","embeddable":true,"href":"https:\/\/en.jiguo.net\/es\/wp-json\/wp\/v2\/product_brand?post=1520"},{"taxonomy":"product_cat","embeddable":true,"href":"https:\/\/en.jiguo.net\/es\/wp-json\/wp\/v2\/product_cat?post=1520"},{"taxonomy":"product_tag","embeddable":true,"href":"https:\/\/en.jiguo.net\/es\/wp-json\/wp\/v2\/product_tag?post=1520"}],"curies":[{"name":"wp","href":"https:\/\/api.w.org\/{rel}","templated":true}]}}