{"id":1507,"date":"2023-05-18T14:55:35","date_gmt":"2023-05-18T06:55:35","guid":{"rendered":"https:\/\/ru.jiguo.net\/?post_type=product&#038;p=1507"},"modified":"2024-12-14T01:37:22","modified_gmt":"2024-12-13T17:37:22","slug":"my-1060deep-automatic-die-cutting-creasing-machineheavy","status":"publish","type":"product","link":"https:\/\/en.jiguo.net\/es\/producto\/my-1060deep-automatic-die-cutting-creasing-machineheavy\/","title":{"rendered":"MY-1060M\u00e1quina troqueladora y plegadora autom\u00e1tica profunda (pesada)"},"content":{"rendered":"<div class=\"news-post__content producttab\">\u25cf El modelo de presi\u00f3n de 900 toneladas de la serie Profunda tiene una presi\u00f3n m\u00e1s alta que el modelo de presi\u00f3n de 600 toneladas de la serie Alta. Precisamente porque la presi\u00f3n del modelo de 600 toneladas sigue siendo insuficiente en determinadas condiciones extremas y duras, los ingenieros t\u00e9cnicos han vuelto a desarrollar y mejorar la presi\u00f3n para lanzar el modelo de presi\u00f3n de 900 toneladas, que ha logrado efectos de presi\u00f3n muy satisfactorios.<br \/>\n\u25cf Hay dos grupos de clientes objetivo para este modelo. En primer lugar, hay clientes que tienen necesidades especiales para aumentar la presi\u00f3n sobre la m\u00e1quina, como trabajos con papel grueso como el papel de cart\u00f3n gris para troquelado, trabajos con materiales pl\u00e1sticos duros como PVC y PET, trabajos con productos como troquelado. cortar rompecabezas que tienen muchas piezas y l\u00edneas de corte, etc. En segundo lugar, los clientes que desean comprar buenas m\u00e1quinas, aquellos que tienen requisitos de calidad, prestan m\u00e1s atenci\u00f3n a la calidad y la artesan\u00eda de los materiales y desean comprar m\u00e1quinas duraderas, lo que brinda una mejor opci\u00f3n para estos clientes.<br \/>\n\u25cf Cadenas principales, cojinetes de transmisi\u00f3n principal, PLC, convertidores de frecuencia y diversos interruptores el\u00e9ctricos importados, con excelente rendimiento, precisi\u00f3n de troquelado y larga vida \u00fatil.<br \/>\n\u25cf Los componentes de la carrocer\u00eda se producen utilizando un centro de mecanizado con alta precisi\u00f3n y est\u00e1n hechos de materiales de acero especiales, que pueden soportar cargas de alta presi\u00f3n y tienen una gran durabilidad.<br \/>\n\u25cf Agregue una funci\u00f3n opcional de uso de una persiana enrollable controlada el\u00e9ctricamente como funci\u00f3n de recepci\u00f3n autom\u00e1tica de papel sin parar, que es m\u00e1s r\u00e1pida que las funciones manuales.<br \/>\n\u25cf Se han agregado m\u00faltiples funciones de ajuste autom\u00e1tico para una operaci\u00f3n m\u00e1s conveniente. Herramienta opcional de biblioteca de marcos troquelados.<\/div>\n<div class=\"news-post__content producttab\">\n<h5 class=\"has-text-align-left\">Especificaciones<\/h5>\n<table border=\"0\" width=\"100%\" cellspacing=\"0\" cellpadding=\"0\">\n<tbody>\n<tr class=\"firstRow\">\n<td>Modelo<\/td>\n<td>MY-1060Profundo<\/td>\n<\/tr>\n<tr>\n<td>M\u00e1x. Tama\u00f1o de papel<\/td>\n<td>1070\u00d7770mm<\/td>\n<\/tr>\n<tr>\n<td>M\u00edn. Tama\u00f1o de papel<\/td>\n<td>400\u00d7360 mm<\/td>\n<\/tr>\n<tr>\n<td>M\u00e1x. Tama\u00f1o de troquelado<\/td>\n<td>1040\u00d7750mm<\/td>\n<\/tr>\n<tr>\n<td>M\u00edn. Borde de agarre<\/td>\n<td>8mm<\/td>\n<\/tr>\n<tr>\n<td>Espesor de la l\u00e1mina corrugada<\/td>\n<td>900T<\/td>\n<\/tr>\n<tr>\n<td>Peso total<\/td>\n<td>20T<\/td>\n<\/tr>\n<tr>\n<td>Poder total<\/td>\n<td>29kw<\/td>\n<\/tr>\n<tr>\n<td>M\u00e1x. Velocidad de carrera<\/td>\n<td>6500 s\/h<\/td>\n<\/tr>\n<tr>\n<td>Precisi\u00f3n de troquelado<\/td>\n<td>\u00b10,1 mm<\/td>\n<\/tr>\n<tr>\n<td>El grosor de una hoja<\/td>\n<td>0,1 ~ 4mm<\/td>\n<\/tr>\n<tr>\n<td>Dimensi\u00f3n global<\/td>\n<td>7000\u00d74100\u00d72420mm<\/td>\n<\/tr>\n<tr>\n<td>Requisitos de aire (proporcionado por el comprador)<\/td>\n<td>0,8Mpa, &gt; 0,36m3\/min<\/td>\n<\/tr>\n<\/tbody>\n<\/table>\n<\/div>","protected":false},"excerpt":{"rendered":"<p>\u25cf The Deep series 900 ton pressure model has a higher pressure than the High series 600 ton pressure model. It is precisely because the pressure of the 600 ton pressure model is still insufficient under certain extreme and harsh conditions that technical engineers have once again developed and improved the pressure to launch the [&hellip;]<\/p>","protected":false},"featured_media":1640,"comment_status":"open","ping_status":"closed","template":"","meta":[],"product_brand":[],"product_cat":[21],"product_tag":[],"class_list":{"0":"post-1507","1":"product","2":"type-product","3":"status-publish","4":"has-post-thumbnail","6":"product_cat-die-cutting-machine","8":"first","9":"instock","10":"shipping-taxable","11":"product-type-simple"},"featured_image_urls":{"full":["https:\/\/en.jiguo.net\/wp-content\/uploads\/2023\/05\/1-24.jpg",1360,657,false],"thumbnail":["https:\/\/en.jiguo.net\/wp-content\/uploads\/2023\/05\/1-24-150x72.jpg",150,72,true],"medium":["https:\/\/en.jiguo.net\/wp-content\/uploads\/2023\/05\/1-24-300x145.jpg",300,145,true],"medium_large":["https:\/\/en.jiguo.net\/wp-content\/uploads\/2023\/05\/1-24-768x371.jpg",768,371,true],"large":["https:\/\/en.jiguo.net\/wp-content\/uploads\/2023\/05\/1-24-1024x495.jpg",1024,495,true],"1536x1536":["https:\/\/en.jiguo.net\/wp-content\/uploads\/2023\/05\/1-24.jpg",1360,657,false],"2048x2048":["https:\/\/en.jiguo.net\/wp-content\/uploads\/2023\/05\/1-24.jpg",1360,657,false],"trp-custom-language-flag":["https:\/\/en.jiguo.net\/wp-content\/uploads\/2023\/05\/1-24-18x9.jpg",18,9,true],"woocommerce_thumbnail":["https:\/\/en.jiguo.net\/wp-content\/uploads\/2023\/05\/1-24-1200x600.jpg",1200,600,true],"woocommerce_single":["https:\/\/en.jiguo.net\/wp-content\/uploads\/2023\/05\/1-24-1300x628.jpg",1300,628,true],"woocommerce_gallery_thumbnail":["https:\/\/en.jiguo.net\/wp-content\/uploads\/2023\/05\/1-24-100x100.jpg",100,100,true]},"post_excerpt_stackable":"<p>\u25cf The Deep series 900 ton pressure model has a higher pressure than the High series 600 ton pressure model. It is precisely because the pressure of the 600 ton pressure model is still insufficient under certain extreme and harsh conditions that technical engineers have once again developed and improved the pressure to launch the 900 ton pressure model, which has achieved very satisfactory pressure effects. \u25cf There are two target customer groups for this model. Firstly, there are customers who have special needs to increase the pressure on the machine, such as works with thick paper such as die-cutting&hellip;<\/p>\n","category_list":"","author_info":{"name":"","url":""},"comments_num":"0 comentarios","_links":{"self":[{"href":"https:\/\/en.jiguo.net\/es\/wp-json\/wp\/v2\/product\/1507","targetHints":{"allow":["GET"]}}],"collection":[{"href":"https:\/\/en.jiguo.net\/es\/wp-json\/wp\/v2\/product"}],"about":[{"href":"https:\/\/en.jiguo.net\/es\/wp-json\/wp\/v2\/types\/product"}],"replies":[{"embeddable":true,"href":"https:\/\/en.jiguo.net\/es\/wp-json\/wp\/v2\/comments?post=1507"}],"wp:featuredmedia":[{"embeddable":true,"href":"https:\/\/en.jiguo.net\/es\/wp-json\/wp\/v2\/media\/1640"}],"wp:attachment":[{"href":"https:\/\/en.jiguo.net\/es\/wp-json\/wp\/v2\/media?parent=1507"}],"wp:term":[{"taxonomy":"product_brand","embeddable":true,"href":"https:\/\/en.jiguo.net\/es\/wp-json\/wp\/v2\/product_brand?post=1507"},{"taxonomy":"product_cat","embeddable":true,"href":"https:\/\/en.jiguo.net\/es\/wp-json\/wp\/v2\/product_cat?post=1507"},{"taxonomy":"product_tag","embeddable":true,"href":"https:\/\/en.jiguo.net\/es\/wp-json\/wp\/v2\/product_tag?post=1507"}],"curies":[{"name":"wp","href":"https:\/\/api.w.org\/{rel}","templated":true}]}}