{"id":1502,"date":"2023-05-18T14:39:37","date_gmt":"2023-05-18T06:39:37","guid":{"rendered":"https:\/\/ru.jiguo.net\/?post_type=product&#038;p=1502"},"modified":"2023-06-14T18:36:49","modified_gmt":"2023-06-14T10:36:49","slug":"myp-1060fast-automatic-die-cutting-stripping-machine%ef%bc%88high-speed%ef%bc%89","status":"publish","type":"product","link":"https:\/\/en.jiguo.net\/es\/producto\/myp-1060fast-automatic-die-cutting-stripping-machine%ef%bc%88high-speed%ef%bc%89\/","title":{"rendered":"MYP-1060M\u00e1quina autom\u00e1tica r\u00e1pida de troquelado y decapado (alta velocidad)"},"content":{"rendered":"<div class=\"news-post__content producttab\">Los productos de la serie Fast pertenecen a la serie de m\u00e1quinas de alta velocidad y su excelente rendimiento puede alcanzar una velocidad de 10000 hojas\/hora, que es m\u00e1s r\u00e1pida, precisa y estable que las m\u00e1quinas troqueladoras tradicionales. Adoptando un nuevo sistema de control el\u00e9ctrico, cadena principal alemana, rodamientos suecos, todas las piezas y materiales se procesan utilizando centros de mecanizado europeos importados. Garantiza el rendimiento y la estabilidad de la m\u00e1quina a altas velocidades de funcionamiento. Esta m\u00e1quina est\u00e1 equipada con una serie de caracter\u00edsticas de alta gama de la marca JIGUO: placa de bloqueo autom\u00e1tico, ajuste autom\u00e1tico de posici\u00f3n frontal, persiana enrollable autom\u00e1tica de recepci\u00f3n de papel auxiliar sin parar y tecnolog\u00eda especial de refrigeraci\u00f3n de la temperatura del aceite para garantizar el efecto de lubricaci\u00f3n del movimiento. . Satisfaga plenamente las necesidades de troquelado de los clientes de alto nivel. Adecuado para diversos productos de embalaje de cajas de regalo exquisitos y de alta gama, como cajas de vino, cajas de cigarrillos, cajas de medicamentos, cajas de cosm\u00e9ticos, cajas de regalo, etc.<\/div>\n<div class=\"news-post__content producttab\">\n<h5 class=\"has-text-align-left\">Especificaciones<\/h5>\n<table border=\"0\" width=\"100%\" cellspacing=\"0\" cellpadding=\"0\">\n<tbody>\n<tr class=\"firstRow\">\n<td>Modelo<\/td>\n<td>MYP-1060 R\u00e1pido<\/td>\n<\/tr>\n<tr>\n<td>Tama\u00f1o m\u00e1ximo de papel<\/td>\n<td>1060\u00d7760mm<\/td>\n<\/tr>\n<tr>\n<td>M\u00edn. Tama\u00f1o de papel<\/td>\n<td>400\u00d7360 mm<\/td>\n<\/tr>\n<tr>\n<td>Tama\u00f1o m\u00e1ximo de troquelado<\/td>\n<td>1040\u00d7740mm<\/td>\n<\/tr>\n<tr>\n<td>M\u00e1x. Velocidad de carrera<\/td>\n<td>10000s\/h<\/td>\n<\/tr>\n<tr>\n<td>Precisi\u00f3n de troquelado<\/td>\n<td>\u00b10,1 mm<\/td>\n<\/tr>\n<tr>\n<td>M\u00e1x. Presi\u00f3n<\/td>\n<td>350T<\/td>\n<\/tr>\n<tr>\n<td>El grosor de una hoja<\/td>\n<td>Cart\u00f3n: 0,1~3 mm Papel corrugado: \u2264 4 mm<\/td>\n<\/tr>\n<tr>\n<td>M\u00edn. Borde de agarre<\/td>\n<td>7mm<\/td>\n<\/tr>\n<tr>\n<td>Poder total<\/td>\n<td>21kw<\/td>\n<\/tr>\n<tr>\n<td>Peso neto<\/td>\n<td>19T<\/td>\n<\/tr>\n<tr>\n<td>Dimensi\u00f3n global<\/td>\n<td>7570\u00d74140\u00d72360mm<\/td>\n<\/tr>\n<tr>\n<td>Requisitos de aire (proporcionado por el comprador)<\/td>\n<td>0,8Mpa, &gt; 0,36m\u00b3\/min<\/td>\n<\/tr>\n<\/tbody>\n<\/table>\n<\/div>","protected":false},"excerpt":{"rendered":"<p>The Fast series products belong to the high-speed series of machines, and their excellent performance can reach a speed of 10000 sheets\/hour, which is faster, accurate, and stable than traditional die-cutting machines. Adopting a new electrical control system, German main chain, Swedish bearings, all parts and materials are processed using imported European machining centers. It [&hellip;]<\/p>","protected":false},"featured_media":1643,"comment_status":"open","ping_status":"closed","template":"","meta":[],"product_brand":[],"product_cat":[21],"product_tag":[],"class_list":{"0":"post-1502","1":"product","2":"type-product","3":"status-publish","4":"has-post-thumbnail","6":"product_cat-die-cutting-machine","8":"first","9":"instock","10":"shipping-taxable","11":"product-type-simple"},"featured_image_urls":{"full":["https:\/\/en.jiguo.net\/wp-content\/uploads\/2023\/05\/1-25.jpg",1360,657,false],"thumbnail":["https:\/\/en.jiguo.net\/wp-content\/uploads\/2023\/05\/1-25-150x72.jpg",150,72,true],"medium":["https:\/\/en.jiguo.net\/wp-content\/uploads\/2023\/05\/1-25-300x145.jpg",300,145,true],"medium_large":["https:\/\/en.jiguo.net\/wp-content\/uploads\/2023\/05\/1-25-768x371.jpg",768,371,true],"large":["https:\/\/en.jiguo.net\/wp-content\/uploads\/2023\/05\/1-25-1024x495.jpg",1024,495,true],"1536x1536":["https:\/\/en.jiguo.net\/wp-content\/uploads\/2023\/05\/1-25.jpg",1360,657,false],"2048x2048":["https:\/\/en.jiguo.net\/wp-content\/uploads\/2023\/05\/1-25.jpg",1360,657,false],"trp-custom-language-flag":["https:\/\/en.jiguo.net\/wp-content\/uploads\/2023\/05\/1-25-18x9.jpg",18,9,true],"woocommerce_thumbnail":["https:\/\/en.jiguo.net\/wp-content\/uploads\/2023\/05\/1-25-1200x600.jpg",1200,600,true],"woocommerce_single":["https:\/\/en.jiguo.net\/wp-content\/uploads\/2023\/05\/1-25-1300x628.jpg",1300,628,true],"woocommerce_gallery_thumbnail":["https:\/\/en.jiguo.net\/wp-content\/uploads\/2023\/05\/1-25-100x100.jpg",100,100,true]},"post_excerpt_stackable":"<p>The Fast series products belong to the high-speed series of machines, and their excellent performance can reach a speed of 10000 sheets\/hour, which is faster, accurate, and stable than traditional die-cutting machines. Adopting a new electrical control system, German main chain, Swedish bearings, all parts and materials are processed using imported European machining centers. It ensures the performance and stability of the machine at high operating speeds. This machine is equipped with a series of high-end features of the JIGUO brand: automatic locking plate, automatic front lay adjustment, automatic non-stop auxiliary paper receiving roller shutter, and special oil temperature refrigeration&hellip;<\/p>\n","category_list":"","author_info":{"name":"","url":""},"comments_num":"0 comentarios","_links":{"self":[{"href":"https:\/\/en.jiguo.net\/es\/wp-json\/wp\/v2\/product\/1502","targetHints":{"allow":["GET"]}}],"collection":[{"href":"https:\/\/en.jiguo.net\/es\/wp-json\/wp\/v2\/product"}],"about":[{"href":"https:\/\/en.jiguo.net\/es\/wp-json\/wp\/v2\/types\/product"}],"replies":[{"embeddable":true,"href":"https:\/\/en.jiguo.net\/es\/wp-json\/wp\/v2\/comments?post=1502"}],"wp:featuredmedia":[{"embeddable":true,"href":"https:\/\/en.jiguo.net\/es\/wp-json\/wp\/v2\/media\/1643"}],"wp:attachment":[{"href":"https:\/\/en.jiguo.net\/es\/wp-json\/wp\/v2\/media?parent=1502"}],"wp:term":[{"taxonomy":"product_brand","embeddable":true,"href":"https:\/\/en.jiguo.net\/es\/wp-json\/wp\/v2\/product_brand?post=1502"},{"taxonomy":"product_cat","embeddable":true,"href":"https:\/\/en.jiguo.net\/es\/wp-json\/wp\/v2\/product_cat?post=1502"},{"taxonomy":"product_tag","embeddable":true,"href":"https:\/\/en.jiguo.net\/es\/wp-json\/wp\/v2\/product_tag?post=1502"}],"curies":[{"name":"wp","href":"https:\/\/api.w.org\/{rel}","templated":true}]}}