{"id":1163,"date":"2023-02-22T10:14:55","date_gmt":"2023-02-22T02:14:55","guid":{"rendered":"https:\/\/ru.jiguo.net\/?post_type=product&#038;p=1163"},"modified":"2023-06-14T18:56:59","modified_gmt":"2023-06-14T10:56:59","slug":"myp-1060h-automatic-die-cutting-stripping-machine","status":"publish","type":"product","link":"https:\/\/en.jiguo.net\/es\/producto\/myp-1060h-automatic-die-cutting-stripping-machine\/","title":{"rendered":"M\u00e1quina troqueladora y peladora autom\u00e1tica MYP-1060H"},"content":{"rendered":"<div class=\"news-post__content producttab\">\u25cfLa serie H es un producto de serie de alto rendimiento lanzado por la marca JIGUO. Las dimensiones internas y el dise\u00f1o estructural est\u00e1n sesgados hacia la versi\u00f3n europea, con un precio alto, rendimiento eficiente y estable.<br \/>\n\u25cfSe mejor\u00f3 la resistencia de la barra de agarre, se redujo el ruido y se optimiz\u00f3 el rendimiento de los dientes de agarre m\u00f3viles y fijos, haci\u00e9ndolo adecuado para diferentes trabajos con o sin borde de agarre.<br \/>\n\u25cfSe ha mejorado la resistencia de la disposici\u00f3n lateral y se ha ampliado y garantizado por completo la vida \u00fatil de las piezas vulnerables.<br \/>\n\u25cfMecanismo de cambio de velocidad de alimentaci\u00f3n de papel mejorado, lo que hace que el posicionamiento del papel sea m\u00e1s preciso, garantiza el procesamiento de papel grueso y lo hace m\u00e1s adecuado para papel fino.<br \/>\n\u25cfRedise\u00f1ar el marco troquelado con una estructura multifuncional que tiene dos m\u00e9todos de bloqueo, lo que permite una f\u00e1cil selecci\u00f3n seg\u00fan el producto. El proceso de cambio de placas troqueladas es m\u00e1s r\u00e1pido, lo que lo hace m\u00e1s propicio para los usuarios de procesamiento posterior a la impresi\u00f3n. Bloquee la placa troquelada con un dispositivo de l\u00edmite, haciendo m\u00e1s c\u00f3moda la carga y descarga.<br \/>\n\u25cfLa disposici\u00f3n frontal adopta un m\u00e9todo de ajuste de transmisi\u00f3n de engranaje tipo paraguas, que favorece la mejora de la precisi\u00f3n de la m\u00e1quina y hace que el ajuste sea m\u00e1s conveniente.<br \/>\n\u25cfEl posicionamiento lateral adopta un posicionamiento lateral bidireccional de la superficie de operaci\u00f3n y la superficie de transmisi\u00f3n. La superficie de operaci\u00f3n tiene una posici\u00f3n lateral fija, que es adecuada para la colocaci\u00f3n lateral de la superficie de operaci\u00f3n de uso com\u00fan. La superficie de transmisi\u00f3n es de posicionamiento lateral m\u00f3vil, utilizando un tipo de pilar gu\u00eda, lo cual es muy beneficioso para la precisi\u00f3n lateral.<br \/>\n\u25cfAgregue una funci\u00f3n opcional de uso de una persiana enrollable controlada el\u00e9ctricamente como funci\u00f3n de recepci\u00f3n autom\u00e1tica de papel sin parar, que es m\u00e1s r\u00e1pida que las funciones manuales.<br \/>\n\u25cfSe han agregado m\u00faltiples funciones de ajuste autom\u00e1tico para una operaci\u00f3n m\u00e1s conveniente. Herramienta opcional de biblioteca de marcos troquelados.<br \/>\n\u25cfEl departamento de decapado es una estructura de articulaci\u00f3n de tres marcos de decapado que puede cambiar r\u00e1pidamente la placa de decapado. La estructura de la unidad de extracci\u00f3n ordinaria puede eliminar el orificio interior y los otros tres bordes laterales de desperdicio, excepto el borde de agarre. Se puede instalar una funci\u00f3n opcional de unidad de decapado completa que puede decapar cuatro bordes laterales de desperdicio.<\/div>\n<div class=\"news-post__content producttab\">\n<h5 class=\"has-text-align-left\">Especificaciones<\/h5>\n<table border=\"0\" width=\"100%\" cellspacing=\"0\" cellpadding=\"0\">\n<tbody>\n<tr>\n<td>Modelo<\/td>\n<td>PAI-1060H<\/td>\n<\/tr>\n<tr>\n<td>M\u00edn. Tama\u00f1o de papel<\/td>\n<td>400\u00d7360 mm<\/td>\n<\/tr>\n<tr>\n<td>Tama\u00f1o m\u00e1ximo de troquelado<\/td>\n<td>1040\u00d7740mm<\/td>\n<\/tr>\n<tr>\n<td>M\u00e1x. Velocidad cortante<\/td>\n<td>7500 s\/h<\/td>\n<\/tr>\n<tr>\n<td>Precisi\u00f3n de troquelado<\/td>\n<td>\u00b10,1 mm<\/td>\n<\/tr>\n<tr>\n<td>M\u00e1x. Presi\u00f3n<\/td>\n<td>350T<\/td>\n<\/tr>\n<tr>\n<td>El grosor de una hoja<\/td>\n<td>0,1 ~ 4mm<\/td>\n<\/tr>\n<tr>\n<td>M\u00edn. Borde de agarre<\/td>\n<td>7mm<\/td>\n<\/tr>\n<tr>\n<td>M\u00e1x. Altura de la pila de alimentaci\u00f3n<\/td>\n<td>1600 mm<\/td>\n<\/tr>\n<tr>\n<td>Altura m\u00e1xima de pila de entrega<\/td>\n<td>1400 mm<\/td>\n<\/tr>\n<tr>\n<td>Poder total<\/td>\n<td>21kw<\/td>\n<\/tr>\n<tr>\n<td>Peso neto<\/td>\n<td>19T<\/td>\n<\/tr>\n<tr>\n<td>Dimensi\u00f3n global<\/td>\n<td>7570\u00d74140\u00d72360mm<\/td>\n<\/tr>\n<tr>\n<td>Requisitos de aire (proporcionado por el comprador)<\/td>\n<td>0.8Mpa,&gt;0.36m\u00b3\/min<\/td>\n<\/tr>\n<\/tbody>\n<\/table>\n<\/div>","protected":false},"excerpt":{"rendered":"<p>\u25cfThe H series is a high-performance series product launched by the JIGUO brand. The internal dimensions and structural design are biased towards the European version, with a high-end price point, efficient and stable performance. \u25cfImproved the strength of the gripper bar, reduced noise, and optimized the performance of movable and fixed gripper teeth, making it [&hellip;]<\/p>","protected":false},"featured_media":1164,"comment_status":"open","ping_status":"closed","template":"","meta":[],"product_brand":[],"product_cat":[21],"product_tag":[],"class_list":{"0":"post-1163","1":"product","2":"type-product","3":"status-publish","4":"has-post-thumbnail","6":"product_cat-die-cutting-machine","8":"first","9":"instock","10":"shipping-taxable","11":"product-type-simple"},"featured_image_urls":{"full":["https:\/\/en.jiguo.net\/wp-content\/uploads\/2023\/02\/MYP-1060H.jpg",1360,657,false],"thumbnail":["https:\/\/en.jiguo.net\/wp-content\/uploads\/2023\/02\/MYP-1060H-150x150.jpg",84,84,true],"medium":["https:\/\/en.jiguo.net\/wp-content\/uploads\/2023\/02\/MYP-1060H-300x145.jpg",300,145,true],"medium_large":["https:\/\/en.jiguo.net\/wp-content\/uploads\/2023\/02\/MYP-1060H-768x371.jpg",768,371,true],"large":["https:\/\/en.jiguo.net\/wp-content\/uploads\/2023\/02\/MYP-1060H-1024x495.jpg",1024,495,true],"1536x1536":["https:\/\/en.jiguo.net\/wp-content\/uploads\/2023\/02\/MYP-1060H.jpg",1360,657,false],"2048x2048":["https:\/\/en.jiguo.net\/wp-content\/uploads\/2023\/02\/MYP-1060H.jpg",1360,657,false],"trp-custom-language-flag":["https:\/\/en.jiguo.net\/wp-content\/uploads\/2023\/02\/MYP-1060H.jpg",18,9,false],"woocommerce_thumbnail":["https:\/\/en.jiguo.net\/wp-content\/uploads\/2023\/02\/MYP-1060H-1200x600.jpg",1200,600,true],"woocommerce_single":["https:\/\/en.jiguo.net\/wp-content\/uploads\/2023\/02\/MYP-1060H-1300x628.jpg",1300,628,true],"woocommerce_gallery_thumbnail":["https:\/\/en.jiguo.net\/wp-content\/uploads\/2023\/02\/MYP-1060H-100x100.jpg",100,100,true]},"post_excerpt_stackable":"<p>\u25cfThe H series is a high-performance series product launched by the JIGUO brand. The internal dimensions and structural design are biased towards the European version, with a high-end price point, efficient and stable performance. \u25cfImproved the strength of the gripper bar, reduced noise, and optimized the performance of movable and fixed gripper teeth, making it suitable for different jobs with or without a gripper edge. \u25cfThe strength of the side lay has been improved, and the service life of vulnerable parts has been fully extended and guaranteed. \u25cfEnhanced paper feeding speed change mechanism, making paper positioning more accurate, ensuring the&hellip;<\/p>\n","category_list":"","author_info":{"name":"","url":""},"comments_num":"0 comentarios","_links":{"self":[{"href":"https:\/\/en.jiguo.net\/es\/wp-json\/wp\/v2\/product\/1163","targetHints":{"allow":["GET"]}}],"collection":[{"href":"https:\/\/en.jiguo.net\/es\/wp-json\/wp\/v2\/product"}],"about":[{"href":"https:\/\/en.jiguo.net\/es\/wp-json\/wp\/v2\/types\/product"}],"replies":[{"embeddable":true,"href":"https:\/\/en.jiguo.net\/es\/wp-json\/wp\/v2\/comments?post=1163"}],"wp:featuredmedia":[{"embeddable":true,"href":"https:\/\/en.jiguo.net\/es\/wp-json\/wp\/v2\/media\/1164"}],"wp:attachment":[{"href":"https:\/\/en.jiguo.net\/es\/wp-json\/wp\/v2\/media?parent=1163"}],"wp:term":[{"taxonomy":"product_brand","embeddable":true,"href":"https:\/\/en.jiguo.net\/es\/wp-json\/wp\/v2\/product_brand?post=1163"},{"taxonomy":"product_cat","embeddable":true,"href":"https:\/\/en.jiguo.net\/es\/wp-json\/wp\/v2\/product_cat?post=1163"},{"taxonomy":"product_tag","embeddable":true,"href":"https:\/\/en.jiguo.net\/es\/wp-json\/wp\/v2\/product_tag?post=1163"}],"curies":[{"name":"wp","href":"https:\/\/api.w.org\/{rel}","templated":true}]}}