{"id":1130,"date":"2023-02-22T09:16:55","date_gmt":"2023-02-22T01:16:55","guid":{"rendered":"https:\/\/ru.jiguo.net\/?post_type=product&#038;p=1130"},"modified":"2023-06-12T09:14:54","modified_gmt":"2023-06-12T01:14:54","slug":"afs-2500ap-digital-high-speed-wire-touching-and-pasting-machine","status":"publish","type":"product","link":"https:\/\/en.jiguo.net\/es\/producto\/afs-2500ap-digital-high-speed-wire-touching-and-pasting-machine\/","title":{"rendered":"M\u00e1quina encoladora y plegadora autom\u00e1tica de alta velocidad AFS-2800AHPQX"},"content":{"rendered":"<div class=\"news-post__content producttab\">01. The biggest characteristic of this machine is computer operation which is simple to use, stable quality, high speed and greatly saved labor.<br \/>\n02. This is a multifunctional integrated machine which can nail box and paste box. It also can complete paste box and the nail box at one time.<br \/>\n03. It can complete setting up step in 3-5 minutes which means it can start a mass production (This machine has order memory function).<br \/>\n04. One key switch functions of the paste box and the nail box which is an original creation in the home market.<br \/>\n05. Suitable paperboard nailed of three, five, single board, A, B, C, and AB corrugated cardboard.<br \/>\n06. A side flapping device for paper feeding ensures the delivery of paper smoothly.<br \/>\n07. Realize the function of continuous creasing without stopping<br \/>\n08. A box with no bottom but a lid can also be nailed.<br \/>\n09. Nailed range: the minimum nail distance is 40 mm and the maximum nail distance is 500 mm.<br \/>\n10. Maximum nailed speed of nail head: 1200 nails \/ minutes.<br \/>\n11. Take three nail speeds as an example, the maximum speed is 140 pieces per minute.<br \/>\n12. It can be done automatically for paper folding, correction, nail box, paste box, counting and stacking output.<br \/>\n13. Single nail and double nail can be adjusted freely.<br \/>\n14. Adopting swing nail head which can achieve the small power consumption, high speed, more stable, and improved the quality of the nail box effectively.<br \/>\n15. Full computer control, automatic gauge adjustment, one key adjustment, avoid scratching, suitable for color printing cartons<br \/>\n16. Adopting a paper correction device to compensate for two times and to correct the place of the box, and eliminate the scissors mouth, and make the box stitching more perfect.<br \/>\n17. The automatic wire feeder can detect the nail wire detection, broken wire and run out detection.<\/div>\n<div class=\"news-post__content producttab\">\n<h5 class=\"has-text-align-left\">Especificaciones<\/h5>\n<table border=\"0\" width=\"100%\" cellspacing=\"0\" cellpadding=\"0\">\n<tbody>\n<tr>\n<td>M\u00e1x. Ancho del papel<\/td>\n<td>1000 mm<\/td>\n<\/tr>\n<tr>\n<td>M\u00edn. Ancho del papel<\/td>\n<td>300 mm<\/td>\n<\/tr>\n<tr>\n<td>Ancho de la m\u00e1quina<\/td>\n<td>4,2 m<\/td>\n<\/tr>\n<tr>\n<td>Longitud de la m\u00e1quina<\/td>\n<td>16m<\/td>\n<\/tr>\n<tr>\n<td>M\u00e1x. Longitud del papel<\/td>\n<td>2500 mm<\/td>\n<\/tr>\n<tr>\n<td>M\u00edn. Longitud del papel<\/td>\n<td>880 mm<\/td>\n<\/tr>\n<tr>\n<td>M\u00e1x. Ancho TS<\/td>\n<td>40mm<\/td>\n<\/tr>\n<tr>\n<td>Energ\u00eda requerida<\/td>\n<td>28,5 kilovatios<\/td>\n<\/tr>\n<tr>\n<td>\u00c1rea de instalaci\u00f3n<\/td>\n<td>16000\u00d74200 mm<\/td>\n<\/tr>\n<tr>\n<td>titching Speed(Nails\/Min)<\/td>\n<td>1100<\/td>\n<\/tr>\n<tr>\n<td>Peso de la m\u00e1quina<\/td>\n<td>12,5 toneladas<\/td>\n<\/tr>\n<tr>\n<td>Paso de clavos para clavo simple y clavo doble (M\u00edn.-M\u00e1x.)<\/td>\n<td>30-90 mm<\/td>\n<\/tr>\n<tr>\n<td>Paso de clavos para u\u00f1as intensivas (m\u00edn.-m\u00e1x.)<\/td>\n<td>30-70 mm<\/td>\n<\/tr>\n<tr>\n<td>Velocidad de pegado<\/td>\n<td>130 metros\/minuto<\/td>\n<\/tr>\n<tr>\n<td>Presi\u00f3n del aire<\/td>\n<td>0,6-0,8 Mpa (proporcionada por el comprador)<\/td>\n<\/tr>\n<\/tbody>\n<\/table>\n<\/div>","protected":false},"excerpt":{"rendered":"<p>01. The biggest characteristic of this machine is computer operation which is simple to use, stable quality, high speed and greatly saved labor. 02. This is a multifunctional integrated machine which can nail box and paste box. It also can complete paste box and the nail box at one time. 03. It can complete setting [&hellip;]<\/p>","protected":false},"featured_media":1715,"comment_status":"open","ping_status":"closed","template":"","meta":[],"product_brand":[],"product_cat":[28],"product_tag":[],"class_list":{"0":"post-1130","1":"product","2":"type-product","3":"status-publish","4":"has-post-thumbnail","6":"product_cat-stitching-and-folder-gluer-machine","8":"first","9":"instock","10":"shipping-taxable","11":"product-type-simple"},"featured_image_urls":{"full":["https:\/\/en.jiguo.net\/wp-content\/uploads\/2023\/02\/1-36.jpg",1360,657,false],"thumbnail":["https:\/\/en.jiguo.net\/wp-content\/uploads\/2023\/02\/1-36-150x72.jpg",150,72,true],"medium":["https:\/\/en.jiguo.net\/wp-content\/uploads\/2023\/02\/1-36-300x145.jpg",300,145,true],"medium_large":["https:\/\/en.jiguo.net\/wp-content\/uploads\/2023\/02\/1-36-768x371.jpg",768,371,true],"large":["https:\/\/en.jiguo.net\/wp-content\/uploads\/2023\/02\/1-36-1024x495.jpg",1024,495,true],"1536x1536":["https:\/\/en.jiguo.net\/wp-content\/uploads\/2023\/02\/1-36.jpg",1360,657,false],"2048x2048":["https:\/\/en.jiguo.net\/wp-content\/uploads\/2023\/02\/1-36.jpg",1360,657,false],"trp-custom-language-flag":["https:\/\/en.jiguo.net\/wp-content\/uploads\/2023\/02\/1-36-18x9.jpg",18,9,true],"woocommerce_thumbnail":["https:\/\/en.jiguo.net\/wp-content\/uploads\/2023\/02\/1-36-1200x600.jpg",1200,600,true],"woocommerce_single":["https:\/\/en.jiguo.net\/wp-content\/uploads\/2023\/02\/1-36-1300x628.jpg",1300,628,true],"woocommerce_gallery_thumbnail":["https:\/\/en.jiguo.net\/wp-content\/uploads\/2023\/02\/1-36-100x100.jpg",100,100,true]},"post_excerpt_stackable":"<p>01. The biggest characteristic of this machine is computer operation which is simple to use, stable quality, high speed and greatly saved labor. 02. This is a multifunctional integrated machine which can nail box and paste box. It also can complete paste box and the nail box at one time. 03. It can complete setting up step in 3-5 minutes which means it can start a mass production (This machine has order memory function). 04. One key switch functions of the paste box and the nail box which is an original creation in the home market. 05. Suitable paperboard nailed&hellip;<\/p>\n","category_list":"","author_info":{"name":"","url":""},"comments_num":"0 comentarios","_links":{"self":[{"href":"https:\/\/en.jiguo.net\/es\/wp-json\/wp\/v2\/product\/1130","targetHints":{"allow":["GET"]}}],"collection":[{"href":"https:\/\/en.jiguo.net\/es\/wp-json\/wp\/v2\/product"}],"about":[{"href":"https:\/\/en.jiguo.net\/es\/wp-json\/wp\/v2\/types\/product"}],"replies":[{"embeddable":true,"href":"https:\/\/en.jiguo.net\/es\/wp-json\/wp\/v2\/comments?post=1130"}],"wp:featuredmedia":[{"embeddable":true,"href":"https:\/\/en.jiguo.net\/es\/wp-json\/wp\/v2\/media\/1715"}],"wp:attachment":[{"href":"https:\/\/en.jiguo.net\/es\/wp-json\/wp\/v2\/media?parent=1130"}],"wp:term":[{"taxonomy":"product_brand","embeddable":true,"href":"https:\/\/en.jiguo.net\/es\/wp-json\/wp\/v2\/product_brand?post=1130"},{"taxonomy":"product_cat","embeddable":true,"href":"https:\/\/en.jiguo.net\/es\/wp-json\/wp\/v2\/product_cat?post=1130"},{"taxonomy":"product_tag","embeddable":true,"href":"https:\/\/en.jiguo.net\/es\/wp-json\/wp\/v2\/product_tag?post=1130"}],"curies":[{"name":"wp","href":"https:\/\/api.w.org\/{rel}","templated":true}]}}