{"id":1122,"date":"2023-02-22T08:52:43","date_gmt":"2023-02-22T00:52:43","guid":{"rendered":"https:\/\/ru.jiguo.net\/?post_type=product&#038;p=1122"},"modified":"2023-06-12T09:15:35","modified_gmt":"2023-06-12T01:15:35","slug":"afs-2500a-high-speed-automatic-stitching-and-folder-gluer-machine","status":"publish","type":"product","link":"https:\/\/en.jiguo.net\/es\/producto\/afs-2500a-high-speed-automatic-stitching-and-folder-gluer-machine\/","title":{"rendered":"M\u00e1quina encoladora y plegadora autom\u00e1tica de alta velocidad AFS-2500A"},"content":{"rendered":"<div class=\"news-post__content producttab\">01 \u3001 La caracter\u00edstica m\u00e1s importante de esta m\u00e1quina es el funcionamiento por computadora, que es f\u00e1cil de usar, de calidad estable, de alta velocidad y con un gran ahorro de mano de obra.<br \/>\n02 \u3001 Esta es una m\u00e1quina integrada multifuncional que puede clavar cajas y pegar cajas. Tambi\u00e9n puede completar la caja de pasta y la caja de u\u00f1as al mismo tiempo.<br \/>\n03. Puede completar el paso de configuraci\u00f3n en 3-5 minutos, lo que significa que puede iniciar una producci\u00f3n en masa (esta m\u00e1quina tiene funci\u00f3n de memoria de pedidos).<br \/>\n04. Un interruptor de tecla funciona entre la caja de pasta y la caja de clavos, que es una creaci\u00f3n original en el mercado interno.<br \/>\n05 \u3001 Cart\u00f3n corrugado clavado de tres, cinco, una sola tabla, A, B, C y AB.<br \/>\n06 \u3001 Un dispositivo de aleteo lateral para la alimentaci\u00f3n del papel garantiza la entrega del papel sin problemas.<br \/>\n07 \u3001 Tambi\u00e9n se puede clavar una caja sin fondo pero con tapa.<br \/>\n08 \u3001 Rango de clavos: la distancia m\u00ednima de los clavos es de 40 mm y la distancia m\u00e1xima de los clavos es de 500 mm.<br \/>\n09. Velocidad m\u00e1xima de clavado de la cabeza del clavo: 1100 clavos\/minutos.<br \/>\n10. Tome tres velocidades de clavo como ejemplo, la velocidad m\u00e1xima es 110 piezas por minuto.<br \/>\n11. Se puede realizar autom\u00e1ticamente para plegado de papel, correcci\u00f3n, caja de clavos, caja de pegado, conteo y salida de apilamiento.<br \/>\n12. Los clavos simples y dobles se pueden ajustar libremente.<br \/>\n13. Adoptando un cabezal de clavo oscilante que puede lograr un peque\u00f1o consumo de energ\u00eda, alta velocidad, m\u00e1s estabilidad y mejorar la calidad de la caja de clavos de manera efectiva.<br \/>\n14. Adoptar un dispositivo de correcci\u00f3n de papel para compensar dos veces y corregir el lugar de la caja, eliminar la boca de las tijeras y hacer que la costura de la caja sea m\u00e1s perfecta.<br \/>\n15 \u3001 El alimentador de alambre autom\u00e1tico puede detectar la detecci\u00f3n de alambre de clavo, alambre roto y detecci\u00f3n de agotamiento.<\/div>\n<div class=\"news-post__content producttab\">\n<h5 class=\"has-text-align-left\">Especificaciones<\/h5>\n<table border=\"0\" width=\"100%\" cellspacing=\"0\" cellpadding=\"0\">\n<tbody>\n<tr>\n<td>M\u00e1x. Ancho del papel<\/td>\n<td>1000 mm<\/td>\n<\/tr>\n<tr>\n<td>M\u00edn. Ancho del papel<\/td>\n<td>300 mm<\/td>\n<\/tr>\n<tr>\n<td>Ancho de la m\u00e1quina<\/td>\n<td>4,2 m<\/td>\n<\/tr>\n<tr>\n<td>Longitud de la m\u00e1quina<\/td>\n<td>16m<\/td>\n<\/tr>\n<tr>\n<td>M\u00e1x. Longitud del papel<\/td>\n<td>2500 mm<\/td>\n<\/tr>\n<tr>\n<td>M\u00edn. Longitud del papel<\/td>\n<td>880 mm<\/td>\n<\/tr>\n<tr>\n<td>M\u00e1x. Ancho TS<\/td>\n<td>40mm<\/td>\n<\/tr>\n<tr>\n<td>Energ\u00eda requerida<\/td>\n<td>28,5 kilovatios<\/td>\n<\/tr>\n<tr>\n<td width=\"72\">\u00c1rea de instalaci\u00f3n<\/td>\n<td width=\"72\">16000\u00d74200 mm<\/td>\n<\/tr>\n<tr>\n<td>Velocidad de costura (clavos\/min)<\/td>\n<td>1100<\/td>\n<\/tr>\n<tr>\n<td>Peso de la m\u00e1quina<\/td>\n<td>12,5 toneladas<\/td>\n<\/tr>\n<tr>\n<td>Paso de clavos para clavo simple y clavo doble (M\u00edn.-M\u00e1x.)<\/td>\n<td>30-90 mm<\/td>\n<\/tr>\n<tr>\n<td>Paso de clavos para u\u00f1as intensivas (m\u00edn.-m\u00e1x.)<\/td>\n<td>30-70 mm<\/td>\n<\/tr>\n<tr>\n<td>Velocidad de pegado<\/td>\n<td>130 metros\/minuto<\/td>\n<\/tr>\n<tr>\n<td>Presi\u00f3n del aire<\/td>\n<td>0,6-0,8 Mpa (proporcionada por el comprador)<\/td>\n<\/tr>\n<\/tbody>\n<\/table>\n<\/div>","protected":false},"excerpt":{"rendered":"<p>01\u3001The biggest characteristic of this machine is computer operation which is simple to use, stable quality, high speed and greatly saved labor. 02\u3001This is a multifunctional integrated machine which can nail box and paste box. It also can complete paste box and the nail box at one time. 03\u3001It can complete setting up step in [&hellip;]<\/p>","protected":false},"featured_media":1123,"comment_status":"open","ping_status":"closed","template":"","meta":[],"product_brand":[],"product_cat":[28],"product_tag":[],"class_list":{"0":"post-1122","1":"product","2":"type-product","3":"status-publish","4":"has-post-thumbnail","6":"product_cat-stitching-and-folder-gluer-machine","8":"first","9":"instock","10":"shipping-taxable","11":"product-type-simple"},"featured_image_urls":{"full":["https:\/\/en.jiguo.net\/wp-content\/uploads\/2023\/02\/AFS-2500A.jpg",1360,657,false],"thumbnail":["https:\/\/en.jiguo.net\/wp-content\/uploads\/2023\/02\/AFS-2500A-150x150.jpg",84,84,true],"medium":["https:\/\/en.jiguo.net\/wp-content\/uploads\/2023\/02\/AFS-2500A-300x145.jpg",300,145,true],"medium_large":["https:\/\/en.jiguo.net\/wp-content\/uploads\/2023\/02\/AFS-2500A-768x371.jpg",768,371,true],"large":["https:\/\/en.jiguo.net\/wp-content\/uploads\/2023\/02\/AFS-2500A-1024x495.jpg",1024,495,true],"1536x1536":["https:\/\/en.jiguo.net\/wp-content\/uploads\/2023\/02\/AFS-2500A.jpg",1360,657,false],"2048x2048":["https:\/\/en.jiguo.net\/wp-content\/uploads\/2023\/02\/AFS-2500A.jpg",1360,657,false],"trp-custom-language-flag":["https:\/\/en.jiguo.net\/wp-content\/uploads\/2023\/02\/AFS-2500A.jpg",18,9,false],"woocommerce_thumbnail":["https:\/\/en.jiguo.net\/wp-content\/uploads\/2023\/02\/AFS-2500A-1200x600.jpg",1200,600,true],"woocommerce_single":["https:\/\/en.jiguo.net\/wp-content\/uploads\/2023\/02\/AFS-2500A-1300x628.jpg",1300,628,true],"woocommerce_gallery_thumbnail":["https:\/\/en.jiguo.net\/wp-content\/uploads\/2023\/02\/AFS-2500A-100x100.jpg",100,100,true]},"post_excerpt_stackable":"<p>01\u3001The biggest characteristic of this machine is computer operation which is simple to use, stable quality, high speed and greatly saved labor. 02\u3001This is a multifunctional integrated machine which can nail box and paste box. It also can complete paste box and the nail box at one time. 03\u3001It can complete setting up step in 3-5 minutes which means it can start a mass production (This machine has order memory function). 04\u3001One key switch functions of the paste box and the nail box which is an original creation in the home market. 05\u3001Suitable paperboard nailed of three, five, single board,&hellip;<\/p>\n","category_list":"","author_info":{"name":"","url":""},"comments_num":"0 comentarios","_links":{"self":[{"href":"https:\/\/en.jiguo.net\/es\/wp-json\/wp\/v2\/product\/1122","targetHints":{"allow":["GET"]}}],"collection":[{"href":"https:\/\/en.jiguo.net\/es\/wp-json\/wp\/v2\/product"}],"about":[{"href":"https:\/\/en.jiguo.net\/es\/wp-json\/wp\/v2\/types\/product"}],"replies":[{"embeddable":true,"href":"https:\/\/en.jiguo.net\/es\/wp-json\/wp\/v2\/comments?post=1122"}],"wp:featuredmedia":[{"embeddable":true,"href":"https:\/\/en.jiguo.net\/es\/wp-json\/wp\/v2\/media\/1123"}],"wp:attachment":[{"href":"https:\/\/en.jiguo.net\/es\/wp-json\/wp\/v2\/media?parent=1122"}],"wp:term":[{"taxonomy":"product_brand","embeddable":true,"href":"https:\/\/en.jiguo.net\/es\/wp-json\/wp\/v2\/product_brand?post=1122"},{"taxonomy":"product_cat","embeddable":true,"href":"https:\/\/en.jiguo.net\/es\/wp-json\/wp\/v2\/product_cat?post=1122"},{"taxonomy":"product_tag","embeddable":true,"href":"https:\/\/en.jiguo.net\/es\/wp-json\/wp\/v2\/product_tag?post=1122"}],"curies":[{"name":"wp","href":"https:\/\/api.w.org\/{rel}","templated":true}]}}